{"id":193,"date":"2015-09-03T00:34:44","date_gmt":"2015-09-02T22:34:44","guid":{"rendered":"https:\/\/www.keramikmahlwerk.ch\/webseite\/?page_id=193"},"modified":"2021-03-25T22:54:55","modified_gmt":"2021-03-25T21:54:55","slug":"gewuerze","status":"publish","type":"page","link":"https:\/\/www.keramikmahlwerk.ch\/fr\/gewuerze\/","title":{"rendered":"\u00c9pices"},"content":{"rendered":"<style type=\"text\/css\" data-created_by=\"avia_inline_auto\" id=\"style-css-av-3pzy6p-097d06d3358cf1e5a0f028b4b8b39d20\">\n.flex_column.av-3pzy6p-097d06d3358cf1e5a0f028b4b8b39d20{\nborder-radius:0px 0px 0px 0px;\npadding:0px 0px 0px 0px;\n}\n<\/style>\n<div  class='flex_column av-3pzy6p-097d06d3358cf1e5a0f028b4b8b39d20 av_one_full  avia-builder-el-0  el_before_av_three_fourth  avia-builder-el-first  first flex_column_div av-zero-column-padding'     ><style type=\"text\/css\" data-created_by=\"avia_inline_auto\" id=\"style-css-av-3mz4qx-9ea9bbb766b292402c02ac5d734ec578\">\n#top .av-special-heading.av-3mz4qx-9ea9bbb766b292402c02ac5d734ec578{\npadding-bottom:10px;\n}\nbody .av-special-heading.av-3mz4qx-9ea9bbb766b292402c02ac5d734ec578 .av-special-heading-tag .heading-char{\nfont-size:25px;\n}\n.av-special-heading.av-3mz4qx-9ea9bbb766b292402c02ac5d734ec578 .av-subheading{\nfont-size:15px;\n}\n<\/style>\n<div  class='av-special-heading av-3mz4qx-9ea9bbb766b292402c02ac5d734ec578 av-special-heading-h1 blockquote modern-quote  avia-builder-el-1  avia-builder-el-no-sibling'><h1 class='av-special-heading-tag'  itemprop=\"headline\"  >\u00c9pices<\/h1><div class=\"special-heading-border\"><div class=\"special-heading-inner-border\"><\/div><\/div><\/div><\/div>\n\n<style type=\"text\/css\" data-created_by=\"avia_inline_auto\" id=\"style-css-av-3ddmh5-4af872835488054c38faa6104d7ac5b0\">\n.flex_column.av-3ddmh5-4af872835488054c38faa6104d7ac5b0{\nborder-radius:0px 0px 0px 0px;\npadding:0px 0px 0px 0px;\n}\n<\/style>\n<div  class='flex_column av-3ddmh5-4af872835488054c38faa6104d7ac5b0 av_three_fourth  avia-builder-el-2  el_after_av_one_full  el_before_av_one_fourth  first flex_column_div av-zero-column-padding  column-top-margin'     ><p><section  class='av_textblock_section av-37zeyp-bfae60d8e6faa22ce85ef392e6d83738'   itemscope=\"itemscope\" itemtype=\"https:\/\/schema.org\/CreativeWork\" ><div class='avia_textblock'  itemprop=\"text\" ><p>Saviez-vous que vous pouvez moudre des piments ainsi que du sel, du poivre, des \u00e9pices et des herbes s\u00e9ch\u00e9es avec le moulin en c\u00e9ramique CrushGrind\u00ae ?<\/p>\n<p>La soci\u00e9t\u00e9 Raffinessen.ch GmbH m\u00e8ne sous le nom de marque <a href=\"https:\/\/www.raffinessen.ch\/\" target=\"_blank\" rel=\"noopener\">Raffinessen<\/a> poss\u00e8de sa propre gamme de m\u00e9langes d'\u00e9pices et produit des m\u00e9langes personnalis\u00e9s. Si vous avez besoin de votre propre composition d'\u00e9pices pour vos moulins ou si vous recherchez des sels sp\u00e9ciaux, du poivre exquis ou du piment, nous serons heureux de vous conseiller.<\/p>\n<\/div><\/section><br \/>\n<div  class='avia-button-wrap av-kmpeyzno-16e20cdf3bd03278f90ebc541559b68f-wrap avia-button-left  avia-builder-el-4  el_after_av_textblock  avia-builder-el-last'><a href='https:\/\/www.raffinessen.ch\/'  class='avia-button av-kmpeyzno-16e20cdf3bd03278f90ebc541559b68f av-link-btn avia-icon_select-no avia-size-large avia-position-left avia-color-theme-color'  target=\"_blank\"  rel=\"noopener noreferrer\"  aria-label=\"Cliquez ici pour notre magasin d&#039;\u00e9pices\"><span class='avia_iconbox_title' >Cliquez ici pour notre magasin d'\u00e9pices<\/span><\/a><\/div><\/p><\/div>\n<style type=\"text\/css\" data-created_by=\"avia_inline_auto\" id=\"style-css-av-2f4j9t-59f3f223ae10efa97b61cbc1e05b611e\">\n.flex_column.av-2f4j9t-59f3f223ae10efa97b61cbc1e05b611e{\nborder-radius:0px 0px 0px 0px;\npadding:0px 0px 0px 0px;\n}\n<\/style>\n<div  class='flex_column av-2f4j9t-59f3f223ae10efa97b61cbc1e05b611e av_one_fourth  avia-builder-el-5  el_after_av_three_fourth  el_before_av_one_third  flex_column_div av-zero-column-padding  column-top-margin'     ><\/div>\n<style type=\"text\/css\" data-created_by=\"avia_inline_auto\" id=\"style-css-av-av_one_third-d3367839b90fa10d0091ac185a66b338\">\n.flex_column.av-av_one_third-d3367839b90fa10d0091ac185a66b338{\nborder-radius:0px 0px 0px 0px;\npadding:0px 0px 0px 0px;\n}\n<\/style>\n<div  class='flex_column av-av_one_third-d3367839b90fa10d0091ac185a66b338 av_one_third  avia-builder-el-6  el_after_av_one_fourth  el_before_av_one_third  first flex_column_div av-zero-column-padding  column-top-margin'     ><style type=\"text\/css\" data-created_by=\"avia_inline_auto\" id=\"style-css-av-av_image-a55a2207938c2cb44a062c7592d15758\">\n.avia-image-container.av-av_image-a55a2207938c2cb44a062c7592d15758 img.avia_image{\nbox-shadow:none;\n}\n.avia-image-container.av-av_image-a55a2207938c2cb44a062c7592d15758 .av-image-caption-overlay-center{\ncolor:#ffffff;\n}\n<\/style>\n<div  class='avia-image-container av-av_image-a55a2207938c2cb44a062c7592d15758 av-styling- av-hover-grow av-img-linked avia-align-center  avia-builder-el-7  avia-builder-el-no-sibling'   itemprop=\"image\" itemscope=\"itemscope\" itemtype=\"https:\/\/schema.org\/ImageObject\" ><div class=\"avia-image-container-inner\"><div class=\"avia-image-overlay-wrap\"><a href=\"https:\/\/www.keramikmahlwerk.ch\/webseite\/wp-content\/uploads\/2015\/10\/R_Cayenne_DK-.png\" data-srcset=\"https:\/\/www.keramikmahlwerk.ch\/webseite\/wp-content\/uploads\/2015\/10\/R_Cayenne_DK-.png 667w, https:\/\/www.keramikmahlwerk.ch\/webseite\/wp-content\/uploads\/2015\/10\/R_Cayenne_DK--200x300.png 200w, https:\/\/www.keramikmahlwerk.ch\/webseite\/wp-content\/uploads\/2015\/10\/R_Cayenne_DK--470x705.png 470w, https:\/\/www.keramikmahlwerk.ch\/webseite\/wp-content\/uploads\/2015\/10\/R_Cayenne_DK--450x675.png 450w\" data-sizes=\"(max-width: 667px) 100vw, 667px\" class='avia_image'  aria-label='R_Cayenne_DK-'><img decoding=\"async\" fetchpriority=\"high\" class='wp-image-315 avia-img-lazy-loading-not-315 avia_image' src=\"https:\/\/www.keramikmahlwerk.ch\/webseite\/wp-content\/uploads\/2015\/10\/R_Cayenne_DK-.png\" alt='' title='R_Cayenne_DK-'  height=\"1000\" width=\"667\"  itemprop=\"thumbnailUrl\" srcset=\"https:\/\/www.keramikmahlwerk.ch\/webseite\/wp-content\/uploads\/2015\/10\/R_Cayenne_DK-.png 667w, https:\/\/www.keramikmahlwerk.ch\/webseite\/wp-content\/uploads\/2015\/10\/R_Cayenne_DK--200x300.png 200w, https:\/\/www.keramikmahlwerk.ch\/webseite\/wp-content\/uploads\/2015\/10\/R_Cayenne_DK--470x705.png 470w, https:\/\/www.keramikmahlwerk.ch\/webseite\/wp-content\/uploads\/2015\/10\/R_Cayenne_DK--450x675.png 450w\" sizes=\"(max-width: 667px) 100vw, 667px\" \/><\/a><\/div><\/div><\/div><\/div><\/p>\n\n<style type=\"text\/css\" data-created_by=\"avia_inline_auto\" id=\"style-css-av-5a855-76912844a3b93c72b0f4648cc87b3f35\">\n.flex_column.av-5a855-76912844a3b93c72b0f4648cc87b3f35{\nborder-radius:0px 0px 0px 0px;\npadding:0px 0px 0px 0px;\n}\n<\/style>\n<div  class='flex_column av-5a855-76912844a3b93c72b0f4648cc87b3f35 av_one_third  avia-builder-el-8  el_after_av_one_third  el_before_av_one_third  flex_column_div av-zero-column-padding  column-top-margin'     ><style type=\"text\/css\" data-created_by=\"avia_inline_auto\" id=\"style-css-av-180zk9-6e70545f3b33ce838d53db7aff56ce24\">\n.avia-image-container.av-180zk9-6e70545f3b33ce838d53db7aff56ce24 img.avia_image{\nbox-shadow:none;\n}\n.avia-image-container.av-180zk9-6e70545f3b33ce838d53db7aff56ce24 .av-image-caption-overlay-center{\ncolor:#ffffff;\n}\n<\/style>\n<div  class='avia-image-container av-180zk9-6e70545f3b33ce838d53db7aff56ce24 av-styling- av-hover-grow av-img-linked avia-align-center  avia-builder-el-9  avia-builder-el-no-sibling'   itemprop=\"image\" itemscope=\"itemscope\" itemtype=\"https:\/\/schema.org\/ImageObject\" ><div class=\"avia-image-container-inner\"><div class=\"avia-image-overlay-wrap\"><a href=\"https:\/\/www.keramikmahlwerk.ch\/webseite\/wp-content\/uploads\/2015\/10\/R_Meersalz-Belgien_DK-.png\" data-srcset=\"https:\/\/www.keramikmahlwerk.ch\/webseite\/wp-content\/uploads\/2015\/10\/R_Meersalz-Belgien_DK-.png 667w, https:\/\/www.keramikmahlwerk.ch\/webseite\/wp-content\/uploads\/2015\/10\/R_Meersalz-Belgien_DK--200x300.png 200w, https:\/\/www.keramikmahlwerk.ch\/webseite\/wp-content\/uploads\/2015\/10\/R_Meersalz-Belgien_DK--470x705.png 470w, https:\/\/www.keramikmahlwerk.ch\/webseite\/wp-content\/uploads\/2015\/10\/R_Meersalz-Belgien_DK--450x675.png 450w\" data-sizes=\"(max-width: 667px) 100vw, 667px\" class='avia_image'  aria-label='R_sel marin-Belgique_DK-'><img decoding=\"async\" fetchpriority=\"high\" class='wp-image-318 avia-img-lazy-loading-not-318 avia_image' src=\"https:\/\/www.keramikmahlwerk.ch\/webseite\/wp-content\/uploads\/2015\/10\/R_Meersalz-Belgien_DK-.png\" alt='' title='R_sel marin-Belgique_DK-'  height=\"1000\" width=\"667\"  itemprop=\"thumbnailUrl\" srcset=\"https:\/\/www.keramikmahlwerk.ch\/webseite\/wp-content\/uploads\/2015\/10\/R_Meersalz-Belgien_DK-.png 667w, https:\/\/www.keramikmahlwerk.ch\/webseite\/wp-content\/uploads\/2015\/10\/R_Meersalz-Belgien_DK--200x300.png 200w, https:\/\/www.keramikmahlwerk.ch\/webseite\/wp-content\/uploads\/2015\/10\/R_Meersalz-Belgien_DK--470x705.png 470w, https:\/\/www.keramikmahlwerk.ch\/webseite\/wp-content\/uploads\/2015\/10\/R_Meersalz-Belgien_DK--450x675.png 450w\" sizes=\"(max-width: 667px) 100vw, 667px\" \/><\/a><\/div><\/div><\/div><\/div>\n\n<style type=\"text\/css\" data-created_by=\"avia_inline_auto\" id=\"style-css-av-h45h5-806c1ffc4d1e7339728577239005d301\">\n.flex_column.av-h45h5-806c1ffc4d1e7339728577239005d301{\nborder-radius:0px 0px 0px 0px;\npadding:0px 0px 0px 0px;\n}\n<\/style>\n<div  class='flex_column av-h45h5-806c1ffc4d1e7339728577239005d301 av_one_third  avia-builder-el-10  el_after_av_one_third  avia-builder-el-last  flex_column_div av-zero-column-padding  column-top-margin'     ><style type=\"text\/css\" data-created_by=\"avia_inline_auto\" id=\"style-css-av-6q5qp-efe108e82e071f797280907440dae7e2\">\n.avia-image-container.av-6q5qp-efe108e82e071f797280907440dae7e2 img.avia_image{\nbox-shadow:none;\n}\n.avia-image-container.av-6q5qp-efe108e82e071f797280907440dae7e2 .av-image-caption-overlay-center{\ncolor:#ffffff;\n}\n<\/style>\n<div  class='avia-image-container av-6q5qp-efe108e82e071f797280907440dae7e2 av-styling- av-hover-grow av-img-linked avia-align-center  avia-builder-el-11  avia-builder-el-no-sibling'   itemprop=\"image\" itemscope=\"itemscope\" itemtype=\"https:\/\/schema.org\/ImageObject\" ><div class=\"avia-image-container-inner\"><div class=\"avia-image-overlay-wrap\"><a href=\"https:\/\/www.keramikmahlwerk.ch\/webseite\/wp-content\/uploads\/2015\/10\/R_Himalaya-Salz_DK-.png\" data-srcset=\"https:\/\/www.keramikmahlwerk.ch\/webseite\/wp-content\/uploads\/2015\/10\/R_Himalaya-Salz_DK-.png 667w, https:\/\/www.keramikmahlwerk.ch\/webseite\/wp-content\/uploads\/2015\/10\/R_Himalaya-Salz_DK--200x300.png 200w, https:\/\/www.keramikmahlwerk.ch\/webseite\/wp-content\/uploads\/2015\/10\/R_Himalaya-Salz_DK--470x705.png 470w, https:\/\/www.keramikmahlwerk.ch\/webseite\/wp-content\/uploads\/2015\/10\/R_Himalaya-Salz_DK--450x675.png 450w\" data-sizes=\"(max-width: 667px) 100vw, 667px\" class='avia_image'  aria-label='R_Sel d&#039;Himalaya_DK-'><img decoding=\"async\" fetchpriority=\"high\" class='wp-image-316 avia-img-lazy-loading-not-316 avia_image' src=\"https:\/\/www.keramikmahlwerk.ch\/webseite\/wp-content\/uploads\/2015\/10\/R_Himalaya-Salz_DK-.png\" alt='' title='R_Sel d&#039;Himalaya_DK-'  height=\"1000\" width=\"667\"  itemprop=\"thumbnailUrl\" srcset=\"https:\/\/www.keramikmahlwerk.ch\/webseite\/wp-content\/uploads\/2015\/10\/R_Himalaya-Salz_DK-.png 667w, https:\/\/www.keramikmahlwerk.ch\/webseite\/wp-content\/uploads\/2015\/10\/R_Himalaya-Salz_DK--200x300.png 200w, https:\/\/www.keramikmahlwerk.ch\/webseite\/wp-content\/uploads\/2015\/10\/R_Himalaya-Salz_DK--470x705.png 470w, https:\/\/www.keramikmahlwerk.ch\/webseite\/wp-content\/uploads\/2015\/10\/R_Himalaya-Salz_DK--450x675.png 450w\" sizes=\"(max-width: 667px) 100vw, 667px\" \/><\/a><\/div><\/div><\/div><\/div>","protected":false},"excerpt":{"rendered":"","protected":false},"author":1,"featured_media":0,"parent":0,"menu_order":0,"comment_status":"closed","ping_status":"closed","template":"","meta":{"footnotes":""},"class_list":["post-193","page","type-page","status-publish","hentry"],"yoast_head":"<!-- This site is optimized with the Yoast SEO plugin v27.5 - https:\/\/yoast.com\/product\/yoast-seo-wordpress\/ -->\n<title>Gew\u00fcrze f\u00fcr Keramikmahlwerke<\/title>\n<meta name=\"description\" content=\"Wir bringen Raffinessen in Ihren kulinarischen Alltag. Lernen Sie unsere ausgew\u00e4hlten, sinnlichen und hochwertigen Gew\u00fcrze kennen.\" \/>\n<meta name=\"robots\" content=\"index, follow, max-snippet:-1, max-image-preview:large, max-video-preview:-1\" \/>\n<link rel=\"canonical\" href=\"https:\/\/www.keramikmahlwerk.ch\/fr\/gewuerze\/\" \/>\n<meta property=\"og:locale\" content=\"fr_FR\" \/>\n<meta property=\"og:type\" content=\"article\" \/>\n<meta property=\"og:title\" content=\"Gew\u00fcrze f\u00fcr Keramikmahlwerke\" \/>\n<meta property=\"og:description\" content=\"Wir bringen Raffinessen in Ihren kulinarischen Alltag. Lernen Sie unsere ausgew\u00e4hlten, sinnlichen und hochwertigen Gew\u00fcrze kennen.\" \/>\n<meta property=\"og:url\" content=\"https:\/\/www.keramikmahlwerk.ch\/fr\/gewuerze\/\" \/>\n<meta property=\"og:site_name\" content=\"Keramikmahlwerk von CrushGrind\u00ae\" \/>\n<meta property=\"article:modified_time\" content=\"2021-03-25T21:54:55+00:00\" \/>\n<meta name=\"twitter:card\" content=\"summary_large_image\" \/>\n<meta name=\"twitter:label1\" content=\"Dur\u00e9e de lecture estim\u00e9e\" \/>\n\t<meta name=\"twitter:data1\" content=\"3 minutes\" \/>\n<script type=\"application\/ld+json\" class=\"yoast-schema-graph\">{\"@context\":\"https:\\\/\\\/schema.org\",\"@graph\":[{\"@type\":\"WebPage\",\"@id\":\"https:\\\/\\\/www.keramikmahlwerk.ch\\\/gewuerze\\\/\",\"url\":\"https:\\\/\\\/www.keramikmahlwerk.ch\\\/gewuerze\\\/\",\"name\":\"Gew\u00fcrze f\u00fcr Keramikmahlwerke\",\"isPartOf\":{\"@id\":\"https:\\\/\\\/www.keramikmahlwerk.ch\\\/#website\"},\"datePublished\":\"2015-09-02T22:34:44+00:00\",\"dateModified\":\"2021-03-25T21:54:55+00:00\",\"description\":\"Wir bringen Raffinessen in Ihren kulinarischen Alltag. Lernen Sie unsere ausgew\u00e4hlten, sinnlichen und hochwertigen Gew\u00fcrze kennen.\",\"breadcrumb\":{\"@id\":\"https:\\\/\\\/www.keramikmahlwerk.ch\\\/gewuerze\\\/#breadcrumb\"},\"inLanguage\":\"fr-FR\",\"potentialAction\":[{\"@type\":\"ReadAction\",\"target\":[\"https:\\\/\\\/www.keramikmahlwerk.ch\\\/gewuerze\\\/\"]}]},{\"@type\":\"BreadcrumbList\",\"@id\":\"https:\\\/\\\/www.keramikmahlwerk.ch\\\/gewuerze\\\/#breadcrumb\",\"itemListElement\":[{\"@type\":\"ListItem\",\"position\":1,\"name\":\"Accueil\",\"item\":\"https:\\\/\\\/www.keramikmahlwerk.ch\\\/crush-grind\\\/\"},{\"@type\":\"ListItem\",\"position\":2,\"name\":\"Gew\u00fcrze\"}]},{\"@type\":\"WebSite\",\"@id\":\"https:\\\/\\\/www.keramikmahlwerk.ch\\\/#website\",\"url\":\"https:\\\/\\\/www.keramikmahlwerk.ch\\\/\",\"name\":\"Keramikmahlwerk von CrushGrind\u00ae\",\"description\":\"Neben Pfeffer mahlt dieses Mahlwerk auch Salz, Chili, Zucker, Gew\u00fcrze und Kr\u00e4uter gleichm\u00e4ssig und ohne zu verkleben\",\"potentialAction\":[{\"@type\":\"SearchAction\",\"target\":{\"@type\":\"EntryPoint\",\"urlTemplate\":\"https:\\\/\\\/www.keramikmahlwerk.ch\\\/?s={search_term_string}\"},\"query-input\":{\"@type\":\"PropertyValueSpecification\",\"valueRequired\":true,\"valueName\":\"search_term_string\"}}],\"inLanguage\":\"fr-FR\"}]}<\/script>\n<!-- \/ Yoast SEO plugin. -->","yoast_head_json":{"title":"\u00c9pices pour broyeurs en c\u00e9ramique","description":"Nous apportons le raffinement dans votre quotidien culinaire. Faites connaissance avec nos \u00e9pices s\u00e9lectionn\u00e9es, sensuelles et de qualit\u00e9.","robots":{"index":"index","follow":"follow","max-snippet":"max-snippet:-1","max-image-preview":"max-image-preview:large","max-video-preview":"max-video-preview:-1"},"canonical":"https:\/\/www.keramikmahlwerk.ch\/fr\/gewuerze\/","og_locale":"fr_FR","og_type":"article","og_title":"Gew\u00fcrze f\u00fcr Keramikmahlwerke","og_description":"Wir bringen Raffinessen in Ihren kulinarischen Alltag. Lernen Sie unsere ausgew\u00e4hlten, sinnlichen und hochwertigen Gew\u00fcrze kennen.","og_url":"https:\/\/www.keramikmahlwerk.ch\/fr\/gewuerze\/","og_site_name":"Keramikmahlwerk von CrushGrind\u00ae","article_modified_time":"2021-03-25T21:54:55+00:00","twitter_card":"summary_large_image","twitter_misc":{"Dur\u00e9e de lecture estim\u00e9e":"3 minutes"},"schema":{"@context":"https:\/\/schema.org","@graph":[{"@type":"WebPage","@id":"https:\/\/www.keramikmahlwerk.ch\/gewuerze\/","url":"https:\/\/www.keramikmahlwerk.ch\/gewuerze\/","name":"\u00c9pices pour broyeurs en c\u00e9ramique","isPartOf":{"@id":"https:\/\/www.keramikmahlwerk.ch\/#website"},"datePublished":"2015-09-02T22:34:44+00:00","dateModified":"2021-03-25T21:54:55+00:00","description":"Nous apportons le raffinement dans votre quotidien culinaire. Faites connaissance avec nos \u00e9pices s\u00e9lectionn\u00e9es, sensuelles et de qualit\u00e9.","breadcrumb":{"@id":"https:\/\/www.keramikmahlwerk.ch\/gewuerze\/#breadcrumb"},"inLanguage":"fr-FR","potentialAction":[{"@type":"ReadAction","target":["https:\/\/www.keramikmahlwerk.ch\/gewuerze\/"]}]},{"@type":"BreadcrumbList","@id":"https:\/\/www.keramikmahlwerk.ch\/gewuerze\/#breadcrumb","itemListElement":[{"@type":"ListItem","position":1,"name":"Accueil","item":"https:\/\/www.keramikmahlwerk.ch\/crush-grind\/"},{"@type":"ListItem","position":2,"name":"Gew\u00fcrze"}]},{"@type":"WebSite","@id":"https:\/\/www.keramikmahlwerk.ch\/#website","url":"https:\/\/www.keramikmahlwerk.ch\/","name":"Broyeur en c\u00e9ramique CrushGrind\u00ae.","description":"En plus du poivre, ce moulin permet de moudre le sel, le piment, le sucre, les \u00e9pices et les herbes de mani\u00e8re uniforme et sans coller.","potentialAction":[{"@type":"SearchAction","target":{"@type":"EntryPoint","urlTemplate":"https:\/\/www.keramikmahlwerk.ch\/?s={search_term_string}"},"query-input":{"@type":"PropertyValueSpecification","valueRequired":true,"valueName":"search_term_string"}}],"inLanguage":"fr-FR"}]}},"_links":{"self":[{"href":"https:\/\/www.keramikmahlwerk.ch\/fr\/wp-json\/wp\/v2\/pages\/193","targetHints":{"allow":["GET"]}}],"collection":[{"href":"https:\/\/www.keramikmahlwerk.ch\/fr\/wp-json\/wp\/v2\/pages"}],"about":[{"href":"https:\/\/www.keramikmahlwerk.ch\/fr\/wp-json\/wp\/v2\/types\/page"}],"author":[{"embeddable":true,"href":"https:\/\/www.keramikmahlwerk.ch\/fr\/wp-json\/wp\/v2\/users\/1"}],"replies":[{"embeddable":true,"href":"https:\/\/www.keramikmahlwerk.ch\/fr\/wp-json\/wp\/v2\/comments?post=193"}],"version-history":[{"count":55,"href":"https:\/\/www.keramikmahlwerk.ch\/fr\/wp-json\/wp\/v2\/pages\/193\/revisions"}],"predecessor-version":[{"id":6095,"href":"https:\/\/www.keramikmahlwerk.ch\/fr\/wp-json\/wp\/v2\/pages\/193\/revisions\/6095"}],"wp:attachment":[{"href":"https:\/\/www.keramikmahlwerk.ch\/fr\/wp-json\/wp\/v2\/media?parent=193"}],"curies":[{"name":"wp","href":"https:\/\/api.w.org\/{rel}","templated":true}]}}