{"id":20,"date":"2015-06-17T22:31:01","date_gmt":"2015-06-17T20:31:01","guid":{"rendered":"https:\/\/www.keramikmahlwerk.ch\/webseite\/?page_id=20"},"modified":"2021-08-12T11:44:05","modified_gmt":"2021-08-12T09:44:05","slug":"crushgrind-wood","status":"publish","type":"page","link":"https:\/\/www.keramikmahlwerk.ch\/fr\/crushgrind-wood\/","title":{"rendered":"Broyeur en c\u00e9ramique CrushGrind\u00ae Wood"},"content":{"rendered":"<style type=\"text\/css\" data-created_by=\"avia_inline_auto\" id=\"style-css-av-250jo-103f3b0480d0bc70b3b7165cad439d16\">\n#top .av-special-heading.av-250jo-103f3b0480d0bc70b3b7165cad439d16{\npadding-bottom:10px;\n}\nbody .av-special-heading.av-250jo-103f3b0480d0bc70b3b7165cad439d16 .av-special-heading-tag .heading-char{\nfont-size:25px;\n}\n.av-special-heading.av-250jo-103f3b0480d0bc70b3b7165cad439d16 .av-subheading{\nfont-size:15px;\n}\n<\/style>\n<div  class='av-special-heading av-250jo-103f3b0480d0bc70b3b7165cad439d16 av-special-heading-h1 blockquote modern-quote  avia-builder-el-0  el_before_av_three_fifth  avia-builder-el-first'><h1 class='av-special-heading-tag'  itemprop=\"headline\"  >Broyeur c\u00e9ramique CrushGrind\u00ae Wood<\/h1><div class=\"special-heading-border\"><div class=\"special-heading-inner-border\"><\/div><\/div><\/div>\n\n<style type=\"text\/css\" data-created_by=\"avia_inline_auto\" id=\"style-css-av-6qwx8-0fee7328d3c17a164fc26c411e014fef\">\n.flex_column.av-6qwx8-0fee7328d3c17a164fc26c411e014fef{\nborder-radius:0px 0px 0px 0px;\npadding:0px 0px 0px 0px;\n}\n<\/style>\n<div  class='flex_column av-6qwx8-0fee7328d3c17a164fc26c411e014fef av_three_fifth  avia-builder-el-1  el_after_av_heading  el_before_av_two_fifth  first flex_column_div av-zero-column-padding'     ><p><section  class='av_textblock_section av-69cfs-ec2fc335fee7d2cf08fdc29096a7bef1'   itemscope=\"itemscope\" itemtype=\"https:\/\/schema.org\/CreativeWork\" ><div class='avia_textblock'  itemprop=\"text\" ><p>Ces broyeurs en c\u00e9ramique ont \u00e9t\u00e9 con\u00e7us pour \u00eatre install\u00e9s dans des bo\u00eetiers en bois. Comme ce moulin ne n\u00e9cessite pas d'arbre, il n'y a presque pas de limites \u00e0 la cr\u00e9ativit\u00e9 : couvercle personnalis\u00e9, viss\u00e9 sur un r\u00e9cipient en verre, sel et poivre dans le m\u00eame moulin ou corps de moulin en diagonale\/hors forme - tout est possible.<\/p>\n<\/div><\/section><br \/>\n<div  class='tabcontainer av-5la04-4134147f7a8e4fbc92ccced2abaff634 top_tab  avia-builder-el-3  el_after_av_textblock  el_before_av_button'>\n<section class='av_tab_section av_tab_section av-1lad0-0be559b986c7490669de01ab1e15e2ab'  itemscope=\"itemscope\" itemtype=\"https:\/\/schema.org\/CreativeWork\" ><div id='tab-id-1-tab' class='tab active_tab' role='tab' aria-selected=\"true\" tabindex=\"0\" data-fake-id='#tab-id-1' aria-controls='tab-id-1-content'  itemprop=\"headline\" >Prix<\/div><div id='tab-id-1-content' class='tab_content active_tab_content' role='tabpanel' aria-labelledby='tab-id-1-tab' aria-hidden=\"false\"><div class='tab_inner_content invers-color'  itemprop=\"text\" ><p>A partir d'un prix unitaire de CHF 9.60 (TVA incluse), vous obtenez des broyeurs en c\u00e9ramique de haute qualit\u00e9 avec une garantie de 25 ans.<\/p>\n<p>A partir d'une valeur de CHF 300.00 de marchandises, nous livrons gratuitement les frais de port en Suisse.<\/p>\n<\/div><\/div><\/section>\n<section class='av_tab_section av_tab_section av-16lkw-2bdba6c9162dcaf1468a887da8a8f5e4'  itemscope=\"itemscope\" itemtype=\"https:\/\/schema.org\/CreativeWork\" ><div id='tab-id-2-tab' class='tab' role='tab' aria-selected=\"false\" tabindex=\"0\" data-fake-id='#tab-id-2' aria-controls='tab-id-2-content'  itemprop=\"headline\" >Instructions d'installation<\/div><div id='tab-id-2-content' class='tab_content' role='tabpanel' aria-labelledby='tab-id-2-tab' aria-hidden=\"true\"><div class='tab_inner_content invers-color'  itemprop=\"text\" ><p>Il suffit de 3 forets diff\u00e9rents pour produire un moulin !<br \/>\nInstructions d'installation pour le <a href=\"https:\/\/www.keramikmahlwerk.ch\/webseite\/wp-content\/uploads\/2021\/08\/keramikmahlwerk-montageanleitung-Diamond-wood-de.pdf\" target=\"_blank\" rel=\"noopener\">Broyeur en c\u00e9ramique Bois<\/a>.<\/p>\n<\/div><\/div><\/section>\n<\/div><br \/>\n<div  class='avia-button-wrap av-3npls-206f44b5df24e117d71fecb8db9ff5bb-wrap avia-button-left  avia-builder-el-4  el_after_av_tab_container  avia-builder-el-last'><a href='https:\/\/www.keramikmahlwerk.ch\/fr\/shop\/webshop\/#crushgrind-wood'  class='avia-button av-3npls-206f44b5df24e117d71fecb8db9ff5bb av-link-btn avia-icon_select-no avia-size-large avia-position-left avia-color-theme-color'   aria-label=\"Cliquez ici pour acc\u00e9der \u00e0 la boutique\"><span class='avia_iconbox_title' >Cliquez ici pour acc\u00e9der \u00e0 la boutique<\/span><\/a><\/div><\/p><\/div>\n<style type=\"text\/css\" data-created_by=\"avia_inline_auto\" id=\"style-css-av-3adz4-41de412fcf1fca49f14f60616ad14898\">\n.flex_column.av-3adz4-41de412fcf1fca49f14f60616ad14898{\nborder-radius:0px 0px 0px 0px;\npadding:0px 0px 0px 0px;\n}\n<\/style>\n<div  class='flex_column av-3adz4-41de412fcf1fca49f14f60616ad14898 av_two_fifth  avia-builder-el-5  el_after_av_three_fifth  avia-builder-el-last  flex_column_div av-zero-column-padding'     ><style type=\"text\/css\" data-created_by=\"avia_inline_auto\" id=\"style-css-sub-av-2jwqg-c2cc1ee1f2146652612bc3b2f1f77a03\">\n.av-hotspot-image-container .av-image-hotspot.av-7jrw-713eed66ab677804012e20356a37bb63{\ntop:13.2%;\nleft:26%;\n}\n.av-hotspot-image-container .av-image-hotspot.av-4ogg-043263ae3fb7437555247f268c86474e{\ntop:75%;\nleft:17.9%;\n}\n.av-hotspot-image-container .av-image-hotspot.av-2uy4-8442fb89c6301780cbeae80e6da10ef0{\ntop:93.1%;\nleft:17.9%;\n}\n<\/style>\n<div  class='av-hotspot-image-container av-2jwqg-c2cc1ee1f2146652612bc3b2f1f77a03  avia-builder-el-6  avia-builder-el-no-sibling  av-hotspot-numbered avia_animated_image avia_animate_when_almost_visible fade-in av-mobile-fallback-active  av-non-fullwidth-hotspot-image'  itemprop=\"image\" itemscope=\"itemscope\" itemtype=\"https:\/\/schema.org\/ImageObject\" ><div class='av-hotspot-container'><div class='av-hotspot-container-inner-cell'><div class='av-hotspot-container-inner-wrap'><div class='av-image-hotspot av-7jrw-713eed66ab677804012e20356a37bb63 av-image-hotspot-1' data-avia-tooltip-position='left' data-avia-tooltip-alignment='bottom' data-avia-tooltip-class='av-tt-large-width av-tt-pos-left av-tt-align-bottom  av-mobile-fallback-active  main_color av-tt-hotspot' data-avia-tooltip='&lt;p&gt;Die M\u00fchle wird von oben bef\u00fcllt. Daf\u00fcr ist ein Zylinder mit Deckel notwendig.&lt;\/p&gt;'><div class='av-image-hotspot_inner'>1<\/div><div class='av-image-hotspot-pulse'><\/div><\/div><div class='av-image-hotspot av-4ogg-043263ae3fb7437555247f268c86474e av-image-hotspot-2' data-avia-tooltip-position='left' data-avia-tooltip-alignment='bottom' data-avia-tooltip-class='av-tt-large-width av-tt-pos-left av-tt-align-bottom  av-mobile-fallback-active  main_color av-tt-hotspot' data-avia-tooltip='&lt;p&gt;Bei diesem Modell befindet sich der Drehmechanismus am unteren Ende der M\u00fchle.&lt;\/p&gt;'><div class='av-image-hotspot_inner'>2<\/div><div class='av-image-hotspot-pulse'><\/div><\/div><div class='av-image-hotspot av-2uy4-8442fb89c6301780cbeae80e6da10ef0 av-image-hotspot-3' data-avia-tooltip-position='left' data-avia-tooltip-alignment='bottom' data-avia-tooltip-class='av-tt-large-width av-tt-pos-left av-tt-align-bottom  av-mobile-fallback-active  main_color av-tt-hotspot' data-avia-tooltip='&lt;p&gt;Dank dem \u00abPress &amp; Click\u00bb-Befestigungsmechanismus sind keine Schrauben und\/oder Leim notwendig.&lt;\/p&gt;'><div class='av-image-hotspot_inner'>3<\/div><div class='av-image-hotspot-pulse'><\/div><\/div><img decoding=\"async\" fetchpriority=\"high\" class='wp-image-202 avia-img-lazy-loading-not-202 avia_image' src=\"https:\/\/www.keramikmahlwerk.ch\/webseite\/wp-content\/uploads\/2015\/09\/holzmuehle-keramikmahlwerk-wood-querschnitt.jpg\" alt='' title='meuleuse \u00e0 bois - meuleuse en c\u00e9ramique - coupe transversale du bois'  height=\"720\" width=\"312\"  itemprop=\"thumbnailUrl\" srcset=\"https:\/\/www.keramikmahlwerk.ch\/webseite\/wp-content\/uploads\/2015\/09\/holzmuehle-keramikmahlwerk-wood-querschnitt.jpg 312w, https:\/\/www.keramikmahlwerk.ch\/webseite\/wp-content\/uploads\/2015\/09\/holzmuehle-keramikmahlwerk-wood-querschnitt-130x300.jpg 130w, https:\/\/www.keramikmahlwerk.ch\/webseite\/wp-content\/uploads\/2015\/09\/holzmuehle-keramikmahlwerk-wood-querschnitt-306x705.jpg 306w\" sizes=\"(max-width: 312px) 100vw, 312px\" \/><\/div><\/div><\/div><div class='av-hotspot-fallback-tooltip av-image-hotspot-1'><div class=\"av-hotspot-fallback-tooltip-count\">1<div class=\"avia-arrow\"><\/div><\/div><div class=\"av-hotspot-fallback-tooltip-inner clearfix\"><p>\nLe moulin est rempli par le haut. Un cylindre avec un couvercle est n\u00e9cessaire pour cela.<\/p>\n<\/div><\/div><div class='av-hotspot-fallback-tooltip av-image-hotspot-2'><div class=\"av-hotspot-fallback-tooltip-count\">2<div class=\"avia-arrow\"><\/div><\/div><div class=\"av-hotspot-fallback-tooltip-inner clearfix\"><p>\nDans ce mod\u00e8le, le m\u00e9canisme de rotation est situ\u00e9 au fond du moulin.<\/p>\n<\/div><\/div><div class='av-hotspot-fallback-tooltip av-image-hotspot-3'><div class=\"av-hotspot-fallback-tooltip-count\">3<div class=\"avia-arrow\"><\/div><\/div><div class=\"av-hotspot-fallback-tooltip-inner clearfix\"><p>\nGr\u00e2ce au m\u00e9canisme de fixation \"Press &amp; Click\", aucune vis et\/ou colle n'est n\u00e9cessaire.<\/p>\n<\/div><\/div><\/div><\/div><\/p>","protected":false},"excerpt":{"rendered":"","protected":false},"author":1,"featured_media":0,"parent":0,"menu_order":0,"comment_status":"closed","ping_status":"closed","template":"","meta":{"footnotes":""},"class_list":["post-20","page","type-page","status-publish","hentry"],"yoast_head":"<!-- This site is optimized with the Yoast SEO plugin v27.3 - https:\/\/yoast.com\/product\/yoast-seo-wordpress\/ -->\n<title>Keramikmahlwerk CrushGrind\u00ae Wood<\/title>\n<meta name=\"description\" content=\"Das Keramikmahlwerk CrushGrind\u00ae Wood eignet sich f\u00fcr ausgefallene M\u00fchlen welche ohne Schaft auskommen. Ihrer Phantasie sind keine Grenzen gesetzt.\" \/>\n<meta name=\"robots\" content=\"index, follow, max-snippet:-1, max-image-preview:large, max-video-preview:-1\" \/>\n<link rel=\"canonical\" href=\"https:\/\/www.keramikmahlwerk.ch\/fr\/crushgrind-wood\/\" \/>\n<meta property=\"og:locale\" content=\"fr_FR\" \/>\n<meta property=\"og:type\" content=\"article\" \/>\n<meta property=\"og:title\" content=\"Keramikmahlwerk CrushGrind\u00ae Wood\" \/>\n<meta property=\"og:description\" content=\"Das Keramikmahlwerk CrushGrind\u00ae Wood eignet sich f\u00fcr ausgefallene M\u00fchlen welche ohne Schaft auskommen. Ihrer Phantasie sind keine Grenzen gesetzt.\" \/>\n<meta property=\"og:url\" content=\"https:\/\/www.keramikmahlwerk.ch\/fr\/crushgrind-wood\/\" \/>\n<meta property=\"og:site_name\" content=\"Keramikmahlwerk von CrushGrind\u00ae\" \/>\n<meta property=\"article:modified_time\" content=\"2021-08-12T09:44:05+00:00\" \/>\n<meta name=\"twitter:card\" content=\"summary_large_image\" \/>\n<meta name=\"twitter:label1\" content=\"Dur\u00e9e de lecture estim\u00e9e\" \/>\n\t<meta name=\"twitter:data1\" content=\"3 minutes\" \/>\n<script type=\"application\/ld+json\" class=\"yoast-schema-graph\">{\"@context\":\"https:\\\/\\\/schema.org\",\"@graph\":[{\"@type\":\"WebPage\",\"@id\":\"https:\\\/\\\/www.keramikmahlwerk.ch\\\/crushgrind-wood\\\/\",\"url\":\"https:\\\/\\\/www.keramikmahlwerk.ch\\\/crushgrind-wood\\\/\",\"name\":\"Keramikmahlwerk CrushGrind\u00ae Wood\",\"isPartOf\":{\"@id\":\"https:\\\/\\\/www.keramikmahlwerk.ch\\\/#website\"},\"datePublished\":\"2015-06-17T20:31:01+00:00\",\"dateModified\":\"2021-08-12T09:44:05+00:00\",\"description\":\"Das Keramikmahlwerk CrushGrind\u00ae Wood eignet sich f\u00fcr ausgefallene M\u00fchlen welche ohne Schaft auskommen. Ihrer Phantasie sind keine Grenzen gesetzt.\",\"breadcrumb\":{\"@id\":\"https:\\\/\\\/www.keramikmahlwerk.ch\\\/crushgrind-wood\\\/#breadcrumb\"},\"inLanguage\":\"fr-FR\",\"potentialAction\":[{\"@type\":\"ReadAction\",\"target\":[\"https:\\\/\\\/www.keramikmahlwerk.ch\\\/crushgrind-wood\\\/\"]}]},{\"@type\":\"BreadcrumbList\",\"@id\":\"https:\\\/\\\/www.keramikmahlwerk.ch\\\/crushgrind-wood\\\/#breadcrumb\",\"itemListElement\":[{\"@type\":\"ListItem\",\"position\":1,\"name\":\"Accueil\",\"item\":\"https:\\\/\\\/www.keramikmahlwerk.ch\\\/crush-grind\\\/\"},{\"@type\":\"ListItem\",\"position\":2,\"name\":\"Keramikmahlwerk CrushGrind\u00ae Wood\"}]},{\"@type\":\"WebSite\",\"@id\":\"https:\\\/\\\/www.keramikmahlwerk.ch\\\/#website\",\"url\":\"https:\\\/\\\/www.keramikmahlwerk.ch\\\/\",\"name\":\"Keramikmahlwerk von CrushGrind\u00ae\",\"description\":\"Neben Pfeffer mahlt dieses Mahlwerk auch Salz, Chili, Zucker, Gew\u00fcrze und Kr\u00e4uter gleichm\u00e4ssig und ohne zu verkleben\",\"potentialAction\":[{\"@type\":\"SearchAction\",\"target\":{\"@type\":\"EntryPoint\",\"urlTemplate\":\"https:\\\/\\\/www.keramikmahlwerk.ch\\\/?s={search_term_string}\"},\"query-input\":{\"@type\":\"PropertyValueSpecification\",\"valueRequired\":true,\"valueName\":\"search_term_string\"}}],\"inLanguage\":\"fr-FR\"}]}<\/script>\n<!-- \/ Yoast SEO plugin. -->","yoast_head_json":{"title":"Broyeur en c\u00e9ramique CrushGrind\u00ae Wood","description":"Le broyeur c\u00e9ramique CrushGrind\u00ae Wood est adapt\u00e9 aux broyeurs fantaisie qui ne n\u00e9cessitent pas d'arbre. Il n'y a pas de limites \u00e0 votre imagination.","robots":{"index":"index","follow":"follow","max-snippet":"max-snippet:-1","max-image-preview":"max-image-preview:large","max-video-preview":"max-video-preview:-1"},"canonical":"https:\/\/www.keramikmahlwerk.ch\/fr\/crushgrind-wood\/","og_locale":"fr_FR","og_type":"article","og_title":"Keramikmahlwerk CrushGrind\u00ae Wood","og_description":"Das Keramikmahlwerk CrushGrind\u00ae Wood eignet sich f\u00fcr ausgefallene M\u00fchlen welche ohne Schaft auskommen. Ihrer Phantasie sind keine Grenzen gesetzt.","og_url":"https:\/\/www.keramikmahlwerk.ch\/fr\/crushgrind-wood\/","og_site_name":"Keramikmahlwerk von CrushGrind\u00ae","article_modified_time":"2021-08-12T09:44:05+00:00","twitter_card":"summary_large_image","twitter_misc":{"Dur\u00e9e de lecture estim\u00e9e":"3 minutes"},"schema":{"@context":"https:\/\/schema.org","@graph":[{"@type":"WebPage","@id":"https:\/\/www.keramikmahlwerk.ch\/crushgrind-wood\/","url":"https:\/\/www.keramikmahlwerk.ch\/crushgrind-wood\/","name":"Broyeur en c\u00e9ramique CrushGrind\u00ae Wood","isPartOf":{"@id":"https:\/\/www.keramikmahlwerk.ch\/#website"},"datePublished":"2015-06-17T20:31:01+00:00","dateModified":"2021-08-12T09:44:05+00:00","description":"Le broyeur c\u00e9ramique CrushGrind\u00ae Wood est adapt\u00e9 aux broyeurs fantaisie qui ne n\u00e9cessitent pas d'arbre. Il n'y a pas de limites \u00e0 votre imagination.","breadcrumb":{"@id":"https:\/\/www.keramikmahlwerk.ch\/crushgrind-wood\/#breadcrumb"},"inLanguage":"fr-FR","potentialAction":[{"@type":"ReadAction","target":["https:\/\/www.keramikmahlwerk.ch\/crushgrind-wood\/"]}]},{"@type":"BreadcrumbList","@id":"https:\/\/www.keramikmahlwerk.ch\/crushgrind-wood\/#breadcrumb","itemListElement":[{"@type":"ListItem","position":1,"name":"Accueil","item":"https:\/\/www.keramikmahlwerk.ch\/crush-grind\/"},{"@type":"ListItem","position":2,"name":"Keramikmahlwerk CrushGrind\u00ae Wood"}]},{"@type":"WebSite","@id":"https:\/\/www.keramikmahlwerk.ch\/#website","url":"https:\/\/www.keramikmahlwerk.ch\/","name":"Broyeur en c\u00e9ramique CrushGrind\u00ae.","description":"En plus du poivre, ce moulin permet de moudre le sel, le piment, le sucre, les \u00e9pices et les herbes de mani\u00e8re uniforme et sans coller.","potentialAction":[{"@type":"SearchAction","target":{"@type":"EntryPoint","urlTemplate":"https:\/\/www.keramikmahlwerk.ch\/?s={search_term_string}"},"query-input":{"@type":"PropertyValueSpecification","valueRequired":true,"valueName":"search_term_string"}}],"inLanguage":"fr-FR"}]}},"_links":{"self":[{"href":"https:\/\/www.keramikmahlwerk.ch\/fr\/wp-json\/wp\/v2\/pages\/20","targetHints":{"allow":["GET"]}}],"collection":[{"href":"https:\/\/www.keramikmahlwerk.ch\/fr\/wp-json\/wp\/v2\/pages"}],"about":[{"href":"https:\/\/www.keramikmahlwerk.ch\/fr\/wp-json\/wp\/v2\/types\/page"}],"author":[{"embeddable":true,"href":"https:\/\/www.keramikmahlwerk.ch\/fr\/wp-json\/wp\/v2\/users\/1"}],"replies":[{"embeddable":true,"href":"https:\/\/www.keramikmahlwerk.ch\/fr\/wp-json\/wp\/v2\/comments?post=20"}],"version-history":[{"count":26,"href":"https:\/\/www.keramikmahlwerk.ch\/fr\/wp-json\/wp\/v2\/pages\/20\/revisions"}],"predecessor-version":[{"id":6258,"href":"https:\/\/www.keramikmahlwerk.ch\/fr\/wp-json\/wp\/v2\/pages\/20\/revisions\/6258"}],"wp:attachment":[{"href":"https:\/\/www.keramikmahlwerk.ch\/fr\/wp-json\/wp\/v2\/media?parent=20"}],"curies":[{"name":"wp","href":"https:\/\/api.w.org\/{rel}","templated":true}]}}