{"id":219,"date":"2015-09-08T09:22:00","date_gmt":"2015-09-08T07:22:00","guid":{"rendered":"https:\/\/www.keramikmahlwerk.ch\/webseite\/?page_id=219"},"modified":"2023-08-31T22:08:59","modified_gmt":"2023-08-31T20:08:59","slug":"impressum","status":"publish","type":"page","link":"https:\/\/www.keramikmahlwerk.ch\/fr\/ueber-uns\/impressum\/","title":{"rendered":"Impression"},"content":{"rendered":"<style type=\"text\/css\" data-created_by=\"avia_inline_auto\" id=\"style-css-av-15bibn-eaf4e110e8f8fc729d795ce3f02d8072\">\n.flex_column.av-15bibn-eaf4e110e8f8fc729d795ce3f02d8072{\nborder-radius:0px 0px 0px 0px;\npadding:0px 0px 0px 0px;\n}\n<\/style>\n<div  class='flex_column av-15bibn-eaf4e110e8f8fc729d795ce3f02d8072 av_two_third  avia-builder-el-0  el_before_av_one_third  avia-builder-el-first  first flex_column_div av-zero-column-padding'     ><p>\n<style type=\"text\/css\" data-created_by=\"avia_inline_auto\" id=\"style-css-av-7yodv-aeb33943c3ec94b4b403e8d3f824dcef\">\n#top .av-special-heading.av-7yodv-aeb33943c3ec94b4b403e8d3f824dcef{\npadding-bottom:10px;\n}\nbody .av-special-heading.av-7yodv-aeb33943c3ec94b4b403e8d3f824dcef .av-special-heading-tag .heading-char{\nfont-size:25px;\n}\n.av-special-heading.av-7yodv-aeb33943c3ec94b4b403e8d3f824dcef .av-subheading{\nfont-size:15px;\n}\n<\/style>\n<div  class='av-special-heading av-7yodv-aeb33943c3ec94b4b403e8d3f824dcef av-special-heading-h1 blockquote modern-quote  avia-builder-el-1  el_before_av_textblock  avia-builder-el-first'><h1 class='av-special-heading-tag'  itemprop=\"headline\"  >Impression<\/h1><div class=\"special-heading-border\"><div class=\"special-heading-inner-border\"><\/div><\/div><\/div><br \/>\n<section  class='av_textblock_section av-tmbij-561b1efb776191f3c8d62e571cde6d93'   itemscope=\"itemscope\" itemtype=\"https:\/\/schema.org\/CreativeWork\" ><div class='avia_textblock'  itemprop=\"text\" ><h3>Adresse de contact<\/h3>\n<p>raffinessen.ch GmbH<br \/>\nWasserwerkgasse 2<br \/>\n3011 Berne<br \/>\n<a href=\"\/fr\/mailto&\/#58;&#105;&#110;&#102;&#111;&#64;&#114;&#x61;&#x66;&#x66;&#x69;&#x6e;&#x65;&#x73;&#x73;&#x65;&#x6e;&#x2e;&#x63;h\">&#x69;&#110;&#x66;&#111;&#64;&#x72;&#97;f&#x66;&#105;&#x6e;&#x65;s&#x73;&#101;n&#x2e;&#99;&#x68;<\/a><\/p>\n<h3>Repr\u00e9sentants autoris\u00e9s<\/h3>\n<p>Markus Lehmann - Directeur g\u00e9n\u00e9ral<\/p>\n<h3>Inscription au registre du commerce<\/h3>\n<p>Nom de la soci\u00e9t\u00e9 enregistr\u00e9e : raffinessen.ch GmbH<br \/>\nNum\u00e9ro : CHE-113.730.812<br \/>\nOffice du registre du commerce : Bolligen<\/p>\n<h3>Num\u00e9ro de TVA<\/h3>\n<p>CHE-113.730.812 VAT<\/p>\n<h3>Avis de non-responsabilit\u00e9<\/h3>\n<p>L'auteur n'assume aucune responsabilit\u00e9 quant \u00e0 l'exactitude, la pr\u00e9cision, l'actualit\u00e9, la fiabilit\u00e9 et l'exhaustivit\u00e9 des informations.<\/p>\n<p>Les r\u00e9clamations en responsabilit\u00e9 concernant des dommages caus\u00e9s par l'utilisation de toute information fournie, y compris tout type d'information incompl\u00e8te ou incorrecte, seront donc rejet\u00e9es.<\/p>\n<p>Toutes les offres sont sans engagement. L'auteur se r\u00e9serve express\u00e9ment le droit de modifier, de compl\u00e9ter ou de supprimer certaines parties des pages ou l'ensemble de l'offre sans pr\u00e9avis ou d'en interrompre temporairement ou d\u00e9finitivement la publication.<\/p>\n<h3>Responsabilit\u00e9 pour les liens<\/h3>\n<p>Les r\u00e9f\u00e9rences et les liens vers des sites web de tiers ne rel\u00e8vent pas de notre domaine de responsabilit\u00e9 et nous d\u00e9clinons toute responsabilit\u00e9 pour ces sites. L'acc\u00e8s \u00e0 ces sites et leur utilisation se font aux risques et p\u00e9rils de l'utilisateur.<\/p>\n<h3>Copyright<\/h3>\n<p>Le droit d'auteur et tous les autres droits sur le contenu, les images, les photos ou autres fichiers du site web appartiennent exclusivement \u00e0 <strong>de la soci\u00e9t\u00e9 raffinessen.ch<\/strong> ou les d\u00e9tenteurs de droits d'auteur sp\u00e9cifiquement nomm\u00e9s. Le consentement \u00e9crit des d\u00e9tenteurs des droits d'auteur doit \u00eatre obtenu au pr\u00e9alable pour la reproduction de tout \u00e9l\u00e9ment.<\/p>\n<h3>Protection des donn\u00e9es<\/h3>\n<p>En vertu de l'article 13 de la Constitution f\u00e9d\u00e9rale suisse et des dispositions de la Conf\u00e9d\u00e9ration suisse en mati\u00e8re de protection des donn\u00e9es (Loi sur la protection des donn\u00e9es, LPD), toute personne a droit \u00e0 la protection de sa vie priv\u00e9e ainsi qu'\u00e0 la protection contre l'utilisation abusive de ses donn\u00e9es personnelles. Nous nous conformons \u00e0 ces dispositions. Les donn\u00e9es personnelles sont trait\u00e9es de mani\u00e8re strictement confidentielle et ne sont ni vendues ni transmises \u00e0 des tiers.<\/p>\n<p>En \u00e9troite collaboration avec nos fournisseurs d'h\u00e9bergement, nous nous effor\u00e7ons de prot\u00e9ger au mieux les bases de donn\u00e9es contre tout acc\u00e8s non autoris\u00e9, toute perte, tout usage abusif ou toute falsification.<\/p>\n<p>Lors de l'acc\u00e8s \u00e0 nos sites web, les donn\u00e9es suivantes sont enregistr\u00e9es dans des fichiers journaux : L'adresse IP, la date, l'heure, la demande du navigateur et les informations g\u00e9n\u00e9rales transmises sur le syst\u00e8me d'exploitation ou le navigateur. Ces donn\u00e9es d'utilisation servent de base \u00e0 des \u00e9valuations statistiques anonymes, de sorte que des tendances peuvent \u00eatre identifi\u00e9es, ce qui nous permet d'am\u00e9liorer nos offres en cons\u00e9quence.<\/p>\n<h3>D\u00e9claration de confidentialit\u00e9<\/h3>\n<p>Notre site <a href=\"https:\/\/www.keramikmahlwerk.ch\/fr\/datenschutzerklaerung\/\">D\u00e9claration de confidentialit\u00e9<\/a> peuvent \u00eatre trouv\u00e9s ici.<\/p>\n<\/div><\/section><\/p><\/div>\n<style type=\"text\/css\" data-created_by=\"avia_inline_auto\" id=\"style-css-av-k7xez-49b9d853c491e9e2d460c6397c4616ca\">\n.flex_column.av-k7xez-49b9d853c491e9e2d460c6397c4616ca{\nborder-radius:0px 0px 0px 0px;\npadding:0px 0px 0px 0px;\n}\n<\/style>\n<div  class='flex_column av-k7xez-49b9d853c491e9e2d460c6397c4616ca av_one_third  avia-builder-el-3  el_after_av_two_third  avia-builder-el-last  flex_column_div av-zero-column-padding'     ><p><section  class='av_textblock_section av-h5bxn-c41148f90bb18619132d8e3d21411415'   itemscope=\"itemscope\" itemtype=\"https:\/\/schema.org\/CreativeWork\" ><div class='avia_textblock'  itemprop=\"text\" ><p><strong>CrushGrind\u00ae est une marque d\u00e9pos\u00e9e de IDEAS Danemark.<\/strong><\/p>\n<\/div><\/section><br \/>\n\n<style type=\"text\/css\" data-created_by=\"avia_inline_auto\" id=\"style-css-av-8rzxv-5cd3189767c4cb39263e63543601cbb2\">\n.avia-image-container.av-8rzxv-5cd3189767c4cb39263e63543601cbb2 img.avia_image{\nbox-shadow:none;\n}\n.avia-image-container.av-8rzxv-5cd3189767c4cb39263e63543601cbb2 .av-image-caption-overlay-center{\ncolor:#ffffff;\n}\n<\/style>\n<div  class='avia-image-container av-8rzxv-5cd3189767c4cb39263e63543601cbb2 av-styling- avia-align-center  avia-builder-el-5  el_after_av_textblock  el_before_av_image'   itemprop=\"image\" itemscope=\"itemscope\" itemtype=\"https:\/\/schema.org\/ImageObject\" ><div class=\"avia-image-container-inner\"><div class=\"avia-image-overlay-wrap\"><img decoding=\"async\" fetchpriority=\"high\" class='wp-image-212 avia-img-lazy-loading-not-212 avia_image' src=\"https:\/\/www.keramikmahlwerk.ch\/webseite\/wp-content\/uploads\/2015\/09\/keramikmahlwerke-crush-grind-25-jahre-garantie-1000-e1441633533837-300x300.png\" alt='' title='broyeurs en c\u00e9ramique-crush-grind-garantie-25 ans-1000'  height=\"300\" width=\"300\"  itemprop=\"thumbnailUrl\" srcset=\"https:\/\/www.keramikmahlwerk.ch\/webseite\/wp-content\/uploads\/2015\/09\/keramikmahlwerke-crush-grind-25-jahre-garantie-1000-e1441633533837-300x300.png 300w, https:\/\/www.keramikmahlwerk.ch\/webseite\/wp-content\/uploads\/2015\/09\/keramikmahlwerke-crush-grind-25-jahre-garantie-1000-e1441633533837-80x80.png 80w, https:\/\/www.keramikmahlwerk.ch\/webseite\/wp-content\/uploads\/2015\/09\/keramikmahlwerke-crush-grind-25-jahre-garantie-1000-e1441633533837-36x36.png 36w, https:\/\/www.keramikmahlwerk.ch\/webseite\/wp-content\/uploads\/2015\/09\/keramikmahlwerke-crush-grind-25-jahre-garantie-1000-e1441633533837-180x180.png 180w, https:\/\/www.keramikmahlwerk.ch\/webseite\/wp-content\/uploads\/2015\/09\/keramikmahlwerke-crush-grind-25-jahre-garantie-1000-e1441633533837-702x705.png 702w, https:\/\/www.keramikmahlwerk.ch\/webseite\/wp-content\/uploads\/2015\/09\/keramikmahlwerke-crush-grind-25-jahre-garantie-1000-e1441633533837-120x120.png 120w, https:\/\/www.keramikmahlwerk.ch\/webseite\/wp-content\/uploads\/2015\/09\/keramikmahlwerke-crush-grind-25-jahre-garantie-1000-e1441633533837-450x450.png 450w, https:\/\/www.keramikmahlwerk.ch\/webseite\/wp-content\/uploads\/2015\/09\/keramikmahlwerke-crush-grind-25-jahre-garantie-1000-e1441633533837-100x100.png 100w, https:\/\/www.keramikmahlwerk.ch\/webseite\/wp-content\/uploads\/2015\/09\/keramikmahlwerke-crush-grind-25-jahre-garantie-1000-e1441633533837.png 732w\" sizes=\"(max-width: 300px) 100vw, 300px\" \/><\/div><\/div><\/div><br \/>\n\n<style type=\"text\/css\" data-created_by=\"avia_inline_auto\" id=\"style-css-av-8rzxv-103743cc583fe690219022b0d1673e63\">\n.avia-image-container.av-8rzxv-103743cc583fe690219022b0d1673e63 img.avia_image{\nbox-shadow:none;\n}\n.avia-image-container.av-8rzxv-103743cc583fe690219022b0d1673e63 .av-image-caption-overlay-center{\ncolor:#ffffff;\n}\n<\/style>\n<div  class='avia-image-container av-8rzxv-103743cc583fe690219022b0d1673e63 av-styling- avia-align-center  avia-builder-el-6  el_after_av_image  avia-builder-el-last'   itemprop=\"image\" itemscope=\"itemscope\" itemtype=\"https:\/\/schema.org\/ImageObject\" ><div class=\"avia-image-container-inner\"><div class=\"avia-image-overlay-wrap\"><img decoding=\"async\" fetchpriority=\"high\" class='wp-image-965 avia-img-lazy-loading-not-965 avia_image' src=\"https:\/\/www.keramikmahlwerk.ch\/webseite\/wp-content\/uploads\/2018\/04\/crush-grind-shaft-quadratisch.jpg\" alt='' title='concasseur-arbre de broyage-arbre carr\u00e9'  height=\"750\" width=\"750\"  itemprop=\"thumbnailUrl\" srcset=\"https:\/\/www.keramikmahlwerk.ch\/webseite\/wp-content\/uploads\/2018\/04\/crush-grind-shaft-quadratisch.jpg 750w, https:\/\/www.keramikmahlwerk.ch\/webseite\/wp-content\/uploads\/2018\/04\/crush-grind-shaft-quadratisch-80x80.jpg 80w, https:\/\/www.keramikmahlwerk.ch\/webseite\/wp-content\/uploads\/2018\/04\/crush-grind-shaft-quadratisch-300x300.jpg 300w, https:\/\/www.keramikmahlwerk.ch\/webseite\/wp-content\/uploads\/2018\/04\/crush-grind-shaft-quadratisch-36x36.jpg 36w, https:\/\/www.keramikmahlwerk.ch\/webseite\/wp-content\/uploads\/2018\/04\/crush-grind-shaft-quadratisch-180x180.jpg 180w, https:\/\/www.keramikmahlwerk.ch\/webseite\/wp-content\/uploads\/2018\/04\/crush-grind-shaft-quadratisch-705x705.jpg 705w, https:\/\/www.keramikmahlwerk.ch\/webseite\/wp-content\/uploads\/2018\/04\/crush-grind-shaft-quadratisch-100x100.jpg 100w, https:\/\/www.keramikmahlwerk.ch\/webseite\/wp-content\/uploads\/2018\/04\/crush-grind-shaft-quadratisch-450x450.jpg 450w\" sizes=\"(max-width: 750px) 100vw, 750px\" \/><\/div><\/div><\/div><\/p><\/div><\/p>","protected":false},"excerpt":{"rendered":"","protected":false},"author":1,"featured_media":0,"parent":355,"menu_order":0,"comment_status":"closed","ping_status":"closed","template":"","meta":{"footnotes":""},"class_list":["post-219","page","type-page","status-publish","hentry"],"yoast_head":"<!-- This site is optimized with the Yoast SEO plugin v27.5 - https:\/\/yoast.com\/product\/yoast-seo-wordpress\/ -->\n<title>Impressum<\/title>\n<meta name=\"description\" content=\"Impressum von Keramikmahlwerk.ch.\" \/>\n<meta name=\"robots\" content=\"index, follow, max-snippet:-1, max-image-preview:large, max-video-preview:-1\" \/>\n<link rel=\"canonical\" href=\"https:\/\/www.keramikmahlwerk.ch\/fr\/ueber-uns\/impressum\/\" \/>\n<meta property=\"og:locale\" content=\"fr_FR\" \/>\n<meta property=\"og:type\" content=\"article\" \/>\n<meta property=\"og:title\" content=\"Impressum\" \/>\n<meta property=\"og:description\" content=\"Impressum von Keramikmahlwerk.ch.\" \/>\n<meta property=\"og:url\" content=\"https:\/\/www.keramikmahlwerk.ch\/fr\/ueber-uns\/impressum\/\" \/>\n<meta property=\"og:site_name\" content=\"Keramikmahlwerk von CrushGrind\u00ae\" \/>\n<meta property=\"article:modified_time\" content=\"2023-08-31T20:08:59+00:00\" \/>\n<meta name=\"twitter:card\" content=\"summary_large_image\" \/>\n<meta name=\"twitter:label1\" content=\"Dur\u00e9e de lecture estim\u00e9e\" \/>\n\t<meta name=\"twitter:data1\" content=\"3 minutes\" \/>\n<script type=\"application\/ld+json\" class=\"yoast-schema-graph\">{\"@context\":\"https:\\\/\\\/schema.org\",\"@graph\":[{\"@type\":\"WebPage\",\"@id\":\"https:\\\/\\\/www.keramikmahlwerk.ch\\\/ueber-uns\\\/impressum\\\/\",\"url\":\"https:\\\/\\\/www.keramikmahlwerk.ch\\\/ueber-uns\\\/impressum\\\/\",\"name\":\"Impressum\",\"isPartOf\":{\"@id\":\"https:\\\/\\\/www.keramikmahlwerk.ch\\\/#website\"},\"datePublished\":\"2015-09-08T07:22:00+00:00\",\"dateModified\":\"2023-08-31T20:08:59+00:00\",\"description\":\"Impressum von Keramikmahlwerk.ch.\",\"breadcrumb\":{\"@id\":\"https:\\\/\\\/www.keramikmahlwerk.ch\\\/ueber-uns\\\/impressum\\\/#breadcrumb\"},\"inLanguage\":\"fr-FR\",\"potentialAction\":[{\"@type\":\"ReadAction\",\"target\":[\"https:\\\/\\\/www.keramikmahlwerk.ch\\\/ueber-uns\\\/impressum\\\/\"]}]},{\"@type\":\"BreadcrumbList\",\"@id\":\"https:\\\/\\\/www.keramikmahlwerk.ch\\\/ueber-uns\\\/impressum\\\/#breadcrumb\",\"itemListElement\":[{\"@type\":\"ListItem\",\"position\":1,\"name\":\"Accueil\",\"item\":\"https:\\\/\\\/www.keramikmahlwerk.ch\\\/crush-grind\\\/\"},{\"@type\":\"ListItem\",\"position\":2,\"name\":\"\u00dcber uns\",\"item\":\"https:\\\/\\\/www.keramikmahlwerk.ch\\\/ueber-uns\\\/\"},{\"@type\":\"ListItem\",\"position\":3,\"name\":\"Impressum\"}]},{\"@type\":\"WebSite\",\"@id\":\"https:\\\/\\\/www.keramikmahlwerk.ch\\\/#website\",\"url\":\"https:\\\/\\\/www.keramikmahlwerk.ch\\\/\",\"name\":\"Keramikmahlwerk von CrushGrind\u00ae\",\"description\":\"Neben Pfeffer mahlt dieses Mahlwerk auch Salz, Chili, Zucker, Gew\u00fcrze und Kr\u00e4uter gleichm\u00e4ssig und ohne zu verkleben\",\"potentialAction\":[{\"@type\":\"SearchAction\",\"target\":{\"@type\":\"EntryPoint\",\"urlTemplate\":\"https:\\\/\\\/www.keramikmahlwerk.ch\\\/?s={search_term_string}\"},\"query-input\":{\"@type\":\"PropertyValueSpecification\",\"valueRequired\":true,\"valueName\":\"search_term_string\"}}],\"inLanguage\":\"fr-FR\"}]}<\/script>\n<!-- \/ Yoast SEO plugin. -->","yoast_head_json":{"title":"Impression","description":"Mentions l\u00e9gales de Keramikmahlwerk.ch.","robots":{"index":"index","follow":"follow","max-snippet":"max-snippet:-1","max-image-preview":"max-image-preview:large","max-video-preview":"max-video-preview:-1"},"canonical":"https:\/\/www.keramikmahlwerk.ch\/fr\/ueber-uns\/impressum\/","og_locale":"fr_FR","og_type":"article","og_title":"Impressum","og_description":"Impressum von Keramikmahlwerk.ch.","og_url":"https:\/\/www.keramikmahlwerk.ch\/fr\/ueber-uns\/impressum\/","og_site_name":"Keramikmahlwerk von CrushGrind\u00ae","article_modified_time":"2023-08-31T20:08:59+00:00","twitter_card":"summary_large_image","twitter_misc":{"Dur\u00e9e de lecture estim\u00e9e":"3 minutes"},"schema":{"@context":"https:\/\/schema.org","@graph":[{"@type":"WebPage","@id":"https:\/\/www.keramikmahlwerk.ch\/ueber-uns\/impressum\/","url":"https:\/\/www.keramikmahlwerk.ch\/ueber-uns\/impressum\/","name":"Impression","isPartOf":{"@id":"https:\/\/www.keramikmahlwerk.ch\/#website"},"datePublished":"2015-09-08T07:22:00+00:00","dateModified":"2023-08-31T20:08:59+00:00","description":"Mentions l\u00e9gales de Keramikmahlwerk.ch.","breadcrumb":{"@id":"https:\/\/www.keramikmahlwerk.ch\/ueber-uns\/impressum\/#breadcrumb"},"inLanguage":"fr-FR","potentialAction":[{"@type":"ReadAction","target":["https:\/\/www.keramikmahlwerk.ch\/ueber-uns\/impressum\/"]}]},{"@type":"BreadcrumbList","@id":"https:\/\/www.keramikmahlwerk.ch\/ueber-uns\/impressum\/#breadcrumb","itemListElement":[{"@type":"ListItem","position":1,"name":"Accueil","item":"https:\/\/www.keramikmahlwerk.ch\/crush-grind\/"},{"@type":"ListItem","position":2,"name":"\u00dcber uns","item":"https:\/\/www.keramikmahlwerk.ch\/ueber-uns\/"},{"@type":"ListItem","position":3,"name":"Impressum"}]},{"@type":"WebSite","@id":"https:\/\/www.keramikmahlwerk.ch\/#website","url":"https:\/\/www.keramikmahlwerk.ch\/","name":"Broyeur en c\u00e9ramique CrushGrind\u00ae.","description":"En plus du poivre, ce moulin permet de moudre le sel, le piment, le sucre, les \u00e9pices et les herbes de mani\u00e8re uniforme et sans coller.","potentialAction":[{"@type":"SearchAction","target":{"@type":"EntryPoint","urlTemplate":"https:\/\/www.keramikmahlwerk.ch\/?s={search_term_string}"},"query-input":{"@type":"PropertyValueSpecification","valueRequired":true,"valueName":"search_term_string"}}],"inLanguage":"fr-FR"}]}},"_links":{"self":[{"href":"https:\/\/www.keramikmahlwerk.ch\/fr\/wp-json\/wp\/v2\/pages\/219","targetHints":{"allow":["GET"]}}],"collection":[{"href":"https:\/\/www.keramikmahlwerk.ch\/fr\/wp-json\/wp\/v2\/pages"}],"about":[{"href":"https:\/\/www.keramikmahlwerk.ch\/fr\/wp-json\/wp\/v2\/types\/page"}],"author":[{"embeddable":true,"href":"https:\/\/www.keramikmahlwerk.ch\/fr\/wp-json\/wp\/v2\/users\/1"}],"replies":[{"embeddable":true,"href":"https:\/\/www.keramikmahlwerk.ch\/fr\/wp-json\/wp\/v2\/comments?post=219"}],"version-history":[{"count":22,"href":"https:\/\/www.keramikmahlwerk.ch\/fr\/wp-json\/wp\/v2\/pages\/219\/revisions"}],"predecessor-version":[{"id":8324,"href":"https:\/\/www.keramikmahlwerk.ch\/fr\/wp-json\/wp\/v2\/pages\/219\/revisions\/8324"}],"up":[{"embeddable":true,"href":"https:\/\/www.keramikmahlwerk.ch\/fr\/wp-json\/wp\/v2\/pages\/355"}],"wp:attachment":[{"href":"https:\/\/www.keramikmahlwerk.ch\/fr\/wp-json\/wp\/v2\/media?parent=219"}],"curies":[{"name":"wp","href":"https:\/\/api.w.org\/{rel}","templated":true}]}}