{"id":3268,"date":"2019-11-22T14:23:29","date_gmt":"2019-11-22T13:23:29","guid":{"rendered":"https:\/\/www.keramikmahlwerk.ch\/?page_id=3268"},"modified":"2026-02-20T11:07:41","modified_gmt":"2026-02-20T10:07:41","slug":"pfeffermahlwerk-antik-im-kupferlook","status":"publish","type":"page","link":"https:\/\/www.keramikmahlwerk.ch\/fr\/pfeffermahlwerk-antik-im-kupferlook\/","title":{"rendered":"Keramikmahlwerk ANTIK im Kupferlook"},"content":{"rendered":"<style type=\"text\/css\" data-created_by=\"avia_inline_auto\" id=\"style-css-av-21867o-2b0023373bc5f9130a1c4fe15b9092be\">\n#top .av-special-heading.av-21867o-2b0023373bc5f9130a1c4fe15b9092be{\npadding-bottom:10px;\n}\nbody .av-special-heading.av-21867o-2b0023373bc5f9130a1c4fe15b9092be .av-special-heading-tag .heading-char{\nfont-size:25px;\n}\n.av-special-heading.av-21867o-2b0023373bc5f9130a1c4fe15b9092be .av-subheading{\nfont-size:15px;\n}\n<\/style>\n<div  class='av-special-heading av-21867o-2b0023373bc5f9130a1c4fe15b9092be av-special-heading-h1 blockquote modern-quote  avia-builder-el-0  el_before_av_three_fifth  avia-builder-el-first  av-linked-heading'><h1 class='av-special-heading-tag'  itemprop=\"headline\"  > Keramikmahlwerk ANTIK im Kupferlook<\/h1><div class=\"special-heading-border\"><div class=\"special-heading-inner-border\"><\/div><\/div><\/div>\n\n<style type=\"text\/css\" data-created_by=\"avia_inline_auto\" id=\"style-css-av-1g0jol-e0678216479dbc7e79dc53d6312f2341\">\n.flex_column.av-1g0jol-e0678216479dbc7e79dc53d6312f2341{\nborder-radius:0px 0px 0px 0px;\npadding:0px 0px 0px 0px;\n}\n<\/style>\n<div  class='flex_column av-1g0jol-e0678216479dbc7e79dc53d6312f2341 av_three_fifth  avia-builder-el-1  el_after_av_heading  el_before_av_two_fifth  first flex_column_div av-zero-column-padding'     ><p><section  class='av_textblock_section av-17t5f9-b8a6bccafc98d3754f5ffa0a69cc6bf4'   itemscope=\"itemscope\" itemtype=\"https:\/\/schema.org\/CreativeWork\" ><div class='avia_textblock'  itemprop=\"text\" ><p>Ce site <a href=\"https:\/\/www.keramikmahlwerk.ch\/fr\/shop\/pfeffermahlwerk-antik-im-kupferlook\/\">des broyeurs attrayants<\/a> Il suffit de le visser sur un socle en bois perc\u00e9 et le moulin \u00e0 poivre est pr\u00eat ! La base en bois peut \u00eatre sculpt\u00e9e, tourn\u00e9e ou peinte \u00e0 volont\u00e9 pour en faire un cadeau unique. Laissez libre cours \u00e0 votre imagination : du bloc de bois peint par l'enfant \u00e0 l'objet design tourn\u00e9, toujours un cadeau populaire. Le moulin est con\u00e7u pour le poivre et ne convient pas pour le sel.<\/p>\n<p>Contenu de la livraison : 1 meuleuse avec manivelle, y compris 2 vis pour le montage. La base en bois n'est pas incluse.<\/p>\n<h3>Sp\u00e9cifications techniques<\/h3>\n<h3><img loading=\"lazy\" decoding=\"async\" class=\"alignnone size-full wp-image-9144\" src=\"https:\/\/www.keramikmahlwerk.ch\/webseite\/wp-content\/uploads\/2026\/02\/Mahlwerk-ANTIK-Keramik_Abmessungen.jpg\" alt=\"\" width=\"1500\" height=\"1500\" srcset=\"https:\/\/www.keramikmahlwerk.ch\/webseite\/wp-content\/uploads\/2026\/02\/Mahlwerk-ANTIK-Keramik_Abmessungen.jpg 1500w, https:\/\/www.keramikmahlwerk.ch\/webseite\/wp-content\/uploads\/2026\/02\/Mahlwerk-ANTIK-Keramik_Abmessungen-300x300.jpg 300w, https:\/\/www.keramikmahlwerk.ch\/webseite\/wp-content\/uploads\/2026\/02\/Mahlwerk-ANTIK-Keramik_Abmessungen-1030x1030.jpg 1030w, https:\/\/www.keramikmahlwerk.ch\/webseite\/wp-content\/uploads\/2026\/02\/Mahlwerk-ANTIK-Keramik_Abmessungen-80x80.jpg 80w, https:\/\/www.keramikmahlwerk.ch\/webseite\/wp-content\/uploads\/2026\/02\/Mahlwerk-ANTIK-Keramik_Abmessungen-768x768.jpg 768w, https:\/\/www.keramikmahlwerk.ch\/webseite\/wp-content\/uploads\/2026\/02\/Mahlwerk-ANTIK-Keramik_Abmessungen-12x12.jpg 12w, https:\/\/www.keramikmahlwerk.ch\/webseite\/wp-content\/uploads\/2026\/02\/Mahlwerk-ANTIK-Keramik_Abmessungen-36x36.jpg 36w, https:\/\/www.keramikmahlwerk.ch\/webseite\/wp-content\/uploads\/2026\/02\/Mahlwerk-ANTIK-Keramik_Abmessungen-180x180.jpg 180w, https:\/\/www.keramikmahlwerk.ch\/webseite\/wp-content\/uploads\/2026\/02\/Mahlwerk-ANTIK-Keramik_Abmessungen-705x705.jpg 705w, https:\/\/www.keramikmahlwerk.ch\/webseite\/wp-content\/uploads\/2026\/02\/Mahlwerk-ANTIK-Keramik_Abmessungen-120x120.jpg 120w, https:\/\/www.keramikmahlwerk.ch\/webseite\/wp-content\/uploads\/2026\/02\/Mahlwerk-ANTIK-Keramik_Abmessungen-450x450.jpg 450w, https:\/\/www.keramikmahlwerk.ch\/webseite\/wp-content\/uploads\/2026\/02\/Mahlwerk-ANTIK-Keramik_Abmessungen-100x100.jpg 100w\" sizes=\"auto, (max-width: 1500px) 100vw, 1500px\" \/><\/h3>\n<h3>Informations compl\u00e9mentaires sur l'entretien et la maintenance<\/h3>\n<p>Essuyer uniquement avec un chiffon humide (non mouill\u00e9) ; ne pas laisser sur des surfaces mouill\u00e9es ; ne pas tenir sous l'eau courante ou immerger dans l'eau.<br \/>\nMoudre du riz non cuit permet de nettoyer le moulin, d'absorber l'humidit\u00e9 et d'\u00e9liminer les r\u00e9sidus d'\u00e9pices d\u00e9j\u00e0 moulues.<\/p>\n<\/div><\/section><br \/>\n<div  class='tabcontainer av-148xol-eb563d386dcffbaaf4ef4ef832d7ba03 top_tab  avia-builder-el-3  el_after_av_textblock  el_before_av_button'>\n<section class='av_tab_section av_tab_section av-2sjyvo-4a6c381e5596e1b37574a9ad76c712cd'  itemscope=\"itemscope\" itemtype=\"https:\/\/schema.org\/CreativeWork\" ><div id='tab-id-1-tab' class='tab active_tab' role='tab' aria-selected=\"true\" tabindex=\"0\" data-fake-id='#tab-id-1' aria-controls='tab-id-1-content'  itemprop=\"headline\" >Prix<\/div><div id='tab-id-1-content' class='tab_content active_tab_content' role='tabpanel' aria-labelledby='tab-id-1-tab' aria-hidden=\"false\"><div class='tab_inner_content invers-color'  itemprop=\"text\" ><p>Prix unitaire : 15,50 CHF<br \/>\nNiveau de remise :<br \/>\nA partir de 5 pi\u00e8ces : 5%<br \/>\nA partir de 25 pi\u00e8ces : 10%<br \/>\nA partir de 50 pi\u00e8ces : 15%<br \/>\nA partir de 200 pi\u00e8ces 20%<br \/>\nA partir de 400 pi\u00e8ces : Sur demande<\/p>\n<\/div><\/div><\/section>\n<\/div><br \/>\n<div  class='avia-button-wrap av-2lz4t-37654614ce0a12d566f6adc47a694ecb-wrap avia-button-left  avia-builder-el-4  el_after_av_tab_container  avia-builder-el-last'><a href='https:\/\/www.keramikmahlwerk.ch\/fr\/produit-2\/pfeffermahlwerk-antik-im-kupferlook\/'  class='avia-button av-2lz4t-37654614ce0a12d566f6adc47a694ecb av-link-btn avia-icon_select-no avia-size-large avia-position-left avia-color-theme-color'   aria-label=\"Cliquez ici pour acc\u00e9der \u00e0 la boutique\"><span class='avia_iconbox_title' >Cliquez ici pour acc\u00e9der \u00e0 la boutique<\/span><\/a><\/div><\/p><\/div>\n\n<style type=\"text\/css\" data-created_by=\"avia_inline_auto\" id=\"style-css-av-250sl-f6ebd0a8a5b03fcc884d9ffe46166e7f\">\n.flex_column.av-250sl-f6ebd0a8a5b03fcc884d9ffe46166e7f{\nborder-radius:0px 0px 0px 0px;\npadding:0px 0px 0px 0px;\n}\n<\/style>\n<div  class='flex_column av-250sl-f6ebd0a8a5b03fcc884d9ffe46166e7f av_two_fifth  avia-builder-el-5  el_after_av_three_fifth  avia-builder-el-last  flex_column_div av-zero-column-padding'     ><p>\n<style type=\"text\/css\" data-created_by=\"avia_inline_auto\" id=\"style-css-av-dcsad-6e1ab64d2092055d0ee5bab78678660e\">\n.avia-image-container.av-dcsad-6e1ab64d2092055d0ee5bab78678660e img.avia_image{\nbox-shadow:none;\n}\n.avia-image-container.av-dcsad-6e1ab64d2092055d0ee5bab78678660e .av-image-caption-overlay-center{\ncolor:#ffffff;\n}\n<\/style>\n<div  class='avia-image-container av-dcsad-6e1ab64d2092055d0ee5bab78678660e av-styling- avia-align-center  avia-builder-el-6  el_before_av_image  avia-builder-el-first'   itemprop=\"image\" itemscope=\"itemscope\" itemtype=\"https:\/\/schema.org\/ImageObject\" ><div class=\"avia-image-container-inner\"><div class=\"avia-image-overlay-wrap\"><img decoding=\"async\" fetchpriority=\"high\" class='wp-image-9147 avia-img-lazy-loading-not-9147 avia_image' src=\"https:\/\/www.keramikmahlwerk.ch\/webseite\/wp-content\/uploads\/2026\/02\/Mahlwerk-ANTIK-Keramik_zu-1.jpg\" alt='' title='Mahlwerk ANTIK Keramik_zu'  height=\"2500\" width=\"2500\"  itemprop=\"thumbnailUrl\" srcset=\"https:\/\/www.keramikmahlwerk.ch\/webseite\/wp-content\/uploads\/2026\/02\/Mahlwerk-ANTIK-Keramik_zu-1.jpg 2500w, https:\/\/www.keramikmahlwerk.ch\/webseite\/wp-content\/uploads\/2026\/02\/Mahlwerk-ANTIK-Keramik_zu-1-300x300.jpg 300w, https:\/\/www.keramikmahlwerk.ch\/webseite\/wp-content\/uploads\/2026\/02\/Mahlwerk-ANTIK-Keramik_zu-1-1030x1030.jpg 1030w, https:\/\/www.keramikmahlwerk.ch\/webseite\/wp-content\/uploads\/2026\/02\/Mahlwerk-ANTIK-Keramik_zu-1-80x80.jpg 80w, https:\/\/www.keramikmahlwerk.ch\/webseite\/wp-content\/uploads\/2026\/02\/Mahlwerk-ANTIK-Keramik_zu-1-768x768.jpg 768w, https:\/\/www.keramikmahlwerk.ch\/webseite\/wp-content\/uploads\/2026\/02\/Mahlwerk-ANTIK-Keramik_zu-1-1536x1536.jpg 1536w, https:\/\/www.keramikmahlwerk.ch\/webseite\/wp-content\/uploads\/2026\/02\/Mahlwerk-ANTIK-Keramik_zu-1-2048x2048.jpg 2048w, https:\/\/www.keramikmahlwerk.ch\/webseite\/wp-content\/uploads\/2026\/02\/Mahlwerk-ANTIK-Keramik_zu-1-12x12.jpg 12w, https:\/\/www.keramikmahlwerk.ch\/webseite\/wp-content\/uploads\/2026\/02\/Mahlwerk-ANTIK-Keramik_zu-1-36x36.jpg 36w, https:\/\/www.keramikmahlwerk.ch\/webseite\/wp-content\/uploads\/2026\/02\/Mahlwerk-ANTIK-Keramik_zu-1-180x180.jpg 180w, https:\/\/www.keramikmahlwerk.ch\/webseite\/wp-content\/uploads\/2026\/02\/Mahlwerk-ANTIK-Keramik_zu-1-1500x1500.jpg 1500w, https:\/\/www.keramikmahlwerk.ch\/webseite\/wp-content\/uploads\/2026\/02\/Mahlwerk-ANTIK-Keramik_zu-1-705x705.jpg 705w, https:\/\/www.keramikmahlwerk.ch\/webseite\/wp-content\/uploads\/2026\/02\/Mahlwerk-ANTIK-Keramik_zu-1-120x120.jpg 120w, https:\/\/www.keramikmahlwerk.ch\/webseite\/wp-content\/uploads\/2026\/02\/Mahlwerk-ANTIK-Keramik_zu-1-450x450.jpg 450w, https:\/\/www.keramikmahlwerk.ch\/webseite\/wp-content\/uploads\/2026\/02\/Mahlwerk-ANTIK-Keramik_zu-1-100x100.jpg 100w\" sizes=\"(max-width: 2500px) 100vw, 2500px\" \/><\/div><\/div><\/div><br \/>\n\n<style type=\"text\/css\" data-created_by=\"avia_inline_auto\" id=\"style-css-av-dcsad-2-8f484042f73659c379b137aec40fd969\">\n.avia-image-container.av-dcsad-2-8f484042f73659c379b137aec40fd969 img.avia_image{\nbox-shadow:none;\n}\n.avia-image-container.av-dcsad-2-8f484042f73659c379b137aec40fd969 .av-image-caption-overlay-center{\ncolor:#ffffff;\n}\n<\/style>\n<div  class='avia-image-container av-dcsad-2-8f484042f73659c379b137aec40fd969 av-styling- avia-align-center  avia-builder-el-7  el_after_av_image  el_before_av_image'   itemprop=\"image\" itemscope=\"itemscope\" itemtype=\"https:\/\/schema.org\/ImageObject\" ><div class=\"avia-image-container-inner\"><div class=\"avia-image-overlay-wrap\"><img decoding=\"async\" fetchpriority=\"high\" class='wp-image-9145 avia-img-lazy-loading-not-9145 avia_image' src=\"https:\/\/www.keramikmahlwerk.ch\/webseite\/wp-content\/uploads\/2026\/02\/Mahlwerk-ANTIK-Keramik_Einzelteile-1.jpg\" alt='' title='Mahlwerk ANTIK Keramik_Einzelteile'  height=\"2500\" width=\"2500\"  itemprop=\"thumbnailUrl\" srcset=\"https:\/\/www.keramikmahlwerk.ch\/webseite\/wp-content\/uploads\/2026\/02\/Mahlwerk-ANTIK-Keramik_Einzelteile-1.jpg 2500w, https:\/\/www.keramikmahlwerk.ch\/webseite\/wp-content\/uploads\/2026\/02\/Mahlwerk-ANTIK-Keramik_Einzelteile-1-300x300.jpg 300w, https:\/\/www.keramikmahlwerk.ch\/webseite\/wp-content\/uploads\/2026\/02\/Mahlwerk-ANTIK-Keramik_Einzelteile-1-1030x1030.jpg 1030w, https:\/\/www.keramikmahlwerk.ch\/webseite\/wp-content\/uploads\/2026\/02\/Mahlwerk-ANTIK-Keramik_Einzelteile-1-80x80.jpg 80w, https:\/\/www.keramikmahlwerk.ch\/webseite\/wp-content\/uploads\/2026\/02\/Mahlwerk-ANTIK-Keramik_Einzelteile-1-768x768.jpg 768w, https:\/\/www.keramikmahlwerk.ch\/webseite\/wp-content\/uploads\/2026\/02\/Mahlwerk-ANTIK-Keramik_Einzelteile-1-1536x1536.jpg 1536w, https:\/\/www.keramikmahlwerk.ch\/webseite\/wp-content\/uploads\/2026\/02\/Mahlwerk-ANTIK-Keramik_Einzelteile-1-2048x2048.jpg 2048w, https:\/\/www.keramikmahlwerk.ch\/webseite\/wp-content\/uploads\/2026\/02\/Mahlwerk-ANTIK-Keramik_Einzelteile-1-12x12.jpg 12w, https:\/\/www.keramikmahlwerk.ch\/webseite\/wp-content\/uploads\/2026\/02\/Mahlwerk-ANTIK-Keramik_Einzelteile-1-36x36.jpg 36w, https:\/\/www.keramikmahlwerk.ch\/webseite\/wp-content\/uploads\/2026\/02\/Mahlwerk-ANTIK-Keramik_Einzelteile-1-180x180.jpg 180w, https:\/\/www.keramikmahlwerk.ch\/webseite\/wp-content\/uploads\/2026\/02\/Mahlwerk-ANTIK-Keramik_Einzelteile-1-1500x1500.jpg 1500w, https:\/\/www.keramikmahlwerk.ch\/webseite\/wp-content\/uploads\/2026\/02\/Mahlwerk-ANTIK-Keramik_Einzelteile-1-705x705.jpg 705w, https:\/\/www.keramikmahlwerk.ch\/webseite\/wp-content\/uploads\/2026\/02\/Mahlwerk-ANTIK-Keramik_Einzelteile-1-120x120.jpg 120w, https:\/\/www.keramikmahlwerk.ch\/webseite\/wp-content\/uploads\/2026\/02\/Mahlwerk-ANTIK-Keramik_Einzelteile-1-450x450.jpg 450w, https:\/\/www.keramikmahlwerk.ch\/webseite\/wp-content\/uploads\/2026\/02\/Mahlwerk-ANTIK-Keramik_Einzelteile-1-100x100.jpg 100w\" sizes=\"(max-width: 2500px) 100vw, 2500px\" \/><\/div><\/div><\/div><br \/>\n\n<style type=\"text\/css\" data-created_by=\"avia_inline_auto\" id=\"style-css-av-dcsad-1-7eb98161fdf35c595218227721823273\">\n.avia-image-container.av-dcsad-1-7eb98161fdf35c595218227721823273 img.avia_image{\nbox-shadow:none;\n}\n.avia-image-container.av-dcsad-1-7eb98161fdf35c595218227721823273 .av-image-caption-overlay-center{\ncolor:#ffffff;\n}\n<\/style>\n<div  class='avia-image-container av-dcsad-1-7eb98161fdf35c595218227721823273 av-styling- avia-align-center  avia-builder-el-8  el_after_av_image  avia-builder-el-last'   itemprop=\"image\" itemscope=\"itemscope\" itemtype=\"https:\/\/schema.org\/ImageObject\" ><div class=\"avia-image-container-inner\"><div class=\"avia-image-overlay-wrap\"><img decoding=\"async\" fetchpriority=\"high\" class='wp-image-9146 avia-img-lazy-loading-not-9146 avia_image' src=\"https:\/\/www.keramikmahlwerk.ch\/webseite\/wp-content\/uploads\/2026\/02\/Mahlwerk-ANTIK-Keramik_unten-1.jpg\" alt='' title='Mahlwerk ANTIK Keramik_unten'  height=\"2500\" width=\"2500\"  itemprop=\"thumbnailUrl\" srcset=\"https:\/\/www.keramikmahlwerk.ch\/webseite\/wp-content\/uploads\/2026\/02\/Mahlwerk-ANTIK-Keramik_unten-1.jpg 2500w, https:\/\/www.keramikmahlwerk.ch\/webseite\/wp-content\/uploads\/2026\/02\/Mahlwerk-ANTIK-Keramik_unten-1-300x300.jpg 300w, https:\/\/www.keramikmahlwerk.ch\/webseite\/wp-content\/uploads\/2026\/02\/Mahlwerk-ANTIK-Keramik_unten-1-1030x1030.jpg 1030w, https:\/\/www.keramikmahlwerk.ch\/webseite\/wp-content\/uploads\/2026\/02\/Mahlwerk-ANTIK-Keramik_unten-1-80x80.jpg 80w, https:\/\/www.keramikmahlwerk.ch\/webseite\/wp-content\/uploads\/2026\/02\/Mahlwerk-ANTIK-Keramik_unten-1-768x768.jpg 768w, https:\/\/www.keramikmahlwerk.ch\/webseite\/wp-content\/uploads\/2026\/02\/Mahlwerk-ANTIK-Keramik_unten-1-1536x1536.jpg 1536w, https:\/\/www.keramikmahlwerk.ch\/webseite\/wp-content\/uploads\/2026\/02\/Mahlwerk-ANTIK-Keramik_unten-1-2048x2048.jpg 2048w, https:\/\/www.keramikmahlwerk.ch\/webseite\/wp-content\/uploads\/2026\/02\/Mahlwerk-ANTIK-Keramik_unten-1-12x12.jpg 12w, https:\/\/www.keramikmahlwerk.ch\/webseite\/wp-content\/uploads\/2026\/02\/Mahlwerk-ANTIK-Keramik_unten-1-36x36.jpg 36w, https:\/\/www.keramikmahlwerk.ch\/webseite\/wp-content\/uploads\/2026\/02\/Mahlwerk-ANTIK-Keramik_unten-1-180x180.jpg 180w, https:\/\/www.keramikmahlwerk.ch\/webseite\/wp-content\/uploads\/2026\/02\/Mahlwerk-ANTIK-Keramik_unten-1-1500x1500.jpg 1500w, https:\/\/www.keramikmahlwerk.ch\/webseite\/wp-content\/uploads\/2026\/02\/Mahlwerk-ANTIK-Keramik_unten-1-705x705.jpg 705w, https:\/\/www.keramikmahlwerk.ch\/webseite\/wp-content\/uploads\/2026\/02\/Mahlwerk-ANTIK-Keramik_unten-1-120x120.jpg 120w, https:\/\/www.keramikmahlwerk.ch\/webseite\/wp-content\/uploads\/2026\/02\/Mahlwerk-ANTIK-Keramik_unten-1-450x450.jpg 450w, https:\/\/www.keramikmahlwerk.ch\/webseite\/wp-content\/uploads\/2026\/02\/Mahlwerk-ANTIK-Keramik_unten-1-100x100.jpg 100w\" sizes=\"(max-width: 2500px) 100vw, 2500px\" \/><\/div><\/div><\/div><\/p><\/div>","protected":false},"excerpt":{"rendered":"","protected":false},"author":1,"featured_media":0,"parent":0,"menu_order":0,"comment_status":"closed","ping_status":"closed","template":"","meta":{"footnotes":""},"class_list":["post-3268","page","type-page","status-publish","hentry"],"yoast_head":"<!-- This site is optimized with the Yoast SEO plugin v27.4 - https:\/\/yoast.com\/product\/yoast-seo-wordpress\/ -->\n<title>Keramikmahlwerk CrushGrind \u00ae Coffee<\/title>\n<meta name=\"description\" content=\"Das Keramikmahlwerk CrushGrind \u00ae Coffee eignet sich, wie es der Namen schon sagt, f\u00fcr Kaffeem\u00fchlen. Wir liefern auch Kleinstmengen. 25 Jahre Garantie.\" \/>\n<meta name=\"robots\" content=\"index, follow, max-snippet:-1, max-image-preview:large, max-video-preview:-1\" \/>\n<link rel=\"canonical\" href=\"https:\/\/www.keramikmahlwerk.ch\/fr\/pfeffermahlwerk-antik-im-kupferlook\/\" \/>\n<meta property=\"og:locale\" content=\"fr_FR\" \/>\n<meta property=\"og:type\" content=\"article\" \/>\n<meta property=\"og:title\" content=\"Keramikmahlwerk CrushGrind \u00ae Coffee\" \/>\n<meta property=\"og:description\" content=\"Das Keramikmahlwerk CrushGrind \u00ae Coffee eignet sich, wie es der Namen schon sagt, f\u00fcr Kaffeem\u00fchlen. Wir liefern auch Kleinstmengen. 25 Jahre Garantie.\" \/>\n<meta property=\"og:url\" content=\"https:\/\/www.keramikmahlwerk.ch\/fr\/pfeffermahlwerk-antik-im-kupferlook\/\" \/>\n<meta property=\"og:site_name\" content=\"Keramikmahlwerk von CrushGrind\u00ae\" \/>\n<meta property=\"article:modified_time\" content=\"2026-02-20T10:07:41+00:00\" \/>\n<meta property=\"og:image\" content=\"https:\/\/www.keramikmahlwerk.ch\/webseite\/wp-content\/uploads\/2026\/02\/Mahlwerk-ANTIK-Keramik_Abmessungen.jpg\" \/>\n\t<meta property=\"og:image:width\" content=\"1500\" \/>\n\t<meta property=\"og:image:height\" content=\"1500\" \/>\n\t<meta property=\"og:image:type\" content=\"image\/jpeg\" \/>\n<meta name=\"twitter:card\" content=\"summary_large_image\" \/>\n<meta name=\"twitter:label1\" content=\"Dur\u00e9e de lecture estim\u00e9e\" \/>\n\t<meta name=\"twitter:data1\" content=\"2 minutes\" \/>\n<script type=\"application\/ld+json\" class=\"yoast-schema-graph\">{\"@context\":\"https:\\\/\\\/schema.org\",\"@graph\":[{\"@type\":\"WebPage\",\"@id\":\"https:\\\/\\\/www.keramikmahlwerk.ch\\\/pfeffermahlwerk-antik-im-kupferlook\\\/\",\"url\":\"https:\\\/\\\/www.keramikmahlwerk.ch\\\/pfeffermahlwerk-antik-im-kupferlook\\\/\",\"name\":\"Keramikmahlwerk CrushGrind \u00ae Coffee\",\"isPartOf\":{\"@id\":\"https:\\\/\\\/www.keramikmahlwerk.ch\\\/#website\"},\"primaryImageOfPage\":{\"@id\":\"https:\\\/\\\/www.keramikmahlwerk.ch\\\/pfeffermahlwerk-antik-im-kupferlook\\\/#primaryimage\"},\"image\":{\"@id\":\"https:\\\/\\\/www.keramikmahlwerk.ch\\\/pfeffermahlwerk-antik-im-kupferlook\\\/#primaryimage\"},\"thumbnailUrl\":\"https:\\\/\\\/www.keramikmahlwerk.ch\\\/webseite\\\/wp-content\\\/uploads\\\/2026\\\/02\\\/Mahlwerk-ANTIK-Keramik_Abmessungen.jpg\",\"datePublished\":\"2019-11-22T13:23:29+00:00\",\"dateModified\":\"2026-02-20T10:07:41+00:00\",\"description\":\"Das Keramikmahlwerk CrushGrind \u00ae Coffee eignet sich, wie es der Namen schon sagt, f\u00fcr Kaffeem\u00fchlen. Wir liefern auch Kleinstmengen. 25 Jahre Garantie.\",\"breadcrumb\":{\"@id\":\"https:\\\/\\\/www.keramikmahlwerk.ch\\\/pfeffermahlwerk-antik-im-kupferlook\\\/#breadcrumb\"},\"inLanguage\":\"fr-FR\",\"potentialAction\":[{\"@type\":\"ReadAction\",\"target\":[\"https:\\\/\\\/www.keramikmahlwerk.ch\\\/pfeffermahlwerk-antik-im-kupferlook\\\/\"]}]},{\"@type\":\"ImageObject\",\"inLanguage\":\"fr-FR\",\"@id\":\"https:\\\/\\\/www.keramikmahlwerk.ch\\\/pfeffermahlwerk-antik-im-kupferlook\\\/#primaryimage\",\"url\":\"https:\\\/\\\/www.keramikmahlwerk.ch\\\/webseite\\\/wp-content\\\/uploads\\\/2026\\\/02\\\/Mahlwerk-ANTIK-Keramik_Abmessungen.jpg\",\"contentUrl\":\"https:\\\/\\\/www.keramikmahlwerk.ch\\\/webseite\\\/wp-content\\\/uploads\\\/2026\\\/02\\\/Mahlwerk-ANTIK-Keramik_Abmessungen.jpg\"},{\"@type\":\"BreadcrumbList\",\"@id\":\"https:\\\/\\\/www.keramikmahlwerk.ch\\\/pfeffermahlwerk-antik-im-kupferlook\\\/#breadcrumb\",\"itemListElement\":[{\"@type\":\"ListItem\",\"position\":1,\"name\":\"Accueil\",\"item\":\"https:\\\/\\\/www.keramikmahlwerk.ch\\\/crush-grind\\\/\"},{\"@type\":\"ListItem\",\"position\":2,\"name\":\"Keramikmahlwerk ANTIK im Kupferlook\"}]},{\"@type\":\"WebSite\",\"@id\":\"https:\\\/\\\/www.keramikmahlwerk.ch\\\/#website\",\"url\":\"https:\\\/\\\/www.keramikmahlwerk.ch\\\/\",\"name\":\"Keramikmahlwerk von CrushGrind\u00ae\",\"description\":\"Neben Pfeffer mahlt dieses Mahlwerk auch Salz, Chili, Zucker, Gew\u00fcrze und Kr\u00e4uter gleichm\u00e4ssig und ohne zu verkleben\",\"potentialAction\":[{\"@type\":\"SearchAction\",\"target\":{\"@type\":\"EntryPoint\",\"urlTemplate\":\"https:\\\/\\\/www.keramikmahlwerk.ch\\\/?s={search_term_string}\"},\"query-input\":{\"@type\":\"PropertyValueSpecification\",\"valueRequired\":true,\"valueName\":\"search_term_string\"}}],\"inLanguage\":\"fr-FR\"}]}<\/script>\n<!-- \/ Yoast SEO plugin. -->","yoast_head_json":{"title":"Moulin \u00e0 caf\u00e9 en c\u00e9ramique CrushGrind \u00ae Coffee","description":"Le broyeur en c\u00e9ramique CrushGrind \u00ae Coffee est adapt\u00e9, comme son nom l'indique, aux moulins \u00e0 caf\u00e9. Nous fournissons \u00e9galement de petites quantit\u00e9s. Garantie de 25 ans.","robots":{"index":"index","follow":"follow","max-snippet":"max-snippet:-1","max-image-preview":"max-image-preview:large","max-video-preview":"max-video-preview:-1"},"canonical":"https:\/\/www.keramikmahlwerk.ch\/fr\/pfeffermahlwerk-antik-im-kupferlook\/","og_locale":"fr_FR","og_type":"article","og_title":"Keramikmahlwerk CrushGrind \u00ae Coffee","og_description":"Das Keramikmahlwerk CrushGrind \u00ae Coffee eignet sich, wie es der Namen schon sagt, f\u00fcr Kaffeem\u00fchlen. Wir liefern auch Kleinstmengen. 25 Jahre Garantie.","og_url":"https:\/\/www.keramikmahlwerk.ch\/fr\/pfeffermahlwerk-antik-im-kupferlook\/","og_site_name":"Keramikmahlwerk von CrushGrind\u00ae","article_modified_time":"2026-02-20T10:07:41+00:00","og_image":[{"width":1500,"height":1500,"url":"https:\/\/www.keramikmahlwerk.ch\/webseite\/wp-content\/uploads\/2026\/02\/Mahlwerk-ANTIK-Keramik_Abmessungen.jpg","type":"image\/jpeg"}],"twitter_card":"summary_large_image","twitter_misc":{"Dur\u00e9e de lecture estim\u00e9e":"2 minutes"},"schema":{"@context":"https:\/\/schema.org","@graph":[{"@type":"WebPage","@id":"https:\/\/www.keramikmahlwerk.ch\/pfeffermahlwerk-antik-im-kupferlook\/","url":"https:\/\/www.keramikmahlwerk.ch\/pfeffermahlwerk-antik-im-kupferlook\/","name":"Moulin \u00e0 caf\u00e9 en c\u00e9ramique CrushGrind \u00ae Coffee","isPartOf":{"@id":"https:\/\/www.keramikmahlwerk.ch\/#website"},"primaryImageOfPage":{"@id":"https:\/\/www.keramikmahlwerk.ch\/pfeffermahlwerk-antik-im-kupferlook\/#primaryimage"},"image":{"@id":"https:\/\/www.keramikmahlwerk.ch\/pfeffermahlwerk-antik-im-kupferlook\/#primaryimage"},"thumbnailUrl":"https:\/\/www.keramikmahlwerk.ch\/webseite\/wp-content\/uploads\/2026\/02\/Mahlwerk-ANTIK-Keramik_Abmessungen.jpg","datePublished":"2019-11-22T13:23:29+00:00","dateModified":"2026-02-20T10:07:41+00:00","description":"Le broyeur en c\u00e9ramique CrushGrind \u00ae Coffee est adapt\u00e9, comme son nom l'indique, aux moulins \u00e0 caf\u00e9. Nous fournissons \u00e9galement de petites quantit\u00e9s. Garantie de 25 ans.","breadcrumb":{"@id":"https:\/\/www.keramikmahlwerk.ch\/pfeffermahlwerk-antik-im-kupferlook\/#breadcrumb"},"inLanguage":"fr-FR","potentialAction":[{"@type":"ReadAction","target":["https:\/\/www.keramikmahlwerk.ch\/pfeffermahlwerk-antik-im-kupferlook\/"]}]},{"@type":"ImageObject","inLanguage":"fr-FR","@id":"https:\/\/www.keramikmahlwerk.ch\/pfeffermahlwerk-antik-im-kupferlook\/#primaryimage","url":"https:\/\/www.keramikmahlwerk.ch\/webseite\/wp-content\/uploads\/2026\/02\/Mahlwerk-ANTIK-Keramik_Abmessungen.jpg","contentUrl":"https:\/\/www.keramikmahlwerk.ch\/webseite\/wp-content\/uploads\/2026\/02\/Mahlwerk-ANTIK-Keramik_Abmessungen.jpg"},{"@type":"BreadcrumbList","@id":"https:\/\/www.keramikmahlwerk.ch\/pfeffermahlwerk-antik-im-kupferlook\/#breadcrumb","itemListElement":[{"@type":"ListItem","position":1,"name":"Accueil","item":"https:\/\/www.keramikmahlwerk.ch\/crush-grind\/"},{"@type":"ListItem","position":2,"name":"Keramikmahlwerk ANTIK im Kupferlook"}]},{"@type":"WebSite","@id":"https:\/\/www.keramikmahlwerk.ch\/#website","url":"https:\/\/www.keramikmahlwerk.ch\/","name":"Broyeur en c\u00e9ramique CrushGrind\u00ae.","description":"En plus du poivre, ce moulin permet de moudre le sel, le piment, le sucre, les \u00e9pices et les herbes de mani\u00e8re uniforme et sans coller.","potentialAction":[{"@type":"SearchAction","target":{"@type":"EntryPoint","urlTemplate":"https:\/\/www.keramikmahlwerk.ch\/?s={search_term_string}"},"query-input":{"@type":"PropertyValueSpecification","valueRequired":true,"valueName":"search_term_string"}}],"inLanguage":"fr-FR"}]}},"_links":{"self":[{"href":"https:\/\/www.keramikmahlwerk.ch\/fr\/wp-json\/wp\/v2\/pages\/3268","targetHints":{"allow":["GET"]}}],"collection":[{"href":"https:\/\/www.keramikmahlwerk.ch\/fr\/wp-json\/wp\/v2\/pages"}],"about":[{"href":"https:\/\/www.keramikmahlwerk.ch\/fr\/wp-json\/wp\/v2\/types\/page"}],"author":[{"embeddable":true,"href":"https:\/\/www.keramikmahlwerk.ch\/fr\/wp-json\/wp\/v2\/users\/1"}],"replies":[{"embeddable":true,"href":"https:\/\/www.keramikmahlwerk.ch\/fr\/wp-json\/wp\/v2\/comments?post=3268"}],"version-history":[{"count":12,"href":"https:\/\/www.keramikmahlwerk.ch\/fr\/wp-json\/wp\/v2\/pages\/3268\/revisions"}],"predecessor-version":[{"id":9149,"href":"https:\/\/www.keramikmahlwerk.ch\/fr\/wp-json\/wp\/v2\/pages\/3268\/revisions\/9149"}],"wp:attachment":[{"href":"https:\/\/www.keramikmahlwerk.ch\/fr\/wp-json\/wp\/v2\/media?parent=3268"}],"curies":[{"name":"wp","href":"https:\/\/api.w.org\/{rel}","templated":true}]}}