{"id":6041,"date":"2021-03-25T15:02:12","date_gmt":"2021-03-25T14:02:12","guid":{"rendered":"https:\/\/www.keramikmahlwerk.ch\/?page_id=6041"},"modified":"2021-03-25T16:01:56","modified_gmt":"2021-03-25T15:01:56","slug":"maximum-grinder","status":"publish","type":"page","link":"https:\/\/www.keramikmahlwerk.ch\/fr\/maximum-grinder\/","title":{"rendered":"Maximum Grinder"},"content":{"rendered":"<style type=\"text\/css\" data-created_by=\"avia_inline_auto\" id=\"style-css-av-1qe08-d6285d0944e4d5c8c621e3b713ae0811\">\n#top .av-special-heading.av-1qe08-d6285d0944e4d5c8c621e3b713ae0811{\npadding-bottom:10px;\n}\nbody .av-special-heading.av-1qe08-d6285d0944e4d5c8c621e3b713ae0811 .av-special-heading-tag .heading-char{\nfont-size:25px;\n}\n.av-special-heading.av-1qe08-d6285d0944e4d5c8c621e3b713ae0811 .av-subheading{\nfont-size:25px;\n}\n<\/style>\n<div  class='av-special-heading av-1qe08-d6285d0944e4d5c8c621e3b713ae0811 av-special-heading-h1 blockquote modern-quote  avia-builder-el-0  el_before_av_three_fifth  avia-builder-el-first'><h1 class='av-special-heading-tag'  itemprop=\"headline\"  >Maximum Grinder<\/h1><div class='av-subheading av-subheading_below'><p>Dispositif de broyage en c\u00e9ramique durable<\/p>\n<\/div><div class=\"special-heading-border\"><div class=\"special-heading-inner-border\"><\/div><\/div><\/div>\n\n<style type=\"text\/css\" data-created_by=\"avia_inline_auto\" id=\"style-css-av-73ylo-6444fab94ca5591606e5631326bfec51\">\n.flex_column.av-73ylo-6444fab94ca5591606e5631326bfec51{\nborder-radius:0px 0px 0px 0px;\npadding:0px 0px 0px 0px;\n}\n<\/style>\n<div  class='flex_column av-73ylo-6444fab94ca5591606e5631326bfec51 av_three_fifth  avia-builder-el-1  el_after_av_heading  el_before_av_two_fifth  first flex_column_div av-zero-column-padding'     ><p><section  class='av_textblock_section av-6egus-3cce99fb9e4ad4b98a134803046272f6'   itemscope=\"itemscope\" itemtype=\"https:\/\/schema.org\/CreativeWork\" ><div class='avia_textblock'  itemprop=\"text\" ><p>L'accessoire s'adapte aux broyeurs standard des d\u00e9taillants et des grossistes et sert \u00e0 remplacer les broyeurs en plastique souvent utilis\u00e9s.<br \/>\nLes broyeurs en c\u00e9ramique \u00e9liminent l'abrasion plastique qui se produit avec les broyeurs en plastique et qui se retrouve sur les aliments avec la mati\u00e8re broy\u00e9e.<\/p>\n<p>Gr\u00e2ce \u00e0 la c\u00e9ramique de haute qualit\u00e9, le broyeur peut \u00eatre r\u00e9utilis\u00e9 aussi souvent que souhait\u00e9.<br \/>\nOutre le sel et le poivre, il broie \u00e9galement du piment et de nombreuses autres \u00e9pices et herbes.<\/p>\n<\/div><\/section><br \/>\n<div  class='tabcontainer av-5pmso-e6d38b8bbf1b6215081e0f54e8b1c860 top_tab  avia-builder-el-3  el_after_av_textblock  el_before_av_button'>\n<section class='av_tab_section av_tab_section av-u6a8-15adcf70b1b87d7b5b718dbc42871329'  itemscope=\"itemscope\" itemtype=\"https:\/\/schema.org\/CreativeWork\" ><div id='tab-id-1-tab' class='tab active_tab' role='tab' aria-selected=\"true\" tabindex=\"0\" data-fake-id='#tab-id-1' aria-controls='tab-id-1-content'  itemprop=\"headline\" >Prix<\/div><div id='tab-id-1-content' class='tab_content active_tab_content' role='tabpanel' aria-labelledby='tab-id-1-tab' aria-hidden=\"false\"><div class='tab_inner_content invers-color'  itemprop=\"text\" ><p>Les broyeurs peuvent \u00eatre achet\u00e9s en unit\u00e9s d'emballage de 441 pi\u00e8ces.<\/p>\n<p>Prix par unit\u00e9 (441 pi\u00e8ces) : 661,50 CHF (prix par pi\u00e8ce - 1,50 CHF)<\/p>\n<p>Vente unique, verre compris, sous <a href=\"http:\/\/www.raffinessen.ch\" target=\"_blank\" rel=\"noopener\">www.raffinessen.ch<\/a>.<\/p>\n<\/div><\/div><\/section>\n<section class='av_tab_section av_tab_section av-rkaw-cb685b7a32323659bea5e4bae8f20497'  itemscope=\"itemscope\" itemtype=\"https:\/\/schema.org\/CreativeWork\" ><div id='tab-id-2-tab' class='tab' role='tab' aria-selected=\"false\" tabindex=\"0\" data-fake-id='#tab-id-2' aria-controls='tab-id-2-content'  itemprop=\"headline\" >Instructions d'installation<\/div><div id='tab-id-2-content' class='tab_content' role='tabpanel' aria-labelledby='tab-id-2-tab' aria-hidden=\"true\"><div class='tab_inner_content invers-color'  itemprop=\"text\" ><p>Les meules sont munies d'un filetage (\u00f8 52mm) et peuvent donc \u00eatre viss\u00e9es sur les moulins du commerce. Ils servent \u00e0 remplacer les broyeurs en plastique largement utilis\u00e9s dans le commerce de d\u00e9tail et de gros.<\/p>\n<\/div><\/div><\/section>\n<\/div><br \/>\n<div  class='avia-button-wrap av-3n35k-4ced71406a3b09249e9fdf5cf497e794-wrap avia-button-left  avia-builder-el-4  el_after_av_tab_container  avia-builder-el-last'><a href='https:\/\/www.keramikmahlwerk.ch\/fr\/produit-2\/maximum-grinder\/'  class='avia-button av-3n35k-4ced71406a3b09249e9fdf5cf497e794 av-link-btn avia-icon_select-no avia-size-large avia-position-left avia-color-theme-color'   aria-label=\"Cliquez ici pour acc\u00e9der \u00e0 la boutique\"><span class='avia_iconbox_title' >Cliquez ici pour acc\u00e9der \u00e0 la boutique<\/span><\/a><\/div><\/p><\/div>\n<style type=\"text\/css\" data-created_by=\"avia_inline_auto\" id=\"style-css-av-3i3lo-634fc43f782551cf3106047c1b5066b5\">\n.flex_column.av-3i3lo-634fc43f782551cf3106047c1b5066b5{\nborder-radius:0px 0px 0px 0px;\npadding:0px 0px 0px 0px;\n}\n<\/style>\n<div  class='flex_column av-3i3lo-634fc43f782551cf3106047c1b5066b5 av_two_fifth  avia-builder-el-5  el_after_av_three_fifth  avia-builder-el-last  flex_column_div av-zero-column-padding'     ><p>\n<style type=\"text\/css\" data-created_by=\"avia_inline_auto\" id=\"style-css-av-7zjvt-790cf0c05ea895bf6f82d3f38958398f\">\n.avia-image-container.av-7zjvt-790cf0c05ea895bf6f82d3f38958398f img.avia_image{\nbox-shadow:none;\n}\n.avia-image-container.av-7zjvt-790cf0c05ea895bf6f82d3f38958398f .av-image-caption-overlay-center{\ncolor:#ffffff;\n}\n<\/style>\n<div  class='avia-image-container av-7zjvt-790cf0c05ea895bf6f82d3f38958398f av-styling- avia-align-center  avia-builder-el-6  el_before_av_image  avia-builder-el-first'   itemprop=\"image\" itemscope=\"itemscope\" itemtype=\"https:\/\/schema.org\/ImageObject\" ><div class=\"avia-image-container-inner\"><div class=\"avia-image-overlay-wrap\"><img decoding=\"async\" fetchpriority=\"high\" class='wp-image-6008 avia-img-lazy-loading-not-6008 avia_image' src=\"https:\/\/www.keramikmahlwerk.ch\/webseite\/wp-content\/uploads\/2021\/03\/max-grinder-mahlwerk-deckel-schwarz.jpg\" alt='' title='max-grinder-grinder-couvercle-noir'  height=\"640\" width=\"640\"  itemprop=\"thumbnailUrl\" srcset=\"https:\/\/www.keramikmahlwerk.ch\/webseite\/wp-content\/uploads\/2021\/03\/max-grinder-mahlwerk-deckel-schwarz.jpg 640w, https:\/\/www.keramikmahlwerk.ch\/webseite\/wp-content\/uploads\/2021\/03\/max-grinder-mahlwerk-deckel-schwarz-300x300.jpg 300w, https:\/\/www.keramikmahlwerk.ch\/webseite\/wp-content\/uploads\/2021\/03\/max-grinder-mahlwerk-deckel-schwarz-80x80.jpg 80w, https:\/\/www.keramikmahlwerk.ch\/webseite\/wp-content\/uploads\/2021\/03\/max-grinder-mahlwerk-deckel-schwarz-36x36.jpg 36w, https:\/\/www.keramikmahlwerk.ch\/webseite\/wp-content\/uploads\/2021\/03\/max-grinder-mahlwerk-deckel-schwarz-180x180.jpg 180w, https:\/\/www.keramikmahlwerk.ch\/webseite\/wp-content\/uploads\/2021\/03\/max-grinder-mahlwerk-deckel-schwarz-100x100.jpg 100w, https:\/\/www.keramikmahlwerk.ch\/webseite\/wp-content\/uploads\/2021\/03\/max-grinder-mahlwerk-deckel-schwarz-450x450.jpg 450w\" sizes=\"(max-width: 640px) 100vw, 640px\" \/><\/div><\/div><\/div><br \/>\n\n<style type=\"text\/css\" data-created_by=\"avia_inline_auto\" id=\"style-css-av-kmoy3whg-85bfdad0137c5e930cc0ca5b91cbf283\">\n.avia-image-container.av-kmoy3whg-85bfdad0137c5e930cc0ca5b91cbf283 img.avia_image{\nbox-shadow:none;\n}\n.avia-image-container.av-kmoy3whg-85bfdad0137c5e930cc0ca5b91cbf283 .av-image-caption-overlay-center{\ncolor:#ffffff;\n}\n<\/style>\n<div  class='avia-image-container av-kmoy3whg-85bfdad0137c5e930cc0ca5b91cbf283 av-styling- avia-align-center  avia-builder-el-7  el_after_av_image  avia-builder-el-last'   itemprop=\"image\" itemscope=\"itemscope\" itemtype=\"https:\/\/schema.org\/ImageObject\" ><div class=\"avia-image-container-inner\"><div class=\"avia-image-overlay-wrap\"><img decoding=\"async\" fetchpriority=\"high\" class='wp-image-6010 avia-img-lazy-loading-not-6010 avia_image' src=\"https:\/\/www.keramikmahlwerk.ch\/webseite\/wp-content\/uploads\/2021\/03\/max-grinder-mahlwerk-unten-schwarz.jpg\" alt='' title='max-grinder-grinder-noir'  height=\"480\" width=\"487\"  itemprop=\"thumbnailUrl\" srcset=\"https:\/\/www.keramikmahlwerk.ch\/webseite\/wp-content\/uploads\/2021\/03\/max-grinder-mahlwerk-unten-schwarz.jpg 487w, https:\/\/www.keramikmahlwerk.ch\/webseite\/wp-content\/uploads\/2021\/03\/max-grinder-mahlwerk-unten-schwarz-300x296.jpg 300w, https:\/\/www.keramikmahlwerk.ch\/webseite\/wp-content\/uploads\/2021\/03\/max-grinder-mahlwerk-unten-schwarz-80x80.jpg 80w, https:\/\/www.keramikmahlwerk.ch\/webseite\/wp-content\/uploads\/2021\/03\/max-grinder-mahlwerk-unten-schwarz-36x36.jpg 36w, https:\/\/www.keramikmahlwerk.ch\/webseite\/wp-content\/uploads\/2021\/03\/max-grinder-mahlwerk-unten-schwarz-100x100.jpg 100w, https:\/\/www.keramikmahlwerk.ch\/webseite\/wp-content\/uploads\/2021\/03\/max-grinder-mahlwerk-unten-schwarz-450x444.jpg 450w\" sizes=\"(max-width: 487px) 100vw, 487px\" \/><\/div><\/div><\/div><\/p><\/div><\/p>","protected":false},"excerpt":{"rendered":"","protected":false},"author":1,"featured_media":0,"parent":0,"menu_order":0,"comment_status":"closed","ping_status":"closed","template":"","meta":{"footnotes":""},"class_list":["post-6041","page","type-page","status-publish","hentry"],"yoast_head":"<!-- This site is optimized with the Yoast SEO plugin v27.4 - https:\/\/yoast.com\/product\/yoast-seo-wordpress\/ -->\n<title>Keramikmahlwerk CrushGrind\u00ae Shaft<\/title>\n<meta name=\"description\" content=\"Das Keramikmahlwerk CrushGrind\u00ae Shaft eignet sich f\u00fcr klassische M\u00fchlen mit l\u00e4ngerem Schaft. Wir bieten mehrere Schaftl\u00e4ngen an.\" \/>\n<meta name=\"robots\" content=\"index, follow, max-snippet:-1, max-image-preview:large, max-video-preview:-1\" \/>\n<link rel=\"canonical\" href=\"https:\/\/www.keramikmahlwerk.ch\/fr\/maximum-grinder\/\" \/>\n<meta property=\"og:locale\" content=\"fr_FR\" \/>\n<meta property=\"og:type\" content=\"article\" \/>\n<meta property=\"og:title\" content=\"Keramikmahlwerk CrushGrind\u00ae Shaft\" \/>\n<meta property=\"og:description\" content=\"Das Keramikmahlwerk CrushGrind\u00ae Shaft eignet sich f\u00fcr klassische M\u00fchlen mit l\u00e4ngerem Schaft. Wir bieten mehrere Schaftl\u00e4ngen an.\" \/>\n<meta property=\"og:url\" content=\"https:\/\/www.keramikmahlwerk.ch\/fr\/maximum-grinder\/\" \/>\n<meta property=\"og:site_name\" content=\"Keramikmahlwerk von CrushGrind\u00ae\" \/>\n<meta property=\"article:modified_time\" content=\"2021-03-25T15:01:56+00:00\" \/>\n<meta name=\"twitter:card\" content=\"summary_large_image\" \/>\n<meta name=\"twitter:label1\" content=\"Dur\u00e9e de lecture estim\u00e9e\" \/>\n\t<meta name=\"twitter:data1\" content=\"4 minutes\" \/>\n<script type=\"application\/ld+json\" class=\"yoast-schema-graph\">{\"@context\":\"https:\\\/\\\/schema.org\",\"@graph\":[{\"@type\":\"WebPage\",\"@id\":\"https:\\\/\\\/www.keramikmahlwerk.ch\\\/maximum-grinder\\\/\",\"url\":\"https:\\\/\\\/www.keramikmahlwerk.ch\\\/maximum-grinder\\\/\",\"name\":\"Keramikmahlwerk CrushGrind\u00ae Shaft\",\"isPartOf\":{\"@id\":\"https:\\\/\\\/www.keramikmahlwerk.ch\\\/#website\"},\"datePublished\":\"2021-03-25T14:02:12+00:00\",\"dateModified\":\"2021-03-25T15:01:56+00:00\",\"description\":\"Das Keramikmahlwerk CrushGrind\u00ae Shaft eignet sich f\u00fcr klassische M\u00fchlen mit l\u00e4ngerem Schaft. Wir bieten mehrere Schaftl\u00e4ngen an.\",\"breadcrumb\":{\"@id\":\"https:\\\/\\\/www.keramikmahlwerk.ch\\\/maximum-grinder\\\/#breadcrumb\"},\"inLanguage\":\"fr-FR\",\"potentialAction\":[{\"@type\":\"ReadAction\",\"target\":[\"https:\\\/\\\/www.keramikmahlwerk.ch\\\/maximum-grinder\\\/\"]}]},{\"@type\":\"BreadcrumbList\",\"@id\":\"https:\\\/\\\/www.keramikmahlwerk.ch\\\/maximum-grinder\\\/#breadcrumb\",\"itemListElement\":[{\"@type\":\"ListItem\",\"position\":1,\"name\":\"Accueil\",\"item\":\"https:\\\/\\\/www.keramikmahlwerk.ch\\\/crush-grind\\\/\"},{\"@type\":\"ListItem\",\"position\":2,\"name\":\"Maximum Grinder\"}]},{\"@type\":\"WebSite\",\"@id\":\"https:\\\/\\\/www.keramikmahlwerk.ch\\\/#website\",\"url\":\"https:\\\/\\\/www.keramikmahlwerk.ch\\\/\",\"name\":\"Keramikmahlwerk von CrushGrind\u00ae\",\"description\":\"Neben Pfeffer mahlt dieses Mahlwerk auch Salz, Chili, Zucker, Gew\u00fcrze und Kr\u00e4uter gleichm\u00e4ssig und ohne zu verkleben\",\"potentialAction\":[{\"@type\":\"SearchAction\",\"target\":{\"@type\":\"EntryPoint\",\"urlTemplate\":\"https:\\\/\\\/www.keramikmahlwerk.ch\\\/?s={search_term_string}\"},\"query-input\":{\"@type\":\"PropertyValueSpecification\",\"valueRequired\":true,\"valueName\":\"search_term_string\"}}],\"inLanguage\":\"fr-FR\"}]}<\/script>\n<!-- \/ Yoast SEO plugin. -->","yoast_head_json":{"title":"M\u00e9canisme de broyage en c\u00e9ramique Arbre CrushGrindMD","description":"Le broyeur c\u00e9ramique CrushGrind\u00ae Shaft est adapt\u00e9 aux broyeurs classiques avec un arbre plus long. Nous proposons plusieurs longueurs d'arbre.","robots":{"index":"index","follow":"follow","max-snippet":"max-snippet:-1","max-image-preview":"max-image-preview:large","max-video-preview":"max-video-preview:-1"},"canonical":"https:\/\/www.keramikmahlwerk.ch\/fr\/maximum-grinder\/","og_locale":"fr_FR","og_type":"article","og_title":"Keramikmahlwerk CrushGrind\u00ae Shaft","og_description":"Das Keramikmahlwerk CrushGrind\u00ae Shaft eignet sich f\u00fcr klassische M\u00fchlen mit l\u00e4ngerem Schaft. Wir bieten mehrere Schaftl\u00e4ngen an.","og_url":"https:\/\/www.keramikmahlwerk.ch\/fr\/maximum-grinder\/","og_site_name":"Keramikmahlwerk von CrushGrind\u00ae","article_modified_time":"2021-03-25T15:01:56+00:00","twitter_card":"summary_large_image","twitter_misc":{"Dur\u00e9e de lecture estim\u00e9e":"4 minutes"},"schema":{"@context":"https:\/\/schema.org","@graph":[{"@type":"WebPage","@id":"https:\/\/www.keramikmahlwerk.ch\/maximum-grinder\/","url":"https:\/\/www.keramikmahlwerk.ch\/maximum-grinder\/","name":"M\u00e9canisme de broyage en c\u00e9ramique Arbre CrushGrindMD","isPartOf":{"@id":"https:\/\/www.keramikmahlwerk.ch\/#website"},"datePublished":"2021-03-25T14:02:12+00:00","dateModified":"2021-03-25T15:01:56+00:00","description":"Le broyeur c\u00e9ramique CrushGrind\u00ae Shaft est adapt\u00e9 aux broyeurs classiques avec un arbre plus long. Nous proposons plusieurs longueurs d'arbre.","breadcrumb":{"@id":"https:\/\/www.keramikmahlwerk.ch\/maximum-grinder\/#breadcrumb"},"inLanguage":"fr-FR","potentialAction":[{"@type":"ReadAction","target":["https:\/\/www.keramikmahlwerk.ch\/maximum-grinder\/"]}]},{"@type":"BreadcrumbList","@id":"https:\/\/www.keramikmahlwerk.ch\/maximum-grinder\/#breadcrumb","itemListElement":[{"@type":"ListItem","position":1,"name":"Accueil","item":"https:\/\/www.keramikmahlwerk.ch\/crush-grind\/"},{"@type":"ListItem","position":2,"name":"Maximum Grinder"}]},{"@type":"WebSite","@id":"https:\/\/www.keramikmahlwerk.ch\/#website","url":"https:\/\/www.keramikmahlwerk.ch\/","name":"Broyeur en c\u00e9ramique CrushGrind\u00ae.","description":"En plus du poivre, ce moulin permet de moudre le sel, le piment, le sucre, les \u00e9pices et les herbes de mani\u00e8re uniforme et sans coller.","potentialAction":[{"@type":"SearchAction","target":{"@type":"EntryPoint","urlTemplate":"https:\/\/www.keramikmahlwerk.ch\/?s={search_term_string}"},"query-input":{"@type":"PropertyValueSpecification","valueRequired":true,"valueName":"search_term_string"}}],"inLanguage":"fr-FR"}]}},"_links":{"self":[{"href":"https:\/\/www.keramikmahlwerk.ch\/fr\/wp-json\/wp\/v2\/pages\/6041","targetHints":{"allow":["GET"]}}],"collection":[{"href":"https:\/\/www.keramikmahlwerk.ch\/fr\/wp-json\/wp\/v2\/pages"}],"about":[{"href":"https:\/\/www.keramikmahlwerk.ch\/fr\/wp-json\/wp\/v2\/types\/page"}],"author":[{"embeddable":true,"href":"https:\/\/www.keramikmahlwerk.ch\/fr\/wp-json\/wp\/v2\/users\/1"}],"replies":[{"embeddable":true,"href":"https:\/\/www.keramikmahlwerk.ch\/fr\/wp-json\/wp\/v2\/comments?post=6041"}],"version-history":[{"count":13,"href":"https:\/\/www.keramikmahlwerk.ch\/fr\/wp-json\/wp\/v2\/pages\/6041\/revisions"}],"predecessor-version":[{"id":6480,"href":"https:\/\/www.keramikmahlwerk.ch\/fr\/wp-json\/wp\/v2\/pages\/6041\/revisions\/6480"}],"wp:attachment":[{"href":"https:\/\/www.keramikmahlwerk.ch\/fr\/wp-json\/wp\/v2\/media?parent=6041"}],"curies":[{"name":"wp","href":"https:\/\/api.w.org\/{rel}","templated":true}]}}