{"id":1024,"date":"2018-04-18T15:34:14","date_gmt":"2018-04-18T13:34:14","guid":{"rendered":"https:\/\/www.keramikmahlwerk.ch\/?post_type=product&#038;p=1024"},"modified":"2026-03-30T09:51:29","modified_gmt":"2026-03-30T07:51:29","slug":"crushgrind-barista","status":"publish","type":"product","link":"https:\/\/www.keramikmahlwerk.ch\/fr\/produit-2\/crushgrind-barista\/","title":{"rendered":"CrushGrind\u00ae Barista"},"content":{"rendered":"<h3>Prix unitaire : 23,90 CHF<\/h3>\n<p><strong>Niveaux de remise :<\/strong><br \/>\nA partir de 5 pi\u00e8ces : 10 %<br \/>\nA partir de 10 pi\u00e8ces : 20 %<br \/>\nA partir de 50 pi\u00e8ces : 30 %<br \/>\nA partir de 100 pi\u00e8ces sur demande<\/p>\n<p>Les remises sont automatiquement prises en compte dans le panier d'achat.<em><br \/>\n<\/em><\/p>\n<p>Pour le broyeur Barista, nous proposons une solution adapt\u00e9e. <a href=\"https:\/\/www.keramikmahlwerk.ch\/fr\/produit-2\/keramikmahlwerk-kurbel-barista\/\">Manivelle<\/a> sur.<\/p>\n<p>A <a href=\"https:\/\/www.keramikmahlwerk.ch\/webseite\/wp-content\/uploads\/2021\/08\/keramikmahlwerk-montageanleitung-barista-de.pdf\" target=\"_blank\" rel=\"noopener\">Instructions d'installation<\/a> Nous serons heureux de vous fournir un fichier PDF.<\/p>\n<h3>Conditions :<\/h3>\n<p><strong>Prix : <\/strong><br \/>\nTVA incluse, plus frais d'exp\u00e9dition<br \/>\nlivraison gratuite en Suisse pour les commandes sup\u00e9rieures \u00e0 CHF 300.00<\/p>\n<p><strong>Paiement :<\/strong><br \/>\nFacture, net 30 jours<br \/>\nA partir d'un volume de commande de CHF 300.00, en principe sur paiement anticip\u00e9 (ou TWINT)<\/p>","protected":false},"excerpt":{"rendered":"<p>St\u00fcckpreis: CHF 23.90 Rabattstufen: Ab 5 St\u00fcck: 10 % Ab 10 St\u00fcck: 20 % Ab 50 St\u00fcck: 30 % Ab 100 St\u00fcck auf Anfrage Die Rabatte werden automatisch im Warenkorb ber\u00fccksichtigt. F\u00fcr das Mahlwerk Barista bieten wir eine passende Kurbel an. Eine Einbauanleitung stellen wir Ihnen gerne\u00a0 als PDF zur Verf\u00fcgung. Konditionen: Preis: inkl. MwSt., [&hellip;]<\/p>\n","protected":false},"featured_media":1034,"template":"","meta":[],"product_brand":[],"product_cat":[22],"product_tag":[32,34,33],"class_list":{"0":"post-1024","1":"product","2":"type-product","3":"status-publish","4":"has-post-thumbnail","6":"product_cat-crush-grind-coffee","7":"product_tag-kaffee","8":"product_tag-keramikmahlwerk","9":"product_tag-mahlwerk","11":"first","12":"instock","13":"taxable","14":"shipping-taxable","15":"purchasable","16":"product-type-simple"},"yoast_head":"<!-- This site is optimized with the Yoast SEO plugin v27.5 - https:\/\/yoast.com\/product\/yoast-seo-wordpress\/ -->\n<title>Keramikmahlwerk CrushGrind\u00ae \u2013 Coffee<\/title>\n<meta name=\"description\" content=\"Das Keramikmahlwerk CrushGrind\u00ae \u2013 Coffee liefern wir auch in Kleinstmengen in die Schweiz sowie nach Deutschland und \u00d6stterreich.\u00a0\" \/>\n<meta name=\"robots\" content=\"index, follow, max-snippet:-1, max-image-preview:large, max-video-preview:-1\" \/>\n<link rel=\"canonical\" href=\"https:\/\/www.keramikmahlwerk.ch\/fr\/produit-2\/crushgrind-barista\/\" \/>\n<meta property=\"og:locale\" content=\"fr_FR\" \/>\n<meta property=\"og:type\" content=\"article\" \/>\n<meta property=\"og:title\" content=\"Keramikmahlwerk CrushGrind\u00ae \u2013 Coffee\" \/>\n<meta property=\"og:description\" content=\"Das Keramikmahlwerk CrushGrind\u00ae \u2013 Coffee liefern wir auch in Kleinstmengen in die Schweiz sowie nach Deutschland und \u00d6stterreich.\u00a0\" \/>\n<meta property=\"og:url\" content=\"https:\/\/www.keramikmahlwerk.ch\/fr\/produit-2\/crushgrind-barista\/\" \/>\n<meta property=\"og:site_name\" content=\"Keramikmahlwerk von CrushGrind\u00ae\" \/>\n<meta property=\"article:modified_time\" content=\"2026-03-30T07:51:29+00:00\" \/>\n<meta property=\"og:image\" content=\"https:\/\/www.keramikmahlwerk.ch\/webseite\/wp-content\/uploads\/2018\/04\/crushgrind-barista.jpg\" \/>\n\t<meta property=\"og:image:width\" content=\"2000\" \/>\n\t<meta property=\"og:image:height\" content=\"2000\" \/>\n\t<meta property=\"og:image:type\" content=\"image\/jpeg\" \/>\n<meta name=\"twitter:card\" content=\"summary_large_image\" \/>\n<meta name=\"twitter:label1\" content=\"Dur\u00e9e de lecture estim\u00e9e\" \/>\n\t<meta name=\"twitter:data1\" content=\"1 minute\" \/>\n<script type=\"application\/ld+json\" class=\"yoast-schema-graph\">{\"@context\":\"https:\\\/\\\/schema.org\",\"@graph\":[{\"@type\":\"WebPage\",\"@id\":\"https:\\\/\\\/www.keramikmahlwerk.ch\\\/produkt\\\/crushgrind-barista\\\/\",\"url\":\"https:\\\/\\\/www.keramikmahlwerk.ch\\\/produkt\\\/crushgrind-barista\\\/\",\"name\":\"Keramikmahlwerk CrushGrind\u00ae \u2013 Coffee\",\"isPartOf\":{\"@id\":\"https:\\\/\\\/www.keramikmahlwerk.ch\\\/#website\"},\"primaryImageOfPage\":{\"@id\":\"https:\\\/\\\/www.keramikmahlwerk.ch\\\/produkt\\\/crushgrind-barista\\\/#primaryimage\"},\"image\":{\"@id\":\"https:\\\/\\\/www.keramikmahlwerk.ch\\\/produkt\\\/crushgrind-barista\\\/#primaryimage\"},\"thumbnailUrl\":\"https:\\\/\\\/www.keramikmahlwerk.ch\\\/webseite\\\/wp-content\\\/uploads\\\/2018\\\/04\\\/crushgrind-barista.jpg\",\"datePublished\":\"2018-04-18T13:34:14+00:00\",\"dateModified\":\"2026-03-30T07:51:29+00:00\",\"description\":\"Das Keramikmahlwerk CrushGrind\u00ae \u2013 Coffee liefern wir auch in Kleinstmengen in die Schweiz sowie nach Deutschland und \u00d6stterreich.\u00a0\",\"breadcrumb\":{\"@id\":\"https:\\\/\\\/www.keramikmahlwerk.ch\\\/produkt\\\/crushgrind-barista\\\/#breadcrumb\"},\"inLanguage\":\"fr-FR\",\"potentialAction\":[{\"@type\":\"ReadAction\",\"target\":[\"https:\\\/\\\/www.keramikmahlwerk.ch\\\/produkt\\\/crushgrind-barista\\\/\"]}]},{\"@type\":\"ImageObject\",\"inLanguage\":\"fr-FR\",\"@id\":\"https:\\\/\\\/www.keramikmahlwerk.ch\\\/produkt\\\/crushgrind-barista\\\/#primaryimage\",\"url\":\"https:\\\/\\\/www.keramikmahlwerk.ch\\\/webseite\\\/wp-content\\\/uploads\\\/2018\\\/04\\\/crushgrind-barista.jpg\",\"contentUrl\":\"https:\\\/\\\/www.keramikmahlwerk.ch\\\/webseite\\\/wp-content\\\/uploads\\\/2018\\\/04\\\/crushgrind-barista.jpg\",\"width\":2000,\"height\":2000},{\"@type\":\"BreadcrumbList\",\"@id\":\"https:\\\/\\\/www.keramikmahlwerk.ch\\\/produkt\\\/crushgrind-barista\\\/#breadcrumb\",\"itemListElement\":[{\"@type\":\"ListItem\",\"position\":1,\"name\":\"Accueil\",\"item\":\"https:\\\/\\\/www.keramikmahlwerk.ch\\\/crush-grind\\\/\"},{\"@type\":\"ListItem\",\"position\":2,\"name\":\"Shop\",\"item\":\"https:\\\/\\\/www.keramikmahlwerk.ch\\\/shop\\\/\"},{\"@type\":\"ListItem\",\"position\":3,\"name\":\"CrushGrind\u00ae \u2013 Barista\"}]},{\"@type\":\"WebSite\",\"@id\":\"https:\\\/\\\/www.keramikmahlwerk.ch\\\/#website\",\"url\":\"https:\\\/\\\/www.keramikmahlwerk.ch\\\/\",\"name\":\"Keramikmahlwerk von CrushGrind\u00ae\",\"description\":\"Neben Pfeffer mahlt dieses Mahlwerk auch Salz, Chili, Zucker, Gew\u00fcrze und Kr\u00e4uter gleichm\u00e4ssig und ohne zu verkleben\",\"potentialAction\":[{\"@type\":\"SearchAction\",\"target\":{\"@type\":\"EntryPoint\",\"urlTemplate\":\"https:\\\/\\\/www.keramikmahlwerk.ch\\\/?s={search_term_string}\"},\"query-input\":{\"@type\":\"PropertyValueSpecification\",\"valueRequired\":true,\"valueName\":\"search_term_string\"}}],\"inLanguage\":\"fr-FR\"}]}<\/script>\n<!-- \/ Yoast SEO plugin. -->","yoast_head_json":{"title":"CrushGrind\u00ae Coffee","description":"Nous livrons \u00e9galement le moulin en c\u00e9ramique CrushGrind\u00ae - Coffee en petites quantit\u00e9s en Suisse, en Allemagne et en Autriche.\u00a0","robots":{"index":"index","follow":"follow","max-snippet":"max-snippet:-1","max-image-preview":"max-image-preview:large","max-video-preview":"max-video-preview:-1"},"canonical":"https:\/\/www.keramikmahlwerk.ch\/fr\/produit-2\/crushgrind-barista\/","og_locale":"fr_FR","og_type":"article","og_title":"Keramikmahlwerk CrushGrind\u00ae \u2013 Coffee","og_description":"Das Keramikmahlwerk CrushGrind\u00ae \u2013 Coffee liefern wir auch in Kleinstmengen in die Schweiz sowie nach Deutschland und \u00d6stterreich.\u00a0","og_url":"https:\/\/www.keramikmahlwerk.ch\/fr\/produit-2\/crushgrind-barista\/","og_site_name":"Keramikmahlwerk von CrushGrind\u00ae","article_modified_time":"2026-03-30T07:51:29+00:00","og_image":[{"width":2000,"height":2000,"url":"https:\/\/www.keramikmahlwerk.ch\/webseite\/wp-content\/uploads\/2018\/04\/crushgrind-barista.jpg","type":"image\/jpeg"}],"twitter_card":"summary_large_image","twitter_misc":{"Dur\u00e9e de lecture estim\u00e9e":"1 minute"},"schema":{"@context":"https:\/\/schema.org","@graph":[{"@type":"WebPage","@id":"https:\/\/www.keramikmahlwerk.ch\/produkt\/crushgrind-barista\/","url":"https:\/\/www.keramikmahlwerk.ch\/produkt\/crushgrind-barista\/","name":"CrushGrind\u00ae Coffee","isPartOf":{"@id":"https:\/\/www.keramikmahlwerk.ch\/#website"},"primaryImageOfPage":{"@id":"https:\/\/www.keramikmahlwerk.ch\/produkt\/crushgrind-barista\/#primaryimage"},"image":{"@id":"https:\/\/www.keramikmahlwerk.ch\/produkt\/crushgrind-barista\/#primaryimage"},"thumbnailUrl":"https:\/\/www.keramikmahlwerk.ch\/webseite\/wp-content\/uploads\/2018\/04\/crushgrind-barista.jpg","datePublished":"2018-04-18T13:34:14+00:00","dateModified":"2026-03-30T07:51:29+00:00","description":"Nous livrons \u00e9galement le moulin en c\u00e9ramique CrushGrind\u00ae - Coffee en petites quantit\u00e9s en Suisse, en Allemagne et en Autriche.\u00a0","breadcrumb":{"@id":"https:\/\/www.keramikmahlwerk.ch\/produkt\/crushgrind-barista\/#breadcrumb"},"inLanguage":"fr-FR","potentialAction":[{"@type":"ReadAction","target":["https:\/\/www.keramikmahlwerk.ch\/produkt\/crushgrind-barista\/"]}]},{"@type":"ImageObject","inLanguage":"fr-FR","@id":"https:\/\/www.keramikmahlwerk.ch\/produkt\/crushgrind-barista\/#primaryimage","url":"https:\/\/www.keramikmahlwerk.ch\/webseite\/wp-content\/uploads\/2018\/04\/crushgrind-barista.jpg","contentUrl":"https:\/\/www.keramikmahlwerk.ch\/webseite\/wp-content\/uploads\/2018\/04\/crushgrind-barista.jpg","width":2000,"height":2000},{"@type":"BreadcrumbList","@id":"https:\/\/www.keramikmahlwerk.ch\/produkt\/crushgrind-barista\/#breadcrumb","itemListElement":[{"@type":"ListItem","position":1,"name":"Accueil","item":"https:\/\/www.keramikmahlwerk.ch\/crush-grind\/"},{"@type":"ListItem","position":2,"name":"Shop","item":"https:\/\/www.keramikmahlwerk.ch\/shop\/"},{"@type":"ListItem","position":3,"name":"CrushGrind\u00ae \u2013 Barista"}]},{"@type":"WebSite","@id":"https:\/\/www.keramikmahlwerk.ch\/#website","url":"https:\/\/www.keramikmahlwerk.ch\/","name":"Broyeur en c\u00e9ramique CrushGrind\u00ae.","description":"En plus du poivre, ce moulin permet de moudre le sel, le piment, le sucre, les \u00e9pices et les herbes de mani\u00e8re uniforme et sans coller.","potentialAction":[{"@type":"SearchAction","target":{"@type":"EntryPoint","urlTemplate":"https:\/\/www.keramikmahlwerk.ch\/?s={search_term_string}"},"query-input":{"@type":"PropertyValueSpecification","valueRequired":true,"valueName":"search_term_string"}}],"inLanguage":"fr-FR"}]}},"_links":{"self":[{"href":"https:\/\/www.keramikmahlwerk.ch\/fr\/wp-json\/wp\/v2\/product\/1024","targetHints":{"allow":["GET"]}}],"collection":[{"href":"https:\/\/www.keramikmahlwerk.ch\/fr\/wp-json\/wp\/v2\/product"}],"about":[{"href":"https:\/\/www.keramikmahlwerk.ch\/fr\/wp-json\/wp\/v2\/types\/product"}],"wp:featuredmedia":[{"embeddable":true,"href":"https:\/\/www.keramikmahlwerk.ch\/fr\/wp-json\/wp\/v2\/media\/1034"}],"wp:attachment":[{"href":"https:\/\/www.keramikmahlwerk.ch\/fr\/wp-json\/wp\/v2\/media?parent=1024"}],"wp:term":[{"taxonomy":"product_brand","embeddable":true,"href":"https:\/\/www.keramikmahlwerk.ch\/fr\/wp-json\/wp\/v2\/product_brand?post=1024"},{"taxonomy":"product_cat","embeddable":true,"href":"https:\/\/www.keramikmahlwerk.ch\/fr\/wp-json\/wp\/v2\/product_cat?post=1024"},{"taxonomy":"product_tag","embeddable":true,"href":"https:\/\/www.keramikmahlwerk.ch\/fr\/wp-json\/wp\/v2\/product_tag?post=1024"}],"curies":[{"name":"wp","href":"https:\/\/api.w.org\/{rel}","templated":true}]}}