{"id":1423,"date":"2019-09-05T16:52:26","date_gmt":"2019-09-05T14:52:26","guid":{"rendered":"https:\/\/www.keramikmahlwerk.ch\/?post_type=product&#038;p=1423"},"modified":"2024-06-21T16:38:24","modified_gmt":"2024-06-21T14:38:24","slug":"crushgrind-shaft-mini","status":"publish","type":"product","link":"https:\/\/www.keramikmahlwerk.ch\/fr\/produit-2\/crushgrind-shaft-mini\/","title":{"rendered":"Crush Grind\u00ae Mini 100mm"},"content":{"rendered":"<h3>Prix unitaire : 9,60 CHF<\/h3>\n<p><strong>Niveaux de remise :<\/strong><br \/>\nA partir de 5 pi\u00e8ces : 5 %<br \/>\nA partir de 20 pi\u00e8ces : 10 %<br \/>\nA partir de 100 pi\u00e8ces : 15 %<br \/>\nA partir de 200 pi\u00e8ces : 20 %<br \/>\nA partir de 400 pi\u00e8ces sur demande<\/p>\n<p>Les remises sont automatiquement prises en compte dans le panier d'achat.<\/p>\n<p><a href=\"https:\/\/www.keramikmahlwerk.ch\/fr\/download\/montageanleitung-crush-grind-shaft-mini.pdf\/\" target=\"_blank\" rel=\"noopener noreferrer\">Dimensions d\u00e9taill\u00e9es<\/a> peuvent \u00eatre trouv\u00e9s ici.<\/p>\n<p>A <a href=\"https:\/\/www.keramikmahlwerk.ch\/webseite\/wp-content\/uploads\/2021\/08\/keramikmahlwerk-montageanleitung-mini-shaft-de.pdf\" target=\"_blank\" rel=\"noopener\">Instructions d'installation<\/a> Nous serons heureux de vous fournir un fichier PDF.<\/p>\n<h3>Conditions :<\/h3>\n<p><strong>Prix : <\/strong><br \/>\nTVA incluse, plus frais d'exp\u00e9dition<br \/>\nlivraison gratuite en Suisse \u00e0 partir d'une valeur de commande de CHF 300.00.<\/p>\n<p><strong>Paiement :<\/strong><br \/>\nFacture, net 30 jours<br \/>\nA partir d'un volume de commande de CHF 300.00, en principe sur paiement anticip\u00e9 (ou TWINT)<\/p>","protected":false},"excerpt":{"rendered":"<p>St\u00fcckpreis: CHF 9.60 Rabattstufen: Ab 5 St\u00fcck: 5 % Ab 20 St\u00fcck: 10 % Ab 100 St\u00fcck: 15 % Ab 200 St\u00fcck: 20 % Ab 400 St\u00fcck auf Anfrage Die Rabatte werden automatisch im Warenkorb ber\u00fccksichtigt. Detaillierte Abmessungen finden Sie hier. Eine Einbauanleitung stellen wir Ihnen gerne\u00a0 als PDF zur Verf\u00fcgung. Konditionen: Preis: inkl. MwSt., [&hellip;]<\/p>\n","protected":false},"featured_media":965,"template":"","meta":[],"product_brand":[],"product_cat":[11],"product_tag":[],"class_list":{"0":"post-1423","1":"product","2":"type-product","3":"status-publish","4":"has-post-thumbnail","6":"product_cat-keramikmahlwerk-crush-grind-shaft","8":"first","9":"instock","10":"taxable","11":"shipping-taxable","12":"purchasable","13":"product-type-simple"},"yoast_head":"<!-- This site is optimized with the Yoast SEO plugin v27.5 - https:\/\/yoast.com\/product\/yoast-seo-wordpress\/ -->\n<title>CrushGrind\u00ae Shaft Mini<\/title>\n<meta name=\"description\" content=\"Das Keramikmahlwerk CrushGrind\u00ae Shaft Mini liefern wir auch in Kleinstmengen direkt zu Ihnen in die Werkstatt. Ab 300CHF Bestellwert ohne Versandkosten.\" \/>\n<meta name=\"robots\" content=\"index, follow, max-snippet:-1, max-image-preview:large, max-video-preview:-1\" \/>\n<link rel=\"canonical\" href=\"https:\/\/www.keramikmahlwerk.ch\/fr\/produit-2\/crushgrind-shaft-mini\/\" \/>\n<meta property=\"og:locale\" content=\"fr_FR\" \/>\n<meta property=\"og:type\" content=\"article\" \/>\n<meta property=\"og:title\" content=\"CrushGrind\u00ae Shaft Mini\" \/>\n<meta property=\"og:description\" content=\"Das Keramikmahlwerk CrushGrind\u00ae Shaft Mini liefern wir auch in Kleinstmengen direkt zu Ihnen in die Werkstatt. Ab 300CHF Bestellwert ohne Versandkosten.\" \/>\n<meta property=\"og:url\" content=\"https:\/\/www.keramikmahlwerk.ch\/fr\/produit-2\/crushgrind-shaft-mini\/\" \/>\n<meta property=\"og:site_name\" content=\"Keramikmahlwerk von CrushGrind\u00ae\" \/>\n<meta property=\"article:modified_time\" content=\"2024-06-21T14:38:24+00:00\" \/>\n<meta property=\"og:image\" content=\"https:\/\/www.keramikmahlwerk.ch\/webseite\/wp-content\/uploads\/2018\/04\/crush-grind-shaft-quadratisch.jpg\" \/>\n\t<meta property=\"og:image:width\" content=\"750\" \/>\n\t<meta property=\"og:image:height\" content=\"750\" \/>\n\t<meta property=\"og:image:type\" content=\"image\/jpeg\" \/>\n<meta name=\"twitter:card\" content=\"summary_large_image\" \/>\n<meta name=\"twitter:label1\" content=\"Dur\u00e9e de lecture estim\u00e9e\" \/>\n\t<meta name=\"twitter:data1\" content=\"1 minute\" \/>\n<script type=\"application\/ld+json\" class=\"yoast-schema-graph\">{\"@context\":\"https:\\\/\\\/schema.org\",\"@graph\":[{\"@type\":\"WebPage\",\"@id\":\"https:\\\/\\\/www.keramikmahlwerk.ch\\\/produkt\\\/crushgrind-shaft-mini\\\/\",\"url\":\"https:\\\/\\\/www.keramikmahlwerk.ch\\\/produkt\\\/crushgrind-shaft-mini\\\/\",\"name\":\"CrushGrind\u00ae Shaft Mini\",\"isPartOf\":{\"@id\":\"https:\\\/\\\/www.keramikmahlwerk.ch\\\/#website\"},\"primaryImageOfPage\":{\"@id\":\"https:\\\/\\\/www.keramikmahlwerk.ch\\\/produkt\\\/crushgrind-shaft-mini\\\/#primaryimage\"},\"image\":{\"@id\":\"https:\\\/\\\/www.keramikmahlwerk.ch\\\/produkt\\\/crushgrind-shaft-mini\\\/#primaryimage\"},\"thumbnailUrl\":\"https:\\\/\\\/www.keramikmahlwerk.ch\\\/webseite\\\/wp-content\\\/uploads\\\/2018\\\/04\\\/crush-grind-shaft-quadratisch.jpg\",\"datePublished\":\"2019-09-05T14:52:26+00:00\",\"dateModified\":\"2024-06-21T14:38:24+00:00\",\"description\":\"Das Keramikmahlwerk CrushGrind\u00ae Shaft Mini liefern wir auch in Kleinstmengen direkt zu Ihnen in die Werkstatt. Ab 300CHF Bestellwert ohne Versandkosten.\",\"breadcrumb\":{\"@id\":\"https:\\\/\\\/www.keramikmahlwerk.ch\\\/produkt\\\/crushgrind-shaft-mini\\\/#breadcrumb\"},\"inLanguage\":\"fr-FR\",\"potentialAction\":[{\"@type\":\"ReadAction\",\"target\":[\"https:\\\/\\\/www.keramikmahlwerk.ch\\\/produkt\\\/crushgrind-shaft-mini\\\/\"]}]},{\"@type\":\"ImageObject\",\"inLanguage\":\"fr-FR\",\"@id\":\"https:\\\/\\\/www.keramikmahlwerk.ch\\\/produkt\\\/crushgrind-shaft-mini\\\/#primaryimage\",\"url\":\"https:\\\/\\\/www.keramikmahlwerk.ch\\\/webseite\\\/wp-content\\\/uploads\\\/2018\\\/04\\\/crush-grind-shaft-quadratisch.jpg\",\"contentUrl\":\"https:\\\/\\\/www.keramikmahlwerk.ch\\\/webseite\\\/wp-content\\\/uploads\\\/2018\\\/04\\\/crush-grind-shaft-quadratisch.jpg\",\"width\":750,\"height\":750},{\"@type\":\"BreadcrumbList\",\"@id\":\"https:\\\/\\\/www.keramikmahlwerk.ch\\\/produkt\\\/crushgrind-shaft-mini\\\/#breadcrumb\",\"itemListElement\":[{\"@type\":\"ListItem\",\"position\":1,\"name\":\"Accueil\",\"item\":\"https:\\\/\\\/www.keramikmahlwerk.ch\\\/crush-grind\\\/\"},{\"@type\":\"ListItem\",\"position\":2,\"name\":\"Shop\",\"item\":\"https:\\\/\\\/www.keramikmahlwerk.ch\\\/shop\\\/\"},{\"@type\":\"ListItem\",\"position\":3,\"name\":\"Crush Grind\u00ae Shaft Mini 100mm\"}]},{\"@type\":\"WebSite\",\"@id\":\"https:\\\/\\\/www.keramikmahlwerk.ch\\\/#website\",\"url\":\"https:\\\/\\\/www.keramikmahlwerk.ch\\\/\",\"name\":\"Keramikmahlwerk von CrushGrind\u00ae\",\"description\":\"Neben Pfeffer mahlt dieses Mahlwerk auch Salz, Chili, Zucker, Gew\u00fcrze und Kr\u00e4uter gleichm\u00e4ssig und ohne zu verkleben\",\"potentialAction\":[{\"@type\":\"SearchAction\",\"target\":{\"@type\":\"EntryPoint\",\"urlTemplate\":\"https:\\\/\\\/www.keramikmahlwerk.ch\\\/?s={search_term_string}\"},\"query-input\":{\"@type\":\"PropertyValueSpecification\",\"valueRequired\":true,\"valueName\":\"search_term_string\"}}],\"inLanguage\":\"fr-FR\"}]}<\/script>\n<!-- \/ Yoast SEO plugin. -->","yoast_head_json":{"title":"Arbre CrushGrind\u00ae Mini","description":"Nous livrons le broyeur c\u00e9ramique CrushGrind\u00ae Shaft Mini \u00e9galement en petites quantit\u00e9s directement dans votre atelier. A partir de 300CHF de valeur de commande sans frais d'envoi.","robots":{"index":"index","follow":"follow","max-snippet":"max-snippet:-1","max-image-preview":"max-image-preview:large","max-video-preview":"max-video-preview:-1"},"canonical":"https:\/\/www.keramikmahlwerk.ch\/fr\/produit-2\/crushgrind-shaft-mini\/","og_locale":"fr_FR","og_type":"article","og_title":"CrushGrind\u00ae Shaft Mini","og_description":"Das Keramikmahlwerk CrushGrind\u00ae Shaft Mini liefern wir auch in Kleinstmengen direkt zu Ihnen in die Werkstatt. Ab 300CHF Bestellwert ohne Versandkosten.","og_url":"https:\/\/www.keramikmahlwerk.ch\/fr\/produit-2\/crushgrind-shaft-mini\/","og_site_name":"Keramikmahlwerk von CrushGrind\u00ae","article_modified_time":"2024-06-21T14:38:24+00:00","og_image":[{"width":750,"height":750,"url":"https:\/\/www.keramikmahlwerk.ch\/webseite\/wp-content\/uploads\/2018\/04\/crush-grind-shaft-quadratisch.jpg","type":"image\/jpeg"}],"twitter_card":"summary_large_image","twitter_misc":{"Dur\u00e9e de lecture estim\u00e9e":"1 minute"},"schema":{"@context":"https:\/\/schema.org","@graph":[{"@type":"WebPage","@id":"https:\/\/www.keramikmahlwerk.ch\/produkt\/crushgrind-shaft-mini\/","url":"https:\/\/www.keramikmahlwerk.ch\/produkt\/crushgrind-shaft-mini\/","name":"Arbre CrushGrind\u00ae Mini","isPartOf":{"@id":"https:\/\/www.keramikmahlwerk.ch\/#website"},"primaryImageOfPage":{"@id":"https:\/\/www.keramikmahlwerk.ch\/produkt\/crushgrind-shaft-mini\/#primaryimage"},"image":{"@id":"https:\/\/www.keramikmahlwerk.ch\/produkt\/crushgrind-shaft-mini\/#primaryimage"},"thumbnailUrl":"https:\/\/www.keramikmahlwerk.ch\/webseite\/wp-content\/uploads\/2018\/04\/crush-grind-shaft-quadratisch.jpg","datePublished":"2019-09-05T14:52:26+00:00","dateModified":"2024-06-21T14:38:24+00:00","description":"Nous livrons le broyeur c\u00e9ramique CrushGrind\u00ae Shaft Mini \u00e9galement en petites quantit\u00e9s directement dans votre atelier. A partir de 300CHF de valeur de commande sans frais d'envoi.","breadcrumb":{"@id":"https:\/\/www.keramikmahlwerk.ch\/produkt\/crushgrind-shaft-mini\/#breadcrumb"},"inLanguage":"fr-FR","potentialAction":[{"@type":"ReadAction","target":["https:\/\/www.keramikmahlwerk.ch\/produkt\/crushgrind-shaft-mini\/"]}]},{"@type":"ImageObject","inLanguage":"fr-FR","@id":"https:\/\/www.keramikmahlwerk.ch\/produkt\/crushgrind-shaft-mini\/#primaryimage","url":"https:\/\/www.keramikmahlwerk.ch\/webseite\/wp-content\/uploads\/2018\/04\/crush-grind-shaft-quadratisch.jpg","contentUrl":"https:\/\/www.keramikmahlwerk.ch\/webseite\/wp-content\/uploads\/2018\/04\/crush-grind-shaft-quadratisch.jpg","width":750,"height":750},{"@type":"BreadcrumbList","@id":"https:\/\/www.keramikmahlwerk.ch\/produkt\/crushgrind-shaft-mini\/#breadcrumb","itemListElement":[{"@type":"ListItem","position":1,"name":"Accueil","item":"https:\/\/www.keramikmahlwerk.ch\/crush-grind\/"},{"@type":"ListItem","position":2,"name":"Shop","item":"https:\/\/www.keramikmahlwerk.ch\/shop\/"},{"@type":"ListItem","position":3,"name":"Crush Grind\u00ae Shaft Mini 100mm"}]},{"@type":"WebSite","@id":"https:\/\/www.keramikmahlwerk.ch\/#website","url":"https:\/\/www.keramikmahlwerk.ch\/","name":"Broyeur en c\u00e9ramique CrushGrind\u00ae.","description":"En plus du poivre, ce moulin permet de moudre le sel, le piment, le sucre, les \u00e9pices et les herbes de mani\u00e8re uniforme et sans coller.","potentialAction":[{"@type":"SearchAction","target":{"@type":"EntryPoint","urlTemplate":"https:\/\/www.keramikmahlwerk.ch\/?s={search_term_string}"},"query-input":{"@type":"PropertyValueSpecification","valueRequired":true,"valueName":"search_term_string"}}],"inLanguage":"fr-FR"}]}},"_links":{"self":[{"href":"https:\/\/www.keramikmahlwerk.ch\/fr\/wp-json\/wp\/v2\/product\/1423","targetHints":{"allow":["GET"]}}],"collection":[{"href":"https:\/\/www.keramikmahlwerk.ch\/fr\/wp-json\/wp\/v2\/product"}],"about":[{"href":"https:\/\/www.keramikmahlwerk.ch\/fr\/wp-json\/wp\/v2\/types\/product"}],"wp:featuredmedia":[{"embeddable":true,"href":"https:\/\/www.keramikmahlwerk.ch\/fr\/wp-json\/wp\/v2\/media\/965"}],"wp:attachment":[{"href":"https:\/\/www.keramikmahlwerk.ch\/fr\/wp-json\/wp\/v2\/media?parent=1423"}],"wp:term":[{"taxonomy":"product_brand","embeddable":true,"href":"https:\/\/www.keramikmahlwerk.ch\/fr\/wp-json\/wp\/v2\/product_brand?post=1423"},{"taxonomy":"product_cat","embeddable":true,"href":"https:\/\/www.keramikmahlwerk.ch\/fr\/wp-json\/wp\/v2\/product_cat?post=1423"},{"taxonomy":"product_tag","embeddable":true,"href":"https:\/\/www.keramikmahlwerk.ch\/fr\/wp-json\/wp\/v2\/product_tag?post=1423"}],"curies":[{"name":"wp","href":"https:\/\/api.w.org\/{rel}","templated":true}]}}