{"id":3252,"date":"2019-11-22T13:34:59","date_gmt":"2019-11-22T12:34:59","guid":{"rendered":"https:\/\/www.keramikmahlwerk.ch\/?post_type=product&#038;p=3252"},"modified":"2026-02-03T10:44:10","modified_gmt":"2026-02-03T09:44:10","slug":"pfeffermahlwerk-antik-im-kupferlook","status":"publish","type":"product","link":"https:\/\/www.keramikmahlwerk.ch\/fr\/produit-2\/pfeffermahlwerk-antik-im-kupferlook\/","title":{"rendered":"Moulin \u00e0 poivre \"Antique\" en aspect cuivre"},"content":{"rendered":"<h3>Prix unitaire : 15,50 CHF<\/h3>\n<p><strong>Niveaux de remise :<\/strong><br \/>\nA partir de 5 pi\u00e8ces : 5%<br \/>\nA partir de 25 pi\u00e8ces : 10%<br \/>\nA partir de 50 pi\u00e8ces : 15%<br \/>\nA partir de 100 pi\u00e8ces 20%<br \/>\nA partir de 400 pi\u00e8ces : Sur demande<\/p>\n<p>Les remises sont automatiquement prises en compte dans le panier d'achat.<\/p>\n<p>D\u00e9taill\u00e9 <a href=\"https:\/\/www.keramikmahlwerk.ch\/fr\/pfeffermahlwerk-antik-im-kupferlook\/\">Dimensions et informations compl\u00e9mentaires<\/a> peuvent \u00eatre trouv\u00e9s ici.<\/p>\n<h3>Conditions :<\/h3>\n<p><strong>Prix : <\/strong><br \/>\nTVA incluse, plus frais d'exp\u00e9dition<br \/>\nlivraison gratuite en Suisse pour les commandes sup\u00e9rieures \u00e0 CHF 300.00<\/p>\n<p><strong>Paiement :<\/strong><br \/>\nFacture, net 30 jours<br \/>\nA partir d'un volume de commande de CHF 300.00, en principe sur paiement anticip\u00e9 (ou TWINT)<\/p>","protected":false},"excerpt":{"rendered":"<p>St\u00fcckpreis: CHF 15.50 Rabattstufen: Ab 5 St\u00fcck: 5% Ab 25 St\u00fcck: 10% Ab 50 St\u00fcck: 15% Ab 100 St\u00fcck 20% Ab 400 St\u00fcck: Auf Anfrage Die Rabatte werden automatisch im Warenkorb ber\u00fccksichtigt. Detaillierte Abmessungen sowie weitere Informationen finden Sie hier. Konditionen: Preis: inkl. MwSt., zuz\u00fcglich Versandkosten versandkostenfrei innerhalb der Schweiz ab einem Bestellwert von CHF [&hellip;]<\/p>\n","protected":false},"featured_media":3306,"template":"","meta":[],"product_brand":[],"product_cat":[241],"product_tag":[],"class_list":{"0":"post-3252","1":"product","2":"type-product","3":"status-publish","4":"has-post-thumbnail","6":"product_cat-andere-mahlwerke","8":"first","9":"instock","10":"taxable","11":"shipping-taxable","12":"purchasable","13":"product-type-simple"},"yoast_head":"<!-- This site is optimized with the Yoast SEO plugin v27.4 - https:\/\/yoast.com\/product\/yoast-seo-wordpress\/ -->\n<title>Pfeffermahlwerk \u00abAntik\u00bb im Kupferlook<\/title>\n<meta name=\"description\" content=\"Pfeffermahlwerk \u00abAntik\u00bb im Kupferlook. Ideal auch f\u00fcr Kinder.\" \/>\n<meta name=\"robots\" content=\"index, follow, max-snippet:-1, max-image-preview:large, max-video-preview:-1\" \/>\n<link rel=\"canonical\" href=\"https:\/\/www.keramikmahlwerk.ch\/fr\/produit-2\/pfeffermahlwerk-antik-im-kupferlook\/\" \/>\n<meta property=\"og:locale\" content=\"fr_FR\" \/>\n<meta property=\"og:type\" content=\"article\" \/>\n<meta property=\"og:title\" content=\"Pfeffermahlwerk \u00abAntik\u00bb im Kupferlook\" \/>\n<meta property=\"og:description\" content=\"Pfeffermahlwerk \u00abAntik\u00bb im Kupferlook. Ideal auch f\u00fcr Kinder.\" \/>\n<meta property=\"og:url\" content=\"https:\/\/www.keramikmahlwerk.ch\/fr\/produit-2\/pfeffermahlwerk-antik-im-kupferlook\/\" \/>\n<meta property=\"og:site_name\" content=\"Keramikmahlwerk von CrushGrind\u00ae\" \/>\n<meta property=\"article:modified_time\" content=\"2026-02-03T09:44:10+00:00\" \/>\n<meta property=\"og:image\" content=\"https:\/\/www.keramikmahlwerk.ch\/webseite\/wp-content\/uploads\/2019\/11\/mahlwerk-antik-zu-1030x1030.jpg\" \/>\n\t<meta property=\"og:image:width\" content=\"1030\" \/>\n\t<meta property=\"og:image:height\" content=\"1030\" \/>\n\t<meta property=\"og:image:type\" content=\"image\/jpeg\" \/>\n<meta name=\"twitter:card\" content=\"summary_large_image\" \/>\n<meta name=\"twitter:label1\" content=\"Dur\u00e9e de lecture estim\u00e9e\" \/>\n\t<meta name=\"twitter:data1\" content=\"1 minute\" \/>\n<script type=\"application\/ld+json\" class=\"yoast-schema-graph\">{\"@context\":\"https:\\\/\\\/schema.org\",\"@graph\":[{\"@type\":\"WebPage\",\"@id\":\"https:\\\/\\\/www.keramikmahlwerk.ch\\\/produkt\\\/pfeffermahlwerk-antik-im-kupferlook\\\/\",\"url\":\"https:\\\/\\\/www.keramikmahlwerk.ch\\\/produkt\\\/pfeffermahlwerk-antik-im-kupferlook\\\/\",\"name\":\"Pfeffermahlwerk \u00abAntik\u00bb im Kupferlook\",\"isPartOf\":{\"@id\":\"https:\\\/\\\/www.keramikmahlwerk.ch\\\/#website\"},\"primaryImageOfPage\":{\"@id\":\"https:\\\/\\\/www.keramikmahlwerk.ch\\\/produkt\\\/pfeffermahlwerk-antik-im-kupferlook\\\/#primaryimage\"},\"image\":{\"@id\":\"https:\\\/\\\/www.keramikmahlwerk.ch\\\/produkt\\\/pfeffermahlwerk-antik-im-kupferlook\\\/#primaryimage\"},\"thumbnailUrl\":\"https:\\\/\\\/www.keramikmahlwerk.ch\\\/webseite\\\/wp-content\\\/uploads\\\/2019\\\/11\\\/mahlwerk-antik-zu-scaled.jpg\",\"datePublished\":\"2019-11-22T12:34:59+00:00\",\"dateModified\":\"2026-02-03T09:44:10+00:00\",\"description\":\"Pfeffermahlwerk \u00abAntik\u00bb im Kupferlook. Ideal auch f\u00fcr Kinder.\",\"breadcrumb\":{\"@id\":\"https:\\\/\\\/www.keramikmahlwerk.ch\\\/produkt\\\/pfeffermahlwerk-antik-im-kupferlook\\\/#breadcrumb\"},\"inLanguage\":\"fr-FR\",\"potentialAction\":[{\"@type\":\"ReadAction\",\"target\":[\"https:\\\/\\\/www.keramikmahlwerk.ch\\\/produkt\\\/pfeffermahlwerk-antik-im-kupferlook\\\/\"]}]},{\"@type\":\"ImageObject\",\"inLanguage\":\"fr-FR\",\"@id\":\"https:\\\/\\\/www.keramikmahlwerk.ch\\\/produkt\\\/pfeffermahlwerk-antik-im-kupferlook\\\/#primaryimage\",\"url\":\"https:\\\/\\\/www.keramikmahlwerk.ch\\\/webseite\\\/wp-content\\\/uploads\\\/2019\\\/11\\\/mahlwerk-antik-zu-scaled.jpg\",\"contentUrl\":\"https:\\\/\\\/www.keramikmahlwerk.ch\\\/webseite\\\/wp-content\\\/uploads\\\/2019\\\/11\\\/mahlwerk-antik-zu-scaled.jpg\",\"width\":2560,\"height\":2560},{\"@type\":\"BreadcrumbList\",\"@id\":\"https:\\\/\\\/www.keramikmahlwerk.ch\\\/produkt\\\/pfeffermahlwerk-antik-im-kupferlook\\\/#breadcrumb\",\"itemListElement\":[{\"@type\":\"ListItem\",\"position\":1,\"name\":\"Accueil\",\"item\":\"https:\\\/\\\/www.keramikmahlwerk.ch\\\/crush-grind\\\/\"},{\"@type\":\"ListItem\",\"position\":2,\"name\":\"Shop\",\"item\":\"https:\\\/\\\/www.keramikmahlwerk.ch\\\/shop\\\/\"},{\"@type\":\"ListItem\",\"position\":3,\"name\":\"Pfeffermahlwerk \u00abAntik\u00bb im Kupferlook\"}]},{\"@type\":\"WebSite\",\"@id\":\"https:\\\/\\\/www.keramikmahlwerk.ch\\\/#website\",\"url\":\"https:\\\/\\\/www.keramikmahlwerk.ch\\\/\",\"name\":\"Keramikmahlwerk von CrushGrind\u00ae\",\"description\":\"Neben Pfeffer mahlt dieses Mahlwerk auch Salz, Chili, Zucker, Gew\u00fcrze und Kr\u00e4uter gleichm\u00e4ssig und ohne zu verkleben\",\"potentialAction\":[{\"@type\":\"SearchAction\",\"target\":{\"@type\":\"EntryPoint\",\"urlTemplate\":\"https:\\\/\\\/www.keramikmahlwerk.ch\\\/?s={search_term_string}\"},\"query-input\":{\"@type\":\"PropertyValueSpecification\",\"valueRequired\":true,\"valueName\":\"search_term_string\"}}],\"inLanguage\":\"fr-FR\"}]}<\/script>\n<!-- \/ Yoast SEO plugin. -->","yoast_head_json":{"title":"Moulin \u00e0 poivre \"Antique\" en aspect cuivre","description":"Moulin \u00e0 poivre \"Antique\" en aspect cuivre. Id\u00e9al \u00e9galement pour les enfants.","robots":{"index":"index","follow":"follow","max-snippet":"max-snippet:-1","max-image-preview":"max-image-preview:large","max-video-preview":"max-video-preview:-1"},"canonical":"https:\/\/www.keramikmahlwerk.ch\/fr\/produit-2\/pfeffermahlwerk-antik-im-kupferlook\/","og_locale":"fr_FR","og_type":"article","og_title":"Pfeffermahlwerk \u00abAntik\u00bb im Kupferlook","og_description":"Pfeffermahlwerk \u00abAntik\u00bb im Kupferlook. Ideal auch f\u00fcr Kinder.","og_url":"https:\/\/www.keramikmahlwerk.ch\/fr\/produit-2\/pfeffermahlwerk-antik-im-kupferlook\/","og_site_name":"Keramikmahlwerk von CrushGrind\u00ae","article_modified_time":"2026-02-03T09:44:10+00:00","og_image":[{"width":1030,"height":1030,"url":"https:\/\/www.keramikmahlwerk.ch\/webseite\/wp-content\/uploads\/2019\/11\/mahlwerk-antik-zu-1030x1030.jpg","type":"image\/jpeg"}],"twitter_card":"summary_large_image","twitter_misc":{"Dur\u00e9e de lecture estim\u00e9e":"1 minute"},"schema":{"@context":"https:\/\/schema.org","@graph":[{"@type":"WebPage","@id":"https:\/\/www.keramikmahlwerk.ch\/produkt\/pfeffermahlwerk-antik-im-kupferlook\/","url":"https:\/\/www.keramikmahlwerk.ch\/produkt\/pfeffermahlwerk-antik-im-kupferlook\/","name":"Moulin \u00e0 poivre \"Antique\" en aspect cuivre","isPartOf":{"@id":"https:\/\/www.keramikmahlwerk.ch\/#website"},"primaryImageOfPage":{"@id":"https:\/\/www.keramikmahlwerk.ch\/produkt\/pfeffermahlwerk-antik-im-kupferlook\/#primaryimage"},"image":{"@id":"https:\/\/www.keramikmahlwerk.ch\/produkt\/pfeffermahlwerk-antik-im-kupferlook\/#primaryimage"},"thumbnailUrl":"https:\/\/www.keramikmahlwerk.ch\/webseite\/wp-content\/uploads\/2019\/11\/mahlwerk-antik-zu-scaled.jpg","datePublished":"2019-11-22T12:34:59+00:00","dateModified":"2026-02-03T09:44:10+00:00","description":"Moulin \u00e0 poivre \"Antique\" en aspect cuivre. Id\u00e9al \u00e9galement pour les enfants.","breadcrumb":{"@id":"https:\/\/www.keramikmahlwerk.ch\/produkt\/pfeffermahlwerk-antik-im-kupferlook\/#breadcrumb"},"inLanguage":"fr-FR","potentialAction":[{"@type":"ReadAction","target":["https:\/\/www.keramikmahlwerk.ch\/produkt\/pfeffermahlwerk-antik-im-kupferlook\/"]}]},{"@type":"ImageObject","inLanguage":"fr-FR","@id":"https:\/\/www.keramikmahlwerk.ch\/produkt\/pfeffermahlwerk-antik-im-kupferlook\/#primaryimage","url":"https:\/\/www.keramikmahlwerk.ch\/webseite\/wp-content\/uploads\/2019\/11\/mahlwerk-antik-zu-scaled.jpg","contentUrl":"https:\/\/www.keramikmahlwerk.ch\/webseite\/wp-content\/uploads\/2019\/11\/mahlwerk-antik-zu-scaled.jpg","width":2560,"height":2560},{"@type":"BreadcrumbList","@id":"https:\/\/www.keramikmahlwerk.ch\/produkt\/pfeffermahlwerk-antik-im-kupferlook\/#breadcrumb","itemListElement":[{"@type":"ListItem","position":1,"name":"Accueil","item":"https:\/\/www.keramikmahlwerk.ch\/crush-grind\/"},{"@type":"ListItem","position":2,"name":"Shop","item":"https:\/\/www.keramikmahlwerk.ch\/shop\/"},{"@type":"ListItem","position":3,"name":"Pfeffermahlwerk \u00abAntik\u00bb im Kupferlook"}]},{"@type":"WebSite","@id":"https:\/\/www.keramikmahlwerk.ch\/#website","url":"https:\/\/www.keramikmahlwerk.ch\/","name":"Broyeur en c\u00e9ramique CrushGrind\u00ae.","description":"En plus du poivre, ce moulin permet de moudre le sel, le piment, le sucre, les \u00e9pices et les herbes de mani\u00e8re uniforme et sans coller.","potentialAction":[{"@type":"SearchAction","target":{"@type":"EntryPoint","urlTemplate":"https:\/\/www.keramikmahlwerk.ch\/?s={search_term_string}"},"query-input":{"@type":"PropertyValueSpecification","valueRequired":true,"valueName":"search_term_string"}}],"inLanguage":"fr-FR"}]}},"_links":{"self":[{"href":"https:\/\/www.keramikmahlwerk.ch\/fr\/wp-json\/wp\/v2\/product\/3252","targetHints":{"allow":["GET"]}}],"collection":[{"href":"https:\/\/www.keramikmahlwerk.ch\/fr\/wp-json\/wp\/v2\/product"}],"about":[{"href":"https:\/\/www.keramikmahlwerk.ch\/fr\/wp-json\/wp\/v2\/types\/product"}],"wp:featuredmedia":[{"embeddable":true,"href":"https:\/\/www.keramikmahlwerk.ch\/fr\/wp-json\/wp\/v2\/media\/3306"}],"wp:attachment":[{"href":"https:\/\/www.keramikmahlwerk.ch\/fr\/wp-json\/wp\/v2\/media?parent=3252"}],"wp:term":[{"taxonomy":"product_brand","embeddable":true,"href":"https:\/\/www.keramikmahlwerk.ch\/fr\/wp-json\/wp\/v2\/product_brand?post=3252"},{"taxonomy":"product_cat","embeddable":true,"href":"https:\/\/www.keramikmahlwerk.ch\/fr\/wp-json\/wp\/v2\/product_cat?post=3252"},{"taxonomy":"product_tag","embeddable":true,"href":"https:\/\/www.keramikmahlwerk.ch\/fr\/wp-json\/wp\/v2\/product_tag?post=3252"}],"curies":[{"name":"wp","href":"https:\/\/api.w.org\/{rel}","templated":true}]}}