{"id":6007,"date":"2021-03-04T22:22:36","date_gmt":"2021-03-04T21:22:36","guid":{"rendered":"https:\/\/www.keramikmahlwerk.ch\/?post_type=product&#038;p=6007"},"modified":"2024-06-21T16:34:11","modified_gmt":"2024-06-21T14:34:11","slug":"maximum-grinder","status":"publish","type":"product","link":"https:\/\/www.keramikmahlwerk.ch\/fr\/produit-2\/maximum-grinder\/","title":{"rendered":"Maximum Grinder"},"content":{"rendered":"<h3>Prix unitaire : 661,50 CHF (prix par pi\u00e8ce - 1,50 CHF)<\/h3>\n<p>Unit\u00e9 d'emballage : 441 pi\u00e8ces<\/p>\n<p>Gr\u00e2ce \u00e0 la c\u00e9ramique de haute qualit\u00e9, le moulin peut \u00eatre r\u00e9utilis\u00e9 aussi souvent que vous le souhaitez. Outre le sel et le poivre, il broie \u00e9galement du piment et de nombreuses autres \u00e9pices et herbes. Il remplace les broyeurs en plastique disponibles dans le commerce, dont l'abrasion du plastique finit dans votre assiette lors de son utilisation.<\/p>\n<p>Meuleuse en c\u00e9ramique avec filetage, taille \u00f8 52 mm, hauteur 40 mm<br \/>\nMat\u00e9riau du bo\u00eetier : PP noir<\/p>\n<p>Lunettes et joints de protection des ar\u00f4mes disponibles sur demande.<\/p>\n<h3>Conditions :<\/h3>\n<p><strong>Prix :<br \/>\n<\/strong>Niveaux de remise : \u00c9ditions sup\u00e9rieures sur <a href=\"https:\/\/www.keramikmahlwerk.ch\/fr\/kontakt\/\">demande<\/a><br \/>\nLunettes : sur <a href=\"https:\/\/www.keramikmahlwerk.ch\/fr\/kontakt\/\">demande<\/a> disponible sur<\/p>\n<p>Vente unique du moulin, y compris le verre, sur <a href=\"http:\/\/www.raffinessen.ch\/produkt\/mehrwegmuehle-mit-keramikmahlwerk\/\">raffinessen.ch<\/a><\/p>\n<p>Prix TTC, livraison gratuite en Suisse.<\/p>\n<p><strong>Paiement :<\/strong><br \/>\nFacture, net 30 jours<br \/>\nA partir d'un volume de commande de CHF 300.00, en principe sur paiement anticip\u00e9 (ou TWINT)<\/p>","protected":false},"excerpt":{"rendered":"<p>Preis pro Einheit: CHF 661.50\u00a0 (Preis pro St\u00fcck &#8211; CHF 1.50) Verpackungseinheit: 441 St\u00fcck Dank des hochwertigen Keramiks kann das Mahlwerk beliebig oft wiederverwendet werden. Es mahlt neben Salz und Pfeffer auch Chili und zahlreiche andere Gew\u00fcrze und Kr\u00e4uter. Es ersetzt die handels\u00fcblichen Plastikmahlwerke, deren Plastikabrieb bei Verwendung auf Ihrem Teller landet. Keramikmahlwerk mit Gewinde, [&hellip;]<\/p>\n","protected":false},"featured_media":6008,"template":"","meta":[],"product_brand":[],"product_cat":[264],"product_tag":[],"class_list":{"0":"post-6007","1":"product","2":"type-product","3":"status-publish","4":"has-post-thumbnail","6":"product_cat-mahlwerke-mit-gewinde","8":"first","9":"instock","10":"taxable","11":"shipping-taxable","12":"purchasable","13":"product-type-simple"},"yoast_head":"<!-- This site is optimized with the Yoast SEO plugin v27.5 - https:\/\/yoast.com\/product\/yoast-seo-wordpress\/ -->\n<title>Maximum Grinder - Keramikmahlwerk von CrushGrind\u00ae<\/title>\n<meta name=\"robots\" content=\"index, follow, max-snippet:-1, max-image-preview:large, max-video-preview:-1\" \/>\n<link rel=\"canonical\" href=\"https:\/\/www.keramikmahlwerk.ch\/fr\/produit-2\/maximum-grinder\/\" \/>\n<meta property=\"og:locale\" content=\"fr_FR\" \/>\n<meta property=\"og:type\" content=\"article\" \/>\n<meta property=\"og:title\" content=\"Maximum Grinder - Keramikmahlwerk von CrushGrind\u00ae\" \/>\n<meta property=\"og:description\" content=\"Preis pro Einheit: CHF 661.50\u00a0 (Preis pro St\u00fcck &#8211; CHF 1.50) Verpackungseinheit: 441 St\u00fcck Dank des hochwertigen Keramiks kann das Mahlwerk beliebig oft wiederverwendet werden. Es mahlt neben Salz und Pfeffer auch Chili und zahlreiche andere Gew\u00fcrze und Kr\u00e4uter. Es ersetzt die handels\u00fcblichen Plastikmahlwerke, deren Plastikabrieb bei Verwendung auf Ihrem Teller landet. Keramikmahlwerk mit Gewinde, [&hellip;]\" \/>\n<meta property=\"og:url\" content=\"https:\/\/www.keramikmahlwerk.ch\/fr\/produit-2\/maximum-grinder\/\" \/>\n<meta property=\"og:site_name\" content=\"Keramikmahlwerk von CrushGrind\u00ae\" \/>\n<meta property=\"article:modified_time\" content=\"2024-06-21T14:34:11+00:00\" \/>\n<meta property=\"og:image\" content=\"https:\/\/www.keramikmahlwerk.ch\/webseite\/wp-content\/uploads\/2021\/03\/max-grinder-mahlwerk-deckel-schwarz.jpg\" \/>\n\t<meta property=\"og:image:width\" content=\"640\" \/>\n\t<meta property=\"og:image:height\" content=\"640\" \/>\n\t<meta property=\"og:image:type\" content=\"image\/jpeg\" \/>\n<meta name=\"twitter:card\" content=\"summary_large_image\" \/>\n<meta name=\"twitter:label1\" content=\"Dur\u00e9e de lecture estim\u00e9e\" \/>\n\t<meta name=\"twitter:data1\" content=\"1 minute\" \/>\n<script type=\"application\/ld+json\" class=\"yoast-schema-graph\">{\"@context\":\"https:\\\/\\\/schema.org\",\"@graph\":[{\"@type\":\"WebPage\",\"@id\":\"https:\\\/\\\/www.keramikmahlwerk.ch\\\/produkt\\\/maximum-grinder\\\/\",\"url\":\"https:\\\/\\\/www.keramikmahlwerk.ch\\\/produkt\\\/maximum-grinder\\\/\",\"name\":\"Maximum Grinder - Keramikmahlwerk von CrushGrind\u00ae\",\"isPartOf\":{\"@id\":\"https:\\\/\\\/www.keramikmahlwerk.ch\\\/#website\"},\"primaryImageOfPage\":{\"@id\":\"https:\\\/\\\/www.keramikmahlwerk.ch\\\/produkt\\\/maximum-grinder\\\/#primaryimage\"},\"image\":{\"@id\":\"https:\\\/\\\/www.keramikmahlwerk.ch\\\/produkt\\\/maximum-grinder\\\/#primaryimage\"},\"thumbnailUrl\":\"https:\\\/\\\/www.keramikmahlwerk.ch\\\/webseite\\\/wp-content\\\/uploads\\\/2021\\\/03\\\/max-grinder-mahlwerk-deckel-schwarz.jpg\",\"datePublished\":\"2021-03-04T21:22:36+00:00\",\"dateModified\":\"2024-06-21T14:34:11+00:00\",\"breadcrumb\":{\"@id\":\"https:\\\/\\\/www.keramikmahlwerk.ch\\\/produkt\\\/maximum-grinder\\\/#breadcrumb\"},\"inLanguage\":\"fr-FR\",\"potentialAction\":[{\"@type\":\"ReadAction\",\"target\":[\"https:\\\/\\\/www.keramikmahlwerk.ch\\\/produkt\\\/maximum-grinder\\\/\"]}]},{\"@type\":\"ImageObject\",\"inLanguage\":\"fr-FR\",\"@id\":\"https:\\\/\\\/www.keramikmahlwerk.ch\\\/produkt\\\/maximum-grinder\\\/#primaryimage\",\"url\":\"https:\\\/\\\/www.keramikmahlwerk.ch\\\/webseite\\\/wp-content\\\/uploads\\\/2021\\\/03\\\/max-grinder-mahlwerk-deckel-schwarz.jpg\",\"contentUrl\":\"https:\\\/\\\/www.keramikmahlwerk.ch\\\/webseite\\\/wp-content\\\/uploads\\\/2021\\\/03\\\/max-grinder-mahlwerk-deckel-schwarz.jpg\",\"width\":640,\"height\":640},{\"@type\":\"BreadcrumbList\",\"@id\":\"https:\\\/\\\/www.keramikmahlwerk.ch\\\/produkt\\\/maximum-grinder\\\/#breadcrumb\",\"itemListElement\":[{\"@type\":\"ListItem\",\"position\":1,\"name\":\"Accueil\",\"item\":\"https:\\\/\\\/www.keramikmahlwerk.ch\\\/crush-grind\\\/\"},{\"@type\":\"ListItem\",\"position\":2,\"name\":\"Shop\",\"item\":\"https:\\\/\\\/www.keramikmahlwerk.ch\\\/shop\\\/\"},{\"@type\":\"ListItem\",\"position\":3,\"name\":\"Maximum Grinder\"}]},{\"@type\":\"WebSite\",\"@id\":\"https:\\\/\\\/www.keramikmahlwerk.ch\\\/#website\",\"url\":\"https:\\\/\\\/www.keramikmahlwerk.ch\\\/\",\"name\":\"Keramikmahlwerk von CrushGrind\u00ae\",\"description\":\"Neben Pfeffer mahlt dieses Mahlwerk auch Salz, Chili, Zucker, Gew\u00fcrze und Kr\u00e4uter gleichm\u00e4ssig und ohne zu verkleben\",\"potentialAction\":[{\"@type\":\"SearchAction\",\"target\":{\"@type\":\"EntryPoint\",\"urlTemplate\":\"https:\\\/\\\/www.keramikmahlwerk.ch\\\/?s={search_term_string}\"},\"query-input\":{\"@type\":\"PropertyValueSpecification\",\"valueRequired\":true,\"valueName\":\"search_term_string\"}}],\"inLanguage\":\"fr-FR\"}]}<\/script>\n<!-- \/ Yoast SEO plugin. -->","yoast_head_json":{"title":"Maximum Grinder - Broyeur en c\u00e9ramique de CrushGrind\u00ae.","robots":{"index":"index","follow":"follow","max-snippet":"max-snippet:-1","max-image-preview":"max-image-preview:large","max-video-preview":"max-video-preview:-1"},"canonical":"https:\/\/www.keramikmahlwerk.ch\/fr\/produit-2\/maximum-grinder\/","og_locale":"fr_FR","og_type":"article","og_title":"Maximum Grinder - Keramikmahlwerk von CrushGrind\u00ae","og_description":"Preis pro Einheit: CHF 661.50\u00a0 (Preis pro St\u00fcck &#8211; CHF 1.50) Verpackungseinheit: 441 St\u00fcck Dank des hochwertigen Keramiks kann das Mahlwerk beliebig oft wiederverwendet werden. Es mahlt neben Salz und Pfeffer auch Chili und zahlreiche andere Gew\u00fcrze und Kr\u00e4uter. Es ersetzt die handels\u00fcblichen Plastikmahlwerke, deren Plastikabrieb bei Verwendung auf Ihrem Teller landet. Keramikmahlwerk mit Gewinde, [&hellip;]","og_url":"https:\/\/www.keramikmahlwerk.ch\/fr\/produit-2\/maximum-grinder\/","og_site_name":"Keramikmahlwerk von CrushGrind\u00ae","article_modified_time":"2024-06-21T14:34:11+00:00","og_image":[{"width":640,"height":640,"url":"https:\/\/www.keramikmahlwerk.ch\/webseite\/wp-content\/uploads\/2021\/03\/max-grinder-mahlwerk-deckel-schwarz.jpg","type":"image\/jpeg"}],"twitter_card":"summary_large_image","twitter_misc":{"Dur\u00e9e de lecture estim\u00e9e":"1 minute"},"schema":{"@context":"https:\/\/schema.org","@graph":[{"@type":"WebPage","@id":"https:\/\/www.keramikmahlwerk.ch\/produkt\/maximum-grinder\/","url":"https:\/\/www.keramikmahlwerk.ch\/produkt\/maximum-grinder\/","name":"Maximum Grinder - Broyeur en c\u00e9ramique de CrushGrind\u00ae.","isPartOf":{"@id":"https:\/\/www.keramikmahlwerk.ch\/#website"},"primaryImageOfPage":{"@id":"https:\/\/www.keramikmahlwerk.ch\/produkt\/maximum-grinder\/#primaryimage"},"image":{"@id":"https:\/\/www.keramikmahlwerk.ch\/produkt\/maximum-grinder\/#primaryimage"},"thumbnailUrl":"https:\/\/www.keramikmahlwerk.ch\/webseite\/wp-content\/uploads\/2021\/03\/max-grinder-mahlwerk-deckel-schwarz.jpg","datePublished":"2021-03-04T21:22:36+00:00","dateModified":"2024-06-21T14:34:11+00:00","breadcrumb":{"@id":"https:\/\/www.keramikmahlwerk.ch\/produkt\/maximum-grinder\/#breadcrumb"},"inLanguage":"fr-FR","potentialAction":[{"@type":"ReadAction","target":["https:\/\/www.keramikmahlwerk.ch\/produkt\/maximum-grinder\/"]}]},{"@type":"ImageObject","inLanguage":"fr-FR","@id":"https:\/\/www.keramikmahlwerk.ch\/produkt\/maximum-grinder\/#primaryimage","url":"https:\/\/www.keramikmahlwerk.ch\/webseite\/wp-content\/uploads\/2021\/03\/max-grinder-mahlwerk-deckel-schwarz.jpg","contentUrl":"https:\/\/www.keramikmahlwerk.ch\/webseite\/wp-content\/uploads\/2021\/03\/max-grinder-mahlwerk-deckel-schwarz.jpg","width":640,"height":640},{"@type":"BreadcrumbList","@id":"https:\/\/www.keramikmahlwerk.ch\/produkt\/maximum-grinder\/#breadcrumb","itemListElement":[{"@type":"ListItem","position":1,"name":"Accueil","item":"https:\/\/www.keramikmahlwerk.ch\/crush-grind\/"},{"@type":"ListItem","position":2,"name":"Shop","item":"https:\/\/www.keramikmahlwerk.ch\/shop\/"},{"@type":"ListItem","position":3,"name":"Maximum Grinder"}]},{"@type":"WebSite","@id":"https:\/\/www.keramikmahlwerk.ch\/#website","url":"https:\/\/www.keramikmahlwerk.ch\/","name":"Broyeur en c\u00e9ramique CrushGrind\u00ae.","description":"En plus du poivre, ce moulin permet de moudre le sel, le piment, le sucre, les \u00e9pices et les herbes de mani\u00e8re uniforme et sans coller.","potentialAction":[{"@type":"SearchAction","target":{"@type":"EntryPoint","urlTemplate":"https:\/\/www.keramikmahlwerk.ch\/?s={search_term_string}"},"query-input":{"@type":"PropertyValueSpecification","valueRequired":true,"valueName":"search_term_string"}}],"inLanguage":"fr-FR"}]}},"_links":{"self":[{"href":"https:\/\/www.keramikmahlwerk.ch\/fr\/wp-json\/wp\/v2\/product\/6007","targetHints":{"allow":["GET"]}}],"collection":[{"href":"https:\/\/www.keramikmahlwerk.ch\/fr\/wp-json\/wp\/v2\/product"}],"about":[{"href":"https:\/\/www.keramikmahlwerk.ch\/fr\/wp-json\/wp\/v2\/types\/product"}],"wp:featuredmedia":[{"embeddable":true,"href":"https:\/\/www.keramikmahlwerk.ch\/fr\/wp-json\/wp\/v2\/media\/6008"}],"wp:attachment":[{"href":"https:\/\/www.keramikmahlwerk.ch\/fr\/wp-json\/wp\/v2\/media?parent=6007"}],"wp:term":[{"taxonomy":"product_brand","embeddable":true,"href":"https:\/\/www.keramikmahlwerk.ch\/fr\/wp-json\/wp\/v2\/product_brand?post=6007"},{"taxonomy":"product_cat","embeddable":true,"href":"https:\/\/www.keramikmahlwerk.ch\/fr\/wp-json\/wp\/v2\/product_cat?post=6007"},{"taxonomy":"product_tag","embeddable":true,"href":"https:\/\/www.keramikmahlwerk.ch\/fr\/wp-json\/wp\/v2\/product_tag?post=6007"}],"curies":[{"name":"wp","href":"https:\/\/api.w.org\/{rel}","templated":true}]}}