{"id":8565,"date":"2024-06-27T16:44:37","date_gmt":"2024-06-27T14:44:37","guid":{"rendered":"https:\/\/www.keramikmahlwerk.ch\/?post_type=product&#038;p=8565"},"modified":"2026-04-01T11:54:26","modified_gmt":"2026-04-01T09:54:26","slug":"chili-vorschneidesystem-fuer-crushgrind","status":"publish","type":"product","link":"https:\/\/www.keramikmahlwerk.ch\/fr\/produit-2\/chili-vorschneidesystem-fuer-crushgrind\/","title":{"rendered":"Syst\u00e8me de pr\u00e9-d\u00e9coupe Chili pour CrushGrind"},"content":{"rendered":"<h3>Prix \u00e0 l'unit\u00e9 : CHF 15.00<\/h3>\n<p>Le syst\u00e8me de pr\u00e9-coupe (brevet en cours) a \u00e9t\u00e9 d\u00e9velopp\u00e9 comme extension des broyeurs CrushGrind\u00ae Shaft. Il a \u00e9t\u00e9 test\u00e9 par le fabricant des broyeurs et a obtenu la mention \"tr\u00e8s bien\".<\/p>\n<p>En quelques gestes et avec un seul trou suppl\u00e9mentaire, vous ajoutez \u00e0 votre gamme de produits des moulins pour piments et pour poivre long.<\/p>\n<p>Les 4 composants du syst\u00e8me de pr\u00e9d\u00e9coupe sont enti\u00e8rement fabriqu\u00e9s en Allemagne, sont en acier inoxydable homologu\u00e9 pour l'industrie alimentaire et r\u00e9pondent aux normes de qualit\u00e9 les plus strictes.<\/p>\n<p>Instructions de montage \u00e0 t\u00e9l\u00e9charger : <a href=\"https:\/\/www.keramikmahlwerk.ch\/webseite\/wp-content\/uploads\/2024\/06\/Montageanleitung_Vorschneidsystem.pdf\">Instructions de montage_Syst\u00e8me de pr\u00e9d\u00e9coupe<\/a><br \/>\nInstructions de montage dans le <a href=\"https:\/\/www.youtube.com\/watch?v=CMFryNX3oWw\">Vid\u00e9o<\/a><\/p>\n<h3>Conditions :<\/h3>\n<p><strong>Prix : <\/strong><br \/>\nTVA incluse, plus frais d'exp\u00e9dition<br \/>\nlivraison gratuite en Suisse pour les commandes sup\u00e9rieures \u00e0 CHF 300.00<\/p>\n<p><strong>Paiement :<\/strong><br \/>\nFacture, net 30 jours<br \/>\nA partir d'un volume de commande de CHF 300.00, en principe sur paiement anticip\u00e9 (ou TWINT)<\/p>\n<p>&nbsp;<\/p>","protected":false},"excerpt":{"rendered":"<p>St\u00fcckpreis: CHF 15.00 Das zum Patent angemeldete Vorschneidsystem ist als Erweiterung f\u00fcr die CrushGrind\u00ae Shaft Mahlwerke entwickelt worden. Es wurde vom Hersteller der Mahlwerke getestet und mit einem \u00abSehr gut\u00bb bewertet. Mit wenigen Handgriffen und nur einer zus\u00e4tzlichen Bohrung bauen Sie Ihr Produktportfolio um M\u00fchlen f\u00fcr Chilis und f\u00fcr langen Pfeffer aus. Die 4 Komponenten [&hellip;]<\/p>\n","protected":false},"featured_media":8570,"template":"","meta":[],"product_brand":[],"product_cat":[270],"product_tag":[35,32,34,33],"class_list":{"0":"post-8565","1":"product","2":"type-product","3":"status-publish","4":"has-post-thumbnail","6":"product_cat-werkzeuge-diverses","7":"product_tag-gewuerze","8":"product_tag-kaffee","9":"product_tag-keramikmahlwerk","10":"product_tag-mahlwerk","12":"first","13":"instock","14":"taxable","15":"shipping-taxable","16":"purchasable","17":"product-type-simple"},"yoast_head":"<!-- This site is optimized with the Yoast SEO plugin v27.5 - https:\/\/yoast.com\/product\/yoast-seo-wordpress\/ -->\n<title>Werkzeug CrushGrind\u00ae Groove Cutter (Nutenschneider)<\/title>\n<meta name=\"robots\" content=\"index, follow, max-snippet:-1, max-image-preview:large, max-video-preview:-1\" \/>\n<link rel=\"canonical\" href=\"https:\/\/www.keramikmahlwerk.ch\/fr\/produit-2\/chili-vorschneidesystem-fuer-crushgrind\/\" \/>\n<meta property=\"og:locale\" content=\"fr_FR\" \/>\n<meta property=\"og:type\" content=\"article\" \/>\n<meta property=\"og:title\" content=\"Werkzeug CrushGrind\u00ae Groove Cutter (Nutenschneider)\" \/>\n<meta property=\"og:description\" content=\"St\u00fcckpreis: CHF 15.00 Das zum Patent angemeldete Vorschneidsystem ist als Erweiterung f\u00fcr die CrushGrind\u00ae Shaft Mahlwerke entwickelt worden. Es wurde vom Hersteller der Mahlwerke getestet und mit einem \u00abSehr gut\u00bb bewertet. Mit wenigen Handgriffen und nur einer zus\u00e4tzlichen Bohrung bauen Sie Ihr Produktportfolio um M\u00fchlen f\u00fcr Chilis und f\u00fcr langen Pfeffer aus. Die 4 Komponenten [&hellip;]\" \/>\n<meta property=\"og:url\" content=\"https:\/\/www.keramikmahlwerk.ch\/fr\/produit-2\/chili-vorschneidesystem-fuer-crushgrind\/\" \/>\n<meta property=\"og:site_name\" content=\"Keramikmahlwerk von CrushGrind\u00ae\" \/>\n<meta property=\"article:modified_time\" content=\"2026-04-01T09:54:26+00:00\" \/>\n<meta property=\"og:image\" content=\"https:\/\/www.keramikmahlwerk.ch\/webseite\/wp-content\/uploads\/2024\/06\/Vorschneidewerk.jpg\" \/>\n\t<meta property=\"og:image:width\" content=\"1500\" \/>\n\t<meta property=\"og:image:height\" content=\"1500\" \/>\n\t<meta property=\"og:image:type\" content=\"image\/jpeg\" \/>\n<meta name=\"twitter:card\" content=\"summary_large_image\" \/>\n<meta name=\"twitter:label1\" content=\"Dur\u00e9e de lecture estim\u00e9e\" \/>\n\t<meta name=\"twitter:data1\" content=\"1 minute\" \/>\n<script type=\"application\/ld+json\" class=\"yoast-schema-graph\">{\"@context\":\"https:\\\/\\\/schema.org\",\"@graph\":[{\"@type\":\"WebPage\",\"@id\":\"https:\\\/\\\/www.keramikmahlwerk.ch\\\/produkt\\\/chili-vorschneidesystem-fuer-crushgrind\\\/\",\"url\":\"https:\\\/\\\/www.keramikmahlwerk.ch\\\/produkt\\\/chili-vorschneidesystem-fuer-crushgrind\\\/\",\"name\":\"Werkzeug CrushGrind\u00ae Groove Cutter (Nutenschneider)\",\"isPartOf\":{\"@id\":\"https:\\\/\\\/www.keramikmahlwerk.ch\\\/#website\"},\"primaryImageOfPage\":{\"@id\":\"https:\\\/\\\/www.keramikmahlwerk.ch\\\/produkt\\\/chili-vorschneidesystem-fuer-crushgrind\\\/#primaryimage\"},\"image\":{\"@id\":\"https:\\\/\\\/www.keramikmahlwerk.ch\\\/produkt\\\/chili-vorschneidesystem-fuer-crushgrind\\\/#primaryimage\"},\"thumbnailUrl\":\"https:\\\/\\\/www.keramikmahlwerk.ch\\\/webseite\\\/wp-content\\\/uploads\\\/2024\\\/06\\\/Vorschneidewerk.jpg\",\"datePublished\":\"2024-06-27T14:44:37+00:00\",\"dateModified\":\"2026-04-01T09:54:26+00:00\",\"breadcrumb\":{\"@id\":\"https:\\\/\\\/www.keramikmahlwerk.ch\\\/produkt\\\/chili-vorschneidesystem-fuer-crushgrind\\\/#breadcrumb\"},\"inLanguage\":\"fr-FR\",\"potentialAction\":[{\"@type\":\"ReadAction\",\"target\":[\"https:\\\/\\\/www.keramikmahlwerk.ch\\\/produkt\\\/chili-vorschneidesystem-fuer-crushgrind\\\/\"]}]},{\"@type\":\"ImageObject\",\"inLanguage\":\"fr-FR\",\"@id\":\"https:\\\/\\\/www.keramikmahlwerk.ch\\\/produkt\\\/chili-vorschneidesystem-fuer-crushgrind\\\/#primaryimage\",\"url\":\"https:\\\/\\\/www.keramikmahlwerk.ch\\\/webseite\\\/wp-content\\\/uploads\\\/2024\\\/06\\\/Vorschneidewerk.jpg\",\"contentUrl\":\"https:\\\/\\\/www.keramikmahlwerk.ch\\\/webseite\\\/wp-content\\\/uploads\\\/2024\\\/06\\\/Vorschneidewerk.jpg\",\"width\":1500,\"height\":1500,\"caption\":\"Screenshot\"},{\"@type\":\"BreadcrumbList\",\"@id\":\"https:\\\/\\\/www.keramikmahlwerk.ch\\\/produkt\\\/chili-vorschneidesystem-fuer-crushgrind\\\/#breadcrumb\",\"itemListElement\":[{\"@type\":\"ListItem\",\"position\":1,\"name\":\"Accueil\",\"item\":\"https:\\\/\\\/www.keramikmahlwerk.ch\\\/crush-grind\\\/\"},{\"@type\":\"ListItem\",\"position\":2,\"name\":\"Shop\",\"item\":\"https:\\\/\\\/www.keramikmahlwerk.ch\\\/shop\\\/\"},{\"@type\":\"ListItem\",\"position\":3,\"name\":\"Chili Vorschneidsystem f\u00fcr CrushGrind\u00ae\"}]},{\"@type\":\"WebSite\",\"@id\":\"https:\\\/\\\/www.keramikmahlwerk.ch\\\/#website\",\"url\":\"https:\\\/\\\/www.keramikmahlwerk.ch\\\/\",\"name\":\"Keramikmahlwerk von CrushGrind\u00ae\",\"description\":\"Neben Pfeffer mahlt dieses Mahlwerk auch Salz, Chili, Zucker, Gew\u00fcrze und Kr\u00e4uter gleichm\u00e4ssig und ohne zu verkleben\",\"potentialAction\":[{\"@type\":\"SearchAction\",\"target\":{\"@type\":\"EntryPoint\",\"urlTemplate\":\"https:\\\/\\\/www.keramikmahlwerk.ch\\\/?s={search_term_string}\"},\"query-input\":{\"@type\":\"PropertyValueSpecification\",\"valueRequired\":true,\"valueName\":\"search_term_string\"}}],\"inLanguage\":\"fr-FR\"}]}<\/script>\n<!-- \/ Yoast SEO plugin. -->","yoast_head_json":{"title":"Outil CrushGrind\u00ae Groove Cutter (coupeur de rainures)","robots":{"index":"index","follow":"follow","max-snippet":"max-snippet:-1","max-image-preview":"max-image-preview:large","max-video-preview":"max-video-preview:-1"},"canonical":"https:\/\/www.keramikmahlwerk.ch\/fr\/produit-2\/chili-vorschneidesystem-fuer-crushgrind\/","og_locale":"fr_FR","og_type":"article","og_title":"Werkzeug CrushGrind\u00ae Groove Cutter (Nutenschneider)","og_description":"St\u00fcckpreis: CHF 15.00 Das zum Patent angemeldete Vorschneidsystem ist als Erweiterung f\u00fcr die CrushGrind\u00ae Shaft Mahlwerke entwickelt worden. Es wurde vom Hersteller der Mahlwerke getestet und mit einem \u00abSehr gut\u00bb bewertet. Mit wenigen Handgriffen und nur einer zus\u00e4tzlichen Bohrung bauen Sie Ihr Produktportfolio um M\u00fchlen f\u00fcr Chilis und f\u00fcr langen Pfeffer aus. Die 4 Komponenten [&hellip;]","og_url":"https:\/\/www.keramikmahlwerk.ch\/fr\/produit-2\/chili-vorschneidesystem-fuer-crushgrind\/","og_site_name":"Keramikmahlwerk von CrushGrind\u00ae","article_modified_time":"2026-04-01T09:54:26+00:00","og_image":[{"width":1500,"height":1500,"url":"https:\/\/www.keramikmahlwerk.ch\/webseite\/wp-content\/uploads\/2024\/06\/Vorschneidewerk.jpg","type":"image\/jpeg"}],"twitter_card":"summary_large_image","twitter_misc":{"Dur\u00e9e de lecture estim\u00e9e":"1 minute"},"schema":{"@context":"https:\/\/schema.org","@graph":[{"@type":"WebPage","@id":"https:\/\/www.keramikmahlwerk.ch\/produkt\/chili-vorschneidesystem-fuer-crushgrind\/","url":"https:\/\/www.keramikmahlwerk.ch\/produkt\/chili-vorschneidesystem-fuer-crushgrind\/","name":"Outil CrushGrind\u00ae Groove Cutter (coupeur de rainures)","isPartOf":{"@id":"https:\/\/www.keramikmahlwerk.ch\/#website"},"primaryImageOfPage":{"@id":"https:\/\/www.keramikmahlwerk.ch\/produkt\/chili-vorschneidesystem-fuer-crushgrind\/#primaryimage"},"image":{"@id":"https:\/\/www.keramikmahlwerk.ch\/produkt\/chili-vorschneidesystem-fuer-crushgrind\/#primaryimage"},"thumbnailUrl":"https:\/\/www.keramikmahlwerk.ch\/webseite\/wp-content\/uploads\/2024\/06\/Vorschneidewerk.jpg","datePublished":"2024-06-27T14:44:37+00:00","dateModified":"2026-04-01T09:54:26+00:00","breadcrumb":{"@id":"https:\/\/www.keramikmahlwerk.ch\/produkt\/chili-vorschneidesystem-fuer-crushgrind\/#breadcrumb"},"inLanguage":"fr-FR","potentialAction":[{"@type":"ReadAction","target":["https:\/\/www.keramikmahlwerk.ch\/produkt\/chili-vorschneidesystem-fuer-crushgrind\/"]}]},{"@type":"ImageObject","inLanguage":"fr-FR","@id":"https:\/\/www.keramikmahlwerk.ch\/produkt\/chili-vorschneidesystem-fuer-crushgrind\/#primaryimage","url":"https:\/\/www.keramikmahlwerk.ch\/webseite\/wp-content\/uploads\/2024\/06\/Vorschneidewerk.jpg","contentUrl":"https:\/\/www.keramikmahlwerk.ch\/webseite\/wp-content\/uploads\/2024\/06\/Vorschneidewerk.jpg","width":1500,"height":1500,"caption":"Screenshot"},{"@type":"BreadcrumbList","@id":"https:\/\/www.keramikmahlwerk.ch\/produkt\/chili-vorschneidesystem-fuer-crushgrind\/#breadcrumb","itemListElement":[{"@type":"ListItem","position":1,"name":"Accueil","item":"https:\/\/www.keramikmahlwerk.ch\/crush-grind\/"},{"@type":"ListItem","position":2,"name":"Shop","item":"https:\/\/www.keramikmahlwerk.ch\/shop\/"},{"@type":"ListItem","position":3,"name":"Chili Vorschneidsystem f\u00fcr CrushGrind\u00ae"}]},{"@type":"WebSite","@id":"https:\/\/www.keramikmahlwerk.ch\/#website","url":"https:\/\/www.keramikmahlwerk.ch\/","name":"Broyeur en c\u00e9ramique CrushGrind\u00ae.","description":"En plus du poivre, ce moulin permet de moudre le sel, le piment, le sucre, les \u00e9pices et les herbes de mani\u00e8re uniforme et sans coller.","potentialAction":[{"@type":"SearchAction","target":{"@type":"EntryPoint","urlTemplate":"https:\/\/www.keramikmahlwerk.ch\/?s={search_term_string}"},"query-input":{"@type":"PropertyValueSpecification","valueRequired":true,"valueName":"search_term_string"}}],"inLanguage":"fr-FR"}]}},"_links":{"self":[{"href":"https:\/\/www.keramikmahlwerk.ch\/fr\/wp-json\/wp\/v2\/product\/8565","targetHints":{"allow":["GET"]}}],"collection":[{"href":"https:\/\/www.keramikmahlwerk.ch\/fr\/wp-json\/wp\/v2\/product"}],"about":[{"href":"https:\/\/www.keramikmahlwerk.ch\/fr\/wp-json\/wp\/v2\/types\/product"}],"wp:featuredmedia":[{"embeddable":true,"href":"https:\/\/www.keramikmahlwerk.ch\/fr\/wp-json\/wp\/v2\/media\/8570"}],"wp:attachment":[{"href":"https:\/\/www.keramikmahlwerk.ch\/fr\/wp-json\/wp\/v2\/media?parent=8565"}],"wp:term":[{"taxonomy":"product_brand","embeddable":true,"href":"https:\/\/www.keramikmahlwerk.ch\/fr\/wp-json\/wp\/v2\/product_brand?post=8565"},{"taxonomy":"product_cat","embeddable":true,"href":"https:\/\/www.keramikmahlwerk.ch\/fr\/wp-json\/wp\/v2\/product_cat?post=8565"},{"taxonomy":"product_tag","embeddable":true,"href":"https:\/\/www.keramikmahlwerk.ch\/fr\/wp-json\/wp\/v2\/product_tag?post=8565"}],"curies":[{"name":"wp","href":"https:\/\/api.w.org\/{rel}","templated":true}]}}