{"id":8872,"date":"2025-08-28T15:38:14","date_gmt":"2025-08-28T13:38:14","guid":{"rendered":"https:\/\/www.keramikmahlwerk.ch\/?post_type=product&#038;p=8872"},"modified":"2026-02-19T13:49:16","modified_gmt":"2026-02-19T12:49:16","slug":"crushgrind-easy-shaft-150mm","status":"publish","type":"product","link":"https:\/\/www.keramikmahlwerk.ch\/fr\/produit-2\/crushgrind-easy-shaft-150mm\/","title":{"rendered":"CrushGrind\u00ae \u2013 EASY shaft 150mm"},"content":{"rendered":"<h3>Prix unitaire : 10,50 CHF<\/h3>\n<p><strong>inkl. 5x Schrauben, Format 3x16mm (INOX, Torx)<\/strong><\/p>\n<p>Der CrushGrind\u00ae EASY shaft Mechanismus ist besonders geeignet f\u00fcr Schulen, Werkst\u00e4tten und Hobbyprojekte, bei denen Sicherheit und einfache Verarbeitung im Vordergrund stehen:<\/p>\n<ul>\n<li>Schnelle Montage mit abgestuften Bohrdurchmessern \u2013 ohne Drehbank<\/li>\n<li>Stabile Befestigung durch Schrauben<strong><br \/>\n<\/strong><\/li>\n<\/ul>\n<p><strong>Niveaux de remise :<\/strong><br \/>\nA partir de 5 pi\u00e8ces : 5 %<br \/>\nA partir de 20 pi\u00e8ces : 10 %<br \/>\nA partir de 100 pi\u00e8ces : 15 %<br \/>\nA partir de 200 pi\u00e8ces : 20 %<br \/>\nA partir de 400 pi\u00e8ces sur demande<\/p>\n<p>Les remises sont automatiquement prises en compte dans le panier d'achat.<\/p>\n<p>A <a href=\"https:\/\/www.keramikmahlwerk.ch\/webseite\/wp-content\/uploads\/2025\/09\/montageanleitung-crushgrind-easy.pdf\">Instructions d'installation<\/a> nous vous le mettons volontiers \u00e0 disposition sous forme de PDF.<\/p>\n<h3>Conditions :<\/h3>\n<p><strong>Prix : <\/strong><br \/>\nTVA incluse, plus frais d'exp\u00e9dition<br \/>\nlivraison gratuite en Suisse pour les commandes sup\u00e9rieures \u00e0 CHF 300.00<\/p>\n<p><strong>Paiement :<\/strong><br \/>\nFacture, net 30 jours<br \/>\nA partir d'un volume de commande de CHF 300.00, en principe sur paiement anticip\u00e9 (ou TWINT)<\/p>\n<p>&nbsp;<\/p>","protected":false},"excerpt":{"rendered":"<p>St\u00fcckpreis: CHF 10.50 inkl. 5x Schrauben, Format 3x16mm (INOX, Torx) Der CrushGrind\u00ae EASY shaft Mechanismus ist besonders geeignet f\u00fcr Schulen, Werkst\u00e4tten und Hobbyprojekte, bei denen Sicherheit und einfache Verarbeitung im Vordergrund stehen: Schnelle Montage mit abgestuften Bohrdurchmessern \u2013 ohne Drehbank Stabile Befestigung durch Schrauben Rabattstufen: Ab 5 St\u00fcck: 5 % Ab 20 St\u00fcck: 10 % [&hellip;]<\/p>\n","protected":false},"featured_media":8884,"template":"","meta":[],"product_brand":[],"product_cat":[11],"product_tag":[],"class_list":{"0":"post-8872","1":"product","2":"type-product","3":"status-publish","4":"has-post-thumbnail","6":"product_cat-keramikmahlwerk-crush-grind-shaft","8":"first","9":"instock","10":"taxable","11":"shipping-taxable","12":"purchasable","13":"product-type-simple"},"yoast_head":"<!-- This site is optimized with the Yoast SEO plugin v27.5 - https:\/\/yoast.com\/product\/yoast-seo-wordpress\/ -->\n<title>CrushGrind\u00ae EASY shaft 150mm \u2013 Keramikmahlwerk Set<\/title>\n<meta name=\"description\" content=\"CrushGrind\u00ae EASY shaft 150mm inkl. 5 INOX-Schrauben. Einfacher Einbau ohne Drehbank, stabil &amp; sicher \u2013 ideal f\u00fcr Schulen, Werkst\u00e4tten &amp; Hobbyprojekte.\" \/>\n<meta name=\"robots\" content=\"index, follow, max-snippet:-1, max-image-preview:large, max-video-preview:-1\" \/>\n<link rel=\"canonical\" href=\"https:\/\/www.keramikmahlwerk.ch\/fr\/produit-2\/crushgrind-easy-shaft-150mm\/\" \/>\n<meta property=\"og:locale\" content=\"fr_FR\" \/>\n<meta property=\"og:type\" content=\"article\" \/>\n<meta property=\"og:title\" content=\"CrushGrind\u00ae EASY shaft 150mm \u2013 Keramikmahlwerk Set\" \/>\n<meta property=\"og:description\" content=\"CrushGrind\u00ae EASY shaft 150mm inkl. 5 INOX-Schrauben. Einfacher Einbau ohne Drehbank, stabil &amp; sicher \u2013 ideal f\u00fcr Schulen, Werkst\u00e4tten &amp; Hobbyprojekte.\" \/>\n<meta property=\"og:url\" content=\"https:\/\/www.keramikmahlwerk.ch\/fr\/produit-2\/crushgrind-easy-shaft-150mm\/\" \/>\n<meta property=\"og:site_name\" content=\"Keramikmahlwerk von CrushGrind\u00ae\" \/>\n<meta property=\"article:modified_time\" content=\"2026-02-19T12:49:16+00:00\" \/>\n<meta property=\"og:image\" content=\"https:\/\/www.keramikmahlwerk.ch\/webseite\/wp-content\/uploads\/2025\/08\/CrushGrind-EASY_Schrauben.jpg\" \/>\n\t<meta property=\"og:image:width\" content=\"1500\" \/>\n\t<meta property=\"og:image:height\" content=\"1500\" \/>\n\t<meta property=\"og:image:type\" content=\"image\/jpeg\" \/>\n<meta name=\"twitter:card\" content=\"summary_large_image\" \/>\n<meta name=\"twitter:label1\" content=\"Dur\u00e9e de lecture estim\u00e9e\" \/>\n\t<meta name=\"twitter:data1\" content=\"1 minute\" \/>\n<script type=\"application\/ld+json\" class=\"yoast-schema-graph\">{\"@context\":\"https:\\\/\\\/schema.org\",\"@graph\":[{\"@type\":\"WebPage\",\"@id\":\"https:\\\/\\\/www.keramikmahlwerk.ch\\\/produkt\\\/crushgrind-easy-shaft-150mm\\\/\",\"url\":\"https:\\\/\\\/www.keramikmahlwerk.ch\\\/produkt\\\/crushgrind-easy-shaft-150mm\\\/\",\"name\":\"CrushGrind\u00ae EASY shaft 150mm \u2013 Keramikmahlwerk Set\",\"isPartOf\":{\"@id\":\"https:\\\/\\\/www.keramikmahlwerk.ch\\\/#website\"},\"primaryImageOfPage\":{\"@id\":\"https:\\\/\\\/www.keramikmahlwerk.ch\\\/produkt\\\/crushgrind-easy-shaft-150mm\\\/#primaryimage\"},\"image\":{\"@id\":\"https:\\\/\\\/www.keramikmahlwerk.ch\\\/produkt\\\/crushgrind-easy-shaft-150mm\\\/#primaryimage\"},\"thumbnailUrl\":\"https:\\\/\\\/www.keramikmahlwerk.ch\\\/webseite\\\/wp-content\\\/uploads\\\/2025\\\/08\\\/CrushGrind-EASY_Schrauben.jpg\",\"datePublished\":\"2025-08-28T13:38:14+00:00\",\"dateModified\":\"2026-02-19T12:49:16+00:00\",\"description\":\"CrushGrind\u00ae EASY shaft 150mm inkl. 5 INOX-Schrauben. Einfacher Einbau ohne Drehbank, stabil & sicher \u2013 ideal f\u00fcr Schulen, Werkst\u00e4tten & Hobbyprojekte.\",\"breadcrumb\":{\"@id\":\"https:\\\/\\\/www.keramikmahlwerk.ch\\\/produkt\\\/crushgrind-easy-shaft-150mm\\\/#breadcrumb\"},\"inLanguage\":\"fr-FR\",\"potentialAction\":[{\"@type\":\"ReadAction\",\"target\":[\"https:\\\/\\\/www.keramikmahlwerk.ch\\\/produkt\\\/crushgrind-easy-shaft-150mm\\\/\"]}]},{\"@type\":\"ImageObject\",\"inLanguage\":\"fr-FR\",\"@id\":\"https:\\\/\\\/www.keramikmahlwerk.ch\\\/produkt\\\/crushgrind-easy-shaft-150mm\\\/#primaryimage\",\"url\":\"https:\\\/\\\/www.keramikmahlwerk.ch\\\/webseite\\\/wp-content\\\/uploads\\\/2025\\\/08\\\/CrushGrind-EASY_Schrauben.jpg\",\"contentUrl\":\"https:\\\/\\\/www.keramikmahlwerk.ch\\\/webseite\\\/wp-content\\\/uploads\\\/2025\\\/08\\\/CrushGrind-EASY_Schrauben.jpg\",\"width\":1500,\"height\":1500},{\"@type\":\"BreadcrumbList\",\"@id\":\"https:\\\/\\\/www.keramikmahlwerk.ch\\\/produkt\\\/crushgrind-easy-shaft-150mm\\\/#breadcrumb\",\"itemListElement\":[{\"@type\":\"ListItem\",\"position\":1,\"name\":\"Accueil\",\"item\":\"https:\\\/\\\/www.keramikmahlwerk.ch\\\/crush-grind\\\/\"},{\"@type\":\"ListItem\",\"position\":2,\"name\":\"Shop\",\"item\":\"https:\\\/\\\/www.keramikmahlwerk.ch\\\/shop\\\/\"},{\"@type\":\"ListItem\",\"position\":3,\"name\":\"CrushGrind\u00ae \u2013 EASY shaft 150mm\"}]},{\"@type\":\"WebSite\",\"@id\":\"https:\\\/\\\/www.keramikmahlwerk.ch\\\/#website\",\"url\":\"https:\\\/\\\/www.keramikmahlwerk.ch\\\/\",\"name\":\"Keramikmahlwerk von CrushGrind\u00ae\",\"description\":\"Neben Pfeffer mahlt dieses Mahlwerk auch Salz, Chili, Zucker, Gew\u00fcrze und Kr\u00e4uter gleichm\u00e4ssig und ohne zu verkleben\",\"potentialAction\":[{\"@type\":\"SearchAction\",\"target\":{\"@type\":\"EntryPoint\",\"urlTemplate\":\"https:\\\/\\\/www.keramikmahlwerk.ch\\\/?s={search_term_string}\"},\"query-input\":{\"@type\":\"PropertyValueSpecification\",\"valueRequired\":true,\"valueName\":\"search_term_string\"}}],\"inLanguage\":\"fr-FR\"}]}<\/script>\n<!-- \/ Yoast SEO plugin. -->","yoast_head_json":{"title":"CrushGrind\u00ae EASY shaft 150mm \u2013 Keramikmahlwerk Set","description":"CrushGrind\u00ae EASY shaft 150mm inkl. 5 INOX-Schrauben. Einfacher Einbau ohne Drehbank, stabil & sicher \u2013 ideal f\u00fcr Schulen, Werkst\u00e4tten & Hobbyprojekte.","robots":{"index":"index","follow":"follow","max-snippet":"max-snippet:-1","max-image-preview":"max-image-preview:large","max-video-preview":"max-video-preview:-1"},"canonical":"https:\/\/www.keramikmahlwerk.ch\/fr\/produit-2\/crushgrind-easy-shaft-150mm\/","og_locale":"fr_FR","og_type":"article","og_title":"CrushGrind\u00ae EASY shaft 150mm \u2013 Keramikmahlwerk Set","og_description":"CrushGrind\u00ae EASY shaft 150mm inkl. 5 INOX-Schrauben. Einfacher Einbau ohne Drehbank, stabil & sicher \u2013 ideal f\u00fcr Schulen, Werkst\u00e4tten & Hobbyprojekte.","og_url":"https:\/\/www.keramikmahlwerk.ch\/fr\/produit-2\/crushgrind-easy-shaft-150mm\/","og_site_name":"Keramikmahlwerk von CrushGrind\u00ae","article_modified_time":"2026-02-19T12:49:16+00:00","og_image":[{"width":1500,"height":1500,"url":"https:\/\/www.keramikmahlwerk.ch\/webseite\/wp-content\/uploads\/2025\/08\/CrushGrind-EASY_Schrauben.jpg","type":"image\/jpeg"}],"twitter_card":"summary_large_image","twitter_misc":{"Dur\u00e9e de lecture estim\u00e9e":"1 minute"},"schema":{"@context":"https:\/\/schema.org","@graph":[{"@type":"WebPage","@id":"https:\/\/www.keramikmahlwerk.ch\/produkt\/crushgrind-easy-shaft-150mm\/","url":"https:\/\/www.keramikmahlwerk.ch\/produkt\/crushgrind-easy-shaft-150mm\/","name":"CrushGrind\u00ae EASY shaft 150mm \u2013 Keramikmahlwerk Set","isPartOf":{"@id":"https:\/\/www.keramikmahlwerk.ch\/#website"},"primaryImageOfPage":{"@id":"https:\/\/www.keramikmahlwerk.ch\/produkt\/crushgrind-easy-shaft-150mm\/#primaryimage"},"image":{"@id":"https:\/\/www.keramikmahlwerk.ch\/produkt\/crushgrind-easy-shaft-150mm\/#primaryimage"},"thumbnailUrl":"https:\/\/www.keramikmahlwerk.ch\/webseite\/wp-content\/uploads\/2025\/08\/CrushGrind-EASY_Schrauben.jpg","datePublished":"2025-08-28T13:38:14+00:00","dateModified":"2026-02-19T12:49:16+00:00","description":"CrushGrind\u00ae EASY shaft 150mm inkl. 5 INOX-Schrauben. Einfacher Einbau ohne Drehbank, stabil & sicher \u2013 ideal f\u00fcr Schulen, Werkst\u00e4tten & Hobbyprojekte.","breadcrumb":{"@id":"https:\/\/www.keramikmahlwerk.ch\/produkt\/crushgrind-easy-shaft-150mm\/#breadcrumb"},"inLanguage":"fr-FR","potentialAction":[{"@type":"ReadAction","target":["https:\/\/www.keramikmahlwerk.ch\/produkt\/crushgrind-easy-shaft-150mm\/"]}]},{"@type":"ImageObject","inLanguage":"fr-FR","@id":"https:\/\/www.keramikmahlwerk.ch\/produkt\/crushgrind-easy-shaft-150mm\/#primaryimage","url":"https:\/\/www.keramikmahlwerk.ch\/webseite\/wp-content\/uploads\/2025\/08\/CrushGrind-EASY_Schrauben.jpg","contentUrl":"https:\/\/www.keramikmahlwerk.ch\/webseite\/wp-content\/uploads\/2025\/08\/CrushGrind-EASY_Schrauben.jpg","width":1500,"height":1500},{"@type":"BreadcrumbList","@id":"https:\/\/www.keramikmahlwerk.ch\/produkt\/crushgrind-easy-shaft-150mm\/#breadcrumb","itemListElement":[{"@type":"ListItem","position":1,"name":"Accueil","item":"https:\/\/www.keramikmahlwerk.ch\/crush-grind\/"},{"@type":"ListItem","position":2,"name":"Shop","item":"https:\/\/www.keramikmahlwerk.ch\/shop\/"},{"@type":"ListItem","position":3,"name":"CrushGrind\u00ae \u2013 EASY shaft 150mm"}]},{"@type":"WebSite","@id":"https:\/\/www.keramikmahlwerk.ch\/#website","url":"https:\/\/www.keramikmahlwerk.ch\/","name":"Broyeur en c\u00e9ramique CrushGrind\u00ae.","description":"En plus du poivre, ce moulin permet de moudre le sel, le piment, le sucre, les \u00e9pices et les herbes de mani\u00e8re uniforme et sans coller.","potentialAction":[{"@type":"SearchAction","target":{"@type":"EntryPoint","urlTemplate":"https:\/\/www.keramikmahlwerk.ch\/?s={search_term_string}"},"query-input":{"@type":"PropertyValueSpecification","valueRequired":true,"valueName":"search_term_string"}}],"inLanguage":"fr-FR"}]}},"_links":{"self":[{"href":"https:\/\/www.keramikmahlwerk.ch\/fr\/wp-json\/wp\/v2\/product\/8872","targetHints":{"allow":["GET"]}}],"collection":[{"href":"https:\/\/www.keramikmahlwerk.ch\/fr\/wp-json\/wp\/v2\/product"}],"about":[{"href":"https:\/\/www.keramikmahlwerk.ch\/fr\/wp-json\/wp\/v2\/types\/product"}],"wp:featuredmedia":[{"embeddable":true,"href":"https:\/\/www.keramikmahlwerk.ch\/fr\/wp-json\/wp\/v2\/media\/8884"}],"wp:attachment":[{"href":"https:\/\/www.keramikmahlwerk.ch\/fr\/wp-json\/wp\/v2\/media?parent=8872"}],"wp:term":[{"taxonomy":"product_brand","embeddable":true,"href":"https:\/\/www.keramikmahlwerk.ch\/fr\/wp-json\/wp\/v2\/product_brand?post=8872"},{"taxonomy":"product_cat","embeddable":true,"href":"https:\/\/www.keramikmahlwerk.ch\/fr\/wp-json\/wp\/v2\/product_cat?post=8872"},{"taxonomy":"product_tag","embeddable":true,"href":"https:\/\/www.keramikmahlwerk.ch\/fr\/wp-json\/wp\/v2\/product_tag?post=8872"}],"curies":[{"name":"wp","href":"https:\/\/api.w.org\/{rel}","templated":true}]}}