{"id":116,"date":"2015-08-17T15:17:53","date_gmt":"2015-08-17T13:17:53","guid":{"rendered":"https:\/\/www.keramikmahlwerk.ch\/webseite\/?page_id=116"},"modified":"2017-08-05T22:49:09","modified_gmt":"2017-08-05T20:49:09","slug":"agb","status":"publish","type":"page","link":"https:\/\/www.keramikmahlwerk.ch\/it\/agb\/","title":{"rendered":"Condizioni generali di contratto"},"content":{"rendered":"<style type=\"text\/css\" data-created_by=\"avia_inline_auto\" id=\"style-css-av-av_heading-ac06721b8b599ea29128cc1917501257\">\n#top .av-special-heading.av-av_heading-ac06721b8b599ea29128cc1917501257{\npadding-bottom:10px;\n}\nbody .av-special-heading.av-av_heading-ac06721b8b599ea29128cc1917501257 .av-special-heading-tag .heading-char{\nfont-size:25px;\n}\n.av-special-heading.av-av_heading-ac06721b8b599ea29128cc1917501257 .av-subheading{\nfont-size:15px;\n}\n<\/style>\n<div  class='av-special-heading av-av_heading-ac06721b8b599ea29128cc1917501257 av-special-heading-h1 blockquote modern-quote  avia-builder-el-0  el_before_av_two_third  avia-builder-el-first'><h1 class='av-special-heading-tag'  itemprop=\"headline\"  >Condizioni generali di contratto<\/h1><div class=\"special-heading-border\"><div class=\"special-heading-inner-border\"><\/div><\/div><\/div>\n\n<style type=\"text\/css\" data-created_by=\"avia_inline_auto\" id=\"style-css-av-av_two_third-352b07ef7d3bc99b2e9f92e7a9e06bdb\">\n.flex_column.av-av_two_third-352b07ef7d3bc99b2e9f92e7a9e06bdb{\nborder-radius:0px 0px 0px 0px;\npadding:0px 0px 0px 0px;\n}\n<\/style>\n<div  class='flex_column av-av_two_third-352b07ef7d3bc99b2e9f92e7a9e06bdb av_two_third  avia-builder-el-1  el_after_av_heading  el_before_av_one_third  first flex_column_div av-zero-column-padding'     ><section  class='av_textblock_section av-av_textblock-2de302bf1aa3cf4c9157dbe6f50ac7eb'   itemscope=\"itemscope\" itemtype=\"https:\/\/schema.org\/CreativeWork\" ><div class='avia_textblock'  itemprop=\"text\" ><p>Troverete maggiori informazioni nei nostri termini e condizioni generali (<a href=\"https:\/\/www.keramikmahlwerk.ch\/webseite\/wp-content\/uploads\/2017\/08\/agb-raffinessen-ch-gmbh-b2b.pdf\" target=\"_blank\" rel=\"noopener\">AGB per il B2B<\/a> e <a href=\"https:\/\/www.keramikmahlwerk.ch\/webseite\/wp-content\/uploads\/2017\/08\/agb-raffinessen-ch-gmbh-b2c.pdf\" target=\"_blank\" rel=\"noopener\">AGB per B2C<\/a>) tutte le informazioni e i regolamenti pertinenti quando si acquista uno dei nostri prodotti.<\/p>\n<p>Il nostro <a href=\"https:\/\/www.keramikmahlwerk.ch\/it\/ueber-uns\/impressum\/\">Impronta<\/a> pu\u00f2 essere trovato qui.<\/p>\n<p>Qui puoi andare al nostro <a href=\"https:\/\/www.keramikmahlwerk.ch\/it\/shop\/\">Negozio web<\/a>.<\/p>\n<\/div><\/section><\/div>\n<style type=\"text\/css\" data-created_by=\"avia_inline_auto\" id=\"style-css-av-av_one_third-2a64de42b738552fe666ca889af77e28\">\n.flex_column.av-av_one_third-2a64de42b738552fe666ca889af77e28{\nborder-radius:0px 0px 0px 0px;\npadding:0px 0px 0px 0px;\n}\n<\/style>\n<div  class='flex_column av-av_one_third-2a64de42b738552fe666ca889af77e28 av_one_third  avia-builder-el-3  el_after_av_two_third  avia-builder-el-last  flex_column_div av-zero-column-padding'     ><p>\n<style type=\"text\/css\" data-created_by=\"avia_inline_auto\" id=\"style-css-av-av_heading-fb359ba54a9d91624d935df3d682871b\">\n#top .av-special-heading.av-av_heading-fb359ba54a9d91624d935df3d682871b{\npadding-bottom:10px;\n}\nbody .av-special-heading.av-av_heading-fb359ba54a9d91624d935df3d682871b .av-special-heading-tag .heading-char{\nfont-size:25px;\n}\n.av-special-heading.av-av_heading-fb359ba54a9d91624d935df3d682871b .av-subheading{\nfont-size:15px;\n}\n<\/style>\n<div  class='av-special-heading av-av_heading-fb359ba54a9d91624d935df3d682871b av-special-heading-h2 blockquote modern-quote  avia-builder-el-4  el_before_av_textblock  avia-builder-el-first'><h2 class='av-special-heading-tag'  itemprop=\"headline\"  >Domande?<\/h2><div class=\"special-heading-border\"><div class=\"special-heading-inner-border\"><\/div><\/div><\/div><br \/>\n<section  class='av_textblock_section av-av_textblock-2de302bf1aa3cf4c9157dbe6f50ac7eb'   itemscope=\"itemscope\" itemtype=\"https:\/\/schema.org\/CreativeWork\" ><div class='avia_textblock'  itemprop=\"text\" ><p>Se avete domande o incertezze, non esitate a contattarci tramite il modulo di contatto, e-mail o telefono.<\/p>\n<p><a href=\"https:\/\/www.keramikmahlwerk.ch\/it\/webseite\/kontakt\/\">Modulo di contatto<\/a><br \/>\n<a href=\"\/it\/m&\/#97;&#x69;&#x6c;t&#111;&#x3a;&#x6d;a&#114;&#x6b;&#x75;s&#46;&#x6c;&#x65;h&#109;&#x61;&#x6e;n&#64;&#114;&#x61;&#x66;f&#105;&#x6e;&#x65;s&#115;&#x65;&#x6e;&#46;&#99;&#x68;\">&#x6d;a&#x72;&#107;u&#x73;&#46;&#x6c;&#x65;h&#x6d;&#97;n&#x6e;&#64;&#x72;&#97;f&#x66;&#105;n&#x65;&#115;&#x73;&#101;n&#x2e;&#99;&#x68;<\/a><br \/>\n031 535 33 68<\/p>\n<\/div><\/section><br \/>\n\n<style type=\"text\/css\" data-created_by=\"avia_inline_auto\" id=\"style-css-av-av_image-5cacfcb4956f83cdc6fbd1803d4e4685\">\n.avia-image-container.av-av_image-5cacfcb4956f83cdc6fbd1803d4e4685 img.avia_image{\nbox-shadow:none;\n}\n.avia-image-container.av-av_image-5cacfcb4956f83cdc6fbd1803d4e4685 .av-image-caption-overlay-center{\ncolor:#ffffff;\n}\n<\/style>\n<div  class='avia-image-container av-av_image-5cacfcb4956f83cdc6fbd1803d4e4685 av-styling- avia-align-center  avia-builder-el-6  el_after_av_textblock  avia-builder-el-last'   itemprop=\"image\" itemscope=\"itemscope\" itemtype=\"https:\/\/schema.org\/ImageObject\" ><div class=\"avia-image-container-inner\"><div class=\"avia-image-overlay-wrap\"><img decoding=\"async\" fetchpriority=\"high\" class='wp-image-115 avia-img-lazy-loading-not-115 avia_image' src=\"https:\/\/www.keramikmahlwerk.ch\/webseite\/wp-content\/uploads\/2015\/08\/keramikmahlwerk-crushgrind-wood-495x400.jpg\" alt='' title='smerigliatrice in ceramica-smerigliatrice-legno'  height=\"400\" width=\"495\"  itemprop=\"thumbnailUrl\" srcset=\"https:\/\/www.keramikmahlwerk.ch\/webseite\/wp-content\/uploads\/2015\/08\/keramikmahlwerk-crushgrind-wood-495x400.jpg 495w, https:\/\/www.keramikmahlwerk.ch\/webseite\/wp-content\/uploads\/2015\/08\/keramikmahlwerk-crushgrind-wood-845x684.jpg 845w\" sizes=\"(max-width: 495px) 100vw, 495px\" \/><\/div><\/div><\/div><\/p><\/div><\/p>","protected":false},"excerpt":{"rendered":"","protected":false},"author":1,"featured_media":0,"parent":0,"menu_order":0,"comment_status":"closed","ping_status":"closed","template":"","meta":{"footnotes":""},"class_list":["post-116","page","type-page","status-publish","hentry"],"yoast_head":"<!-- This site is optimized with the Yoast SEO plugin v27.5 - https:\/\/yoast.com\/product\/yoast-seo-wordpress\/ -->\n<title>Allgemeinen Gesch\u00e4ftsbedingungen - Keramikmahlwerke von CrushGrind<\/title>\n<meta name=\"description\" content=\"In unseren allgemeinen Gesch\u00e4ftsbedingungen finden Sie s\u00e4mtliche relevanten Bestimmungen beim Kauf eines unserer Produkte.\" \/>\n<meta name=\"robots\" content=\"index, follow, max-snippet:-1, max-image-preview:large, max-video-preview:-1\" \/>\n<link rel=\"canonical\" href=\"https:\/\/www.keramikmahlwerk.ch\/it\/agb\/\" \/>\n<meta property=\"og:locale\" content=\"it_IT\" \/>\n<meta property=\"og:type\" content=\"article\" \/>\n<meta property=\"og:title\" content=\"Allgemeinen Gesch\u00e4ftsbedingungen - Keramikmahlwerke von CrushGrind\" \/>\n<meta property=\"og:description\" content=\"In unseren allgemeinen Gesch\u00e4ftsbedingungen finden Sie s\u00e4mtliche relevanten Bestimmungen beim Kauf eines unserer Produkte.\" \/>\n<meta property=\"og:url\" content=\"https:\/\/www.keramikmahlwerk.ch\/it\/agb\/\" \/>\n<meta property=\"og:site_name\" content=\"Keramikmahlwerk von CrushGrind\u00ae\" \/>\n<meta property=\"article:modified_time\" content=\"2017-08-05T20:49:09+00:00\" \/>\n<meta name=\"twitter:card\" content=\"summary_large_image\" \/>\n<meta name=\"twitter:label1\" content=\"Tempo di lettura stimato\" \/>\n\t<meta name=\"twitter:data1\" content=\"2 minuti\" \/>\n<script type=\"application\/ld+json\" class=\"yoast-schema-graph\">{\"@context\":\"https:\\\/\\\/schema.org\",\"@graph\":[{\"@type\":\"WebPage\",\"@id\":\"https:\\\/\\\/www.keramikmahlwerk.ch\\\/fr\\\/agb\\\/\",\"url\":\"https:\\\/\\\/www.keramikmahlwerk.ch\\\/fr\\\/agb\\\/\",\"name\":\"Allgemeinen Gesch\u00e4ftsbedingungen - Keramikmahlwerke von CrushGrind\",\"isPartOf\":{\"@id\":\"https:\\\/\\\/www.keramikmahlwerk.ch\\\/#website\"},\"datePublished\":\"2015-08-17T13:17:53+00:00\",\"dateModified\":\"2017-08-05T20:49:09+00:00\",\"description\":\"In unseren allgemeinen Gesch\u00e4ftsbedingungen finden Sie s\u00e4mtliche relevanten Bestimmungen beim Kauf eines unserer Produkte.\",\"breadcrumb\":{\"@id\":\"https:\\\/\\\/www.keramikmahlwerk.ch\\\/fr\\\/agb\\\/#breadcrumb\"},\"inLanguage\":\"it-IT\",\"potentialAction\":[{\"@type\":\"ReadAction\",\"target\":[\"https:\\\/\\\/www.keramikmahlwerk.ch\\\/fr\\\/agb\\\/\"]}]},{\"@type\":\"BreadcrumbList\",\"@id\":\"https:\\\/\\\/www.keramikmahlwerk.ch\\\/fr\\\/agb\\\/#breadcrumb\",\"itemListElement\":[{\"@type\":\"ListItem\",\"position\":1,\"name\":\"Home\",\"item\":\"https:\\\/\\\/www.keramikmahlwerk.ch\\\/crush-grind\\\/\"},{\"@type\":\"ListItem\",\"position\":2,\"name\":\"Allgemeine Gesch\u00e4ftsbedingungen\"}]},{\"@type\":\"WebSite\",\"@id\":\"https:\\\/\\\/www.keramikmahlwerk.ch\\\/#website\",\"url\":\"https:\\\/\\\/www.keramikmahlwerk.ch\\\/\",\"name\":\"Keramikmahlwerk von CrushGrind\u00ae\",\"description\":\"Neben Pfeffer mahlt dieses Mahlwerk auch Salz, Chili, Zucker, Gew\u00fcrze und Kr\u00e4uter gleichm\u00e4ssig und ohne zu verkleben\",\"potentialAction\":[{\"@type\":\"SearchAction\",\"target\":{\"@type\":\"EntryPoint\",\"urlTemplate\":\"https:\\\/\\\/www.keramikmahlwerk.ch\\\/?s={search_term_string}\"},\"query-input\":{\"@type\":\"PropertyValueSpecification\",\"valueRequired\":true,\"valueName\":\"search_term_string\"}}],\"inLanguage\":\"it-IT\"}]}<\/script>\n<!-- \/ Yoast SEO plugin. -->","yoast_head_json":{"title":"Termini e condizioni generali - Smerigliatrici in ceramica di CrushGrind","description":"Nei nostri termini e condizioni generali troverete tutte le disposizioni pertinenti all'acquisto di uno dei nostri prodotti.","robots":{"index":"index","follow":"follow","max-snippet":"max-snippet:-1","max-image-preview":"max-image-preview:large","max-video-preview":"max-video-preview:-1"},"canonical":"https:\/\/www.keramikmahlwerk.ch\/it\/agb\/","og_locale":"it_IT","og_type":"article","og_title":"Allgemeinen Gesch\u00e4ftsbedingungen - Keramikmahlwerke von CrushGrind","og_description":"In unseren allgemeinen Gesch\u00e4ftsbedingungen finden Sie s\u00e4mtliche relevanten Bestimmungen beim Kauf eines unserer Produkte.","og_url":"https:\/\/www.keramikmahlwerk.ch\/it\/agb\/","og_site_name":"Keramikmahlwerk von CrushGrind\u00ae","article_modified_time":"2017-08-05T20:49:09+00:00","twitter_card":"summary_large_image","twitter_misc":{"Tempo di lettura stimato":"2 minuti"},"schema":{"@context":"https:\/\/schema.org","@graph":[{"@type":"WebPage","@id":"https:\/\/www.keramikmahlwerk.ch\/fr\/agb\/","url":"https:\/\/www.keramikmahlwerk.ch\/fr\/agb\/","name":"Termini e condizioni generali - Smerigliatrici in ceramica di CrushGrind","isPartOf":{"@id":"https:\/\/www.keramikmahlwerk.ch\/#website"},"datePublished":"2015-08-17T13:17:53+00:00","dateModified":"2017-08-05T20:49:09+00:00","description":"Nei nostri termini e condizioni generali troverete tutte le disposizioni pertinenti all'acquisto di uno dei nostri prodotti.","breadcrumb":{"@id":"https:\/\/www.keramikmahlwerk.ch\/fr\/agb\/#breadcrumb"},"inLanguage":"it-IT","potentialAction":[{"@type":"ReadAction","target":["https:\/\/www.keramikmahlwerk.ch\/fr\/agb\/"]}]},{"@type":"BreadcrumbList","@id":"https:\/\/www.keramikmahlwerk.ch\/fr\/agb\/#breadcrumb","itemListElement":[{"@type":"ListItem","position":1,"name":"Home","item":"https:\/\/www.keramikmahlwerk.ch\/crush-grind\/"},{"@type":"ListItem","position":2,"name":"Allgemeine Gesch\u00e4ftsbedingungen"}]},{"@type":"WebSite","@id":"https:\/\/www.keramikmahlwerk.ch\/#website","url":"https:\/\/www.keramikmahlwerk.ch\/","name":"Mulino di macinazione in ceramica CrushGrind","description":"Oltre al pepe, questo macinino macina anche sale, peperoncino, zucchero, spezie ed erbe in modo uniforme e senza attaccarsi","potentialAction":[{"@type":"SearchAction","target":{"@type":"EntryPoint","urlTemplate":"https:\/\/www.keramikmahlwerk.ch\/?s={search_term_string}"},"query-input":{"@type":"PropertyValueSpecification","valueRequired":true,"valueName":"search_term_string"}}],"inLanguage":"it-IT"}]}},"_links":{"self":[{"href":"https:\/\/www.keramikmahlwerk.ch\/it\/wp-json\/wp\/v2\/pages\/116","targetHints":{"allow":["GET"]}}],"collection":[{"href":"https:\/\/www.keramikmahlwerk.ch\/it\/wp-json\/wp\/v2\/pages"}],"about":[{"href":"https:\/\/www.keramikmahlwerk.ch\/it\/wp-json\/wp\/v2\/types\/page"}],"author":[{"embeddable":true,"href":"https:\/\/www.keramikmahlwerk.ch\/it\/wp-json\/wp\/v2\/users\/1"}],"replies":[{"embeddable":true,"href":"https:\/\/www.keramikmahlwerk.ch\/it\/wp-json\/wp\/v2\/comments?post=116"}],"version-history":[{"count":21,"href":"https:\/\/www.keramikmahlwerk.ch\/it\/wp-json\/wp\/v2\/pages\/116\/revisions"}],"predecessor-version":[{"id":889,"href":"https:\/\/www.keramikmahlwerk.ch\/it\/wp-json\/wp\/v2\/pages\/116\/revisions\/889"}],"wp:attachment":[{"href":"https:\/\/www.keramikmahlwerk.ch\/it\/wp-json\/wp\/v2\/media?parent=116"}],"curies":[{"name":"wp","href":"https:\/\/api.w.org\/{rel}","templated":true}]}}