{"id":167,"date":"2015-09-02T21:47:51","date_gmt":"2015-09-02T19:47:51","guid":{"rendered":"https:\/\/www.keramikmahlwerk.ch\/webseite\/?page_id=167"},"modified":"2021-03-25T22:50:29","modified_gmt":"2021-03-25T21:50:29","slug":"vorteile-eines-keramikmahlwerks","status":"publish","type":"page","link":"https:\/\/www.keramikmahlwerk.ch\/it\/vorteile-eines-keramikmahlwerks\/","title":{"rendered":"Vantaggi di un macinino in ceramica"},"content":{"rendered":"<style type=\"text\/css\" data-created_by=\"avia_inline_auto\" id=\"style-css-av-mkbyf-f06dc346aa1555439b923df20893ebbc\">\n#top .av-special-heading.av-mkbyf-f06dc346aa1555439b923df20893ebbc{\npadding-bottom:10px;\n}\nbody .av-special-heading.av-mkbyf-f06dc346aa1555439b923df20893ebbc .av-special-heading-tag .heading-char{\nfont-size:25px;\n}\n.av-special-heading.av-mkbyf-f06dc346aa1555439b923df20893ebbc .av-subheading{\nfont-size:15px;\n}\n<\/style>\n<div  class='av-special-heading av-mkbyf-f06dc346aa1555439b923df20893ebbc av-special-heading-h1 blockquote modern-quote  avia-builder-el-0  el_before_av_two_third  avia-builder-el-first'><h1 class='av-special-heading-tag'  itemprop=\"headline\"  >Perch\u00e9 un macinino in ceramica?<\/h1><div class=\"special-heading-border\"><div class=\"special-heading-inner-border\"><\/div><\/div><\/div>\n\n<style type=\"text\/css\" data-created_by=\"avia_inline_auto\" id=\"style-css-av-1r6psf-c8c1e8ae9ba4090647d24754e18d7ab3\">\n.flex_column.av-1r6psf-c8c1e8ae9ba4090647d24754e18d7ab3{\nborder-radius:0px 0px 0px 0px;\npadding:0px 0px 0px 0px;\n}\n<\/style>\n<div  class='flex_column av-1r6psf-c8c1e8ae9ba4090647d24754e18d7ab3 av_two_third  avia-builder-el-1  el_after_av_heading  el_before_av_one_fourth  first flex_column_div av-zero-column-padding'     ><p>\n<style type=\"text\/css\" data-created_by=\"avia_inline_auto\" id=\"style-css-av-g076n-8fa6f0fe7f4cc6f74c5292b09665527e\">\n#top .av-special-heading.av-g076n-8fa6f0fe7f4cc6f74c5292b09665527e{\npadding-bottom:10px;\n}\nbody .av-special-heading.av-g076n-8fa6f0fe7f4cc6f74c5292b09665527e .av-special-heading-tag .heading-char{\nfont-size:25px;\n}\n.av-special-heading.av-g076n-8fa6f0fe7f4cc6f74c5292b09665527e .av-subheading{\nfont-size:15px;\n}\n<\/style>\n<div  class='av-special-heading av-g076n-8fa6f0fe7f4cc6f74c5292b09665527e av-special-heading-h3 blockquote modern-quote  avia-builder-el-2  el_before_av_textblock  avia-builder-el-first'><h3 class='av-special-heading-tag'  itemprop=\"headline\"  >Vantaggi di un macinino in ceramica<\/h3><div class=\"special-heading-border\"><div class=\"special-heading-inner-border\"><\/div><\/div><\/div><br \/>\n<section  class='av_textblock_section av-1gb4kf-34c720bbbaab96213ff9dafc8da1b1be'   itemscope=\"itemscope\" itemtype=\"https:\/\/schema.org\/CreativeWork\" ><div class='avia_textblock'  itemprop=\"text\" ><ul>\n<li>Inossidabile, insapore, pi\u00f9 duro dell'acciaio<\/li>\n<li>Macinatura regolabile all'infinito<\/li>\n<li>Lavorazione efficiente e uniforme del materiale macinato senza appiccicare<\/li>\n<li>Macina oltre a pepe, sale e peperoncino anche molte altre spezie ed erbe<\/li>\n<li>25 anni di garanzia sulle parti in ceramica<\/li>\n<\/ul>\n<\/div><\/section><br \/>\n\n<style type=\"text\/css\" data-created_by=\"avia_inline_auto\" id=\"style-css-av-bt453-ad5d5ab7f38633c69e202ba6a85875c4\">\n#top .av-special-heading.av-bt453-ad5d5ab7f38633c69e202ba6a85875c4{\npadding-bottom:10px;\n}\nbody .av-special-heading.av-bt453-ad5d5ab7f38633c69e202ba6a85875c4 .av-special-heading-tag .heading-char{\nfont-size:25px;\n}\n.av-special-heading.av-bt453-ad5d5ab7f38633c69e202ba6a85875c4 .av-subheading{\nfont-size:15px;\n}\n<\/style>\n<div  class='av-special-heading av-bt453-ad5d5ab7f38633c69e202ba6a85875c4 av-special-heading-h3 blockquote modern-quote  avia-builder-el-4  el_after_av_textblock  el_before_av_textblock'><h3 class='av-special-heading-tag'  itemprop=\"headline\"  >I tuoi vantaggi come tornitore e trasformatore di legno<\/h3><div class=\"special-heading-border\"><div class=\"special-heading-inner-border\"><\/div><\/div><\/div><br \/>\n<section  class='av_textblock_section av-40f7b-51bd4da5238ea80ea7f68a1f7560fcd4'   itemscope=\"itemscope\" itemtype=\"https:\/\/schema.org\/CreativeWork\" ><div class='avia_textblock'  itemprop=\"text\" ><ul>\n<li>Il legno di scarto pu\u00f2 essere sensibilmente riciclato (legno grezzo da 60 x 60 x 230 mm)<\/li>\n<li>La smerigliatrice \u00e8 pi\u00f9 veloce e pi\u00f9 facile da installare rispetto ai noti prodotti in acciaio<\/li>\n<li>Ha bisogno solo di tre trapani diversi (22 mm, 38 mm e 42 mm)<\/li>\n<li>Grazie al meccanismo di fissaggio \"click\", non sono necessarie viti o colla<\/li>\n<li>Possibilit\u00e0 di design illimitate grazie a diversi tipi di smerigliatrici con e senza albero<\/li>\n<li>Un macinino per tutto (pepe, sale e peperoncino cos\u00ec come molte altre spezie ed erbe)<\/li>\n<li>Spezie esclusive e miscele di spezie raffinate in pratici barattoli di ricarica a prezzi interessanti per i rivenditori<\/li>\n<\/ul>\n<\/div><\/section><br \/>\n<section  class='av_textblock_section av-wx7kf-001e1bd21d12a64a40b78a64d4df0566'   itemscope=\"itemscope\" itemtype=\"https:\/\/schema.org\/CreativeWork\" ><div class='avia_textblock'  itemprop=\"text\" ><p>Abbiamo suscitato il vostro interesse? Allora siamo contenti di un <a href=\"https:\/\/www.keramikmahlwerk.ch\/it\/kontakt\/\">Contatta<\/a> e una conversazione personale. Saremo felici di lasciarvi un <a href=\"https:\/\/www.keramikmahlwerk.ch\/it\/kontakt\/bestellung-test-mahlwerk\/\">Grinder<\/a> per scopi di test.<\/p>\n<\/div><\/section><\/p><\/div>\n<style type=\"text\/css\" data-created_by=\"avia_inline_auto\" id=\"style-css-av-orp7j-669e7c4b5b4e12975089af68d254c1d7\">\n.flex_column.av-orp7j-669e7c4b5b4e12975089af68d254c1d7{\nborder-radius:0px 0px 0px 0px;\npadding:0px 0px 0px 0px;\n}\n<\/style>\n<div  class='flex_column av-orp7j-669e7c4b5b4e12975089af68d254c1d7 av_one_fourth  avia-builder-el-7  el_after_av_two_third  avia-builder-el-last  flex_column_div av-zero-column-padding'     ><p>\n<style type=\"text\/css\" data-created_by=\"avia_inline_auto\" id=\"style-css-av-ljg0v-97e9fcf61c5bcc34217bc1160b699652\">\n.avia-image-container.av-ljg0v-97e9fcf61c5bcc34217bc1160b699652 img.avia_image{\nbox-shadow:none;\n}\n.avia-image-container.av-ljg0v-97e9fcf61c5bcc34217bc1160b699652 .av-image-caption-overlay-center{\ncolor:#ffffff;\n}\n<\/style>\n<div  class='avia-image-container av-ljg0v-97e9fcf61c5bcc34217bc1160b699652 av-styling- av-hover-grow avia-align-center  avia-builder-el-8  el_before_av_image  avia-builder-el-first'   itemprop=\"image\" itemscope=\"itemscope\" itemtype=\"https:\/\/schema.org\/ImageObject\" ><div class=\"avia-image-container-inner\"><div class=\"avia-image-overlay-wrap\"><img decoding=\"async\" fetchpriority=\"high\" class='wp-image-965 avia-img-lazy-loading-not-965 avia_image' src=\"https:\/\/www.keramikmahlwerk.ch\/webseite\/wp-content\/uploads\/2018\/04\/crush-grind-shaft-quadratisch.jpg\" alt='' title='frantoio-macinazione-albero-quadro'  height=\"750\" width=\"750\"  itemprop=\"thumbnailUrl\" srcset=\"https:\/\/www.keramikmahlwerk.ch\/webseite\/wp-content\/uploads\/2018\/04\/crush-grind-shaft-quadratisch.jpg 750w, https:\/\/www.keramikmahlwerk.ch\/webseite\/wp-content\/uploads\/2018\/04\/crush-grind-shaft-quadratisch-80x80.jpg 80w, https:\/\/www.keramikmahlwerk.ch\/webseite\/wp-content\/uploads\/2018\/04\/crush-grind-shaft-quadratisch-300x300.jpg 300w, https:\/\/www.keramikmahlwerk.ch\/webseite\/wp-content\/uploads\/2018\/04\/crush-grind-shaft-quadratisch-36x36.jpg 36w, https:\/\/www.keramikmahlwerk.ch\/webseite\/wp-content\/uploads\/2018\/04\/crush-grind-shaft-quadratisch-180x180.jpg 180w, https:\/\/www.keramikmahlwerk.ch\/webseite\/wp-content\/uploads\/2018\/04\/crush-grind-shaft-quadratisch-705x705.jpg 705w, https:\/\/www.keramikmahlwerk.ch\/webseite\/wp-content\/uploads\/2018\/04\/crush-grind-shaft-quadratisch-100x100.jpg 100w, https:\/\/www.keramikmahlwerk.ch\/webseite\/wp-content\/uploads\/2018\/04\/crush-grind-shaft-quadratisch-450x450.jpg 450w\" sizes=\"(max-width: 750px) 100vw, 750px\" \/><\/div><\/div><\/div><br \/>\n\n<style type=\"text\/css\" data-created_by=\"avia_inline_auto\" id=\"style-css-av-dxsxz-8bdf8b180c42c8ac90b693f34da66418\">\n.avia-image-container.av-dxsxz-8bdf8b180c42c8ac90b693f34da66418 img.avia_image{\nbox-shadow:none;\n}\n.avia-image-container.av-dxsxz-8bdf8b180c42c8ac90b693f34da66418 .av-image-caption-overlay-center{\ncolor:#ffffff;\n}\n<\/style>\n<div  class='avia-image-container av-dxsxz-8bdf8b180c42c8ac90b693f34da66418 av-styling- av-hover-grow avia-align-center  avia-builder-el-9  el_after_av_image  el_before_av_image'   itemprop=\"image\" itemscope=\"itemscope\" itemtype=\"https:\/\/schema.org\/ImageObject\" ><div class=\"avia-image-container-inner\"><div class=\"avia-image-overlay-wrap\"><img decoding=\"async\" fetchpriority=\"high\" class='wp-image-967 avia-img-lazy-loading-not-967 avia_image' src=\"https:\/\/www.keramikmahlwerk.ch\/webseite\/wp-content\/uploads\/2018\/04\/crush-grind-wood-quadratisch.jpg\" alt='' title='frantumazione-rinforzo-legno-quadro'  height=\"750\" width=\"750\"  itemprop=\"thumbnailUrl\" srcset=\"https:\/\/www.keramikmahlwerk.ch\/webseite\/wp-content\/uploads\/2018\/04\/crush-grind-wood-quadratisch.jpg 750w, https:\/\/www.keramikmahlwerk.ch\/webseite\/wp-content\/uploads\/2018\/04\/crush-grind-wood-quadratisch-80x80.jpg 80w, https:\/\/www.keramikmahlwerk.ch\/webseite\/wp-content\/uploads\/2018\/04\/crush-grind-wood-quadratisch-300x300.jpg 300w, https:\/\/www.keramikmahlwerk.ch\/webseite\/wp-content\/uploads\/2018\/04\/crush-grind-wood-quadratisch-36x36.jpg 36w, https:\/\/www.keramikmahlwerk.ch\/webseite\/wp-content\/uploads\/2018\/04\/crush-grind-wood-quadratisch-180x180.jpg 180w, https:\/\/www.keramikmahlwerk.ch\/webseite\/wp-content\/uploads\/2018\/04\/crush-grind-wood-quadratisch-705x705.jpg 705w, https:\/\/www.keramikmahlwerk.ch\/webseite\/wp-content\/uploads\/2018\/04\/crush-grind-wood-quadratisch-100x100.jpg 100w, https:\/\/www.keramikmahlwerk.ch\/webseite\/wp-content\/uploads\/2018\/04\/crush-grind-wood-quadratisch-450x450.jpg 450w\" sizes=\"(max-width: 750px) 100vw, 750px\" \/><\/div><\/div><\/div><br \/>\n\n<style type=\"text\/css\" data-created_by=\"avia_inline_auto\" id=\"style-css-av-7i34f-1329e789f6ef871e1d3e1282ab9f44c2\">\n.avia-image-container.av-7i34f-1329e789f6ef871e1d3e1282ab9f44c2 img.avia_image{\nbox-shadow:none;\n}\n.avia-image-container.av-7i34f-1329e789f6ef871e1d3e1282ab9f44c2 .av-image-caption-overlay-center{\ncolor:#ffffff;\n}\n<\/style>\n<div  class='avia-image-container av-7i34f-1329e789f6ef871e1d3e1282ab9f44c2 av-styling- av-hover-grow avia-align-center  avia-builder-el-10  el_after_av_image  avia-builder-el-last'   itemprop=\"image\" itemscope=\"itemscope\" itemtype=\"https:\/\/schema.org\/ImageObject\" ><div class=\"avia-image-container-inner\"><div class=\"avia-image-overlay-wrap\"><img decoding=\"async\" fetchpriority=\"high\" class='wp-image-212 avia-img-lazy-loading-not-212 avia_image' src=\"https:\/\/www.keramikmahlwerk.ch\/webseite\/wp-content\/uploads\/2015\/09\/keramikmahlwerke-crush-grind-25-jahre-garantie-1000-e1441633533837.png\" alt='' title='smerigliatrici in ceramica-crush-grind-25-anni-garanzia-1000'  height=\"735\" width=\"732\"  itemprop=\"thumbnailUrl\" srcset=\"https:\/\/www.keramikmahlwerk.ch\/webseite\/wp-content\/uploads\/2015\/09\/keramikmahlwerke-crush-grind-25-jahre-garantie-1000-e1441633533837.png 732w, https:\/\/www.keramikmahlwerk.ch\/webseite\/wp-content\/uploads\/2015\/09\/keramikmahlwerke-crush-grind-25-jahre-garantie-1000-e1441633533837-80x80.png 80w, https:\/\/www.keramikmahlwerk.ch\/webseite\/wp-content\/uploads\/2015\/09\/keramikmahlwerke-crush-grind-25-jahre-garantie-1000-e1441633533837-300x300.png 300w, https:\/\/www.keramikmahlwerk.ch\/webseite\/wp-content\/uploads\/2015\/09\/keramikmahlwerke-crush-grind-25-jahre-garantie-1000-e1441633533837-36x36.png 36w, https:\/\/www.keramikmahlwerk.ch\/webseite\/wp-content\/uploads\/2015\/09\/keramikmahlwerke-crush-grind-25-jahre-garantie-1000-e1441633533837-180x180.png 180w, https:\/\/www.keramikmahlwerk.ch\/webseite\/wp-content\/uploads\/2015\/09\/keramikmahlwerke-crush-grind-25-jahre-garantie-1000-e1441633533837-702x705.png 702w, https:\/\/www.keramikmahlwerk.ch\/webseite\/wp-content\/uploads\/2015\/09\/keramikmahlwerke-crush-grind-25-jahre-garantie-1000-e1441633533837-120x120.png 120w, https:\/\/www.keramikmahlwerk.ch\/webseite\/wp-content\/uploads\/2015\/09\/keramikmahlwerke-crush-grind-25-jahre-garantie-1000-e1441633533837-450x452.png 450w, https:\/\/www.keramikmahlwerk.ch\/webseite\/wp-content\/uploads\/2015\/09\/keramikmahlwerke-crush-grind-25-jahre-garantie-1000-e1441633533837-100x100.png 100w\" sizes=\"(max-width: 732px) 100vw, 732px\" \/><\/div><\/div><\/div><\/p><\/div><\/p>","protected":false},"excerpt":{"rendered":"","protected":false},"author":1,"featured_media":0,"parent":0,"menu_order":0,"comment_status":"closed","ping_status":"closed","template":"","meta":{"footnotes":""},"class_list":["post-167","page","type-page","status-publish","hentry"],"yoast_head":"<!-- This site is optimized with the Yoast SEO plugin v27.6 - https:\/\/yoast.com\/product\/yoast-seo-wordpress\/ -->\n<title>Vorteile eines Keramikmahlwerks<\/title>\n<meta name=\"description\" content=\"Es gibt mehrere Vorteile eines Keramikmahlwerkes. Das Mahlwerk eignete sich neben Pfeffer auch f\u00fcr andere Gew\u00fcrze und ist sehr robust. 25 Jahre Garantie.\" \/>\n<meta name=\"robots\" content=\"index, follow, max-snippet:-1, max-image-preview:large, max-video-preview:-1\" \/>\n<link rel=\"canonical\" href=\"https:\/\/www.keramikmahlwerk.ch\/it\/vorteile-eines-keramikmahlwerks\/\" \/>\n<meta property=\"og:locale\" content=\"it_IT\" \/>\n<meta property=\"og:type\" content=\"article\" \/>\n<meta property=\"og:title\" content=\"Vorteile eines Keramikmahlwerks\" \/>\n<meta property=\"og:description\" content=\"Es gibt mehrere Vorteile eines Keramikmahlwerkes. Das Mahlwerk eignete sich neben Pfeffer auch f\u00fcr andere Gew\u00fcrze und ist sehr robust. 25 Jahre Garantie.\" \/>\n<meta property=\"og:url\" content=\"https:\/\/www.keramikmahlwerk.ch\/it\/vorteile-eines-keramikmahlwerks\/\" \/>\n<meta property=\"og:site_name\" content=\"Keramikmahlwerk von CrushGrind\u00ae\" \/>\n<meta property=\"article:modified_time\" content=\"2021-03-25T21:50:29+00:00\" \/>\n<meta name=\"twitter:card\" content=\"summary_large_image\" \/>\n<meta name=\"twitter:label1\" content=\"Tempo di lettura stimato\" \/>\n\t<meta name=\"twitter:data1\" content=\"4 minuti\" \/>\n<script type=\"application\/ld+json\" class=\"yoast-schema-graph\">{\"@context\":\"https:\\\/\\\/schema.org\",\"@graph\":[{\"@type\":\"WebPage\",\"@id\":\"https:\\\/\\\/www.keramikmahlwerk.ch\\\/vorteile-eines-keramikmahlwerks\\\/\",\"url\":\"https:\\\/\\\/www.keramikmahlwerk.ch\\\/vorteile-eines-keramikmahlwerks\\\/\",\"name\":\"Vorteile eines Keramikmahlwerks\",\"isPartOf\":{\"@id\":\"https:\\\/\\\/www.keramikmahlwerk.ch\\\/#website\"},\"datePublished\":\"2015-09-02T19:47:51+00:00\",\"dateModified\":\"2021-03-25T21:50:29+00:00\",\"description\":\"Es gibt mehrere Vorteile eines Keramikmahlwerkes. Das Mahlwerk eignete sich neben Pfeffer auch f\u00fcr andere Gew\u00fcrze und ist sehr robust. 25 Jahre Garantie.\",\"breadcrumb\":{\"@id\":\"https:\\\/\\\/www.keramikmahlwerk.ch\\\/vorteile-eines-keramikmahlwerks\\\/#breadcrumb\"},\"inLanguage\":\"it-IT\",\"potentialAction\":[{\"@type\":\"ReadAction\",\"target\":[\"https:\\\/\\\/www.keramikmahlwerk.ch\\\/vorteile-eines-keramikmahlwerks\\\/\"]}]},{\"@type\":\"BreadcrumbList\",\"@id\":\"https:\\\/\\\/www.keramikmahlwerk.ch\\\/vorteile-eines-keramikmahlwerks\\\/#breadcrumb\",\"itemListElement\":[{\"@type\":\"ListItem\",\"position\":1,\"name\":\"Home\",\"item\":\"https:\\\/\\\/www.keramikmahlwerk.ch\\\/crush-grind\\\/\"},{\"@type\":\"ListItem\",\"position\":2,\"name\":\"Vorteile eines Keramikmahlwerks\"}]},{\"@type\":\"WebSite\",\"@id\":\"https:\\\/\\\/www.keramikmahlwerk.ch\\\/#website\",\"url\":\"https:\\\/\\\/www.keramikmahlwerk.ch\\\/\",\"name\":\"Keramikmahlwerk von CrushGrind\u00ae\",\"description\":\"Neben Pfeffer mahlt dieses Mahlwerk auch Salz, Chili, Zucker, Gew\u00fcrze und Kr\u00e4uter gleichm\u00e4ssig und ohne zu verkleben\",\"potentialAction\":[{\"@type\":\"SearchAction\",\"target\":{\"@type\":\"EntryPoint\",\"urlTemplate\":\"https:\\\/\\\/www.keramikmahlwerk.ch\\\/?s={search_term_string}\"},\"query-input\":{\"@type\":\"PropertyValueSpecification\",\"valueRequired\":true,\"valueName\":\"search_term_string\"}}],\"inLanguage\":\"it-IT\"}]}<\/script>\n<!-- \/ Yoast SEO plugin. -->","yoast_head_json":{"title":"Vantaggi di un macinino in ceramica","description":"Ci sono diversi vantaggi di un macinino in ceramica. Il macinino era adatto ad altre spezie oltre al pepe ed \u00e8 molto robusto. 25 anni di garanzia.","robots":{"index":"index","follow":"follow","max-snippet":"max-snippet:-1","max-image-preview":"max-image-preview:large","max-video-preview":"max-video-preview:-1"},"canonical":"https:\/\/www.keramikmahlwerk.ch\/it\/vorteile-eines-keramikmahlwerks\/","og_locale":"it_IT","og_type":"article","og_title":"Vorteile eines Keramikmahlwerks","og_description":"Es gibt mehrere Vorteile eines Keramikmahlwerkes. Das Mahlwerk eignete sich neben Pfeffer auch f\u00fcr andere Gew\u00fcrze und ist sehr robust. 25 Jahre Garantie.","og_url":"https:\/\/www.keramikmahlwerk.ch\/it\/vorteile-eines-keramikmahlwerks\/","og_site_name":"Keramikmahlwerk von CrushGrind\u00ae","article_modified_time":"2021-03-25T21:50:29+00:00","twitter_card":"summary_large_image","twitter_misc":{"Tempo di lettura stimato":"4 minuti"},"schema":{"@context":"https:\/\/schema.org","@graph":[{"@type":"WebPage","@id":"https:\/\/www.keramikmahlwerk.ch\/vorteile-eines-keramikmahlwerks\/","url":"https:\/\/www.keramikmahlwerk.ch\/vorteile-eines-keramikmahlwerks\/","name":"Vantaggi di un macinino in ceramica","isPartOf":{"@id":"https:\/\/www.keramikmahlwerk.ch\/#website"},"datePublished":"2015-09-02T19:47:51+00:00","dateModified":"2021-03-25T21:50:29+00:00","description":"Ci sono diversi vantaggi di un macinino in ceramica. Il macinino era adatto ad altre spezie oltre al pepe ed \u00e8 molto robusto. 25 anni di garanzia.","breadcrumb":{"@id":"https:\/\/www.keramikmahlwerk.ch\/vorteile-eines-keramikmahlwerks\/#breadcrumb"},"inLanguage":"it-IT","potentialAction":[{"@type":"ReadAction","target":["https:\/\/www.keramikmahlwerk.ch\/vorteile-eines-keramikmahlwerks\/"]}]},{"@type":"BreadcrumbList","@id":"https:\/\/www.keramikmahlwerk.ch\/vorteile-eines-keramikmahlwerks\/#breadcrumb","itemListElement":[{"@type":"ListItem","position":1,"name":"Home","item":"https:\/\/www.keramikmahlwerk.ch\/crush-grind\/"},{"@type":"ListItem","position":2,"name":"Vorteile eines Keramikmahlwerks"}]},{"@type":"WebSite","@id":"https:\/\/www.keramikmahlwerk.ch\/#website","url":"https:\/\/www.keramikmahlwerk.ch\/","name":"Mulino di macinazione in ceramica CrushGrind","description":"Oltre al pepe, questo macinino macina anche sale, peperoncino, zucchero, spezie ed erbe in modo uniforme e senza attaccarsi","potentialAction":[{"@type":"SearchAction","target":{"@type":"EntryPoint","urlTemplate":"https:\/\/www.keramikmahlwerk.ch\/?s={search_term_string}"},"query-input":{"@type":"PropertyValueSpecification","valueRequired":true,"valueName":"search_term_string"}}],"inLanguage":"it-IT"}]}},"_links":{"self":[{"href":"https:\/\/www.keramikmahlwerk.ch\/it\/wp-json\/wp\/v2\/pages\/167","targetHints":{"allow":["GET"]}}],"collection":[{"href":"https:\/\/www.keramikmahlwerk.ch\/it\/wp-json\/wp\/v2\/pages"}],"about":[{"href":"https:\/\/www.keramikmahlwerk.ch\/it\/wp-json\/wp\/v2\/types\/page"}],"author":[{"embeddable":true,"href":"https:\/\/www.keramikmahlwerk.ch\/it\/wp-json\/wp\/v2\/users\/1"}],"replies":[{"embeddable":true,"href":"https:\/\/www.keramikmahlwerk.ch\/it\/wp-json\/wp\/v2\/comments?post=167"}],"version-history":[{"count":28,"href":"https:\/\/www.keramikmahlwerk.ch\/it\/wp-json\/wp\/v2\/pages\/167\/revisions"}],"predecessor-version":[{"id":6087,"href":"https:\/\/www.keramikmahlwerk.ch\/it\/wp-json\/wp\/v2\/pages\/167\/revisions\/6087"}],"wp:attachment":[{"href":"https:\/\/www.keramikmahlwerk.ch\/it\/wp-json\/wp\/v2\/media?parent=167"}],"curies":[{"name":"wp","href":"https:\/\/api.w.org\/{rel}","templated":true}]}}