{"id":219,"date":"2015-09-08T09:22:00","date_gmt":"2015-09-08T07:22:00","guid":{"rendered":"https:\/\/www.keramikmahlwerk.ch\/webseite\/?page_id=219"},"modified":"2023-08-31T22:08:59","modified_gmt":"2023-08-31T20:08:59","slug":"impressum","status":"publish","type":"page","link":"https:\/\/www.keramikmahlwerk.ch\/it\/ueber-uns\/impressum\/","title":{"rendered":"Impronta"},"content":{"rendered":"<style type=\"text\/css\" data-created_by=\"avia_inline_auto\" id=\"style-css-av-15bibn-eaf4e110e8f8fc729d795ce3f02d8072\">\n.flex_column.av-15bibn-eaf4e110e8f8fc729d795ce3f02d8072{\nborder-radius:0px 0px 0px 0px;\npadding:0px 0px 0px 0px;\n}\n<\/style>\n<div  class='flex_column av-15bibn-eaf4e110e8f8fc729d795ce3f02d8072 av_two_third  avia-builder-el-0  el_before_av_one_third  avia-builder-el-first  first flex_column_div av-zero-column-padding'     ><p>\n<style type=\"text\/css\" data-created_by=\"avia_inline_auto\" id=\"style-css-av-7yodv-aeb33943c3ec94b4b403e8d3f824dcef\">\n#top .av-special-heading.av-7yodv-aeb33943c3ec94b4b403e8d3f824dcef{\npadding-bottom:10px;\n}\nbody .av-special-heading.av-7yodv-aeb33943c3ec94b4b403e8d3f824dcef .av-special-heading-tag .heading-char{\nfont-size:25px;\n}\n.av-special-heading.av-7yodv-aeb33943c3ec94b4b403e8d3f824dcef .av-subheading{\nfont-size:15px;\n}\n<\/style>\n<div  class='av-special-heading av-7yodv-aeb33943c3ec94b4b403e8d3f824dcef av-special-heading-h1 blockquote modern-quote  avia-builder-el-1  el_before_av_textblock  avia-builder-el-first'><h1 class='av-special-heading-tag'  itemprop=\"headline\"  >Impronta<\/h1><div class=\"special-heading-border\"><div class=\"special-heading-inner-border\"><\/div><\/div><\/div><br \/>\n<section  class='av_textblock_section av-tmbij-561b1efb776191f3c8d62e571cde6d93'   itemscope=\"itemscope\" itemtype=\"https:\/\/schema.org\/CreativeWork\" ><div class='avia_textblock'  itemprop=\"text\" ><h3>Indirizzo di contatto<\/h3>\n<p>raffinessen.ch GmbH<br \/>\nWasserwerkgasse 2<br \/>\n3011 Berna<br \/>\n<a href=\"\/it\/&\/#109;&#x61;&#105;&#x6c;t&#111;&#x3a;&#105;&#x6e;f&#x6f;&#64;&#114;&#x61;&#102;&#x66;i&#x6e;&#x65;&#115;&#x73;e&#x6e;&#46;&#99;&#x68;\">&#105;&#x6e;&#102;&#x6f;&#64;&#x72;a&#x66;f&#105;&#x6e;&#101;&#x73;&#115;&#x65;n&#x2e;c&#104;<\/a><\/p>\n<h3>Rappresentanti autorizzati<\/h3>\n<p>Markus Lehmann - Amministratore delegato<\/p>\n<h3>Iscrizione nel registro commerciale<\/h3>\n<p>Nome della societ\u00e0 registrata: raffinessen.ch GmbH<br \/>\nNumero: CHE-113.730.812<br \/>\nUfficio del registro commerciale: Bolligen<\/p>\n<h3>Numero di partita IVA<\/h3>\n<p>CHE-113.730.812 IVA<\/p>\n<h3>Disclaimer<\/h3>\n<p>L'autore non si assume alcuna responsabilit\u00e0 per la correttezza, l'accuratezza, la tempestivit\u00e0, l'affidabilit\u00e0 e la completezza delle informazioni.<\/p>\n<p>I reclami di responsabilit\u00e0 per danni causati dall'uso di qualsiasi informazione fornita, incluso qualsiasi tipo di informazione incompleta o errata, saranno quindi respinti.<\/p>\n<p>Tutte le offerte non sono vincolanti. L'autore si riserva espressamente il diritto di cambiare, completare o cancellare parti delle pagine o l'intera offerta senza preavviso o di interrompere la pubblicazione temporaneamente o permanentemente.<\/p>\n<h3>Responsabilit\u00e0 per i link<\/h3>\n<p>I riferimenti e i link a siti web di terzi sono al di fuori della nostra area di responsabilit\u00e0. Si declina ogni responsabilit\u00e0 per tali siti web. L'accesso e l'uso di tali siti web \u00e8 a rischio e pericolo dell'utente.<\/p>\n<h3>Copyright<\/h3>\n<p>Il copyright e tutti gli altri diritti sui contenuti, immagini, foto o altri file del sito web appartengono esclusivamente a <strong>della societ\u00e0 raffinessen.ch<\/strong> o i detentori del copyright specificamente nominati. Il consenso scritto dei detentori del copyright deve essere ottenuto in anticipo per la riproduzione di qualsiasi elemento.<\/p>\n<h3>Protezione dei dati<\/h3>\n<p>In base all'articolo 13 della Costituzione federale svizzera e alle disposizioni della Confederazione in materia di protezione dei dati (Legge sulla protezione dei dati, LPD), ogni persona ha diritto alla protezione della sua sfera privata e alla protezione contro l'abuso dei suoi dati personali. Noi rispettiamo queste disposizioni. I dati personali sono trattati in modo strettamente confidenziale e non vengono venduti n\u00e9 trasmessi a terzi.<\/p>\n<p>In stretta collaborazione con i nostri fornitori di hosting, ci sforziamo di proteggere al meglio le banche dati da accessi non autorizzati, perdite, abusi o falsificazioni.<\/p>\n<p>Quando si accede ai nostri siti web, i seguenti dati vengono memorizzati in file di log: Indirizzo IP, data, ora, richiesta del browser e informazioni generali trasmesse sul sistema operativo o sul browser. Questi dati di utilizzo costituiscono la base per valutazioni statistiche e anonime, in modo da poter identificare le tendenze, che possiamo utilizzare per migliorare di conseguenza le nostre offerte.<\/p>\n<h3>Informativa sulla privacy<\/h3>\n<p>Il nostro <a href=\"https:\/\/www.keramikmahlwerk.ch\/it\/datenschutzerklaerung\/\">Informativa sulla privacy<\/a> pu\u00f2 essere trovato qui.<\/p>\n<\/div><\/section><\/p><\/div>\n<style type=\"text\/css\" data-created_by=\"avia_inline_auto\" id=\"style-css-av-k7xez-49b9d853c491e9e2d460c6397c4616ca\">\n.flex_column.av-k7xez-49b9d853c491e9e2d460c6397c4616ca{\nborder-radius:0px 0px 0px 0px;\npadding:0px 0px 0px 0px;\n}\n<\/style>\n<div  class='flex_column av-k7xez-49b9d853c491e9e2d460c6397c4616ca av_one_third  avia-builder-el-3  el_after_av_two_third  avia-builder-el-last  flex_column_div av-zero-column-padding'     ><p><section  class='av_textblock_section av-h5bxn-c41148f90bb18619132d8e3d21411415'   itemscope=\"itemscope\" itemtype=\"https:\/\/schema.org\/CreativeWork\" ><div class='avia_textblock'  itemprop=\"text\" ><p><strong>CrushGrind\u00ae \u00e8 un marchio registrato di IDEAS Denmark.<\/strong><\/p>\n<\/div><\/section><br \/>\n\n<style type=\"text\/css\" data-created_by=\"avia_inline_auto\" id=\"style-css-av-8rzxv-5cd3189767c4cb39263e63543601cbb2\">\n.avia-image-container.av-8rzxv-5cd3189767c4cb39263e63543601cbb2 img.avia_image{\nbox-shadow:none;\n}\n.avia-image-container.av-8rzxv-5cd3189767c4cb39263e63543601cbb2 .av-image-caption-overlay-center{\ncolor:#ffffff;\n}\n<\/style>\n<div  class='avia-image-container av-8rzxv-5cd3189767c4cb39263e63543601cbb2 av-styling- avia-align-center  avia-builder-el-5  el_after_av_textblock  el_before_av_image'   itemprop=\"image\" itemscope=\"itemscope\" itemtype=\"https:\/\/schema.org\/ImageObject\" ><div class=\"avia-image-container-inner\"><div class=\"avia-image-overlay-wrap\"><img decoding=\"async\" fetchpriority=\"high\" class='wp-image-212 avia-img-lazy-loading-not-212 avia_image' src=\"https:\/\/www.keramikmahlwerk.ch\/webseite\/wp-content\/uploads\/2015\/09\/keramikmahlwerke-crush-grind-25-jahre-garantie-1000-e1441633533837-300x300.png\" alt='' title='smerigliatrici in ceramica-crush-grind-25-anni-garanzia-1000'  height=\"300\" width=\"300\"  itemprop=\"thumbnailUrl\" srcset=\"https:\/\/www.keramikmahlwerk.ch\/webseite\/wp-content\/uploads\/2015\/09\/keramikmahlwerke-crush-grind-25-jahre-garantie-1000-e1441633533837-300x300.png 300w, https:\/\/www.keramikmahlwerk.ch\/webseite\/wp-content\/uploads\/2015\/09\/keramikmahlwerke-crush-grind-25-jahre-garantie-1000-e1441633533837-80x80.png 80w, https:\/\/www.keramikmahlwerk.ch\/webseite\/wp-content\/uploads\/2015\/09\/keramikmahlwerke-crush-grind-25-jahre-garantie-1000-e1441633533837-36x36.png 36w, https:\/\/www.keramikmahlwerk.ch\/webseite\/wp-content\/uploads\/2015\/09\/keramikmahlwerke-crush-grind-25-jahre-garantie-1000-e1441633533837-180x180.png 180w, https:\/\/www.keramikmahlwerk.ch\/webseite\/wp-content\/uploads\/2015\/09\/keramikmahlwerke-crush-grind-25-jahre-garantie-1000-e1441633533837-702x705.png 702w, https:\/\/www.keramikmahlwerk.ch\/webseite\/wp-content\/uploads\/2015\/09\/keramikmahlwerke-crush-grind-25-jahre-garantie-1000-e1441633533837-120x120.png 120w, https:\/\/www.keramikmahlwerk.ch\/webseite\/wp-content\/uploads\/2015\/09\/keramikmahlwerke-crush-grind-25-jahre-garantie-1000-e1441633533837-450x450.png 450w, https:\/\/www.keramikmahlwerk.ch\/webseite\/wp-content\/uploads\/2015\/09\/keramikmahlwerke-crush-grind-25-jahre-garantie-1000-e1441633533837-100x100.png 100w, https:\/\/www.keramikmahlwerk.ch\/webseite\/wp-content\/uploads\/2015\/09\/keramikmahlwerke-crush-grind-25-jahre-garantie-1000-e1441633533837.png 732w\" sizes=\"(max-width: 300px) 100vw, 300px\" \/><\/div><\/div><\/div><br \/>\n\n<style type=\"text\/css\" data-created_by=\"avia_inline_auto\" id=\"style-css-av-8rzxv-103743cc583fe690219022b0d1673e63\">\n.avia-image-container.av-8rzxv-103743cc583fe690219022b0d1673e63 img.avia_image{\nbox-shadow:none;\n}\n.avia-image-container.av-8rzxv-103743cc583fe690219022b0d1673e63 .av-image-caption-overlay-center{\ncolor:#ffffff;\n}\n<\/style>\n<div  class='avia-image-container av-8rzxv-103743cc583fe690219022b0d1673e63 av-styling- avia-align-center  avia-builder-el-6  el_after_av_image  avia-builder-el-last'   itemprop=\"image\" itemscope=\"itemscope\" itemtype=\"https:\/\/schema.org\/ImageObject\" ><div class=\"avia-image-container-inner\"><div class=\"avia-image-overlay-wrap\"><img decoding=\"async\" fetchpriority=\"high\" class='wp-image-965 avia-img-lazy-loading-not-965 avia_image' src=\"https:\/\/www.keramikmahlwerk.ch\/webseite\/wp-content\/uploads\/2018\/04\/crush-grind-shaft-quadratisch.jpg\" alt='' title='frantoio-macinazione-albero-quadro'  height=\"750\" width=\"750\"  itemprop=\"thumbnailUrl\" srcset=\"https:\/\/www.keramikmahlwerk.ch\/webseite\/wp-content\/uploads\/2018\/04\/crush-grind-shaft-quadratisch.jpg 750w, https:\/\/www.keramikmahlwerk.ch\/webseite\/wp-content\/uploads\/2018\/04\/crush-grind-shaft-quadratisch-80x80.jpg 80w, https:\/\/www.keramikmahlwerk.ch\/webseite\/wp-content\/uploads\/2018\/04\/crush-grind-shaft-quadratisch-300x300.jpg 300w, https:\/\/www.keramikmahlwerk.ch\/webseite\/wp-content\/uploads\/2018\/04\/crush-grind-shaft-quadratisch-36x36.jpg 36w, https:\/\/www.keramikmahlwerk.ch\/webseite\/wp-content\/uploads\/2018\/04\/crush-grind-shaft-quadratisch-180x180.jpg 180w, https:\/\/www.keramikmahlwerk.ch\/webseite\/wp-content\/uploads\/2018\/04\/crush-grind-shaft-quadratisch-705x705.jpg 705w, https:\/\/www.keramikmahlwerk.ch\/webseite\/wp-content\/uploads\/2018\/04\/crush-grind-shaft-quadratisch-100x100.jpg 100w, https:\/\/www.keramikmahlwerk.ch\/webseite\/wp-content\/uploads\/2018\/04\/crush-grind-shaft-quadratisch-450x450.jpg 450w\" sizes=\"(max-width: 750px) 100vw, 750px\" \/><\/div><\/div><\/div><\/p><\/div><\/p>","protected":false},"excerpt":{"rendered":"","protected":false},"author":1,"featured_media":0,"parent":355,"menu_order":0,"comment_status":"closed","ping_status":"closed","template":"","meta":{"footnotes":""},"class_list":["post-219","page","type-page","status-publish","hentry"],"yoast_head":"<!-- This site is optimized with the Yoast SEO plugin v27.5 - https:\/\/yoast.com\/product\/yoast-seo-wordpress\/ -->\n<title>Impressum<\/title>\n<meta name=\"description\" content=\"Impressum von Keramikmahlwerk.ch.\" \/>\n<meta name=\"robots\" content=\"index, follow, max-snippet:-1, max-image-preview:large, max-video-preview:-1\" \/>\n<link rel=\"canonical\" href=\"https:\/\/www.keramikmahlwerk.ch\/it\/ueber-uns\/impressum\/\" \/>\n<meta property=\"og:locale\" content=\"it_IT\" \/>\n<meta property=\"og:type\" content=\"article\" \/>\n<meta property=\"og:title\" content=\"Impressum\" \/>\n<meta property=\"og:description\" content=\"Impressum von Keramikmahlwerk.ch.\" \/>\n<meta property=\"og:url\" content=\"https:\/\/www.keramikmahlwerk.ch\/it\/ueber-uns\/impressum\/\" \/>\n<meta property=\"og:site_name\" content=\"Keramikmahlwerk von CrushGrind\u00ae\" \/>\n<meta property=\"article:modified_time\" content=\"2023-08-31T20:08:59+00:00\" \/>\n<meta name=\"twitter:card\" content=\"summary_large_image\" \/>\n<meta name=\"twitter:label1\" content=\"Tempo di lettura stimato\" \/>\n\t<meta name=\"twitter:data1\" content=\"3 minuti\" \/>\n<script type=\"application\/ld+json\" class=\"yoast-schema-graph\">{\"@context\":\"https:\\\/\\\/schema.org\",\"@graph\":[{\"@type\":\"WebPage\",\"@id\":\"https:\\\/\\\/www.keramikmahlwerk.ch\\\/ueber-uns\\\/impressum\\\/\",\"url\":\"https:\\\/\\\/www.keramikmahlwerk.ch\\\/ueber-uns\\\/impressum\\\/\",\"name\":\"Impressum\",\"isPartOf\":{\"@id\":\"https:\\\/\\\/www.keramikmahlwerk.ch\\\/#website\"},\"datePublished\":\"2015-09-08T07:22:00+00:00\",\"dateModified\":\"2023-08-31T20:08:59+00:00\",\"description\":\"Impressum von Keramikmahlwerk.ch.\",\"breadcrumb\":{\"@id\":\"https:\\\/\\\/www.keramikmahlwerk.ch\\\/ueber-uns\\\/impressum\\\/#breadcrumb\"},\"inLanguage\":\"it-IT\",\"potentialAction\":[{\"@type\":\"ReadAction\",\"target\":[\"https:\\\/\\\/www.keramikmahlwerk.ch\\\/ueber-uns\\\/impressum\\\/\"]}]},{\"@type\":\"BreadcrumbList\",\"@id\":\"https:\\\/\\\/www.keramikmahlwerk.ch\\\/ueber-uns\\\/impressum\\\/#breadcrumb\",\"itemListElement\":[{\"@type\":\"ListItem\",\"position\":1,\"name\":\"Home\",\"item\":\"https:\\\/\\\/www.keramikmahlwerk.ch\\\/crush-grind\\\/\"},{\"@type\":\"ListItem\",\"position\":2,\"name\":\"\u00dcber uns\",\"item\":\"https:\\\/\\\/www.keramikmahlwerk.ch\\\/ueber-uns\\\/\"},{\"@type\":\"ListItem\",\"position\":3,\"name\":\"Impressum\"}]},{\"@type\":\"WebSite\",\"@id\":\"https:\\\/\\\/www.keramikmahlwerk.ch\\\/#website\",\"url\":\"https:\\\/\\\/www.keramikmahlwerk.ch\\\/\",\"name\":\"Keramikmahlwerk von CrushGrind\u00ae\",\"description\":\"Neben Pfeffer mahlt dieses Mahlwerk auch Salz, Chili, Zucker, Gew\u00fcrze und Kr\u00e4uter gleichm\u00e4ssig und ohne zu verkleben\",\"potentialAction\":[{\"@type\":\"SearchAction\",\"target\":{\"@type\":\"EntryPoint\",\"urlTemplate\":\"https:\\\/\\\/www.keramikmahlwerk.ch\\\/?s={search_term_string}\"},\"query-input\":{\"@type\":\"PropertyValueSpecification\",\"valueRequired\":true,\"valueName\":\"search_term_string\"}}],\"inLanguage\":\"it-IT\"}]}<\/script>\n<!-- \/ Yoast SEO plugin. -->","yoast_head_json":{"title":"Impronta","description":"Impronta di Keramikmahlwerk.ch.","robots":{"index":"index","follow":"follow","max-snippet":"max-snippet:-1","max-image-preview":"max-image-preview:large","max-video-preview":"max-video-preview:-1"},"canonical":"https:\/\/www.keramikmahlwerk.ch\/it\/ueber-uns\/impressum\/","og_locale":"it_IT","og_type":"article","og_title":"Impressum","og_description":"Impressum von Keramikmahlwerk.ch.","og_url":"https:\/\/www.keramikmahlwerk.ch\/it\/ueber-uns\/impressum\/","og_site_name":"Keramikmahlwerk von CrushGrind\u00ae","article_modified_time":"2023-08-31T20:08:59+00:00","twitter_card":"summary_large_image","twitter_misc":{"Tempo di lettura stimato":"3 minuti"},"schema":{"@context":"https:\/\/schema.org","@graph":[{"@type":"WebPage","@id":"https:\/\/www.keramikmahlwerk.ch\/ueber-uns\/impressum\/","url":"https:\/\/www.keramikmahlwerk.ch\/ueber-uns\/impressum\/","name":"Impronta","isPartOf":{"@id":"https:\/\/www.keramikmahlwerk.ch\/#website"},"datePublished":"2015-09-08T07:22:00+00:00","dateModified":"2023-08-31T20:08:59+00:00","description":"Impronta di Keramikmahlwerk.ch.","breadcrumb":{"@id":"https:\/\/www.keramikmahlwerk.ch\/ueber-uns\/impressum\/#breadcrumb"},"inLanguage":"it-IT","potentialAction":[{"@type":"ReadAction","target":["https:\/\/www.keramikmahlwerk.ch\/ueber-uns\/impressum\/"]}]},{"@type":"BreadcrumbList","@id":"https:\/\/www.keramikmahlwerk.ch\/ueber-uns\/impressum\/#breadcrumb","itemListElement":[{"@type":"ListItem","position":1,"name":"Home","item":"https:\/\/www.keramikmahlwerk.ch\/crush-grind\/"},{"@type":"ListItem","position":2,"name":"\u00dcber uns","item":"https:\/\/www.keramikmahlwerk.ch\/ueber-uns\/"},{"@type":"ListItem","position":3,"name":"Impressum"}]},{"@type":"WebSite","@id":"https:\/\/www.keramikmahlwerk.ch\/#website","url":"https:\/\/www.keramikmahlwerk.ch\/","name":"Mulino di macinazione in ceramica CrushGrind","description":"Oltre al pepe, questo macinino macina anche sale, peperoncino, zucchero, spezie ed erbe in modo uniforme e senza attaccarsi","potentialAction":[{"@type":"SearchAction","target":{"@type":"EntryPoint","urlTemplate":"https:\/\/www.keramikmahlwerk.ch\/?s={search_term_string}"},"query-input":{"@type":"PropertyValueSpecification","valueRequired":true,"valueName":"search_term_string"}}],"inLanguage":"it-IT"}]}},"_links":{"self":[{"href":"https:\/\/www.keramikmahlwerk.ch\/it\/wp-json\/wp\/v2\/pages\/219","targetHints":{"allow":["GET"]}}],"collection":[{"href":"https:\/\/www.keramikmahlwerk.ch\/it\/wp-json\/wp\/v2\/pages"}],"about":[{"href":"https:\/\/www.keramikmahlwerk.ch\/it\/wp-json\/wp\/v2\/types\/page"}],"author":[{"embeddable":true,"href":"https:\/\/www.keramikmahlwerk.ch\/it\/wp-json\/wp\/v2\/users\/1"}],"replies":[{"embeddable":true,"href":"https:\/\/www.keramikmahlwerk.ch\/it\/wp-json\/wp\/v2\/comments?post=219"}],"version-history":[{"count":22,"href":"https:\/\/www.keramikmahlwerk.ch\/it\/wp-json\/wp\/v2\/pages\/219\/revisions"}],"predecessor-version":[{"id":8324,"href":"https:\/\/www.keramikmahlwerk.ch\/it\/wp-json\/wp\/v2\/pages\/219\/revisions\/8324"}],"up":[{"embeddable":true,"href":"https:\/\/www.keramikmahlwerk.ch\/it\/wp-json\/wp\/v2\/pages\/355"}],"wp:attachment":[{"href":"https:\/\/www.keramikmahlwerk.ch\/it\/wp-json\/wp\/v2\/media?parent=219"}],"curies":[{"name":"wp","href":"https:\/\/api.w.org\/{rel}","templated":true}]}}