{"id":24,"date":"2015-06-17T22:32:26","date_gmt":"2015-06-17T20:32:26","guid":{"rendered":"https:\/\/www.keramikmahlwerk.ch\/webseite\/?page_id=24"},"modified":"2021-08-12T11:42:41","modified_gmt":"2021-08-12T09:42:41","slug":"crushgrind-shaft","status":"publish","type":"page","link":"https:\/\/www.keramikmahlwerk.ch\/it\/crushgrind-shaft\/","title":{"rendered":"Meccanismo di macinazione in ceramica Albero CrushGrind"},"content":{"rendered":"<style type=\"text\/css\" data-created_by=\"avia_inline_auto\" id=\"style-css-av-1qe08-ab6b274b545e85210b2e74a023b7e928\">\n#top .av-special-heading.av-1qe08-ab6b274b545e85210b2e74a023b7e928{\npadding-bottom:10px;\n}\nbody .av-special-heading.av-1qe08-ab6b274b545e85210b2e74a023b7e928 .av-special-heading-tag .heading-char{\nfont-size:25px;\n}\n.av-special-heading.av-1qe08-ab6b274b545e85210b2e74a023b7e928 .av-subheading{\nfont-size:15px;\n}\n<\/style>\n<div  class='av-special-heading av-1qe08-ab6b274b545e85210b2e74a023b7e928 av-special-heading-h1 blockquote modern-quote  avia-builder-el-0  el_before_av_three_fifth  avia-builder-el-first'><h1 class='av-special-heading-tag'  itemprop=\"headline\"  >CrushGrind\u00ae Shaft<\/h1><div class=\"special-heading-border\"><div class=\"special-heading-inner-border\"><\/div><\/div><\/div>\n\n<style type=\"text\/css\" data-created_by=\"avia_inline_auto\" id=\"style-css-av-73ylo-6444fab94ca5591606e5631326bfec51\">\n.flex_column.av-73ylo-6444fab94ca5591606e5631326bfec51{\nborder-radius:0px 0px 0px 0px;\npadding:0px 0px 0px 0px;\n}\n<\/style>\n<div  class='flex_column av-73ylo-6444fab94ca5591606e5631326bfec51 av_three_fifth  avia-builder-el-1  el_after_av_heading  el_before_av_two_fifth  first flex_column_div av-zero-column-padding'     ><p><section  class='av_textblock_section av-6egus-f034e93fdfea01bf1f2eb34c0e847ad1'   itemscope=\"itemscope\" itemtype=\"https:\/\/schema.org\/CreativeWork\" ><div class='avia_textblock'  itemprop=\"text\" ><p>Queste smerigliatrici in ceramica funzionano con un'asta centrale che collega la smerigliatrice alla testa rotante. Poich\u00e9 la testa della smerigliatrice \u00e8 inserita nell'albero tramite il meccanismo a innesto e non fissata da una vite, la testa pu\u00f2 essere progettata pi\u00f9 individualmente.<\/p>\n<p>I numeri dopo il nome indicano la lunghezza dell'intero macinino compresa l'asta. L'albero pu\u00f2 essere facilmente accorciato con un seghetto, se necessario.<\/p>\n<\/div><\/section><br \/>\n<div  class='tabcontainer av-5pmso-e6d38b8bbf1b6215081e0f54e8b1c860 top_tab  avia-builder-el-3  el_after_av_textblock  el_before_av_button'>\n<section class='av_tab_section av_tab_section av-u6a8-d6b3586603e74a9a152373d292cede00'  itemscope=\"itemscope\" itemtype=\"https:\/\/schema.org\/CreativeWork\" ><div id='tab-id-1-tab' class='tab active_tab' role='tab' aria-selected=\"true\" tabindex=\"0\" data-fake-id='#tab-id-1' aria-controls='tab-id-1-content'  itemprop=\"headline\" >Prezzi<\/div><div id='tab-id-1-content' class='tab_content active_tab_content' role='tabpanel' aria-labelledby='tab-id-1-tab' aria-hidden=\"false\"><div class='tab_inner_content invers-color'  itemprop=\"text\" ><p>A partire da un prezzo unitario di CHF 9,60 (IVA inclusa) si possono ottenere macine in ceramica di alta qualit\u00e0 con una garanzia di 25 anni.<\/p>\n<p>A partire da CHF 300.00 di valore della merce consegniamo senza spese di spedizione in Svizzera.<\/p>\n<\/div><\/div><\/section>\n<section class='av_tab_section av_tab_section av-rkaw-cb685b7a32323659bea5e4bae8f20497'  itemscope=\"itemscope\" itemtype=\"https:\/\/schema.org\/CreativeWork\" ><div id='tab-id-2-tab' class='tab' role='tab' aria-selected=\"false\" tabindex=\"0\" data-fake-id='#tab-id-2' aria-controls='tab-id-2-content'  itemprop=\"headline\" >Istruzioni per l'installazione<\/div><div id='tab-id-2-content' class='tab_content' role='tabpanel' aria-labelledby='tab-id-2-tab' aria-hidden=\"true\"><div class='tab_inner_content invers-color'  itemprop=\"text\" ><p>Avete solo bisogno di 3 trapani diversi per produrre una fresa!<br \/>\nIstruzioni per l'installazione del <a href=\"https:\/\/www.keramikmahlwerk.ch\/webseite\/wp-content\/uploads\/2021\/08\/keramikmahlwerk-montageanleitung-mini-shaft-de.pdf\" target=\"_blank\" rel=\"noopener\">Smerigliatrice ceramica Mini Shaft<\/a>.<br \/>\nIstruzioni per l'installazione del <a href=\"https:\/\/www.keramikmahlwerk.ch\/webseite\/wp-content\/uploads\/2021\/08\/keramikmahlwerk-montageanleitung-diamond-shaft-de.pdf\" target=\"_blank\" rel=\"noopener\">Smerigliatrice in ceramica Albero in diamante<\/a>.<\/p>\n<\/div><\/div><\/section>\n<\/div><br \/>\n<div  class='avia-button-wrap av-3n35k-7f290544445f0b3442c6e64a57c0d9db-wrap avia-button-left  avia-builder-el-4  el_after_av_tab_container  avia-builder-el-last'><a href='https:\/\/www.keramikmahlwerk.ch\/it\/shop\/webshop\/#crushgrind-shaft'  class='avia-button av-3n35k-7f290544445f0b3442c6e64a57c0d9db av-link-btn avia-icon_select-no avia-size-large avia-position-left avia-color-theme-color'   aria-label=\"Clicca qui per andare al negozio\"><span class='avia_iconbox_title' >Clicca qui per andare al negozio<\/span><\/a><\/div><\/p><\/div>\n<style type=\"text\/css\" data-created_by=\"avia_inline_auto\" id=\"style-css-av-3i3lo-634fc43f782551cf3106047c1b5066b5\">\n.flex_column.av-3i3lo-634fc43f782551cf3106047c1b5066b5{\nborder-radius:0px 0px 0px 0px;\npadding:0px 0px 0px 0px;\n}\n<\/style>\n<div  class='flex_column av-3i3lo-634fc43f782551cf3106047c1b5066b5 av_two_fifth  avia-builder-el-5  el_after_av_three_fifth  avia-builder-el-last  flex_column_div av-zero-column-padding'     ><style type=\"text\/css\" data-created_by=\"avia_inline_auto\" id=\"style-css-sub-av-2y2b0-6439f01a025cc7e9875727bb58a35c94\">\n.av-hotspot-image-container .av-image-hotspot.av-1wccw-57a248554b5abf83ed1f24a3dd6867bd{\ntop:11.4%;\nleft:27.6%;\n}\n.av-hotspot-image-container .av-image-hotspot.av-hx4-1bc3bbd5e80695b32e6503c893b0861c{\ntop:61.1%;\nleft:24.4%;\n}\n.av-hotspot-image-container .av-image-hotspot.av-unq0-2911f51be859e8e2d009f5caf72b1cce{\ntop:84.7%;\nleft:21.2%;\n}\n<\/style>\n<div  class='av-hotspot-image-container av-2y2b0-6439f01a025cc7e9875727bb58a35c94  avia-builder-el-6  avia-builder-el-no-sibling  av-hotspot-numbered avia_animated_image avia_animate_when_almost_visible fade-in av-mobile-fallback-active  av-non-fullwidth-hotspot-image'  itemprop=\"image\" itemscope=\"itemscope\" itemtype=\"https:\/\/schema.org\/ImageObject\" ><div class='av-hotspot-container'><div class='av-hotspot-container-inner-cell'><div class='av-hotspot-container-inner-wrap'><div class='av-image-hotspot av-1wccw-57a248554b5abf83ed1f24a3dd6867bd av-image-hotspot-1' data-avia-tooltip-position='left' data-avia-tooltip-alignment='bottom' data-avia-tooltip-class='av-tt-large-width av-tt-pos-left av-tt-align-bottom  av-mobile-fallback-active  main_color av-tt-hotspot' data-avia-tooltip='&lt;p&gt;Das Mahlwerk wird durch einen konventionellen Drehmechanismus am Kopf der M\u00fchle bedient. Der Kopf wird durch einen Steckmechanismus auf den Schaft gesteckt. Die M\u00fchle ist durch abziehen des Kopfes auff\u00fcllbar.&lt;\/p&gt;'><div class='av-image-hotspot_inner'>1<\/div><div class='av-image-hotspot-pulse'><\/div><\/div><div class='av-image-hotspot av-hx4-1bc3bbd5e80695b32e6503c893b0861c av-image-hotspot-2' data-avia-tooltip-position='left' data-avia-tooltip-alignment='bottom' data-avia-tooltip-class='av-tt-large-width av-tt-pos-left av-tt-align-bottom  av-mobile-fallback-active  main_color av-tt-hotspot' data-avia-tooltip='&lt;p&gt;Dieses Modell besitzt einen klassischen Schaft, welcher auf die gew\u00fcnschte L\u00e4nge verk\u00fcrzt werden kann.&lt;\/p&gt;'><div class='av-image-hotspot_inner'>2<\/div><div class='av-image-hotspot-pulse'><\/div><\/div><div class='av-image-hotspot av-unq0-2911f51be859e8e2d009f5caf72b1cce av-image-hotspot-3' data-avia-tooltip-position='left' data-avia-tooltip-alignment='bottom' data-avia-tooltip-class='av-tt-large-width av-tt-pos-left av-tt-align-bottom  av-mobile-fallback-active  main_color av-tt-hotspot' data-avia-tooltip='&lt;p&gt;Dank dem \u201eClick\u201c-Befestigungsmechanismus sind keine Schrauben notwendig.&lt;\/p&gt;'><div class='av-image-hotspot_inner'>3<\/div><div class='av-image-hotspot-pulse'><\/div><\/div><img decoding=\"async\" fetchpriority=\"high\" class='wp-image-174 avia-img-lazy-loading-not-174 avia_image' src=\"https:\/\/www.keramikmahlwerk.ch\/webseite\/wp-content\/uploads\/2015\/09\/holzmuehle-keramikmahlwerk-querschnitt.jpg\" alt='' title='smerigliatrice in legno-smerigliatrice in ceramica-sezione trasversale'  height=\"720\" width=\"312\"  itemprop=\"thumbnailUrl\" srcset=\"https:\/\/www.keramikmahlwerk.ch\/webseite\/wp-content\/uploads\/2015\/09\/holzmuehle-keramikmahlwerk-querschnitt.jpg 312w, https:\/\/www.keramikmahlwerk.ch\/webseite\/wp-content\/uploads\/2015\/09\/holzmuehle-keramikmahlwerk-querschnitt-130x300.jpg 130w, https:\/\/www.keramikmahlwerk.ch\/webseite\/wp-content\/uploads\/2015\/09\/holzmuehle-keramikmahlwerk-querschnitt-306x705.jpg 306w\" sizes=\"(max-width: 312px) 100vw, 312px\" \/><\/div><\/div><\/div><div class='av-hotspot-fallback-tooltip av-image-hotspot-1'><div class=\"av-hotspot-fallback-tooltip-count\">1<div class=\"avia-arrow\"><\/div><\/div><div class=\"av-hotspot-fallback-tooltip-inner clearfix\"><p>\nLa macina \u00e8 azionata da un meccanismo di rotazione convenzionale sulla testa del mulino. La testa \u00e8 attaccata all'albero da un meccanismo a innesto. Il mulino pu\u00f2 essere riempito estraendo la testa.<\/p>\n<\/div><\/div><div class='av-hotspot-fallback-tooltip av-image-hotspot-2'><div class=\"av-hotspot-fallback-tooltip-count\">2<div class=\"avia-arrow\"><\/div><\/div><div class=\"av-hotspot-fallback-tooltip-inner clearfix\"><p>\nQuesto modello ha un'asta classica, che pu\u00f2 essere accorciata alla lunghezza desiderata.<\/p>\n<\/div><\/div><div class='av-hotspot-fallback-tooltip av-image-hotspot-3'><div class=\"av-hotspot-fallback-tooltip-count\">3<div class=\"avia-arrow\"><\/div><\/div><div class=\"av-hotspot-fallback-tooltip-inner clearfix\"><p>\nGrazie al meccanismo di fissaggio \"Click\", non sono necessarie viti.<\/p>\n<\/div><\/div><\/div><\/div><\/p>","protected":false},"excerpt":{"rendered":"","protected":false},"author":1,"featured_media":0,"parent":0,"menu_order":0,"comment_status":"closed","ping_status":"closed","template":"","meta":{"footnotes":""},"class_list":["post-24","page","type-page","status-publish","hentry"],"yoast_head":"<!-- This site is optimized with the Yoast SEO plugin v27.4 - https:\/\/yoast.com\/product\/yoast-seo-wordpress\/ -->\n<title>Keramikmahlwerk CrushGrind\u00ae Shaft<\/title>\n<meta name=\"description\" content=\"Das Keramikmahlwerk CrushGrind\u00ae Shaft eignet sich f\u00fcr klassische M\u00fchlen mit l\u00e4ngerem Schaft. Wir bieten mehrere Schaftl\u00e4ngen an.\" \/>\n<meta name=\"robots\" content=\"index, follow, max-snippet:-1, max-image-preview:large, max-video-preview:-1\" \/>\n<link rel=\"canonical\" href=\"https:\/\/www.keramikmahlwerk.ch\/it\/crushgrind-shaft\/\" \/>\n<meta property=\"og:locale\" content=\"it_IT\" \/>\n<meta property=\"og:type\" content=\"article\" \/>\n<meta property=\"og:title\" content=\"Keramikmahlwerk CrushGrind\u00ae Shaft\" \/>\n<meta property=\"og:description\" content=\"Das Keramikmahlwerk CrushGrind\u00ae Shaft eignet sich f\u00fcr klassische M\u00fchlen mit l\u00e4ngerem Schaft. Wir bieten mehrere Schaftl\u00e4ngen an.\" \/>\n<meta property=\"og:url\" content=\"https:\/\/www.keramikmahlwerk.ch\/it\/crushgrind-shaft\/\" \/>\n<meta property=\"og:site_name\" content=\"Keramikmahlwerk von CrushGrind\u00ae\" \/>\n<meta property=\"article:modified_time\" content=\"2021-08-12T09:42:41+00:00\" \/>\n<meta name=\"twitter:card\" content=\"summary_large_image\" \/>\n<meta name=\"twitter:label1\" content=\"Tempo di lettura stimato\" \/>\n\t<meta name=\"twitter:data1\" content=\"4 minuti\" \/>\n<script type=\"application\/ld+json\" class=\"yoast-schema-graph\">{\"@context\":\"https:\\\/\\\/schema.org\",\"@graph\":[{\"@type\":\"WebPage\",\"@id\":\"https:\\\/\\\/www.keramikmahlwerk.ch\\\/crushgrind-shaft\\\/\",\"url\":\"https:\\\/\\\/www.keramikmahlwerk.ch\\\/crushgrind-shaft\\\/\",\"name\":\"Keramikmahlwerk CrushGrind\u00ae Shaft\",\"isPartOf\":{\"@id\":\"https:\\\/\\\/www.keramikmahlwerk.ch\\\/#website\"},\"datePublished\":\"2015-06-17T20:32:26+00:00\",\"dateModified\":\"2021-08-12T09:42:41+00:00\",\"description\":\"Das Keramikmahlwerk CrushGrind\u00ae Shaft eignet sich f\u00fcr klassische M\u00fchlen mit l\u00e4ngerem Schaft. Wir bieten mehrere Schaftl\u00e4ngen an.\",\"breadcrumb\":{\"@id\":\"https:\\\/\\\/www.keramikmahlwerk.ch\\\/crushgrind-shaft\\\/#breadcrumb\"},\"inLanguage\":\"it-IT\",\"potentialAction\":[{\"@type\":\"ReadAction\",\"target\":[\"https:\\\/\\\/www.keramikmahlwerk.ch\\\/crushgrind-shaft\\\/\"]}]},{\"@type\":\"BreadcrumbList\",\"@id\":\"https:\\\/\\\/www.keramikmahlwerk.ch\\\/crushgrind-shaft\\\/#breadcrumb\",\"itemListElement\":[{\"@type\":\"ListItem\",\"position\":1,\"name\":\"Home\",\"item\":\"https:\\\/\\\/www.keramikmahlwerk.ch\\\/crush-grind\\\/\"},{\"@type\":\"ListItem\",\"position\":2,\"name\":\"Keramikmahlwerk CrushGrind\u00ae Shaft\"}]},{\"@type\":\"WebSite\",\"@id\":\"https:\\\/\\\/www.keramikmahlwerk.ch\\\/#website\",\"url\":\"https:\\\/\\\/www.keramikmahlwerk.ch\\\/\",\"name\":\"Keramikmahlwerk von CrushGrind\u00ae\",\"description\":\"Neben Pfeffer mahlt dieses Mahlwerk auch Salz, Chili, Zucker, Gew\u00fcrze und Kr\u00e4uter gleichm\u00e4ssig und ohne zu verkleben\",\"potentialAction\":[{\"@type\":\"SearchAction\",\"target\":{\"@type\":\"EntryPoint\",\"urlTemplate\":\"https:\\\/\\\/www.keramikmahlwerk.ch\\\/?s={search_term_string}\"},\"query-input\":{\"@type\":\"PropertyValueSpecification\",\"valueRequired\":true,\"valueName\":\"search_term_string\"}}],\"inLanguage\":\"it-IT\"}]}<\/script>\n<!-- \/ Yoast SEO plugin. -->","yoast_head_json":{"title":"Meccanismo di macinazione in ceramica Albero CrushGrind","description":"Il mulino di macinazione in ceramica CrushGrind\u00ae Shaft \u00e8 adatto ai mulini classici con un albero pi\u00f9 lungo. Offriamo diverse lunghezze di alberi.","robots":{"index":"index","follow":"follow","max-snippet":"max-snippet:-1","max-image-preview":"max-image-preview:large","max-video-preview":"max-video-preview:-1"},"canonical":"https:\/\/www.keramikmahlwerk.ch\/it\/crushgrind-shaft\/","og_locale":"it_IT","og_type":"article","og_title":"Keramikmahlwerk CrushGrind\u00ae Shaft","og_description":"Das Keramikmahlwerk CrushGrind\u00ae Shaft eignet sich f\u00fcr klassische M\u00fchlen mit l\u00e4ngerem Schaft. Wir bieten mehrere Schaftl\u00e4ngen an.","og_url":"https:\/\/www.keramikmahlwerk.ch\/it\/crushgrind-shaft\/","og_site_name":"Keramikmahlwerk von CrushGrind\u00ae","article_modified_time":"2021-08-12T09:42:41+00:00","twitter_card":"summary_large_image","twitter_misc":{"Tempo di lettura stimato":"4 minuti"},"schema":{"@context":"https:\/\/schema.org","@graph":[{"@type":"WebPage","@id":"https:\/\/www.keramikmahlwerk.ch\/crushgrind-shaft\/","url":"https:\/\/www.keramikmahlwerk.ch\/crushgrind-shaft\/","name":"Meccanismo di macinazione in ceramica Albero CrushGrind","isPartOf":{"@id":"https:\/\/www.keramikmahlwerk.ch\/#website"},"datePublished":"2015-06-17T20:32:26+00:00","dateModified":"2021-08-12T09:42:41+00:00","description":"Il mulino di macinazione in ceramica CrushGrind\u00ae Shaft \u00e8 adatto ai mulini classici con un albero pi\u00f9 lungo. Offriamo diverse lunghezze di alberi.","breadcrumb":{"@id":"https:\/\/www.keramikmahlwerk.ch\/crushgrind-shaft\/#breadcrumb"},"inLanguage":"it-IT","potentialAction":[{"@type":"ReadAction","target":["https:\/\/www.keramikmahlwerk.ch\/crushgrind-shaft\/"]}]},{"@type":"BreadcrumbList","@id":"https:\/\/www.keramikmahlwerk.ch\/crushgrind-shaft\/#breadcrumb","itemListElement":[{"@type":"ListItem","position":1,"name":"Home","item":"https:\/\/www.keramikmahlwerk.ch\/crush-grind\/"},{"@type":"ListItem","position":2,"name":"Keramikmahlwerk CrushGrind\u00ae Shaft"}]},{"@type":"WebSite","@id":"https:\/\/www.keramikmahlwerk.ch\/#website","url":"https:\/\/www.keramikmahlwerk.ch\/","name":"Mulino di macinazione in ceramica CrushGrind","description":"Oltre al pepe, questo macinino macina anche sale, peperoncino, zucchero, spezie ed erbe in modo uniforme e senza attaccarsi","potentialAction":[{"@type":"SearchAction","target":{"@type":"EntryPoint","urlTemplate":"https:\/\/www.keramikmahlwerk.ch\/?s={search_term_string}"},"query-input":{"@type":"PropertyValueSpecification","valueRequired":true,"valueName":"search_term_string"}}],"inLanguage":"it-IT"}]}},"_links":{"self":[{"href":"https:\/\/www.keramikmahlwerk.ch\/it\/wp-json\/wp\/v2\/pages\/24","targetHints":{"allow":["GET"]}}],"collection":[{"href":"https:\/\/www.keramikmahlwerk.ch\/it\/wp-json\/wp\/v2\/pages"}],"about":[{"href":"https:\/\/www.keramikmahlwerk.ch\/it\/wp-json\/wp\/v2\/types\/page"}],"author":[{"embeddable":true,"href":"https:\/\/www.keramikmahlwerk.ch\/it\/wp-json\/wp\/v2\/users\/1"}],"replies":[{"embeddable":true,"href":"https:\/\/www.keramikmahlwerk.ch\/it\/wp-json\/wp\/v2\/comments?post=24"}],"version-history":[{"count":65,"href":"https:\/\/www.keramikmahlwerk.ch\/it\/wp-json\/wp\/v2\/pages\/24\/revisions"}],"predecessor-version":[{"id":6256,"href":"https:\/\/www.keramikmahlwerk.ch\/it\/wp-json\/wp\/v2\/pages\/24\/revisions\/6256"}],"wp:attachment":[{"href":"https:\/\/www.keramikmahlwerk.ch\/it\/wp-json\/wp\/v2\/media?parent=24"}],"curies":[{"name":"wp","href":"https:\/\/api.w.org\/{rel}","templated":true}]}}