{"id":26,"date":"2015-06-17T22:35:16","date_gmt":"2015-06-17T20:35:16","guid":{"rendered":"https:\/\/www.keramikmahlwerk.ch\/webseite\/?page_id=26"},"modified":"2023-05-20T10:02:32","modified_gmt":"2023-05-20T08:02:32","slug":"offertanfrage","status":"publish","type":"page","link":"https:\/\/www.keramikmahlwerk.ch\/it\/kontakt\/offertanfrage\/","title":{"rendered":"Richiesta di preventivo"},"content":{"rendered":"<style type=\"text\/css\" data-created_by=\"avia_inline_auto\" id=\"style-css-av-pzfq-498d46fbb10ab04a7fea72fe26449570\">\n#top .av-special-heading.av-pzfq-498d46fbb10ab04a7fea72fe26449570{\npadding-bottom:10px;\nfont-size:30px;\n}\nbody .av-special-heading.av-pzfq-498d46fbb10ab04a7fea72fe26449570 .av-special-heading-tag .heading-char{\nfont-size:25px;\n}\n#top #wrap_all .av-special-heading.av-pzfq-498d46fbb10ab04a7fea72fe26449570 .av-special-heading-tag{\nfont-size:30px;\n}\n.av-special-heading.av-pzfq-498d46fbb10ab04a7fea72fe26449570 .av-subheading{\nfont-size:15px;\n}\n\n@media only screen and (min-width: 480px) and (max-width: 767px){ \n#top #wrap_all .av-special-heading.av-pzfq-498d46fbb10ab04a7fea72fe26449570 .av-special-heading-tag{\nfont-size:0.8em;\n}\n}\n\n@media only screen and (max-width: 479px){ \n#top #wrap_all .av-special-heading.av-pzfq-498d46fbb10ab04a7fea72fe26449570 .av-special-heading-tag{\nfont-size:0.8em;\n}\n}\n<\/style>\n<div  class='av-special-heading av-pzfq-498d46fbb10ab04a7fea72fe26449570 av-special-heading-h1 blockquote modern-quote  avia-builder-el-0  el_before_av_three_fifth  avia-builder-el-first  av-inherit-size'><h1 class='av-special-heading-tag'  itemprop=\"headline\"  >Richiesta di preventivo<\/h1><div class=\"special-heading-border\"><div class=\"special-heading-inner-border\"><\/div><\/div><\/div>\n\n<style type=\"text\/css\" data-created_by=\"avia_inline_auto\" id=\"style-css-av-c5wiy-9af8d15e094da21832a898832d9f8206\">\n.flex_column.av-c5wiy-9af8d15e094da21832a898832d9f8206{\nborder-radius:0px 0px 0px 0px;\npadding:0px 0px 0px 0px;\n}\n<\/style>\n<div  class='flex_column av-c5wiy-9af8d15e094da21832a898832d9f8206 av_three_fifth  avia-builder-el-1  el_after_av_heading  el_before_av_two_fifth  first flex_column_div av-zero-column-padding'     ><p><section  class='av_textblock_section av-bmj2m-2f31a7be10a04391a34d9d4ea940c553'   itemscope=\"itemscope\" itemtype=\"https:\/\/schema.org\/CreativeWork\" ><div class='avia_textblock'  itemprop=\"text\" ><p>Saremo lieti di fornirvi un'offerta individuale. Si prega di mettersi in contatto utilizzando il modulo di contatto qui sotto.<\/p>\n<\/div><\/section><br \/>\n<form action=\"https:\/\/www.keramikmahlwerk.ch\/it\/kontakt\/offertanfrage\/\" method=\"post\" data-fields-with-error=\"Sono stati riscontrati errori nei seguenti campi:\" class=\"avia_ajax_form av-form-labels-hidden   avia-builder-el-3  el_after_av_textblock  avia-builder-el-last\" data-avia-form-id=\"1\" data-avia-redirect='' data-trp-original-action=\"https:\/\/www.keramikmahlwerk.ch\/it\/kontakt\/offertanfrage\/\" ><fieldset><p class='first_form  form_element form_element_third' id='element_avia_1_1'><label for=\"avia_1_1\">Saluto <abbr class=\"required\" title=\"richiesto\">*<\/abbr><\/label><select  name=\"avia_1_1\" class=\"select is_empty\" id=\"avia_1_1\"><option class=\"av-placeholder\" disabled=\"disabled\" selected=\"selected\" value=''>saluto*<\/option><option   value='Frau'>Signora.<\/option><option   value='Herr'>Il Sig.<\/option><option   value='Firma'>Azienda<\/option><\/select><\/p><p class='form_element form_element_two_third' id='element_avia_2_1'><label for=\"avia_2_1\">Azienda<\/label> <input name=\"avia_2_1\" class=\"text_input\" type=\"text\" id=\"avia_2_1\" value=\"\"  placeholder='Azienda'\/><\/p><p class='first_form  form_element form_element_half' id='element_avia_3_1'><label for=\"avia_3_1\">Nome <abbr class=\"required\" title=\"richiesto\">*<\/abbr><\/label> <input name=\"avia_3_1\" class=\"text_input is_empty\" type=\"text\" id=\"avia_3_1\" value=\"\"  placeholder='Nome*'\/><\/p><p class='form_element form_element_half' id='element_avia_4_1'><label for=\"avia_4_1\">Nome <abbr class=\"required\" title=\"richiesto\">*<\/abbr><\/label> <input name=\"avia_4_1\" class=\"text_input is_empty\" type=\"text\" id=\"avia_4_1\" value=\"\"  placeholder='Nome*'\/><\/p><p class='first_form  form_element form_element_two_third' id='element_avia_5_1'><label for=\"avia_5_1\">Via <abbr class=\"required\" title=\"richiesto\">*<\/abbr><\/label> <input name=\"avia_5_1\" class=\"text_input is_empty\" type=\"text\" id=\"avia_5_1\" value=\"\"  placeholder='Via*'\/><\/p><p class='form_element form_element_third' id='element_avia_6_1'><label for=\"avia_6_1\">No. <abbr class=\"required\" title=\"richiesto\">*<\/abbr><\/label> <input name=\"avia_6_1\" class=\"text_input is_empty\" type=\"text\" id=\"avia_6_1\" value=\"\"  placeholder='No.'\/><\/p><p class='first_form  form_element form_element_third' id='element_avia_7_1'><label for=\"avia_7_1\">CAP <abbr class=\"required\" title=\"richiesto\">*<\/abbr><\/label> <input name=\"avia_7_1\" class=\"text_input is_empty\" type=\"text\" id=\"avia_7_1\" value=\"\"  placeholder='CODICE POSTALE*'\/><\/p><p class='form_element form_element_third' id='element_avia_8_1'><label for=\"avia_8_1\">Posizione <abbr class=\"required\" title=\"richiesto\">*<\/abbr><\/label> <input name=\"avia_8_1\" class=\"text_input is_empty\" type=\"text\" id=\"avia_8_1\" value=\"\"  placeholder='Posto*'\/><\/p><p class='form_element form_element_third' id='element_avia_9_1'><label for=\"avia_9_1\">Paese<\/label><select  name=\"avia_9_1\" class=\"select\" id=\"avia_9_1\"><option class=\"av-placeholder\" disabled=\"disabled\" selected=\"selected\" value=''>Paese<\/option><option   value='Schweiz'>Svizzera<\/option><\/select><\/p><p class='first_form  form_element form_fullwidth' id='element_avia_10_1'><label for=\"avia_10_1\">Telefono<\/label> <input name=\"avia_10_1\" class=\"text_input\" type=\"text\" id=\"avia_10_1\" value=\"\"  placeholder='Telefono'\/><\/p><p class='first_form  form_element form_fullwidth' id='element_avia_11_1'><label for=\"avia_11_1\">Email <abbr class=\"required\" title=\"richiesto\">*<\/abbr><\/label> <input name=\"avia_11_1\" class=\"text_input is_email\" type=\"text\" id=\"avia_11_1\" value=\"\"  placeholder='e-mail*'\/><\/p><div id='avia_12_1' class='av-form-text'><p>\nSi prega di descrivere i prodotti desiderati nel modo pi\u00f9 preciso possibile. Le seguenti informazioni sono obbligatorie: quantit\u00e0, data di consegna e luogo di consegna.<\/p>\n<\/div><p class='first_form  form_element form_fullwidth' id='element_avia_13_1'><label for=\"avia_13_1\" class=\"textare_label hidden textare_label_avia_13_1\">Messaggio <abbr class=\"required\" title=\"richiesto\">*<\/abbr><\/label><textarea  placeholder='Messaggio*' name=\"avia_13_1\" class=\"text_area is_empty\" cols=\"40\" rows=\"7\" id=\"avia_13_1\" ><\/textarea><\/p><p class=\"hidden\"><input type=\"text\" name=\"avia_14_1\" class=\"hidden\" id=\"avia_14_1\" value=\"\" \/><\/p><div id='avia_15_1' class='av-recaptcha-area  first_form  form_element form_fullwidth av-last-visible-form-element'  data-container_class=\"\" data-custom_class=\"\" data-context=\"av_contact_form\" data-token_input=\"av_recaptcha_token\" data-version=\"avia_recaptcha_v2\" data-theme=\"light\" data-size=\"normal\" data-score=\"0.5\" data-text_to_preview=\"\" data-value=\"\"><div class=\"av-google-badge-message hidden\">Questo sito \u00e8 protetto da reCAPTCHA e si applicano i termini di servizio di Google <a href=\"https:\/\/policies.google.com\/privacy\">informativa sulla privacy<\/a> e <a href=\"https:\/\/policies.google.com\/terms\">Termini di servizio<\/a>.<\/div><\/div><p class='av_form_privacy_check av_contact_privacy_check first_form  form_element form_fullwidth' id='element_avia_16_1'><input  name=\"avia_16_1\" class=\"input_checkbox is_empty\" type=\"checkbox\" id=\"avia_16_1\" value=\"true\"\/><label class=\"input_checkbox_label\" for=\"avia_16_1\"><a href='https:\/\/www.keramikmahlwerk.ch\/it\/datenschutzerklaerung\/' target='_blank'>Informativa sulla privacy<\/a> leggere <abbr class=\"required\" title=\"richiesto\">*<\/abbr><\/label><\/p><p class=\"form_element\"><input type=\"hidden\" value=\"1\" name=\"avia_generated_form1\" \/><input type=\"submit\" value=\"Invia\" class=\"button\"  data-sending-label=\"Invio\"\/><\/p><\/fieldset><div class=\"avia-disabled-form\">Questo modulo di contatto \u00e8 disattivato perch\u00e9 l'utente ha rifiutato di accettare il servizio Google reCaptcha, necessario per convalidare i messaggi inviati dal modulo.<\/div><input type=\"hidden\" name=\"trp-form-language\" value=\"it\"\/><\/form><div id=\"ajaxresponse_1\" class=\"ajaxresponse ajaxresponse_1 hidden\"><\/div><\/p><\/div>\n<style type=\"text\/css\" data-created_by=\"avia_inline_auto\" id=\"style-css-av-2vrcy-3c8e01d363bf3f62ef9a26a7500860b0\">\n.flex_column.av-2vrcy-3c8e01d363bf3f62ef9a26a7500860b0{\nborder-radius:0px 0px 0px 0px;\npadding:0px 0px 0px 0px;\n}\n<\/style>\n<div  class='flex_column av-2vrcy-3c8e01d363bf3f62ef9a26a7500860b0 av_two_fifth  avia-builder-el-4  el_after_av_three_fifth  avia-builder-el-last  flex_column_div av-zero-column-padding'     ><p>\n<style type=\"text\/css\" data-created_by=\"avia_inline_auto\" id=\"style-css-av-28wze-afa03fd67d1a7b8738b3a5af80e44649\">\n.avia-image-container.av-28wze-afa03fd67d1a7b8738b3a5af80e44649 img.avia_image{\nbox-shadow:none;\n}\n.avia-image-container.av-28wze-afa03fd67d1a7b8738b3a5af80e44649 .av-image-caption-overlay-center{\ncolor:#ffffff;\n}\n<\/style>\n<div  class='avia-image-container av-28wze-afa03fd67d1a7b8738b3a5af80e44649 av-styling- avia-align-center  avia-builder-el-5  el_before_av_image  avia-builder-el-first'   itemprop=\"image\" itemscope=\"itemscope\" itemtype=\"https:\/\/schema.org\/ImageObject\" ><div class=\"avia-image-container-inner\"><div class=\"avia-image-overlay-wrap\"><img decoding=\"async\" fetchpriority=\"high\" class='wp-image-114 avia-img-lazy-loading-not-114 avia_image' src=\"https:\/\/www.keramikmahlwerk.ch\/webseite\/wp-content\/uploads\/2015\/08\/keramikmahlwerk-crushgrind-shaft-300x225.jpg\" alt='' title='smerigliatrice ceramica-smerigliatrice-albero'  height=\"225\" width=\"300\"  itemprop=\"thumbnailUrl\" srcset=\"https:\/\/www.keramikmahlwerk.ch\/webseite\/wp-content\/uploads\/2015\/08\/keramikmahlwerk-crushgrind-shaft-300x225.jpg 300w, https:\/\/www.keramikmahlwerk.ch\/webseite\/wp-content\/uploads\/2015\/08\/keramikmahlwerk-crushgrind-shaft-1030x773.jpg 1030w, https:\/\/www.keramikmahlwerk.ch\/webseite\/wp-content\/uploads\/2015\/08\/keramikmahlwerk-crushgrind-shaft-705x529.jpg 705w, https:\/\/www.keramikmahlwerk.ch\/webseite\/wp-content\/uploads\/2015\/08\/keramikmahlwerk-crushgrind-shaft-450x338.jpg 450w, https:\/\/www.keramikmahlwerk.ch\/webseite\/wp-content\/uploads\/2015\/08\/keramikmahlwerk-crushgrind-shaft.jpg 1360w\" sizes=\"(max-width: 300px) 100vw, 300px\" \/><\/div><\/div><\/div><br \/>\n\n<style type=\"text\/css\" data-created_by=\"avia_inline_auto\" id=\"style-css-av-1frai-2134801f613ed4c19920ba7d009e8afe\">\n.avia-image-container.av-1frai-2134801f613ed4c19920ba7d009e8afe img.avia_image{\nbox-shadow:none;\n}\n.avia-image-container.av-1frai-2134801f613ed4c19920ba7d009e8afe .av-image-caption-overlay-center{\ncolor:#ffffff;\n}\n<\/style>\n<div  class='avia-image-container av-1frai-2134801f613ed4c19920ba7d009e8afe av-styling- avia-align-center  avia-builder-el-6  el_after_av_image  el_before_av_image'   itemprop=\"image\" itemscope=\"itemscope\" itemtype=\"https:\/\/schema.org\/ImageObject\" ><div class=\"avia-image-container-inner\"><div class=\"avia-image-overlay-wrap\"><img decoding=\"async\" fetchpriority=\"high\" class='wp-image-115 avia-img-lazy-loading-not-115 avia_image' src=\"https:\/\/www.keramikmahlwerk.ch\/webseite\/wp-content\/uploads\/2015\/08\/keramikmahlwerk-crushgrind-wood-300x225.jpg\" alt='' title='smerigliatrice in ceramica-smerigliatrice-legno'  height=\"225\" width=\"300\"  itemprop=\"thumbnailUrl\" srcset=\"https:\/\/www.keramikmahlwerk.ch\/webseite\/wp-content\/uploads\/2015\/08\/keramikmahlwerk-crushgrind-wood-300x225.jpg 300w, https:\/\/www.keramikmahlwerk.ch\/webseite\/wp-content\/uploads\/2015\/08\/keramikmahlwerk-crushgrind-wood-1030x773.jpg 1030w, https:\/\/www.keramikmahlwerk.ch\/webseite\/wp-content\/uploads\/2015\/08\/keramikmahlwerk-crushgrind-wood-705x529.jpg 705w, https:\/\/www.keramikmahlwerk.ch\/webseite\/wp-content\/uploads\/2015\/08\/keramikmahlwerk-crushgrind-wood-450x338.jpg 450w, https:\/\/www.keramikmahlwerk.ch\/webseite\/wp-content\/uploads\/2015\/08\/keramikmahlwerk-crushgrind-wood.jpg 1360w\" sizes=\"(max-width: 300px) 100vw, 300px\" \/><\/div><\/div><\/div><br \/>\n\n<style type=\"text\/css\" data-created_by=\"avia_inline_auto\" id=\"style-css-av-rjly-6b78692a475d93c2caef70bdfa773c88\">\n.avia-image-container.av-rjly-6b78692a475d93c2caef70bdfa773c88 img.avia_image{\nbox-shadow:none;\n}\n.avia-image-container.av-rjly-6b78692a475d93c2caef70bdfa773c88 .av-image-caption-overlay-center{\ncolor:#ffffff;\n}\n<\/style>\n<div  class='avia-image-container av-rjly-6b78692a475d93c2caef70bdfa773c88 av-styling- avia-align-center  avia-builder-el-7  el_after_av_image  avia-builder-el-last'   itemprop=\"image\" itemscope=\"itemscope\" itemtype=\"https:\/\/schema.org\/ImageObject\" ><div class=\"avia-image-container-inner\"><div class=\"avia-image-overlay-wrap\"><img decoding=\"async\" fetchpriority=\"high\" class='wp-image-293 avia-img-lazy-loading-not-293 avia_image' src=\"https:\/\/www.keramikmahlwerk.ch\/webseite\/wp-content\/uploads\/2015\/09\/crush-grind-coffee-300x200.jpg\" alt='' title='crush-grind-coffee'  height=\"200\" width=\"300\"  itemprop=\"thumbnailUrl\" srcset=\"https:\/\/www.keramikmahlwerk.ch\/webseite\/wp-content\/uploads\/2015\/09\/crush-grind-coffee-300x200.jpg 300w, https:\/\/www.keramikmahlwerk.ch\/webseite\/wp-content\/uploads\/2015\/09\/crush-grind-coffee-1030x687.jpg 1030w, https:\/\/www.keramikmahlwerk.ch\/webseite\/wp-content\/uploads\/2015\/09\/crush-grind-coffee.jpg 1500w, https:\/\/www.keramikmahlwerk.ch\/webseite\/wp-content\/uploads\/2015\/09\/crush-grind-coffee-705x470.jpg 705w, https:\/\/www.keramikmahlwerk.ch\/webseite\/wp-content\/uploads\/2015\/09\/crush-grind-coffee-450x300.jpg 450w\" sizes=\"(max-width: 300px) 100vw, 300px\" \/><\/div><\/div><\/div><\/p><\/div><\/p>","protected":false},"excerpt":{"rendered":"","protected":false},"author":1,"featured_media":0,"parent":28,"menu_order":0,"comment_status":"closed","ping_status":"closed","template":"","meta":{"footnotes":""},"class_list":["post-26","page","type-page","status-publish","hentry"],"yoast_head":"<!-- This site is optimized with the Yoast SEO plugin v27.3 - https:\/\/yoast.com\/product\/yoast-seo-wordpress\/ -->\n<title>Offertanfrage Keramikmahlwerk<\/title>\n<meta name=\"description\" content=\"Gerne erstellen wir Ihnen eine individuelle Offerte f\u00fcr Ihre n\u00e4chste Keramikmahlwerk Bestellung. Kontaktieren Sie uns mit Ihrem Anliegen.\" \/>\n<meta name=\"robots\" content=\"index, follow, max-snippet:-1, max-image-preview:large, max-video-preview:-1\" \/>\n<link rel=\"canonical\" href=\"https:\/\/www.keramikmahlwerk.ch\/it\/kontakt\/offertanfrage\/\" \/>\n<meta property=\"og:locale\" content=\"it_IT\" \/>\n<meta property=\"og:type\" content=\"article\" \/>\n<meta property=\"og:title\" content=\"Offertanfrage Keramikmahlwerk\" \/>\n<meta property=\"og:description\" content=\"Gerne erstellen wir Ihnen eine individuelle Offerte f\u00fcr Ihre n\u00e4chste Keramikmahlwerk Bestellung. Kontaktieren Sie uns mit Ihrem Anliegen.\" \/>\n<meta property=\"og:url\" content=\"https:\/\/www.keramikmahlwerk.ch\/it\/kontakt\/offertanfrage\/\" \/>\n<meta property=\"og:site_name\" content=\"Keramikmahlwerk von CrushGrind\u00ae\" \/>\n<meta property=\"article:modified_time\" content=\"2023-05-20T08:02:32+00:00\" \/>\n<meta name=\"twitter:card\" content=\"summary_large_image\" \/>\n<meta name=\"twitter:label1\" content=\"Tempo di lettura stimato\" \/>\n\t<meta name=\"twitter:data1\" content=\"2 minuti\" \/>\n<script type=\"application\/ld+json\" class=\"yoast-schema-graph\">{\"@context\":\"https:\\\/\\\/schema.org\",\"@graph\":[{\"@type\":\"WebPage\",\"@id\":\"https:\\\/\\\/www.keramikmahlwerk.ch\\\/kontakt\\\/offertanfrage\\\/\",\"url\":\"https:\\\/\\\/www.keramikmahlwerk.ch\\\/kontakt\\\/offertanfrage\\\/\",\"name\":\"Offertanfrage Keramikmahlwerk\",\"isPartOf\":{\"@id\":\"https:\\\/\\\/www.keramikmahlwerk.ch\\\/#website\"},\"datePublished\":\"2015-06-17T20:35:16+00:00\",\"dateModified\":\"2023-05-20T08:02:32+00:00\",\"description\":\"Gerne erstellen wir Ihnen eine individuelle Offerte f\u00fcr Ihre n\u00e4chste Keramikmahlwerk Bestellung. Kontaktieren Sie uns mit Ihrem Anliegen.\",\"breadcrumb\":{\"@id\":\"https:\\\/\\\/www.keramikmahlwerk.ch\\\/kontakt\\\/offertanfrage\\\/#breadcrumb\"},\"inLanguage\":\"it-IT\",\"potentialAction\":[{\"@type\":\"ReadAction\",\"target\":[\"https:\\\/\\\/www.keramikmahlwerk.ch\\\/kontakt\\\/offertanfrage\\\/\"]}]},{\"@type\":\"BreadcrumbList\",\"@id\":\"https:\\\/\\\/www.keramikmahlwerk.ch\\\/kontakt\\\/offertanfrage\\\/#breadcrumb\",\"itemListElement\":[{\"@type\":\"ListItem\",\"position\":1,\"name\":\"Home\",\"item\":\"https:\\\/\\\/www.keramikmahlwerk.ch\\\/crush-grind\\\/\"},{\"@type\":\"ListItem\",\"position\":2,\"name\":\"Kontakt\",\"item\":\"https:\\\/\\\/www.keramikmahlwerk.ch\\\/kontakt\\\/\"},{\"@type\":\"ListItem\",\"position\":3,\"name\":\"Offertanfrage\"}]},{\"@type\":\"WebSite\",\"@id\":\"https:\\\/\\\/www.keramikmahlwerk.ch\\\/#website\",\"url\":\"https:\\\/\\\/www.keramikmahlwerk.ch\\\/\",\"name\":\"Keramikmahlwerk von CrushGrind\u00ae\",\"description\":\"Neben Pfeffer mahlt dieses Mahlwerk auch Salz, Chili, Zucker, Gew\u00fcrze und Kr\u00e4uter gleichm\u00e4ssig und ohne zu verkleben\",\"potentialAction\":[{\"@type\":\"SearchAction\",\"target\":{\"@type\":\"EntryPoint\",\"urlTemplate\":\"https:\\\/\\\/www.keramikmahlwerk.ch\\\/?s={search_term_string}\"},\"query-input\":{\"@type\":\"PropertyValueSpecification\",\"valueRequired\":true,\"valueName\":\"search_term_string\"}}],\"inLanguage\":\"it-IT\"}]}<\/script>\n<!-- \/ Yoast SEO plugin. -->","yoast_head_json":{"title":"Richiesta di preventivo Smerigliatrice ceramica","description":"Saremo lieti di fornirvi un'offerta individuale per il vostro prossimo ordine di mulino di macinazione in ceramica. Contattateci con la vostra richiesta.","robots":{"index":"index","follow":"follow","max-snippet":"max-snippet:-1","max-image-preview":"max-image-preview:large","max-video-preview":"max-video-preview:-1"},"canonical":"https:\/\/www.keramikmahlwerk.ch\/it\/kontakt\/offertanfrage\/","og_locale":"it_IT","og_type":"article","og_title":"Offertanfrage Keramikmahlwerk","og_description":"Gerne erstellen wir Ihnen eine individuelle Offerte f\u00fcr Ihre n\u00e4chste Keramikmahlwerk Bestellung. Kontaktieren Sie uns mit Ihrem Anliegen.","og_url":"https:\/\/www.keramikmahlwerk.ch\/it\/kontakt\/offertanfrage\/","og_site_name":"Keramikmahlwerk von CrushGrind\u00ae","article_modified_time":"2023-05-20T08:02:32+00:00","twitter_card":"summary_large_image","twitter_misc":{"Tempo di lettura stimato":"2 minuti"},"schema":{"@context":"https:\/\/schema.org","@graph":[{"@type":"WebPage","@id":"https:\/\/www.keramikmahlwerk.ch\/kontakt\/offertanfrage\/","url":"https:\/\/www.keramikmahlwerk.ch\/kontakt\/offertanfrage\/","name":"Richiesta di preventivo Smerigliatrice ceramica","isPartOf":{"@id":"https:\/\/www.keramikmahlwerk.ch\/#website"},"datePublished":"2015-06-17T20:35:16+00:00","dateModified":"2023-05-20T08:02:32+00:00","description":"Saremo lieti di fornirvi un'offerta individuale per il vostro prossimo ordine di mulino di macinazione in ceramica. Contattateci con la vostra richiesta.","breadcrumb":{"@id":"https:\/\/www.keramikmahlwerk.ch\/kontakt\/offertanfrage\/#breadcrumb"},"inLanguage":"it-IT","potentialAction":[{"@type":"ReadAction","target":["https:\/\/www.keramikmahlwerk.ch\/kontakt\/offertanfrage\/"]}]},{"@type":"BreadcrumbList","@id":"https:\/\/www.keramikmahlwerk.ch\/kontakt\/offertanfrage\/#breadcrumb","itemListElement":[{"@type":"ListItem","position":1,"name":"Home","item":"https:\/\/www.keramikmahlwerk.ch\/crush-grind\/"},{"@type":"ListItem","position":2,"name":"Kontakt","item":"https:\/\/www.keramikmahlwerk.ch\/kontakt\/"},{"@type":"ListItem","position":3,"name":"Offertanfrage"}]},{"@type":"WebSite","@id":"https:\/\/www.keramikmahlwerk.ch\/#website","url":"https:\/\/www.keramikmahlwerk.ch\/","name":"Mulino di macinazione in ceramica CrushGrind","description":"Oltre al pepe, questo macinino macina anche sale, peperoncino, zucchero, spezie ed erbe in modo uniforme e senza attaccarsi","potentialAction":[{"@type":"SearchAction","target":{"@type":"EntryPoint","urlTemplate":"https:\/\/www.keramikmahlwerk.ch\/?s={search_term_string}"},"query-input":{"@type":"PropertyValueSpecification","valueRequired":true,"valueName":"search_term_string"}}],"inLanguage":"it-IT"}]}},"_links":{"self":[{"href":"https:\/\/www.keramikmahlwerk.ch\/it\/wp-json\/wp\/v2\/pages\/26","targetHints":{"allow":["GET"]}}],"collection":[{"href":"https:\/\/www.keramikmahlwerk.ch\/it\/wp-json\/wp\/v2\/pages"}],"about":[{"href":"https:\/\/www.keramikmahlwerk.ch\/it\/wp-json\/wp\/v2\/types\/page"}],"author":[{"embeddable":true,"href":"https:\/\/www.keramikmahlwerk.ch\/it\/wp-json\/wp\/v2\/users\/1"}],"replies":[{"embeddable":true,"href":"https:\/\/www.keramikmahlwerk.ch\/it\/wp-json\/wp\/v2\/comments?post=26"}],"version-history":[{"count":27,"href":"https:\/\/www.keramikmahlwerk.ch\/it\/wp-json\/wp\/v2\/pages\/26\/revisions"}],"predecessor-version":[{"id":8266,"href":"https:\/\/www.keramikmahlwerk.ch\/it\/wp-json\/wp\/v2\/pages\/26\/revisions\/8266"}],"up":[{"embeddable":true,"href":"https:\/\/www.keramikmahlwerk.ch\/it\/wp-json\/wp\/v2\/pages\/28"}],"wp:attachment":[{"href":"https:\/\/www.keramikmahlwerk.ch\/it\/wp-json\/wp\/v2\/media?parent=26"}],"curies":[{"name":"wp","href":"https:\/\/api.w.org\/{rel}","templated":true}]}}