{"id":28,"date":"2015-06-17T22:37:09","date_gmt":"2015-06-17T20:37:09","guid":{"rendered":"https:\/\/www.keramikmahlwerk.ch\/webseite\/?page_id=28"},"modified":"2023-05-20T10:02:09","modified_gmt":"2023-05-20T08:02:09","slug":"kontakt","status":"publish","type":"page","link":"https:\/\/www.keramikmahlwerk.ch\/it\/kontakt\/","title":{"rendered":"Contatta"},"content":{"rendered":"<style type=\"text\/css\" data-created_by=\"avia_inline_auto\" id=\"style-css-av-1d2rk-9f0325c6fb9f10ed1aac34dede946b97\">\n#top .av-special-heading.av-1d2rk-9f0325c6fb9f10ed1aac34dede946b97{\npadding-bottom:10px;\nfont-size:30px;\n}\nbody .av-special-heading.av-1d2rk-9f0325c6fb9f10ed1aac34dede946b97 .av-special-heading-tag .heading-char{\nfont-size:25px;\n}\n#top #wrap_all .av-special-heading.av-1d2rk-9f0325c6fb9f10ed1aac34dede946b97 .av-special-heading-tag{\nfont-size:30px;\n}\n.av-special-heading.av-1d2rk-9f0325c6fb9f10ed1aac34dede946b97 .av-subheading{\nfont-size:15px;\n}\n\n@media only screen and (min-width: 480px) and (max-width: 767px){ \n#top #wrap_all .av-special-heading.av-1d2rk-9f0325c6fb9f10ed1aac34dede946b97 .av-special-heading-tag{\nfont-size:0.8em;\n}\n}\n\n@media only screen and (max-width: 479px){ \n#top #wrap_all .av-special-heading.av-1d2rk-9f0325c6fb9f10ed1aac34dede946b97 .av-special-heading-tag{\nfont-size:0.8em;\n}\n}\n<\/style>\n<div  class='av-special-heading av-1d2rk-9f0325c6fb9f10ed1aac34dede946b97 av-special-heading-h1 blockquote modern-quote  avia-builder-el-0  el_before_av_three_fifth  avia-builder-el-first  av-inherit-size'><h1 class='av-special-heading-tag'  itemprop=\"headline\"  >Contatta<\/h1><div class=\"special-heading-border\"><div class=\"special-heading-inner-border\"><\/div><\/div><\/div>\n\n<style type=\"text\/css\" data-created_by=\"avia_inline_auto\" id=\"style-css-av-b4aqw-38121f43f1b2de37d926039683d22a71\">\n.flex_column.av-b4aqw-38121f43f1b2de37d926039683d22a71{\nborder-radius:0px 0px 0px 0px;\npadding:0px 0px 0px 0px;\n}\n<\/style>\n<div  class='flex_column av-b4aqw-38121f43f1b2de37d926039683d22a71 av_three_fifth  avia-builder-el-1  el_after_av_heading  el_before_av_two_fifth  first flex_column_div av-zero-column-padding'     ><p><section  class='av_textblock_section av-acjio-d7ec0b7c1dbf1d0916322cbbc0a768cc'   itemscope=\"itemscope\" itemtype=\"https:\/\/schema.org\/CreativeWork\" ><div class='avia_textblock'  itemprop=\"text\" ><p>Contattateci se avete bisogno di informazioni tecniche sui nostri mulini in ceramica o se avete una domanda generale.<\/p>\n<p>Se non dovesse trovare la quantit\u00e0 desiderata nel nostro negozio e desidera un'offerta individuale, le chiediamo il nostro\u00a0<a href=\"https:\/\/www.keramikmahlwerk.ch\/it\/kontakt\/offertanfrage\/\">Modulo di offerta<\/a> da usare.<\/p>\n<\/div><\/section><br \/>\n\n<style type=\"text\/css\" data-created_by=\"avia_inline_auto\" id=\"style-css-av-zjf4-b5521b836765d29f3b639ab0da5eec98\">\n#top .av-special-heading.av-zjf4-b5521b836765d29f3b639ab0da5eec98{\npadding-bottom:10px;\n}\nbody .av-special-heading.av-zjf4-b5521b836765d29f3b639ab0da5eec98 .av-special-heading-tag .heading-char{\nfont-size:25px;\n}\n.av-special-heading.av-zjf4-b5521b836765d29f3b639ab0da5eec98 .av-subheading{\nfont-size:15px;\n}\n<\/style>\n<div  class='av-special-heading av-zjf4-b5521b836765d29f3b639ab0da5eec98 av-special-heading-h2 blockquote modern-quote  avia-builder-el-3  el_after_av_textblock  el_before_av_contact'><h2 class='av-special-heading-tag'  itemprop=\"headline\"  >Modulo di contatto<\/h2><div class=\"special-heading-border\"><div class=\"special-heading-inner-border\"><\/div><\/div><\/div><br \/>\n<form action=\"https:\/\/www.keramikmahlwerk.ch\/it\/kontakt\/\" method=\"post\" data-fields-with-error=\"Sono stati riscontrati errori nei seguenti campi:\" class=\"avia_ajax_form av-form-labels-hidden   avia-builder-el-4  el_after_av_heading  avia-builder-el-last\" data-avia-form-id=\"1\" data-avia-redirect='' data-trp-original-action=\"https:\/\/www.keramikmahlwerk.ch\/it\/kontakt\/\" ><fieldset><p class='first_form  form_element form_element_third' id='element_avia_1_1'><label for=\"avia_1_1\">Saluto<\/label><select  name=\"avia_1_1\" class=\"select\" id=\"avia_1_1\"><option class=\"av-placeholder\" disabled=\"disabled\" selected=\"selected\" value=''>Saluto<\/option><option   value='Frau'>Signora.<\/option><option   value='Herr'>Il Sig.<\/option><\/select><\/p><p class='form_element form_element_two_third' id='element_avia_2_1'><label for=\"avia_2_1\">Azienda<\/label> <input name=\"avia_2_1\" class=\"text_input\" type=\"text\" id=\"avia_2_1\" value=\"\"  placeholder='Azienda'\/><\/p><p class='first_form  form_element form_element_half' id='element_avia_3_1'><label for=\"avia_3_1\">Nome<\/label> <input name=\"avia_3_1\" class=\"text_input\" type=\"text\" id=\"avia_3_1\" value=\"\"  placeholder='Nome'\/><\/p><p class='form_element form_element_half' id='element_avia_4_1'><label for=\"avia_4_1\">Nome <abbr class=\"required\" title=\"richiesto\">*<\/abbr><\/label> <input name=\"avia_4_1\" class=\"text_input is_empty\" type=\"text\" id=\"avia_4_1\" value=\"\"  placeholder='Nome*'\/><\/p><p class='first_form  form_element form_element_two_third' id='element_avia_5_1'><label for=\"avia_5_1\">Via<\/label> <input name=\"avia_5_1\" class=\"text_input\" type=\"text\" id=\"avia_5_1\" value=\"\"  placeholder='Via'\/><\/p><p class='form_element form_element_third' id='element_avia_6_1'><label for=\"avia_6_1\">No.<\/label> <input name=\"avia_6_1\" class=\"text_input\" type=\"text\" id=\"avia_6_1\" value=\"\"  placeholder='No.'\/><\/p><p class='first_form  form_element form_element_third' id='element_avia_7_1'><label for=\"avia_7_1\">CAP<\/label> <input name=\"avia_7_1\" class=\"text_input\" type=\"text\" id=\"avia_7_1\" value=\"\"  placeholder='CAP'\/><\/p><p class='form_element form_element_third' id='element_avia_8_1'><label for=\"avia_8_1\">Posizione<\/label> <input name=\"avia_8_1\" class=\"text_input\" type=\"text\" id=\"avia_8_1\" value=\"\"  placeholder='Posizione'\/><\/p><p class='form_element form_element_third' id='element_avia_9_1'><label for=\"avia_9_1\">Paese<\/label><select  name=\"avia_9_1\" class=\"select\" id=\"avia_9_1\"><option class=\"av-placeholder\" disabled=\"disabled\" selected=\"selected\" value=''>Paese<\/option><option   value='Schweiz'>Svizzera<\/option><\/select><\/p><p class='first_form  form_element form_element_half' id='element_avia_10_1'><label for=\"avia_10_1\">Email <abbr class=\"required\" title=\"richiesto\">*<\/abbr><\/label> <input name=\"avia_10_1\" class=\"text_input is_email\" type=\"text\" id=\"avia_10_1\" value=\"\"  placeholder='e-mail*'\/><\/p><p class='form_element form_element_half' id='element_avia_11_1'><label for=\"avia_11_1\">Telefono<\/label> <input name=\"avia_11_1\" class=\"text_input\" type=\"text\" id=\"avia_11_1\" value=\"\"  placeholder='Telefono'\/><\/p><p class='first_form  form_element form_fullwidth' id='element_avia_12_1'><label for=\"avia_12_1\" class=\"textare_label hidden textare_label_avia_12_1\">Messaggio <abbr class=\"required\" title=\"richiesto\">*<\/abbr><\/label><textarea  placeholder='Messaggio*' name=\"avia_12_1\" class=\"text_area is_empty\" cols=\"40\" rows=\"7\" id=\"avia_12_1\" ><\/textarea><\/p><p class=\"hidden\"><input type=\"text\" name=\"avia_13_1\" class=\"hidden\" id=\"avia_13_1\" value=\"\" \/><\/p><div id='avia_14_1' class='av-recaptcha-area  first_form  form_element form_fullwidth av-last-visible-form-element'  data-container_class=\"\" data-custom_class=\"\" data-context=\"av_contact_form\" data-token_input=\"av_recaptcha_token\" data-version=\"avia_recaptcha_v3\" data-theme=\"light\" data-size=\"normal\" data-score=\"0.5\" data-text_to_preview=\"\" data-value=\"\"><div class=\"av-google-badge-message hidden\">Questo sito \u00e8 protetto da reCAPTCHA e si applicano i termini di servizio di Google <a href=\"https:\/\/policies.google.com\/privacy\">informativa sulla privacy<\/a> e <a href=\"https:\/\/policies.google.com\/terms\">Termini di servizio<\/a>.<\/div><\/div><p class='av_form_privacy_check av_contact_privacy_check first_form  form_element form_fullwidth' id='element_avia_15_1'><input  name=\"avia_15_1\" class=\"input_checkbox is_empty\" type=\"checkbox\" id=\"avia_15_1\" value=\"true\"\/><label class=\"input_checkbox_label\" for=\"avia_15_1\"><a href='https:\/\/www.keramikmahlwerk.ch\/it\/datenschutzerklaerung\/' target='_blank'>Informativa sulla privacy<\/a> leggere <abbr class=\"required\" title=\"richiesto\">*<\/abbr><\/label><\/p><p class=\"form_element\"><input type=\"hidden\" value=\"1\" name=\"avia_generated_form1\" \/><input type=\"submit\" value=\"Invia\" class=\"button\"  data-sending-label=\"Invio\"\/><\/p><\/fieldset><div class=\"avia-disabled-form\">Questo modulo di contatto \u00e8 disattivato perch\u00e9 l'utente ha rifiutato di accettare il servizio Google reCaptcha, necessario per convalidare i messaggi inviati dal modulo.<\/div><input type=\"hidden\" name=\"trp-form-language\" value=\"it\"\/><\/form><div id=\"ajaxresponse_1\" class=\"ajaxresponse ajaxresponse_1 hidden\"><\/div><\/p><\/div>\n<style type=\"text\/css\" data-created_by=\"avia_inline_auto\" id=\"style-css-av-1ldrg-62227ac9f46daa0b093b1d3787468a1c\">\n.flex_column.av-1ldrg-62227ac9f46daa0b093b1d3787468a1c{\nborder-radius:0px 0px 0px 0px;\npadding:0px 0px 0px 0px;\n}\n<\/style>\n<div  class='flex_column av-1ldrg-62227ac9f46daa0b093b1d3787468a1c av_two_fifth  avia-builder-el-5  el_after_av_three_fifth  avia-builder-el-last  flex_column_div av-zero-column-padding'     ><div  class='av_promobox av-rc4k-c94bc27b9e59c8ed32a3eee4be797699 avia-button-no  avia-builder-el-6  avia-builder-el-no-sibling'><div class='avia-promocontent'><p>\n<strong>Direttore esecutivo:<\/strong><br \/>\nMarkus Lehmann<br \/>\n031 535 33 68<br \/>\n<a href=\"\/it\/&\/#109;&#x61;i&#x6c;&#x74;&#111;&#x3a;i&#x6e;&#x66;&#111;&#x40;r&#x61;&#x66;&#102;&#x69;n&#x65;&#x73;&#115;&#x65;n&#x2e;&#x63;&#104;\">&#105;&#x6e;f&#x6f;&#x40;&#114;&#x61;f&#x66;&#x69;&#110;&#x65;s&#x73;&#x65;&#110;&#x2e;c&#x68;<\/a><\/p>\n<p><strong>Indirizzo:<\/strong><br \/>\nraffinessen.ch GmbH<br \/>\nWasserwerkgasse 2<br \/>\nCH-3011 Berna<br \/>\nSvizzera<\/p>\n<\/div><\/div><\/div><\/p>","protected":false},"excerpt":{"rendered":"","protected":false},"author":1,"featured_media":0,"parent":0,"menu_order":0,"comment_status":"closed","ping_status":"closed","template":"","meta":{"footnotes":""},"class_list":["post-28","page","type-page","status-publish","hentry"],"yoast_head":"<!-- This site is optimized with the Yoast SEO plugin v27.5 - https:\/\/yoast.com\/product\/yoast-seo-wordpress\/ -->\n<title>Konktakt - Kontakformular<\/title>\n<meta name=\"description\" content=\"Treten Sie mit uns in Kontakt wenn Sie technischen Ausk\u00fcnfte zu unseren Keramikm\u00fchlen w\u00fcnschen oder eine allgemeine Frage haben.\" \/>\n<meta name=\"robots\" content=\"index, follow, max-snippet:-1, max-image-preview:large, max-video-preview:-1\" \/>\n<link rel=\"canonical\" href=\"https:\/\/www.keramikmahlwerk.ch\/it\/kontakt\/\" \/>\n<meta property=\"og:locale\" content=\"it_IT\" \/>\n<meta property=\"og:type\" content=\"article\" \/>\n<meta property=\"og:title\" content=\"Kontaktformular - Keramikmahlwerke\" \/>\n<meta property=\"og:description\" content=\"Gerne stehen wir Ihnen bei Fragen zur Verf\u00fcgung.\" \/>\n<meta property=\"og:url\" content=\"https:\/\/www.keramikmahlwerk.ch\/it\/kontakt\/\" \/>\n<meta property=\"og:site_name\" content=\"Keramikmahlwerk von CrushGrind\u00ae\" \/>\n<meta property=\"article:modified_time\" content=\"2023-05-20T08:02:09+00:00\" \/>\n<meta property=\"og:image\" content=\"https:\/\/www.keramikmahlwerk.ch\/webseite\/wp-content\/uploads\/2015\/06\/keramikmahlwerk-crushgrind-wood.jpg\" \/>\n<meta name=\"twitter:card\" content=\"summary_large_image\" \/>\n<meta name=\"twitter:label1\" content=\"Tempo di lettura stimato\" \/>\n\t<meta name=\"twitter:data1\" content=\"3 minuti\" \/>\n<script type=\"application\/ld+json\" class=\"yoast-schema-graph\">{\"@context\":\"https:\\\/\\\/schema.org\",\"@graph\":[{\"@type\":\"WebPage\",\"@id\":\"https:\\\/\\\/www.keramikmahlwerk.ch\\\/kontakt\\\/\",\"url\":\"https:\\\/\\\/www.keramikmahlwerk.ch\\\/kontakt\\\/\",\"name\":\"Konktakt - Kontakformular\",\"isPartOf\":{\"@id\":\"https:\\\/\\\/www.keramikmahlwerk.ch\\\/#website\"},\"datePublished\":\"2015-06-17T20:37:09+00:00\",\"dateModified\":\"2023-05-20T08:02:09+00:00\",\"description\":\"Treten Sie mit uns in Kontakt wenn Sie technischen Ausk\u00fcnfte zu unseren Keramikm\u00fchlen w\u00fcnschen oder eine allgemeine Frage haben.\",\"breadcrumb\":{\"@id\":\"https:\\\/\\\/www.keramikmahlwerk.ch\\\/kontakt\\\/#breadcrumb\"},\"inLanguage\":\"it-IT\",\"potentialAction\":[{\"@type\":\"ReadAction\",\"target\":[\"https:\\\/\\\/www.keramikmahlwerk.ch\\\/kontakt\\\/\"]}]},{\"@type\":\"BreadcrumbList\",\"@id\":\"https:\\\/\\\/www.keramikmahlwerk.ch\\\/kontakt\\\/#breadcrumb\",\"itemListElement\":[{\"@type\":\"ListItem\",\"position\":1,\"name\":\"Home\",\"item\":\"https:\\\/\\\/www.keramikmahlwerk.ch\\\/crush-grind\\\/\"},{\"@type\":\"ListItem\",\"position\":2,\"name\":\"Kontakt\"}]},{\"@type\":\"WebSite\",\"@id\":\"https:\\\/\\\/www.keramikmahlwerk.ch\\\/#website\",\"url\":\"https:\\\/\\\/www.keramikmahlwerk.ch\\\/\",\"name\":\"Keramikmahlwerk von CrushGrind\u00ae\",\"description\":\"Neben Pfeffer mahlt dieses Mahlwerk auch Salz, Chili, Zucker, Gew\u00fcrze und Kr\u00e4uter gleichm\u00e4ssig und ohne zu verkleben\",\"potentialAction\":[{\"@type\":\"SearchAction\",\"target\":{\"@type\":\"EntryPoint\",\"urlTemplate\":\"https:\\\/\\\/www.keramikmahlwerk.ch\\\/?s={search_term_string}\"},\"query-input\":{\"@type\":\"PropertyValueSpecification\",\"valueRequired\":true,\"valueName\":\"search_term_string\"}}],\"inLanguage\":\"it-IT\"}]}<\/script>\n<!-- \/ Yoast SEO plugin. -->","yoast_head_json":{"title":"Contatto - Modulo di contatto","description":"Contattateci se avete bisogno di informazioni tecniche sui nostri mulini in ceramica o se avete una domanda generale.","robots":{"index":"index","follow":"follow","max-snippet":"max-snippet:-1","max-image-preview":"max-image-preview:large","max-video-preview":"max-video-preview:-1"},"canonical":"https:\/\/www.keramikmahlwerk.ch\/it\/kontakt\/","og_locale":"it_IT","og_type":"article","og_title":"Kontaktformular - Keramikmahlwerke","og_description":"Gerne stehen wir Ihnen bei Fragen zur Verf\u00fcgung.","og_url":"https:\/\/www.keramikmahlwerk.ch\/it\/kontakt\/","og_site_name":"Keramikmahlwerk von CrushGrind\u00ae","article_modified_time":"2023-05-20T08:02:09+00:00","og_image":[{"url":"https:\/\/www.keramikmahlwerk.ch\/webseite\/wp-content\/uploads\/2015\/06\/keramikmahlwerk-crushgrind-wood.jpg","type":"","width":"","height":""}],"twitter_card":"summary_large_image","twitter_misc":{"Tempo di lettura stimato":"3 minuti"},"schema":{"@context":"https:\/\/schema.org","@graph":[{"@type":"WebPage","@id":"https:\/\/www.keramikmahlwerk.ch\/kontakt\/","url":"https:\/\/www.keramikmahlwerk.ch\/kontakt\/","name":"Contatto - Modulo di contatto","isPartOf":{"@id":"https:\/\/www.keramikmahlwerk.ch\/#website"},"datePublished":"2015-06-17T20:37:09+00:00","dateModified":"2023-05-20T08:02:09+00:00","description":"Contattateci se avete bisogno di informazioni tecniche sui nostri mulini in ceramica o se avete una domanda generale.","breadcrumb":{"@id":"https:\/\/www.keramikmahlwerk.ch\/kontakt\/#breadcrumb"},"inLanguage":"it-IT","potentialAction":[{"@type":"ReadAction","target":["https:\/\/www.keramikmahlwerk.ch\/kontakt\/"]}]},{"@type":"BreadcrumbList","@id":"https:\/\/www.keramikmahlwerk.ch\/kontakt\/#breadcrumb","itemListElement":[{"@type":"ListItem","position":1,"name":"Home","item":"https:\/\/www.keramikmahlwerk.ch\/crush-grind\/"},{"@type":"ListItem","position":2,"name":"Kontakt"}]},{"@type":"WebSite","@id":"https:\/\/www.keramikmahlwerk.ch\/#website","url":"https:\/\/www.keramikmahlwerk.ch\/","name":"Mulino di macinazione in ceramica CrushGrind","description":"Oltre al pepe, questo macinino macina anche sale, peperoncino, zucchero, spezie ed erbe in modo uniforme e senza attaccarsi","potentialAction":[{"@type":"SearchAction","target":{"@type":"EntryPoint","urlTemplate":"https:\/\/www.keramikmahlwerk.ch\/?s={search_term_string}"},"query-input":{"@type":"PropertyValueSpecification","valueRequired":true,"valueName":"search_term_string"}}],"inLanguage":"it-IT"}]}},"_links":{"self":[{"href":"https:\/\/www.keramikmahlwerk.ch\/it\/wp-json\/wp\/v2\/pages\/28","targetHints":{"allow":["GET"]}}],"collection":[{"href":"https:\/\/www.keramikmahlwerk.ch\/it\/wp-json\/wp\/v2\/pages"}],"about":[{"href":"https:\/\/www.keramikmahlwerk.ch\/it\/wp-json\/wp\/v2\/types\/page"}],"author":[{"embeddable":true,"href":"https:\/\/www.keramikmahlwerk.ch\/it\/wp-json\/wp\/v2\/users\/1"}],"replies":[{"embeddable":true,"href":"https:\/\/www.keramikmahlwerk.ch\/it\/wp-json\/wp\/v2\/comments?post=28"}],"version-history":[{"count":60,"href":"https:\/\/www.keramikmahlwerk.ch\/it\/wp-json\/wp\/v2\/pages\/28\/revisions"}],"predecessor-version":[{"id":8265,"href":"https:\/\/www.keramikmahlwerk.ch\/it\/wp-json\/wp\/v2\/pages\/28\/revisions\/8265"}],"wp:attachment":[{"href":"https:\/\/www.keramikmahlwerk.ch\/it\/wp-json\/wp\/v2\/media?parent=28"}],"curies":[{"name":"wp","href":"https:\/\/api.w.org\/{rel}","templated":true}]}}