{"id":355,"date":"2015-10-28T20:51:56","date_gmt":"2015-10-28T19:51:56","guid":{"rendered":"https:\/\/www.keramikmahlwerk.ch\/webseite\/?page_id=355"},"modified":"2018-04-26T17:40:57","modified_gmt":"2018-04-26T15:40:57","slug":"ueber-uns","status":"publish","type":"page","link":"https:\/\/www.keramikmahlwerk.ch\/it\/ueber-uns\/","title":{"rendered":"Chi siamo"},"content":{"rendered":"<style type=\"text\/css\" data-created_by=\"avia_inline_auto\" id=\"style-css-av-av_heading-2806cf7d0f64ac1be4e7c0de2f176e37\">\n#top .av-special-heading.av-av_heading-2806cf7d0f64ac1be4e7c0de2f176e37{\npadding-bottom:10px;\n}\nbody .av-special-heading.av-av_heading-2806cf7d0f64ac1be4e7c0de2f176e37 .av-special-heading-tag .heading-char{\nfont-size:25px;\n}\n.av-special-heading.av-av_heading-2806cf7d0f64ac1be4e7c0de2f176e37 .av-subheading{\nfont-size:15px;\n}\n<\/style>\n<div  class='av-special-heading av-av_heading-2806cf7d0f64ac1be4e7c0de2f176e37 av-special-heading-h1 blockquote modern-quote  avia-builder-el-0  el_before_av_two_third  avia-builder-el-first'><h1 class='av-special-heading-tag'  itemprop=\"headline\"  >Chi siamo<\/h1><div class=\"special-heading-border\"><div class=\"special-heading-inner-border\"><\/div><\/div><\/div>\n\n<style type=\"text\/css\" data-created_by=\"avia_inline_auto\" id=\"style-css-av-mfqz7-eba758a1f1fa6a0308551cd4ffb9142d\">\n.flex_column.av-mfqz7-eba758a1f1fa6a0308551cd4ffb9142d{\nborder-radius:0px 0px 0px 0px;\npadding:0px 0px 0px 0px;\n}\n<\/style>\n<div  class='flex_column av-mfqz7-eba758a1f1fa6a0308551cd4ffb9142d av_two_third  avia-builder-el-1  el_after_av_heading  el_before_av_one_third  first flex_column_div av-zero-column-padding'     ><section  class='av_textblock_section av-gv04j-4d73b402e7a1872eb256cb50aea72409'   itemscope=\"itemscope\" itemtype=\"https:\/\/schema.org\/CreativeWork\" ><div class='avia_textblock'  itemprop=\"text\" ><p>Keramikmahlwerk.ch \u00e8 un'offerta del <a href=\"https:\/\/www.raffinessen.ch\/\">Refinements.ch GmbH<\/a>. L'azienda \u00e8 stata fondata a Berna nel 2007. Raffinessen.ch punta in alto, ma non a qualsiasi prezzo. Siamo sostenibilmente professionali, rinfrescantemente trasparenti, intelligenti e giusti.<\/p>\n<p>Un partenariato rispettoso e cooperativo con i nostri clienti, le istituzioni sociali, gli artigiani svizzeri, i fornitori nazionali e internazionali \u00e8 vicino al nostro cuore.<\/p>\n<p>Le spezie tra le marche <a href=\"https:\/\/www.raffinessen.ch\" target=\"_blank\" rel=\"noopener\">Rifiniture<\/a> e <a href=\"https:\/\/www.goutduterroir.com\" target=\"_blank\" rel=\"noopener\">Go\u00fbt du Terroir<\/a> sono il cuore della nostra manifattura dal 2009. Sono la fonte e l'ispirazione del nostro lavoro.<\/p>\n<p>Poich\u00e9 le spezie hanno un sapore migliore se macinate al momento, siamo andati alla ricerca del miglior macinino e l'abbiamo trovato in Danimarca. Siamo orgogliosi di essere riusciti ad assumere la rappresentanza svizzera per le macine in ceramica CrushGrind\u00ae nel 2010.<\/p>\n<p>Direttore Generale: Markus Lehmann<br \/>\n<a href=\"\/it\/&\/#109;&#x61;&#105;&#x6c;&#116;&#x6f;:&#x6d;a&#x72;k&#117;&#x73;&#46;&#x6c;&#101;&#x68;&#109;&#x61;n&#x6e;&#64;&#x72;a&#102;&#x66;&#105;&#x6e;&#101;&#x73;&#115;&#x65;n&#x2e;c&#x68;\">&#x6d;&#97;r&#x6b;&#x75;&#115;&#46;&#x6c;&#x65;&#104;m&#x61;&#110;n&#x40;&#x72;&#97;f&#x66;&#x69;&#110;e&#x73;&#115;&#101;&#x6e;&#x2e;&#99;h<\/a><br \/>\n031 535 33 68<\/p>\n<\/div><\/section><\/div>\n<style type=\"text\/css\" data-created_by=\"avia_inline_auto\" id=\"style-css-av-73voz-3d0626cdfe5c0378042a1b8295c9c056\">\n.flex_column.av-73voz-3d0626cdfe5c0378042a1b8295c9c056{\nborder-radius:0px 0px 0px 0px;\npadding:0px 0px 0px 0px;\n}\n<\/style>\n<div  class='flex_column av-73voz-3d0626cdfe5c0378042a1b8295c9c056 av_one_third  avia-builder-el-3  el_after_av_two_third  avia-builder-el-last  flex_column_div av-zero-column-padding'     ><\/div><\/p>","protected":false},"excerpt":{"rendered":"","protected":false},"author":1,"featured_media":0,"parent":0,"menu_order":0,"comment_status":"closed","ping_status":"closed","template":"","meta":{"footnotes":""},"class_list":["post-355","page","type-page","status-publish","hentry"],"yoast_head":"<!-- This site is optimized with the Yoast SEO plugin v27.4 - https:\/\/yoast.com\/product\/yoast-seo-wordpress\/ -->\n<title>\u00dcber uns - Keramikmahlwerke CrushGrind \u00ae<\/title>\n<meta name=\"robots\" content=\"index, follow, max-snippet:-1, max-image-preview:large, max-video-preview:-1\" \/>\n<link rel=\"canonical\" href=\"https:\/\/www.keramikmahlwerk.ch\/it\/ueber-uns\/\" \/>\n<meta property=\"og:locale\" content=\"it_IT\" \/>\n<meta property=\"og:type\" content=\"article\" \/>\n<meta property=\"og:title\" content=\"\u00dcber uns - Keramikmahlwerke CrushGrind \u00ae\" \/>\n<meta property=\"og:url\" content=\"https:\/\/www.keramikmahlwerk.ch\/it\/ueber-uns\/\" \/>\n<meta property=\"og:site_name\" content=\"Keramikmahlwerk von CrushGrind\u00ae\" \/>\n<meta property=\"article:modified_time\" content=\"2018-04-26T15:40:57+00:00\" \/>\n<meta name=\"twitter:card\" content=\"summary_large_image\" \/>\n<meta name=\"twitter:label1\" content=\"Tempo di lettura stimato\" \/>\n\t<meta name=\"twitter:data1\" content=\"2 minuti\" \/>\n<script type=\"application\/ld+json\" class=\"yoast-schema-graph\">{\"@context\":\"https:\\\/\\\/schema.org\",\"@graph\":[{\"@type\":\"WebPage\",\"@id\":\"https:\\\/\\\/www.keramikmahlwerk.ch\\\/ueber-uns\\\/\",\"url\":\"https:\\\/\\\/www.keramikmahlwerk.ch\\\/ueber-uns\\\/\",\"name\":\"\u00dcber uns - Keramikmahlwerke CrushGrind \u00ae\",\"isPartOf\":{\"@id\":\"https:\\\/\\\/www.keramikmahlwerk.ch\\\/#website\"},\"datePublished\":\"2015-10-28T19:51:56+00:00\",\"dateModified\":\"2018-04-26T15:40:57+00:00\",\"breadcrumb\":{\"@id\":\"https:\\\/\\\/www.keramikmahlwerk.ch\\\/ueber-uns\\\/#breadcrumb\"},\"inLanguage\":\"it-IT\",\"potentialAction\":[{\"@type\":\"ReadAction\",\"target\":[\"https:\\\/\\\/www.keramikmahlwerk.ch\\\/ueber-uns\\\/\"]}]},{\"@type\":\"BreadcrumbList\",\"@id\":\"https:\\\/\\\/www.keramikmahlwerk.ch\\\/ueber-uns\\\/#breadcrumb\",\"itemListElement\":[{\"@type\":\"ListItem\",\"position\":1,\"name\":\"Home\",\"item\":\"https:\\\/\\\/www.keramikmahlwerk.ch\\\/crush-grind\\\/\"},{\"@type\":\"ListItem\",\"position\":2,\"name\":\"\u00dcber uns\"}]},{\"@type\":\"WebSite\",\"@id\":\"https:\\\/\\\/www.keramikmahlwerk.ch\\\/#website\",\"url\":\"https:\\\/\\\/www.keramikmahlwerk.ch\\\/\",\"name\":\"Keramikmahlwerk von CrushGrind\u00ae\",\"description\":\"Neben Pfeffer mahlt dieses Mahlwerk auch Salz, Chili, Zucker, Gew\u00fcrze und Kr\u00e4uter gleichm\u00e4ssig und ohne zu verkleben\",\"potentialAction\":[{\"@type\":\"SearchAction\",\"target\":{\"@type\":\"EntryPoint\",\"urlTemplate\":\"https:\\\/\\\/www.keramikmahlwerk.ch\\\/?s={search_term_string}\"},\"query-input\":{\"@type\":\"PropertyValueSpecification\",\"valueRequired\":true,\"valueName\":\"search_term_string\"}}],\"inLanguage\":\"it-IT\"}]}<\/script>\n<!-- \/ Yoast SEO plugin. -->","yoast_head_json":{"title":"Chi siamo - Smerigliatrici in ceramica CrushGrind \u00ae","robots":{"index":"index","follow":"follow","max-snippet":"max-snippet:-1","max-image-preview":"max-image-preview:large","max-video-preview":"max-video-preview:-1"},"canonical":"https:\/\/www.keramikmahlwerk.ch\/it\/ueber-uns\/","og_locale":"it_IT","og_type":"article","og_title":"\u00dcber uns - Keramikmahlwerke CrushGrind \u00ae","og_url":"https:\/\/www.keramikmahlwerk.ch\/it\/ueber-uns\/","og_site_name":"Keramikmahlwerk von CrushGrind\u00ae","article_modified_time":"2018-04-26T15:40:57+00:00","twitter_card":"summary_large_image","twitter_misc":{"Tempo di lettura stimato":"2 minuti"},"schema":{"@context":"https:\/\/schema.org","@graph":[{"@type":"WebPage","@id":"https:\/\/www.keramikmahlwerk.ch\/ueber-uns\/","url":"https:\/\/www.keramikmahlwerk.ch\/ueber-uns\/","name":"Chi siamo - Smerigliatrici in ceramica CrushGrind \u00ae","isPartOf":{"@id":"https:\/\/www.keramikmahlwerk.ch\/#website"},"datePublished":"2015-10-28T19:51:56+00:00","dateModified":"2018-04-26T15:40:57+00:00","breadcrumb":{"@id":"https:\/\/www.keramikmahlwerk.ch\/ueber-uns\/#breadcrumb"},"inLanguage":"it-IT","potentialAction":[{"@type":"ReadAction","target":["https:\/\/www.keramikmahlwerk.ch\/ueber-uns\/"]}]},{"@type":"BreadcrumbList","@id":"https:\/\/www.keramikmahlwerk.ch\/ueber-uns\/#breadcrumb","itemListElement":[{"@type":"ListItem","position":1,"name":"Home","item":"https:\/\/www.keramikmahlwerk.ch\/crush-grind\/"},{"@type":"ListItem","position":2,"name":"\u00dcber uns"}]},{"@type":"WebSite","@id":"https:\/\/www.keramikmahlwerk.ch\/#website","url":"https:\/\/www.keramikmahlwerk.ch\/","name":"Mulino di macinazione in ceramica CrushGrind","description":"Oltre al pepe, questo macinino macina anche sale, peperoncino, zucchero, spezie ed erbe in modo uniforme e senza attaccarsi","potentialAction":[{"@type":"SearchAction","target":{"@type":"EntryPoint","urlTemplate":"https:\/\/www.keramikmahlwerk.ch\/?s={search_term_string}"},"query-input":{"@type":"PropertyValueSpecification","valueRequired":true,"valueName":"search_term_string"}}],"inLanguage":"it-IT"}]}},"_links":{"self":[{"href":"https:\/\/www.keramikmahlwerk.ch\/it\/wp-json\/wp\/v2\/pages\/355","targetHints":{"allow":["GET"]}}],"collection":[{"href":"https:\/\/www.keramikmahlwerk.ch\/it\/wp-json\/wp\/v2\/pages"}],"about":[{"href":"https:\/\/www.keramikmahlwerk.ch\/it\/wp-json\/wp\/v2\/types\/page"}],"author":[{"embeddable":true,"href":"https:\/\/www.keramikmahlwerk.ch\/it\/wp-json\/wp\/v2\/users\/1"}],"replies":[{"embeddable":true,"href":"https:\/\/www.keramikmahlwerk.ch\/it\/wp-json\/wp\/v2\/comments?post=355"}],"version-history":[{"count":11,"href":"https:\/\/www.keramikmahlwerk.ch\/it\/wp-json\/wp\/v2\/pages\/355\/revisions"}],"predecessor-version":[{"id":1115,"href":"https:\/\/www.keramikmahlwerk.ch\/it\/wp-json\/wp\/v2\/pages\/355\/revisions\/1115"}],"wp:attachment":[{"href":"https:\/\/www.keramikmahlwerk.ch\/it\/wp-json\/wp\/v2\/media?parent=355"}],"curies":[{"name":"wp","href":"https:\/\/api.w.org\/{rel}","templated":true}]}}