{"id":541,"date":"2015-12-07T13:50:41","date_gmt":"2015-12-07T12:50:41","guid":{"rendered":"https:\/\/www.keramikmahlwerk.ch\/?page_id=541"},"modified":"2023-02-03T12:52:35","modified_gmt":"2023-02-03T11:52:35","slug":"crushgrind-coffee","status":"publish","type":"page","link":"https:\/\/www.keramikmahlwerk.ch\/it\/crushgrind-coffee\/","title":{"rendered":"Macinino in ceramica CrushGrind\u00ae Caff\u00e8 e Barista"},"content":{"rendered":"<style type=\"text\/css\" data-created_by=\"avia_inline_auto\" id=\"style-css-av-1ix879-2e6bf6680d0872ea264d625fd663e13e\">\n#top .av-special-heading.av-1ix879-2e6bf6680d0872ea264d625fd663e13e{\npadding-bottom:10px;\n}\nbody .av-special-heading.av-1ix879-2e6bf6680d0872ea264d625fd663e13e .av-special-heading-tag .heading-char{\nfont-size:25px;\n}\n.av-special-heading.av-1ix879-2e6bf6680d0872ea264d625fd663e13e .av-subheading{\nfont-size:15px;\n}\n<\/style>\n<div  class='av-special-heading av-1ix879-2e6bf6680d0872ea264d625fd663e13e av-special-heading-h1 blockquote modern-quote  avia-builder-el-0  el_before_av_three_fifth  avia-builder-el-first'><h1 class='av-special-heading-tag'  itemprop=\"headline\"  >Caff\u00e8 CrushGrind\u00ae e CrushGrind\u00ae Barista<\/h1><div class=\"special-heading-border\"><div class=\"special-heading-inner-border\"><\/div><\/div><\/div>\n\n<style type=\"text\/css\" data-created_by=\"avia_inline_auto\" id=\"style-css-av-1g0jol-e0678216479dbc7e79dc53d6312f2341\">\n.flex_column.av-1g0jol-e0678216479dbc7e79dc53d6312f2341{\nborder-radius:0px 0px 0px 0px;\npadding:0px 0px 0px 0px;\n}\n<\/style>\n<div  class='flex_column av-1g0jol-e0678216479dbc7e79dc53d6312f2341 av_three_fifth  avia-builder-el-1  el_after_av_heading  el_before_av_two_fifth  first flex_column_div av-zero-column-padding'     ><p><section  class='av_textblock_section av-17t5f9-fdbb8853b871d9add0555ab8da2db1be'   itemscope=\"itemscope\" itemtype=\"https:\/\/schema.org\/CreativeWork\" ><div class='avia_textblock'  itemprop=\"text\" ><p>Il <a href=\"https:\/\/www.keramikmahlwerk.ch\/it\/prodotto-2\/crush-grind-coffee-grinder\/\">Macinino CrushGrind\u00ae Caff\u00e8<\/a> \u00e8 appositamente progettato per macinare il caff\u00e8. A causa della maggiore resistenza durante la molatura, questa smerigliatrice deve essere posizionata su un piano di lavoro.<\/p>\n<p>Il leggermente pi\u00f9 piccolo <a href=\"https:\/\/www.keramikmahlwerk.ch\/it\/prodotto-2\/keramikmahlwerk-kurbel-barista\/\">Macinino CrushGrind\u00ae Barista<\/a> \u00e8 ideale per macinare spezie e caff\u00e8. Grazie alla manovella e alle pietre di macinazione pi\u00f9 grandi, sale, pepe, peperoncino e molte altre spezie, erbe e fiori possono essere macinati pi\u00f9 velocemente.<\/p>\n<p>Questo macinino pu\u00f2 essere azionato con la mano come un macinapepe. La testa del mulino pu\u00f2 essere personalizzata dall'asta centrale esagonale, ad esempio con una manovella metallica o altri meccanismi di rotazione innovativi.<\/p>\n<p>Per il macinino CrushGrind\u00ae Barista, \u00e8 possibile utilizzare un <a href=\"https:\/\/www.keramikmahlwerk.ch\/it\/prodotto-2\/keramikmahlwerk-kurbel-barista\/\">Manovella<\/a> pu\u00f2 essere acquistato in aggiunta.<\/p>\n<\/div><\/section><br \/>\n<div  class='tabcontainer av-148xol-eb563d386dcffbaaf4ef4ef832d7ba03 top_tab  avia-builder-el-3  el_after_av_textblock  el_before_av_button'>\n<section class='av_tab_section av_tab_section av-wk89h-185a5ca0b46119450223b0e142dc083c'  itemscope=\"itemscope\" itemtype=\"https:\/\/schema.org\/CreativeWork\" ><div id='tab-id-1-tab' class='tab active_tab' role='tab' aria-selected=\"true\" tabindex=\"0\" data-fake-id='#tab-id-1' aria-controls='tab-id-1-content'  itemprop=\"headline\" >Prezzi<\/div><div id='tab-id-1-content' class='tab_content active_tab_content' role='tabpanel' aria-labelledby='tab-id-1-tab' aria-hidden=\"false\"><div class='tab_inner_content invers-color'  itemprop=\"text\" ><p>A partire da un prezzo unitario di CHF 23,90 (Barista) e CHF 25,90 (Coffee), si ricevono macine in ceramica di alta qualit\u00e0 con una garanzia di 25 anni.<\/p>\n<p>A partire da CHF 300.00 di valore della merce consegniamo senza spese di spedizione in Svizzera.<\/p>\n<\/div><\/div><\/section>\n<section class='av_tab_section av_tab_section av-ks8qli7k-faaf788aa231b654df66c4434ed1688f'  itemscope=\"itemscope\" itemtype=\"https:\/\/schema.org\/CreativeWork\" ><div id='tab-id-2-tab' class='tab' role='tab' aria-selected=\"false\" tabindex=\"0\" data-fake-id='#tab-id-2' aria-controls='tab-id-2-content'  itemprop=\"headline\" >Istruzioni per l'installazione<\/div><div id='tab-id-2-content' class='tab_content' role='tabpanel' aria-labelledby='tab-id-2-tab' aria-hidden=\"true\"><div class='tab_inner_content invers-color'  itemprop=\"text\" ><p>Istruzioni per l'installazione del <a href=\"https:\/\/www.keramikmahlwerk.ch\/webseite\/wp-content\/uploads\/2021\/08\/keramikmahlwerk-montageanleitung-barista-de.pdf\" target=\"_blank\" rel=\"noopener\">Macinino in ceramica Barista<\/a> pu\u00f2 essere trovato qui.<br \/>\nA <a href=\"https:\/\/www.keramikmahlwerk.ch\/webseite\/wp-content\/uploads\/2023\/02\/coffee-grind-keramik-mahlwerk-technische-hinweise.pdf\" target=\"_blank\" rel=\"noopener\">Istruzioni per l'installazione<\/a> per il caff\u00e8 CrushGrind\u00ae \u00e8 disponibile in formato PDF.<\/p>\n<\/div><\/div><\/section>\n<\/div><br \/>\n<div  class='avia-button-wrap av-2lz4t-b9a13eb600aa9fec1f64fb5b5cd1964c-wrap avia-button-left  avia-builder-el-4  el_after_av_tab_container  avia-builder-el-last'><a href='https:\/\/www.keramikmahlwerk.ch\/it\/shop\/webshop\/#crushgrind-coffee'  class='avia-button av-2lz4t-b9a13eb600aa9fec1f64fb5b5cd1964c av-link-btn avia-icon_select-no avia-size-large avia-position-left avia-color-theme-color'   aria-label=\"Clicca qui per andare al negozio\"><span class='avia_iconbox_title' >Clicca qui per andare al negozio<\/span><\/a><\/div><\/p><\/div>\n<style type=\"text\/css\" data-created_by=\"avia_inline_auto\" id=\"style-css-av-250sl-f6ebd0a8a5b03fcc884d9ffe46166e7f\">\n.flex_column.av-250sl-f6ebd0a8a5b03fcc884d9ffe46166e7f{\nborder-radius:0px 0px 0px 0px;\npadding:0px 0px 0px 0px;\n}\n<\/style>\n<div  class='flex_column av-250sl-f6ebd0a8a5b03fcc884d9ffe46166e7f av_two_fifth  avia-builder-el-5  el_after_av_three_fifth  avia-builder-el-last  flex_column_div av-zero-column-padding'     ><p>\n<style type=\"text\/css\" data-created_by=\"avia_inline_auto\" id=\"style-css-av-dcsad-4df70b97e3a5dfe93676bcb20a36268c\">\n.avia-image-container.av-dcsad-4df70b97e3a5dfe93676bcb20a36268c img.avia_image{\nbox-shadow:none;\n}\n.avia-image-container.av-dcsad-4df70b97e3a5dfe93676bcb20a36268c .av-image-caption-overlay-center{\ncolor:#ffffff;\n}\n<\/style>\n<div  class='avia-image-container av-dcsad-4df70b97e3a5dfe93676bcb20a36268c av-styling- avia-align-center  avia-builder-el-6  el_before_av_image  avia-builder-el-first'   itemprop=\"image\" itemscope=\"itemscope\" itemtype=\"https:\/\/schema.org\/ImageObject\" ><div class=\"avia-image-container-inner\"><div class=\"avia-image-overlay-wrap\"><img decoding=\"async\" fetchpriority=\"high\" class='wp-image-966 avia-img-lazy-loading-not-966 avia_image' src=\"https:\/\/www.keramikmahlwerk.ch\/webseite\/wp-content\/uploads\/2018\/04\/crush-grind-coffee-quadratisch.jpg\" alt='' title='crush-grind-coffee-square'  height=\"1000\" width=\"1000\"  itemprop=\"thumbnailUrl\" srcset=\"https:\/\/www.keramikmahlwerk.ch\/webseite\/wp-content\/uploads\/2018\/04\/crush-grind-coffee-quadratisch.jpg 1000w, https:\/\/www.keramikmahlwerk.ch\/webseite\/wp-content\/uploads\/2018\/04\/crush-grind-coffee-quadratisch-80x80.jpg 80w, https:\/\/www.keramikmahlwerk.ch\/webseite\/wp-content\/uploads\/2018\/04\/crush-grind-coffee-quadratisch-300x300.jpg 300w, https:\/\/www.keramikmahlwerk.ch\/webseite\/wp-content\/uploads\/2018\/04\/crush-grind-coffee-quadratisch-768x768.jpg 768w, https:\/\/www.keramikmahlwerk.ch\/webseite\/wp-content\/uploads\/2018\/04\/crush-grind-coffee-quadratisch-36x36.jpg 36w, https:\/\/www.keramikmahlwerk.ch\/webseite\/wp-content\/uploads\/2018\/04\/crush-grind-coffee-quadratisch-180x180.jpg 180w, https:\/\/www.keramikmahlwerk.ch\/webseite\/wp-content\/uploads\/2018\/04\/crush-grind-coffee-quadratisch-705x705.jpg 705w, https:\/\/www.keramikmahlwerk.ch\/webseite\/wp-content\/uploads\/2018\/04\/crush-grind-coffee-quadratisch-100x100.jpg 100w, https:\/\/www.keramikmahlwerk.ch\/webseite\/wp-content\/uploads\/2018\/04\/crush-grind-coffee-quadratisch-450x450.jpg 450w\" sizes=\"(max-width: 1000px) 100vw, 1000px\" \/><\/div><\/div><\/div><br \/>\n\n<style type=\"text\/css\" data-created_by=\"avia_inline_auto\" id=\"style-css-av-7nsnp-fd840c458ebb3568fb3807bcd73c8741\">\n.avia-image-container.av-7nsnp-fd840c458ebb3568fb3807bcd73c8741 img.avia_image{\nbox-shadow:none;\n}\n.avia-image-container.av-7nsnp-fd840c458ebb3568fb3807bcd73c8741 .av-image-caption-overlay-center{\ncolor:#ffffff;\n}\n<\/style>\n<div  class='avia-image-container av-7nsnp-fd840c458ebb3568fb3807bcd73c8741 av-styling- avia-align-center  avia-builder-el-7  el_after_av_image  avia-builder-el-last'   itemprop=\"image\" itemscope=\"itemscope\" itemtype=\"https:\/\/schema.org\/ImageObject\" ><div class=\"avia-image-container-inner\"><div class=\"avia-image-overlay-wrap\"><img decoding=\"async\" fetchpriority=\"high\" class='wp-image-1034 avia-img-lazy-loading-not-1034 avia_image' src=\"https:\/\/www.keramikmahlwerk.ch\/webseite\/wp-content\/uploads\/2018\/04\/crushgrind-barista-1030x1030.jpg\" alt='' title='crushgrind-barista'  height=\"1030\" width=\"1030\"  itemprop=\"thumbnailUrl\" srcset=\"https:\/\/www.keramikmahlwerk.ch\/webseite\/wp-content\/uploads\/2018\/04\/crushgrind-barista-1030x1030.jpg 1030w, https:\/\/www.keramikmahlwerk.ch\/webseite\/wp-content\/uploads\/2018\/04\/crushgrind-barista-80x80.jpg 80w, https:\/\/www.keramikmahlwerk.ch\/webseite\/wp-content\/uploads\/2018\/04\/crushgrind-barista-300x300.jpg 300w, https:\/\/www.keramikmahlwerk.ch\/webseite\/wp-content\/uploads\/2018\/04\/crushgrind-barista-768x768.jpg 768w, https:\/\/www.keramikmahlwerk.ch\/webseite\/wp-content\/uploads\/2018\/04\/crushgrind-barista-36x36.jpg 36w, https:\/\/www.keramikmahlwerk.ch\/webseite\/wp-content\/uploads\/2018\/04\/crushgrind-barista-180x180.jpg 180w, https:\/\/www.keramikmahlwerk.ch\/webseite\/wp-content\/uploads\/2018\/04\/crushgrind-barista-1500x1500.jpg 1500w, https:\/\/www.keramikmahlwerk.ch\/webseite\/wp-content\/uploads\/2018\/04\/crushgrind-barista-705x705.jpg 705w, https:\/\/www.keramikmahlwerk.ch\/webseite\/wp-content\/uploads\/2018\/04\/crushgrind-barista-100x100.jpg 100w, https:\/\/www.keramikmahlwerk.ch\/webseite\/wp-content\/uploads\/2018\/04\/crushgrind-barista-450x450.jpg 450w, https:\/\/www.keramikmahlwerk.ch\/webseite\/wp-content\/uploads\/2018\/04\/crushgrind-barista.jpg 2000w\" sizes=\"(max-width: 1030px) 100vw, 1030px\" \/><\/div><\/div><\/div><\/p><\/div><\/p>","protected":false},"excerpt":{"rendered":"","protected":false},"author":1,"featured_media":0,"parent":0,"menu_order":0,"comment_status":"closed","ping_status":"closed","template":"","meta":{"footnotes":""},"class_list":["post-541","page","type-page","status-publish","hentry"],"yoast_head":"<!-- This site is optimized with the Yoast SEO plugin v27.4 - https:\/\/yoast.com\/product\/yoast-seo-wordpress\/ -->\n<title>Keramikmahlwerk CrushGrind \u00ae Coffee<\/title>\n<meta name=\"description\" content=\"Das Keramikmahlwerk CrushGrind \u00ae Coffee eignet sich, wie es der Namen schon sagt, f\u00fcr Kaffeem\u00fchlen. Wir liefern auch Kleinstmengen. 25 Jahre Garantie.\" \/>\n<meta name=\"robots\" content=\"index, follow, max-snippet:-1, max-image-preview:large, max-video-preview:-1\" \/>\n<link rel=\"canonical\" href=\"https:\/\/www.keramikmahlwerk.ch\/it\/crushgrind-coffee\/\" \/>\n<meta property=\"og:locale\" content=\"it_IT\" \/>\n<meta property=\"og:type\" content=\"article\" \/>\n<meta property=\"og:title\" content=\"Keramikmahlwerk CrushGrind \u00ae Coffee\" \/>\n<meta property=\"og:description\" content=\"Das Keramikmahlwerk CrushGrind \u00ae Coffee eignet sich, wie es der Namen schon sagt, f\u00fcr Kaffeem\u00fchlen. Wir liefern auch Kleinstmengen. 25 Jahre Garantie.\" \/>\n<meta property=\"og:url\" content=\"https:\/\/www.keramikmahlwerk.ch\/it\/crushgrind-coffee\/\" \/>\n<meta property=\"og:site_name\" content=\"Keramikmahlwerk von CrushGrind\u00ae\" \/>\n<meta property=\"article:modified_time\" content=\"2023-02-03T11:52:35+00:00\" \/>\n<meta name=\"twitter:card\" content=\"summary_large_image\" \/>\n<meta name=\"twitter:label1\" content=\"Tempo di lettura stimato\" \/>\n\t<meta name=\"twitter:data1\" content=\"2 minuti\" \/>\n<script type=\"application\/ld+json\" class=\"yoast-schema-graph\">{\"@context\":\"https:\\\/\\\/schema.org\",\"@graph\":[{\"@type\":\"WebPage\",\"@id\":\"https:\\\/\\\/www.keramikmahlwerk.ch\\\/crushgrind-coffee\\\/\",\"url\":\"https:\\\/\\\/www.keramikmahlwerk.ch\\\/crushgrind-coffee\\\/\",\"name\":\"Keramikmahlwerk CrushGrind \u00ae Coffee\",\"isPartOf\":{\"@id\":\"https:\\\/\\\/www.keramikmahlwerk.ch\\\/#website\"},\"datePublished\":\"2015-12-07T12:50:41+00:00\",\"dateModified\":\"2023-02-03T11:52:35+00:00\",\"description\":\"Das Keramikmahlwerk CrushGrind \u00ae Coffee eignet sich, wie es der Namen schon sagt, f\u00fcr Kaffeem\u00fchlen. Wir liefern auch Kleinstmengen. 25 Jahre Garantie.\",\"breadcrumb\":{\"@id\":\"https:\\\/\\\/www.keramikmahlwerk.ch\\\/crushgrind-coffee\\\/#breadcrumb\"},\"inLanguage\":\"it-IT\",\"potentialAction\":[{\"@type\":\"ReadAction\",\"target\":[\"https:\\\/\\\/www.keramikmahlwerk.ch\\\/crushgrind-coffee\\\/\"]}]},{\"@type\":\"BreadcrumbList\",\"@id\":\"https:\\\/\\\/www.keramikmahlwerk.ch\\\/crushgrind-coffee\\\/#breadcrumb\",\"itemListElement\":[{\"@type\":\"ListItem\",\"position\":1,\"name\":\"Home\",\"item\":\"https:\\\/\\\/www.keramikmahlwerk.ch\\\/crush-grind\\\/\"},{\"@type\":\"ListItem\",\"position\":2,\"name\":\"Keramikmahlwerk CrushGrind\u00ae Coffee und Barista\"}]},{\"@type\":\"WebSite\",\"@id\":\"https:\\\/\\\/www.keramikmahlwerk.ch\\\/#website\",\"url\":\"https:\\\/\\\/www.keramikmahlwerk.ch\\\/\",\"name\":\"Keramikmahlwerk von CrushGrind\u00ae\",\"description\":\"Neben Pfeffer mahlt dieses Mahlwerk auch Salz, Chili, Zucker, Gew\u00fcrze und Kr\u00e4uter gleichm\u00e4ssig und ohne zu verkleben\",\"potentialAction\":[{\"@type\":\"SearchAction\",\"target\":{\"@type\":\"EntryPoint\",\"urlTemplate\":\"https:\\\/\\\/www.keramikmahlwerk.ch\\\/?s={search_term_string}\"},\"query-input\":{\"@type\":\"PropertyValueSpecification\",\"valueRequired\":true,\"valueName\":\"search_term_string\"}}],\"inLanguage\":\"it-IT\"}]}<\/script>\n<!-- \/ Yoast SEO plugin. -->","yoast_head_json":{"title":"Macinino in ceramica CrushGrind \u00ae Caff\u00e8","description":"Il macinino in ceramica CrushGrind \u00ae Coffee \u00e8 adatto, come suggerisce il nome, per macinare il caff\u00e8. Forniamo anche piccole quantit\u00e0. 25 anni di garanzia.","robots":{"index":"index","follow":"follow","max-snippet":"max-snippet:-1","max-image-preview":"max-image-preview:large","max-video-preview":"max-video-preview:-1"},"canonical":"https:\/\/www.keramikmahlwerk.ch\/it\/crushgrind-coffee\/","og_locale":"it_IT","og_type":"article","og_title":"Keramikmahlwerk CrushGrind \u00ae Coffee","og_description":"Das Keramikmahlwerk CrushGrind \u00ae Coffee eignet sich, wie es der Namen schon sagt, f\u00fcr Kaffeem\u00fchlen. Wir liefern auch Kleinstmengen. 25 Jahre Garantie.","og_url":"https:\/\/www.keramikmahlwerk.ch\/it\/crushgrind-coffee\/","og_site_name":"Keramikmahlwerk von CrushGrind\u00ae","article_modified_time":"2023-02-03T11:52:35+00:00","twitter_card":"summary_large_image","twitter_misc":{"Tempo di lettura stimato":"2 minuti"},"schema":{"@context":"https:\/\/schema.org","@graph":[{"@type":"WebPage","@id":"https:\/\/www.keramikmahlwerk.ch\/crushgrind-coffee\/","url":"https:\/\/www.keramikmahlwerk.ch\/crushgrind-coffee\/","name":"Macinino in ceramica CrushGrind \u00ae Caff\u00e8","isPartOf":{"@id":"https:\/\/www.keramikmahlwerk.ch\/#website"},"datePublished":"2015-12-07T12:50:41+00:00","dateModified":"2023-02-03T11:52:35+00:00","description":"Il macinino in ceramica CrushGrind \u00ae Coffee \u00e8 adatto, come suggerisce il nome, per macinare il caff\u00e8. Forniamo anche piccole quantit\u00e0. 25 anni di garanzia.","breadcrumb":{"@id":"https:\/\/www.keramikmahlwerk.ch\/crushgrind-coffee\/#breadcrumb"},"inLanguage":"it-IT","potentialAction":[{"@type":"ReadAction","target":["https:\/\/www.keramikmahlwerk.ch\/crushgrind-coffee\/"]}]},{"@type":"BreadcrumbList","@id":"https:\/\/www.keramikmahlwerk.ch\/crushgrind-coffee\/#breadcrumb","itemListElement":[{"@type":"ListItem","position":1,"name":"Home","item":"https:\/\/www.keramikmahlwerk.ch\/crush-grind\/"},{"@type":"ListItem","position":2,"name":"Keramikmahlwerk CrushGrind\u00ae Coffee und Barista"}]},{"@type":"WebSite","@id":"https:\/\/www.keramikmahlwerk.ch\/#website","url":"https:\/\/www.keramikmahlwerk.ch\/","name":"Mulino di macinazione in ceramica CrushGrind","description":"Oltre al pepe, questo macinino macina anche sale, peperoncino, zucchero, spezie ed erbe in modo uniforme e senza attaccarsi","potentialAction":[{"@type":"SearchAction","target":{"@type":"EntryPoint","urlTemplate":"https:\/\/www.keramikmahlwerk.ch\/?s={search_term_string}"},"query-input":{"@type":"PropertyValueSpecification","valueRequired":true,"valueName":"search_term_string"}}],"inLanguage":"it-IT"}]}},"_links":{"self":[{"href":"https:\/\/www.keramikmahlwerk.ch\/it\/wp-json\/wp\/v2\/pages\/541","targetHints":{"allow":["GET"]}}],"collection":[{"href":"https:\/\/www.keramikmahlwerk.ch\/it\/wp-json\/wp\/v2\/pages"}],"about":[{"href":"https:\/\/www.keramikmahlwerk.ch\/it\/wp-json\/wp\/v2\/types\/page"}],"author":[{"embeddable":true,"href":"https:\/\/www.keramikmahlwerk.ch\/it\/wp-json\/wp\/v2\/users\/1"}],"replies":[{"embeddable":true,"href":"https:\/\/www.keramikmahlwerk.ch\/it\/wp-json\/wp\/v2\/comments?post=541"}],"version-history":[{"count":29,"href":"https:\/\/www.keramikmahlwerk.ch\/it\/wp-json\/wp\/v2\/pages\/541\/revisions"}],"predecessor-version":[{"id":8200,"href":"https:\/\/www.keramikmahlwerk.ch\/it\/wp-json\/wp\/v2\/pages\/541\/revisions\/8200"}],"wp:attachment":[{"href":"https:\/\/www.keramikmahlwerk.ch\/it\/wp-json\/wp\/v2\/media?parent=541"}],"curies":[{"name":"wp","href":"https:\/\/api.w.org\/{rel}","templated":true}]}}