{"id":6041,"date":"2021-03-25T15:02:12","date_gmt":"2021-03-25T14:02:12","guid":{"rendered":"https:\/\/www.keramikmahlwerk.ch\/?page_id=6041"},"modified":"2021-03-25T16:01:56","modified_gmt":"2021-03-25T15:01:56","slug":"maximum-grinder","status":"publish","type":"page","link":"https:\/\/www.keramikmahlwerk.ch\/it\/maximum-grinder\/","title":{"rendered":"Maximum Grinder"},"content":{"rendered":"<style type=\"text\/css\" data-created_by=\"avia_inline_auto\" id=\"style-css-av-1qe08-d6285d0944e4d5c8c621e3b713ae0811\">\n#top .av-special-heading.av-1qe08-d6285d0944e4d5c8c621e3b713ae0811{\npadding-bottom:10px;\n}\nbody .av-special-heading.av-1qe08-d6285d0944e4d5c8c621e3b713ae0811 .av-special-heading-tag .heading-char{\nfont-size:25px;\n}\n.av-special-heading.av-1qe08-d6285d0944e4d5c8c621e3b713ae0811 .av-subheading{\nfont-size:25px;\n}\n<\/style>\n<div  class='av-special-heading av-1qe08-d6285d0944e4d5c8c621e3b713ae0811 av-special-heading-h1 blockquote modern-quote  avia-builder-el-0  el_before_av_three_fifth  avia-builder-el-first'><h1 class='av-special-heading-tag'  itemprop=\"headline\"  >Maximum Grinder<\/h1><div class='av-subheading av-subheading_below'><p>Accessorio macinino in ceramica durevole<\/p>\n<\/div><div class=\"special-heading-border\"><div class=\"special-heading-inner-border\"><\/div><\/div><\/div>\n\n<style type=\"text\/css\" data-created_by=\"avia_inline_auto\" id=\"style-css-av-73ylo-6444fab94ca5591606e5631326bfec51\">\n.flex_column.av-73ylo-6444fab94ca5591606e5631326bfec51{\nborder-radius:0px 0px 0px 0px;\npadding:0px 0px 0px 0px;\n}\n<\/style>\n<div  class='flex_column av-73ylo-6444fab94ca5591606e5631326bfec51 av_three_fifth  avia-builder-el-1  el_after_av_heading  el_before_av_two_fifth  first flex_column_div av-zero-column-padding'     ><p><section  class='av_textblock_section av-6egus-3cce99fb9e4ad4b98a134803046272f6'   itemscope=\"itemscope\" itemtype=\"https:\/\/schema.org\/CreativeWork\" ><div class='avia_textblock'  itemprop=\"text\" ><p>L'attacco si adatta ai macinini standard della vendita al dettaglio e all'ingrosso e serve a sostituire i macinini di plastica spesso utilizzati.<br \/>\nL'abrasione plastica che si verifica con le macine di plastica e che finisce sul cibo insieme al materiale macinato viene eliminata con le macine di ceramica.<\/p>\n<p>Grazie alla ceramica di alta qualit\u00e0, il macinino pu\u00f2 essere riutilizzato tutte le volte che lo si desidera.<br \/>\nOltre al sale e al pepe, macina anche il peperoncino e numerose altre spezie ed erbe.<\/p>\n<\/div><\/section><br \/>\n<div  class='tabcontainer av-5pmso-e6d38b8bbf1b6215081e0f54e8b1c860 top_tab  avia-builder-el-3  el_after_av_textblock  el_before_av_button'>\n<section class='av_tab_section av_tab_section av-u6a8-15adcf70b1b87d7b5b718dbc42871329'  itemscope=\"itemscope\" itemtype=\"https:\/\/schema.org\/CreativeWork\" ><div id='tab-id-1-tab' class='tab active_tab' role='tab' aria-selected=\"true\" tabindex=\"0\" data-fake-id='#tab-id-1' aria-controls='tab-id-1-content'  itemprop=\"headline\" >Prezzi<\/div><div id='tab-id-1-content' class='tab_content active_tab_content' role='tabpanel' aria-labelledby='tab-id-1-tab' aria-hidden=\"false\"><div class='tab_inner_content invers-color'  itemprop=\"text\" ><p>Le smerigliatrici possono essere acquistate in unit\u00e0 di imballaggio di 441 pezzi.<\/p>\n<p>Prezzo per unit\u00e0 (441 pezzi): CHF 661.50 (prezzo per pezzo - CHF 1.50)<\/p>\n<p>Vendita singola incl. vetro sotto <a href=\"http:\/\/www.raffinessen.ch\" target=\"_blank\" rel=\"noopener\">www.raffinessen.ch<\/a>.<\/p>\n<\/div><\/div><\/section>\n<section class='av_tab_section av_tab_section av-rkaw-cb685b7a32323659bea5e4bae8f20497'  itemscope=\"itemscope\" itemtype=\"https:\/\/schema.org\/CreativeWork\" ><div id='tab-id-2-tab' class='tab' role='tab' aria-selected=\"false\" tabindex=\"0\" data-fake-id='#tab-id-2' aria-controls='tab-id-2-content'  itemprop=\"headline\" >Istruzioni per l'installazione<\/div><div id='tab-id-2-content' class='tab_content' role='tabpanel' aria-labelledby='tab-id-2-tab' aria-hidden=\"true\"><div class='tab_inner_content invers-color'  itemprop=\"text\" ><p>Le smerigliatrici hanno una filettatura (\u00f8 52mm) e possono quindi essere avvitate sui mulini disponibili in commercio. Servono a sostituire i macinini di plastica ampiamente usati nella vendita al dettaglio e all'ingrosso.<\/p>\n<\/div><\/div><\/section>\n<\/div><br \/>\n<div  class='avia-button-wrap av-3n35k-4ced71406a3b09249e9fdf5cf497e794-wrap avia-button-left  avia-builder-el-4  el_after_av_tab_container  avia-builder-el-last'><a href='https:\/\/www.keramikmahlwerk.ch\/it\/prodotto-2\/maximum-grinder\/'  class='avia-button av-3n35k-4ced71406a3b09249e9fdf5cf497e794 av-link-btn avia-icon_select-no avia-size-large avia-position-left avia-color-theme-color'   aria-label=\"Clicca qui per andare al negozio\"><span class='avia_iconbox_title' >Clicca qui per andare al negozio<\/span><\/a><\/div><\/p><\/div>\n<style type=\"text\/css\" data-created_by=\"avia_inline_auto\" id=\"style-css-av-3i3lo-634fc43f782551cf3106047c1b5066b5\">\n.flex_column.av-3i3lo-634fc43f782551cf3106047c1b5066b5{\nborder-radius:0px 0px 0px 0px;\npadding:0px 0px 0px 0px;\n}\n<\/style>\n<div  class='flex_column av-3i3lo-634fc43f782551cf3106047c1b5066b5 av_two_fifth  avia-builder-el-5  el_after_av_three_fifth  avia-builder-el-last  flex_column_div av-zero-column-padding'     ><p>\n<style type=\"text\/css\" data-created_by=\"avia_inline_auto\" id=\"style-css-av-7zjvt-790cf0c05ea895bf6f82d3f38958398f\">\n.avia-image-container.av-7zjvt-790cf0c05ea895bf6f82d3f38958398f img.avia_image{\nbox-shadow:none;\n}\n.avia-image-container.av-7zjvt-790cf0c05ea895bf6f82d3f38958398f .av-image-caption-overlay-center{\ncolor:#ffffff;\n}\n<\/style>\n<div  class='avia-image-container av-7zjvt-790cf0c05ea895bf6f82d3f38958398f av-styling- avia-align-center  avia-builder-el-6  el_before_av_image  avia-builder-el-first'   itemprop=\"image\" itemscope=\"itemscope\" itemtype=\"https:\/\/schema.org\/ImageObject\" ><div class=\"avia-image-container-inner\"><div class=\"avia-image-overlay-wrap\"><img decoding=\"async\" fetchpriority=\"high\" class='wp-image-6008 avia-img-lazy-loading-not-6008 avia_image' src=\"https:\/\/www.keramikmahlwerk.ch\/webseite\/wp-content\/uploads\/2021\/03\/max-grinder-mahlwerk-deckel-schwarz.jpg\" alt='' title='max-grinder-grinder-lid-black'  height=\"640\" width=\"640\"  itemprop=\"thumbnailUrl\" srcset=\"https:\/\/www.keramikmahlwerk.ch\/webseite\/wp-content\/uploads\/2021\/03\/max-grinder-mahlwerk-deckel-schwarz.jpg 640w, https:\/\/www.keramikmahlwerk.ch\/webseite\/wp-content\/uploads\/2021\/03\/max-grinder-mahlwerk-deckel-schwarz-300x300.jpg 300w, https:\/\/www.keramikmahlwerk.ch\/webseite\/wp-content\/uploads\/2021\/03\/max-grinder-mahlwerk-deckel-schwarz-80x80.jpg 80w, https:\/\/www.keramikmahlwerk.ch\/webseite\/wp-content\/uploads\/2021\/03\/max-grinder-mahlwerk-deckel-schwarz-36x36.jpg 36w, https:\/\/www.keramikmahlwerk.ch\/webseite\/wp-content\/uploads\/2021\/03\/max-grinder-mahlwerk-deckel-schwarz-180x180.jpg 180w, https:\/\/www.keramikmahlwerk.ch\/webseite\/wp-content\/uploads\/2021\/03\/max-grinder-mahlwerk-deckel-schwarz-100x100.jpg 100w, https:\/\/www.keramikmahlwerk.ch\/webseite\/wp-content\/uploads\/2021\/03\/max-grinder-mahlwerk-deckel-schwarz-450x450.jpg 450w\" sizes=\"(max-width: 640px) 100vw, 640px\" \/><\/div><\/div><\/div><br \/>\n\n<style type=\"text\/css\" data-created_by=\"avia_inline_auto\" id=\"style-css-av-kmoy3whg-85bfdad0137c5e930cc0ca5b91cbf283\">\n.avia-image-container.av-kmoy3whg-85bfdad0137c5e930cc0ca5b91cbf283 img.avia_image{\nbox-shadow:none;\n}\n.avia-image-container.av-kmoy3whg-85bfdad0137c5e930cc0ca5b91cbf283 .av-image-caption-overlay-center{\ncolor:#ffffff;\n}\n<\/style>\n<div  class='avia-image-container av-kmoy3whg-85bfdad0137c5e930cc0ca5b91cbf283 av-styling- avia-align-center  avia-builder-el-7  el_after_av_image  avia-builder-el-last'   itemprop=\"image\" itemscope=\"itemscope\" itemtype=\"https:\/\/schema.org\/ImageObject\" ><div class=\"avia-image-container-inner\"><div class=\"avia-image-overlay-wrap\"><img decoding=\"async\" fetchpriority=\"high\" class='wp-image-6010 avia-img-lazy-loading-not-6010 avia_image' src=\"https:\/\/www.keramikmahlwerk.ch\/webseite\/wp-content\/uploads\/2021\/03\/max-grinder-mahlwerk-unten-schwarz.jpg\" alt='' title='max-smerigliatrice-smerigliatrice-nera'  height=\"480\" width=\"487\"  itemprop=\"thumbnailUrl\" srcset=\"https:\/\/www.keramikmahlwerk.ch\/webseite\/wp-content\/uploads\/2021\/03\/max-grinder-mahlwerk-unten-schwarz.jpg 487w, https:\/\/www.keramikmahlwerk.ch\/webseite\/wp-content\/uploads\/2021\/03\/max-grinder-mahlwerk-unten-schwarz-300x296.jpg 300w, https:\/\/www.keramikmahlwerk.ch\/webseite\/wp-content\/uploads\/2021\/03\/max-grinder-mahlwerk-unten-schwarz-80x80.jpg 80w, https:\/\/www.keramikmahlwerk.ch\/webseite\/wp-content\/uploads\/2021\/03\/max-grinder-mahlwerk-unten-schwarz-36x36.jpg 36w, https:\/\/www.keramikmahlwerk.ch\/webseite\/wp-content\/uploads\/2021\/03\/max-grinder-mahlwerk-unten-schwarz-100x100.jpg 100w, https:\/\/www.keramikmahlwerk.ch\/webseite\/wp-content\/uploads\/2021\/03\/max-grinder-mahlwerk-unten-schwarz-450x444.jpg 450w\" sizes=\"(max-width: 487px) 100vw, 487px\" \/><\/div><\/div><\/div><\/p><\/div><\/p>","protected":false},"excerpt":{"rendered":"","protected":false},"author":1,"featured_media":0,"parent":0,"menu_order":0,"comment_status":"closed","ping_status":"closed","template":"","meta":{"footnotes":""},"class_list":["post-6041","page","type-page","status-publish","hentry"],"yoast_head":"<!-- This site is optimized with the Yoast SEO plugin v27.4 - https:\/\/yoast.com\/product\/yoast-seo-wordpress\/ -->\n<title>Keramikmahlwerk CrushGrind\u00ae Shaft<\/title>\n<meta name=\"description\" content=\"Das Keramikmahlwerk CrushGrind\u00ae Shaft eignet sich f\u00fcr klassische M\u00fchlen mit l\u00e4ngerem Schaft. Wir bieten mehrere Schaftl\u00e4ngen an.\" \/>\n<meta name=\"robots\" content=\"index, follow, max-snippet:-1, max-image-preview:large, max-video-preview:-1\" \/>\n<link rel=\"canonical\" href=\"https:\/\/www.keramikmahlwerk.ch\/it\/maximum-grinder\/\" \/>\n<meta property=\"og:locale\" content=\"it_IT\" \/>\n<meta property=\"og:type\" content=\"article\" \/>\n<meta property=\"og:title\" content=\"Keramikmahlwerk CrushGrind\u00ae Shaft\" \/>\n<meta property=\"og:description\" content=\"Das Keramikmahlwerk CrushGrind\u00ae Shaft eignet sich f\u00fcr klassische M\u00fchlen mit l\u00e4ngerem Schaft. Wir bieten mehrere Schaftl\u00e4ngen an.\" \/>\n<meta property=\"og:url\" content=\"https:\/\/www.keramikmahlwerk.ch\/it\/maximum-grinder\/\" \/>\n<meta property=\"og:site_name\" content=\"Keramikmahlwerk von CrushGrind\u00ae\" \/>\n<meta property=\"article:modified_time\" content=\"2021-03-25T15:01:56+00:00\" \/>\n<meta name=\"twitter:card\" content=\"summary_large_image\" \/>\n<meta name=\"twitter:label1\" content=\"Tempo di lettura stimato\" \/>\n\t<meta name=\"twitter:data1\" content=\"4 minuti\" \/>\n<script type=\"application\/ld+json\" class=\"yoast-schema-graph\">{\"@context\":\"https:\\\/\\\/schema.org\",\"@graph\":[{\"@type\":\"WebPage\",\"@id\":\"https:\\\/\\\/www.keramikmahlwerk.ch\\\/maximum-grinder\\\/\",\"url\":\"https:\\\/\\\/www.keramikmahlwerk.ch\\\/maximum-grinder\\\/\",\"name\":\"Keramikmahlwerk CrushGrind\u00ae Shaft\",\"isPartOf\":{\"@id\":\"https:\\\/\\\/www.keramikmahlwerk.ch\\\/#website\"},\"datePublished\":\"2021-03-25T14:02:12+00:00\",\"dateModified\":\"2021-03-25T15:01:56+00:00\",\"description\":\"Das Keramikmahlwerk CrushGrind\u00ae Shaft eignet sich f\u00fcr klassische M\u00fchlen mit l\u00e4ngerem Schaft. Wir bieten mehrere Schaftl\u00e4ngen an.\",\"breadcrumb\":{\"@id\":\"https:\\\/\\\/www.keramikmahlwerk.ch\\\/maximum-grinder\\\/#breadcrumb\"},\"inLanguage\":\"it-IT\",\"potentialAction\":[{\"@type\":\"ReadAction\",\"target\":[\"https:\\\/\\\/www.keramikmahlwerk.ch\\\/maximum-grinder\\\/\"]}]},{\"@type\":\"BreadcrumbList\",\"@id\":\"https:\\\/\\\/www.keramikmahlwerk.ch\\\/maximum-grinder\\\/#breadcrumb\",\"itemListElement\":[{\"@type\":\"ListItem\",\"position\":1,\"name\":\"Home\",\"item\":\"https:\\\/\\\/www.keramikmahlwerk.ch\\\/crush-grind\\\/\"},{\"@type\":\"ListItem\",\"position\":2,\"name\":\"Maximum Grinder\"}]},{\"@type\":\"WebSite\",\"@id\":\"https:\\\/\\\/www.keramikmahlwerk.ch\\\/#website\",\"url\":\"https:\\\/\\\/www.keramikmahlwerk.ch\\\/\",\"name\":\"Keramikmahlwerk von CrushGrind\u00ae\",\"description\":\"Neben Pfeffer mahlt dieses Mahlwerk auch Salz, Chili, Zucker, Gew\u00fcrze und Kr\u00e4uter gleichm\u00e4ssig und ohne zu verkleben\",\"potentialAction\":[{\"@type\":\"SearchAction\",\"target\":{\"@type\":\"EntryPoint\",\"urlTemplate\":\"https:\\\/\\\/www.keramikmahlwerk.ch\\\/?s={search_term_string}\"},\"query-input\":{\"@type\":\"PropertyValueSpecification\",\"valueRequired\":true,\"valueName\":\"search_term_string\"}}],\"inLanguage\":\"it-IT\"}]}<\/script>\n<!-- \/ Yoast SEO plugin. -->","yoast_head_json":{"title":"Meccanismo di macinazione in ceramica Albero CrushGrind","description":"Il mulino di macinazione in ceramica CrushGrind\u00ae Shaft \u00e8 adatto ai mulini classici con un albero pi\u00f9 lungo. Offriamo diverse lunghezze di alberi.","robots":{"index":"index","follow":"follow","max-snippet":"max-snippet:-1","max-image-preview":"max-image-preview:large","max-video-preview":"max-video-preview:-1"},"canonical":"https:\/\/www.keramikmahlwerk.ch\/it\/maximum-grinder\/","og_locale":"it_IT","og_type":"article","og_title":"Keramikmahlwerk CrushGrind\u00ae Shaft","og_description":"Das Keramikmahlwerk CrushGrind\u00ae Shaft eignet sich f\u00fcr klassische M\u00fchlen mit l\u00e4ngerem Schaft. Wir bieten mehrere Schaftl\u00e4ngen an.","og_url":"https:\/\/www.keramikmahlwerk.ch\/it\/maximum-grinder\/","og_site_name":"Keramikmahlwerk von CrushGrind\u00ae","article_modified_time":"2021-03-25T15:01:56+00:00","twitter_card":"summary_large_image","twitter_misc":{"Tempo di lettura stimato":"4 minuti"},"schema":{"@context":"https:\/\/schema.org","@graph":[{"@type":"WebPage","@id":"https:\/\/www.keramikmahlwerk.ch\/maximum-grinder\/","url":"https:\/\/www.keramikmahlwerk.ch\/maximum-grinder\/","name":"Meccanismo di macinazione in ceramica Albero CrushGrind","isPartOf":{"@id":"https:\/\/www.keramikmahlwerk.ch\/#website"},"datePublished":"2021-03-25T14:02:12+00:00","dateModified":"2021-03-25T15:01:56+00:00","description":"Il mulino di macinazione in ceramica CrushGrind\u00ae Shaft \u00e8 adatto ai mulini classici con un albero pi\u00f9 lungo. Offriamo diverse lunghezze di alberi.","breadcrumb":{"@id":"https:\/\/www.keramikmahlwerk.ch\/maximum-grinder\/#breadcrumb"},"inLanguage":"it-IT","potentialAction":[{"@type":"ReadAction","target":["https:\/\/www.keramikmahlwerk.ch\/maximum-grinder\/"]}]},{"@type":"BreadcrumbList","@id":"https:\/\/www.keramikmahlwerk.ch\/maximum-grinder\/#breadcrumb","itemListElement":[{"@type":"ListItem","position":1,"name":"Home","item":"https:\/\/www.keramikmahlwerk.ch\/crush-grind\/"},{"@type":"ListItem","position":2,"name":"Maximum Grinder"}]},{"@type":"WebSite","@id":"https:\/\/www.keramikmahlwerk.ch\/#website","url":"https:\/\/www.keramikmahlwerk.ch\/","name":"Mulino di macinazione in ceramica CrushGrind","description":"Oltre al pepe, questo macinino macina anche sale, peperoncino, zucchero, spezie ed erbe in modo uniforme e senza attaccarsi","potentialAction":[{"@type":"SearchAction","target":{"@type":"EntryPoint","urlTemplate":"https:\/\/www.keramikmahlwerk.ch\/?s={search_term_string}"},"query-input":{"@type":"PropertyValueSpecification","valueRequired":true,"valueName":"search_term_string"}}],"inLanguage":"it-IT"}]}},"_links":{"self":[{"href":"https:\/\/www.keramikmahlwerk.ch\/it\/wp-json\/wp\/v2\/pages\/6041","targetHints":{"allow":["GET"]}}],"collection":[{"href":"https:\/\/www.keramikmahlwerk.ch\/it\/wp-json\/wp\/v2\/pages"}],"about":[{"href":"https:\/\/www.keramikmahlwerk.ch\/it\/wp-json\/wp\/v2\/types\/page"}],"author":[{"embeddable":true,"href":"https:\/\/www.keramikmahlwerk.ch\/it\/wp-json\/wp\/v2\/users\/1"}],"replies":[{"embeddable":true,"href":"https:\/\/www.keramikmahlwerk.ch\/it\/wp-json\/wp\/v2\/comments?post=6041"}],"version-history":[{"count":13,"href":"https:\/\/www.keramikmahlwerk.ch\/it\/wp-json\/wp\/v2\/pages\/6041\/revisions"}],"predecessor-version":[{"id":6480,"href":"https:\/\/www.keramikmahlwerk.ch\/it\/wp-json\/wp\/v2\/pages\/6041\/revisions\/6480"}],"wp:attachment":[{"href":"https:\/\/www.keramikmahlwerk.ch\/it\/wp-json\/wp\/v2\/media?parent=6041"}],"curies":[{"name":"wp","href":"https:\/\/api.w.org\/{rel}","templated":true}]}}