{"id":1024,"date":"2018-04-18T15:34:14","date_gmt":"2018-04-18T13:34:14","guid":{"rendered":"https:\/\/www.keramikmahlwerk.ch\/?post_type=product&#038;p=1024"},"modified":"2026-03-30T09:51:29","modified_gmt":"2026-03-30T07:51:29","slug":"crushgrind-barista","status":"publish","type":"product","link":"https:\/\/www.keramikmahlwerk.ch\/it\/prodotto-2\/crushgrind-barista\/","title":{"rendered":"CrushGrind\u00ae Barista"},"content":{"rendered":"<h3>Prezzo unitario: CHF 23.90<\/h3>\n<p><strong>Livelli di sconto:<\/strong><br \/>\nDa 5 pezzi: 10 %<br \/>\nDa 10 pezzi: 20 %<br \/>\nDa 50 pezzi: 30 %<br \/>\nDa 100 pezzi su richiesta<\/p>\n<p>Gli sconti sono automaticamente presi in considerazione nel carrello.<em><br \/>\n<\/em><\/p>\n<p>Per il macinino Barista offriamo un adatto <a href=\"https:\/\/www.keramikmahlwerk.ch\/it\/prodotto-2\/keramikmahlwerk-kurbel-barista\/\">Manovella<\/a> su.<\/p>\n<p>A <a href=\"https:\/\/www.keramikmahlwerk.ch\/webseite\/wp-content\/uploads\/2021\/08\/keramikmahlwerk-montageanleitung-barista-de.pdf\" target=\"_blank\" rel=\"noopener\">Istruzioni per l'installazione<\/a> Saremo lieti di fornirvi un file PDF.<\/p>\n<h3>Condizioni:<\/h3>\n<p><strong>Prezzo: <\/strong><br \/>\nIVA inclusa, pi\u00f9 le spese di spedizione<br \/>\nspedizione gratuita in Svizzera per ordini superiori a CHF 300.00<\/p>\n<p><strong>Pagamento:<\/strong><br \/>\nFattura, 30 giorni netti<br \/>\nA partire da un volume d'ordine di CHF 300,00 \u00e8 sempre richiesto il pagamento anticipato (o TWINT).<\/p>","protected":false},"excerpt":{"rendered":"<p>St\u00fcckpreis: CHF 23.90 Rabattstufen: Ab 5 St\u00fcck: 10 % Ab 10 St\u00fcck: 20 % Ab 50 St\u00fcck: 30 % Ab 100 St\u00fcck auf Anfrage Die Rabatte werden automatisch im Warenkorb ber\u00fccksichtigt. F\u00fcr das Mahlwerk Barista bieten wir eine passende Kurbel an. Eine Einbauanleitung stellen wir Ihnen gerne\u00a0 als PDF zur Verf\u00fcgung. Konditionen: Preis: inkl. MwSt., [&hellip;]<\/p>\n","protected":false},"featured_media":1034,"template":"","meta":[],"product_brand":[],"product_cat":[22],"product_tag":[32,34,33],"class_list":{"0":"post-1024","1":"product","2":"type-product","3":"status-publish","4":"has-post-thumbnail","6":"product_cat-crush-grind-coffee","7":"product_tag-kaffee","8":"product_tag-keramikmahlwerk","9":"product_tag-mahlwerk","11":"first","12":"instock","13":"taxable","14":"shipping-taxable","15":"purchasable","16":"product-type-simple"},"yoast_head":"<!-- This site is optimized with the Yoast SEO plugin v27.5 - https:\/\/yoast.com\/product\/yoast-seo-wordpress\/ -->\n<title>Keramikmahlwerk CrushGrind\u00ae \u2013 Coffee<\/title>\n<meta name=\"description\" content=\"Das Keramikmahlwerk CrushGrind\u00ae \u2013 Coffee liefern wir auch in Kleinstmengen in die Schweiz sowie nach Deutschland und \u00d6stterreich.\u00a0\" \/>\n<meta name=\"robots\" content=\"index, follow, max-snippet:-1, max-image-preview:large, max-video-preview:-1\" \/>\n<link rel=\"canonical\" href=\"https:\/\/www.keramikmahlwerk.ch\/it\/prodotto-2\/crushgrind-barista\/\" \/>\n<meta property=\"og:locale\" content=\"it_IT\" \/>\n<meta property=\"og:type\" content=\"article\" \/>\n<meta property=\"og:title\" content=\"Keramikmahlwerk CrushGrind\u00ae \u2013 Coffee\" \/>\n<meta property=\"og:description\" content=\"Das Keramikmahlwerk CrushGrind\u00ae \u2013 Coffee liefern wir auch in Kleinstmengen in die Schweiz sowie nach Deutschland und \u00d6stterreich.\u00a0\" \/>\n<meta property=\"og:url\" content=\"https:\/\/www.keramikmahlwerk.ch\/it\/prodotto-2\/crushgrind-barista\/\" \/>\n<meta property=\"og:site_name\" content=\"Keramikmahlwerk von CrushGrind\u00ae\" \/>\n<meta property=\"article:modified_time\" content=\"2026-03-30T07:51:29+00:00\" \/>\n<meta property=\"og:image\" content=\"https:\/\/www.keramikmahlwerk.ch\/webseite\/wp-content\/uploads\/2018\/04\/crushgrind-barista.jpg\" \/>\n\t<meta property=\"og:image:width\" content=\"2000\" \/>\n\t<meta property=\"og:image:height\" content=\"2000\" \/>\n\t<meta property=\"og:image:type\" content=\"image\/jpeg\" \/>\n<meta name=\"twitter:card\" content=\"summary_large_image\" \/>\n<meta name=\"twitter:label1\" content=\"Tempo di lettura stimato\" \/>\n\t<meta name=\"twitter:data1\" content=\"1 minuto\" \/>\n<script type=\"application\/ld+json\" class=\"yoast-schema-graph\">{\"@context\":\"https:\\\/\\\/schema.org\",\"@graph\":[{\"@type\":\"WebPage\",\"@id\":\"https:\\\/\\\/www.keramikmahlwerk.ch\\\/produkt\\\/crushgrind-barista\\\/\",\"url\":\"https:\\\/\\\/www.keramikmahlwerk.ch\\\/produkt\\\/crushgrind-barista\\\/\",\"name\":\"Keramikmahlwerk CrushGrind\u00ae \u2013 Coffee\",\"isPartOf\":{\"@id\":\"https:\\\/\\\/www.keramikmahlwerk.ch\\\/#website\"},\"primaryImageOfPage\":{\"@id\":\"https:\\\/\\\/www.keramikmahlwerk.ch\\\/produkt\\\/crushgrind-barista\\\/#primaryimage\"},\"image\":{\"@id\":\"https:\\\/\\\/www.keramikmahlwerk.ch\\\/produkt\\\/crushgrind-barista\\\/#primaryimage\"},\"thumbnailUrl\":\"https:\\\/\\\/www.keramikmahlwerk.ch\\\/webseite\\\/wp-content\\\/uploads\\\/2018\\\/04\\\/crushgrind-barista.jpg\",\"datePublished\":\"2018-04-18T13:34:14+00:00\",\"dateModified\":\"2026-03-30T07:51:29+00:00\",\"description\":\"Das Keramikmahlwerk CrushGrind\u00ae \u2013 Coffee liefern wir auch in Kleinstmengen in die Schweiz sowie nach Deutschland und \u00d6stterreich.\u00a0\",\"breadcrumb\":{\"@id\":\"https:\\\/\\\/www.keramikmahlwerk.ch\\\/produkt\\\/crushgrind-barista\\\/#breadcrumb\"},\"inLanguage\":\"it-IT\",\"potentialAction\":[{\"@type\":\"ReadAction\",\"target\":[\"https:\\\/\\\/www.keramikmahlwerk.ch\\\/produkt\\\/crushgrind-barista\\\/\"]}]},{\"@type\":\"ImageObject\",\"inLanguage\":\"it-IT\",\"@id\":\"https:\\\/\\\/www.keramikmahlwerk.ch\\\/produkt\\\/crushgrind-barista\\\/#primaryimage\",\"url\":\"https:\\\/\\\/www.keramikmahlwerk.ch\\\/webseite\\\/wp-content\\\/uploads\\\/2018\\\/04\\\/crushgrind-barista.jpg\",\"contentUrl\":\"https:\\\/\\\/www.keramikmahlwerk.ch\\\/webseite\\\/wp-content\\\/uploads\\\/2018\\\/04\\\/crushgrind-barista.jpg\",\"width\":2000,\"height\":2000},{\"@type\":\"BreadcrumbList\",\"@id\":\"https:\\\/\\\/www.keramikmahlwerk.ch\\\/produkt\\\/crushgrind-barista\\\/#breadcrumb\",\"itemListElement\":[{\"@type\":\"ListItem\",\"position\":1,\"name\":\"Home\",\"item\":\"https:\\\/\\\/www.keramikmahlwerk.ch\\\/crush-grind\\\/\"},{\"@type\":\"ListItem\",\"position\":2,\"name\":\"Shop\",\"item\":\"https:\\\/\\\/www.keramikmahlwerk.ch\\\/shop\\\/\"},{\"@type\":\"ListItem\",\"position\":3,\"name\":\"CrushGrind\u00ae \u2013 Barista\"}]},{\"@type\":\"WebSite\",\"@id\":\"https:\\\/\\\/www.keramikmahlwerk.ch\\\/#website\",\"url\":\"https:\\\/\\\/www.keramikmahlwerk.ch\\\/\",\"name\":\"Keramikmahlwerk von CrushGrind\u00ae\",\"description\":\"Neben Pfeffer mahlt dieses Mahlwerk auch Salz, Chili, Zucker, Gew\u00fcrze und Kr\u00e4uter gleichm\u00e4ssig und ohne zu verkleben\",\"potentialAction\":[{\"@type\":\"SearchAction\",\"target\":{\"@type\":\"EntryPoint\",\"urlTemplate\":\"https:\\\/\\\/www.keramikmahlwerk.ch\\\/?s={search_term_string}\"},\"query-input\":{\"@type\":\"PropertyValueSpecification\",\"valueRequired\":true,\"valueName\":\"search_term_string\"}}],\"inLanguage\":\"it-IT\"}]}<\/script>\n<!-- \/ Yoast SEO plugin. -->","yoast_head_json":{"title":"CrushGrind\u00ae Coffee","description":"Consegniamo anche il macinino in ceramica CrushGrind\u00ae - Coffee in piccole quantit\u00e0 in Svizzera, Germania e Austria.\u00a0","robots":{"index":"index","follow":"follow","max-snippet":"max-snippet:-1","max-image-preview":"max-image-preview:large","max-video-preview":"max-video-preview:-1"},"canonical":"https:\/\/www.keramikmahlwerk.ch\/it\/prodotto-2\/crushgrind-barista\/","og_locale":"it_IT","og_type":"article","og_title":"Keramikmahlwerk CrushGrind\u00ae \u2013 Coffee","og_description":"Das Keramikmahlwerk CrushGrind\u00ae \u2013 Coffee liefern wir auch in Kleinstmengen in die Schweiz sowie nach Deutschland und \u00d6stterreich.\u00a0","og_url":"https:\/\/www.keramikmahlwerk.ch\/it\/prodotto-2\/crushgrind-barista\/","og_site_name":"Keramikmahlwerk von CrushGrind\u00ae","article_modified_time":"2026-03-30T07:51:29+00:00","og_image":[{"width":2000,"height":2000,"url":"https:\/\/www.keramikmahlwerk.ch\/webseite\/wp-content\/uploads\/2018\/04\/crushgrind-barista.jpg","type":"image\/jpeg"}],"twitter_card":"summary_large_image","twitter_misc":{"Tempo di lettura stimato":"1 minuto"},"schema":{"@context":"https:\/\/schema.org","@graph":[{"@type":"WebPage","@id":"https:\/\/www.keramikmahlwerk.ch\/produkt\/crushgrind-barista\/","url":"https:\/\/www.keramikmahlwerk.ch\/produkt\/crushgrind-barista\/","name":"CrushGrind\u00ae Coffee","isPartOf":{"@id":"https:\/\/www.keramikmahlwerk.ch\/#website"},"primaryImageOfPage":{"@id":"https:\/\/www.keramikmahlwerk.ch\/produkt\/crushgrind-barista\/#primaryimage"},"image":{"@id":"https:\/\/www.keramikmahlwerk.ch\/produkt\/crushgrind-barista\/#primaryimage"},"thumbnailUrl":"https:\/\/www.keramikmahlwerk.ch\/webseite\/wp-content\/uploads\/2018\/04\/crushgrind-barista.jpg","datePublished":"2018-04-18T13:34:14+00:00","dateModified":"2026-03-30T07:51:29+00:00","description":"Consegniamo anche il macinino in ceramica CrushGrind\u00ae - Coffee in piccole quantit\u00e0 in Svizzera, Germania e Austria.\u00a0","breadcrumb":{"@id":"https:\/\/www.keramikmahlwerk.ch\/produkt\/crushgrind-barista\/#breadcrumb"},"inLanguage":"it-IT","potentialAction":[{"@type":"ReadAction","target":["https:\/\/www.keramikmahlwerk.ch\/produkt\/crushgrind-barista\/"]}]},{"@type":"ImageObject","inLanguage":"it-IT","@id":"https:\/\/www.keramikmahlwerk.ch\/produkt\/crushgrind-barista\/#primaryimage","url":"https:\/\/www.keramikmahlwerk.ch\/webseite\/wp-content\/uploads\/2018\/04\/crushgrind-barista.jpg","contentUrl":"https:\/\/www.keramikmahlwerk.ch\/webseite\/wp-content\/uploads\/2018\/04\/crushgrind-barista.jpg","width":2000,"height":2000},{"@type":"BreadcrumbList","@id":"https:\/\/www.keramikmahlwerk.ch\/produkt\/crushgrind-barista\/#breadcrumb","itemListElement":[{"@type":"ListItem","position":1,"name":"Home","item":"https:\/\/www.keramikmahlwerk.ch\/crush-grind\/"},{"@type":"ListItem","position":2,"name":"Shop","item":"https:\/\/www.keramikmahlwerk.ch\/shop\/"},{"@type":"ListItem","position":3,"name":"CrushGrind\u00ae \u2013 Barista"}]},{"@type":"WebSite","@id":"https:\/\/www.keramikmahlwerk.ch\/#website","url":"https:\/\/www.keramikmahlwerk.ch\/","name":"Mulino di macinazione in ceramica CrushGrind","description":"Oltre al pepe, questo macinino macina anche sale, peperoncino, zucchero, spezie ed erbe in modo uniforme e senza attaccarsi","potentialAction":[{"@type":"SearchAction","target":{"@type":"EntryPoint","urlTemplate":"https:\/\/www.keramikmahlwerk.ch\/?s={search_term_string}"},"query-input":{"@type":"PropertyValueSpecification","valueRequired":true,"valueName":"search_term_string"}}],"inLanguage":"it-IT"}]}},"_links":{"self":[{"href":"https:\/\/www.keramikmahlwerk.ch\/it\/wp-json\/wp\/v2\/product\/1024","targetHints":{"allow":["GET"]}}],"collection":[{"href":"https:\/\/www.keramikmahlwerk.ch\/it\/wp-json\/wp\/v2\/product"}],"about":[{"href":"https:\/\/www.keramikmahlwerk.ch\/it\/wp-json\/wp\/v2\/types\/product"}],"wp:featuredmedia":[{"embeddable":true,"href":"https:\/\/www.keramikmahlwerk.ch\/it\/wp-json\/wp\/v2\/media\/1034"}],"wp:attachment":[{"href":"https:\/\/www.keramikmahlwerk.ch\/it\/wp-json\/wp\/v2\/media?parent=1024"}],"wp:term":[{"taxonomy":"product_brand","embeddable":true,"href":"https:\/\/www.keramikmahlwerk.ch\/it\/wp-json\/wp\/v2\/product_brand?post=1024"},{"taxonomy":"product_cat","embeddable":true,"href":"https:\/\/www.keramikmahlwerk.ch\/it\/wp-json\/wp\/v2\/product_cat?post=1024"},{"taxonomy":"product_tag","embeddable":true,"href":"https:\/\/www.keramikmahlwerk.ch\/it\/wp-json\/wp\/v2\/product_tag?post=1024"}],"curies":[{"name":"wp","href":"https:\/\/api.w.org\/{rel}","templated":true}]}}