{"id":1423,"date":"2019-09-05T16:52:26","date_gmt":"2019-09-05T14:52:26","guid":{"rendered":"https:\/\/www.keramikmahlwerk.ch\/?post_type=product&#038;p=1423"},"modified":"2024-06-21T16:38:24","modified_gmt":"2024-06-21T14:38:24","slug":"crushgrind-shaft-mini","status":"publish","type":"product","link":"https:\/\/www.keramikmahlwerk.ch\/it\/prodotto-2\/crushgrind-shaft-mini\/","title":{"rendered":"Crush Grind\u00ae Shaft Mini 100mm"},"content":{"rendered":"<h3>Prezzo unitario: CHF 9.60<\/h3>\n<p><strong>Livelli di sconto:<\/strong><br \/>\nDa 5 pezzi: 5 %<br \/>\nDa 20 pezzi: 10 %<br \/>\nDa 100 pezzi: 15 %<br \/>\nDa 200 pezzi: 20 %<br \/>\nDa 400 pezzi su richiesta<\/p>\n<p>Gli sconti sono automaticamente presi in considerazione nel carrello.<\/p>\n<p><a href=\"https:\/\/www.keramikmahlwerk.ch\/it\/download\/montageanleitung-crush-grind-shaft-mini.pdf\/\" target=\"_blank\" rel=\"noopener noreferrer\">Dimensioni dettagliate<\/a> pu\u00f2 essere trovato qui.<\/p>\n<p>A <a href=\"https:\/\/www.keramikmahlwerk.ch\/webseite\/wp-content\/uploads\/2021\/08\/keramikmahlwerk-montageanleitung-mini-shaft-de.pdf\" target=\"_blank\" rel=\"noopener\">Istruzioni per l'installazione<\/a> Saremo lieti di fornirvi un file PDF.<\/p>\n<h3>Condizioni:<\/h3>\n<p><strong>Prezzo: <\/strong><br \/>\nIVA inclusa, pi\u00f9 le spese di spedizione<br \/>\nspedizione gratuita in Svizzera a partire da un valore dell'ordine di CHF 300.00.<\/p>\n<p><strong>Pagamento:<\/strong><br \/>\nFattura, 30 giorni netti<br \/>\nA partire da un volume d'ordine di CHF 300,00 \u00e8 sempre richiesto il pagamento anticipato (o TWINT).<\/p>","protected":false},"excerpt":{"rendered":"<p>St\u00fcckpreis: CHF 9.60 Rabattstufen: Ab 5 St\u00fcck: 5 % Ab 20 St\u00fcck: 10 % Ab 100 St\u00fcck: 15 % Ab 200 St\u00fcck: 20 % Ab 400 St\u00fcck auf Anfrage Die Rabatte werden automatisch im Warenkorb ber\u00fccksichtigt. Detaillierte Abmessungen finden Sie hier. Eine Einbauanleitung stellen wir Ihnen gerne\u00a0 als PDF zur Verf\u00fcgung. Konditionen: Preis: inkl. MwSt., [&hellip;]<\/p>\n","protected":false},"featured_media":965,"template":"","meta":[],"product_brand":[],"product_cat":[11],"product_tag":[],"class_list":{"0":"post-1423","1":"product","2":"type-product","3":"status-publish","4":"has-post-thumbnail","6":"product_cat-keramikmahlwerk-crush-grind-shaft","8":"first","9":"instock","10":"taxable","11":"shipping-taxable","12":"purchasable","13":"product-type-simple"},"yoast_head":"<!-- This site is optimized with the Yoast SEO plugin v27.5 - https:\/\/yoast.com\/product\/yoast-seo-wordpress\/ -->\n<title>CrushGrind\u00ae Shaft Mini<\/title>\n<meta name=\"description\" content=\"Das Keramikmahlwerk CrushGrind\u00ae Shaft Mini liefern wir auch in Kleinstmengen direkt zu Ihnen in die Werkstatt. Ab 300CHF Bestellwert ohne Versandkosten.\" \/>\n<meta name=\"robots\" content=\"index, follow, max-snippet:-1, max-image-preview:large, max-video-preview:-1\" \/>\n<link rel=\"canonical\" href=\"https:\/\/www.keramikmahlwerk.ch\/it\/prodotto-2\/crushgrind-shaft-mini\/\" \/>\n<meta property=\"og:locale\" content=\"it_IT\" \/>\n<meta property=\"og:type\" content=\"article\" \/>\n<meta property=\"og:title\" content=\"CrushGrind\u00ae Shaft Mini\" \/>\n<meta property=\"og:description\" content=\"Das Keramikmahlwerk CrushGrind\u00ae Shaft Mini liefern wir auch in Kleinstmengen direkt zu Ihnen in die Werkstatt. Ab 300CHF Bestellwert ohne Versandkosten.\" \/>\n<meta property=\"og:url\" content=\"https:\/\/www.keramikmahlwerk.ch\/it\/prodotto-2\/crushgrind-shaft-mini\/\" \/>\n<meta property=\"og:site_name\" content=\"Keramikmahlwerk von CrushGrind\u00ae\" \/>\n<meta property=\"article:modified_time\" content=\"2024-06-21T14:38:24+00:00\" \/>\n<meta property=\"og:image\" content=\"https:\/\/www.keramikmahlwerk.ch\/webseite\/wp-content\/uploads\/2018\/04\/crush-grind-shaft-quadratisch.jpg\" \/>\n\t<meta property=\"og:image:width\" content=\"750\" \/>\n\t<meta property=\"og:image:height\" content=\"750\" \/>\n\t<meta property=\"og:image:type\" content=\"image\/jpeg\" \/>\n<meta name=\"twitter:card\" content=\"summary_large_image\" \/>\n<meta name=\"twitter:label1\" content=\"Tempo di lettura stimato\" \/>\n\t<meta name=\"twitter:data1\" content=\"1 minuto\" \/>\n<script type=\"application\/ld+json\" class=\"yoast-schema-graph\">{\"@context\":\"https:\\\/\\\/schema.org\",\"@graph\":[{\"@type\":\"WebPage\",\"@id\":\"https:\\\/\\\/www.keramikmahlwerk.ch\\\/produkt\\\/crushgrind-shaft-mini\\\/\",\"url\":\"https:\\\/\\\/www.keramikmahlwerk.ch\\\/produkt\\\/crushgrind-shaft-mini\\\/\",\"name\":\"CrushGrind\u00ae Shaft Mini\",\"isPartOf\":{\"@id\":\"https:\\\/\\\/www.keramikmahlwerk.ch\\\/#website\"},\"primaryImageOfPage\":{\"@id\":\"https:\\\/\\\/www.keramikmahlwerk.ch\\\/produkt\\\/crushgrind-shaft-mini\\\/#primaryimage\"},\"image\":{\"@id\":\"https:\\\/\\\/www.keramikmahlwerk.ch\\\/produkt\\\/crushgrind-shaft-mini\\\/#primaryimage\"},\"thumbnailUrl\":\"https:\\\/\\\/www.keramikmahlwerk.ch\\\/webseite\\\/wp-content\\\/uploads\\\/2018\\\/04\\\/crush-grind-shaft-quadratisch.jpg\",\"datePublished\":\"2019-09-05T14:52:26+00:00\",\"dateModified\":\"2024-06-21T14:38:24+00:00\",\"description\":\"Das Keramikmahlwerk CrushGrind\u00ae Shaft Mini liefern wir auch in Kleinstmengen direkt zu Ihnen in die Werkstatt. Ab 300CHF Bestellwert ohne Versandkosten.\",\"breadcrumb\":{\"@id\":\"https:\\\/\\\/www.keramikmahlwerk.ch\\\/produkt\\\/crushgrind-shaft-mini\\\/#breadcrumb\"},\"inLanguage\":\"it-IT\",\"potentialAction\":[{\"@type\":\"ReadAction\",\"target\":[\"https:\\\/\\\/www.keramikmahlwerk.ch\\\/produkt\\\/crushgrind-shaft-mini\\\/\"]}]},{\"@type\":\"ImageObject\",\"inLanguage\":\"it-IT\",\"@id\":\"https:\\\/\\\/www.keramikmahlwerk.ch\\\/produkt\\\/crushgrind-shaft-mini\\\/#primaryimage\",\"url\":\"https:\\\/\\\/www.keramikmahlwerk.ch\\\/webseite\\\/wp-content\\\/uploads\\\/2018\\\/04\\\/crush-grind-shaft-quadratisch.jpg\",\"contentUrl\":\"https:\\\/\\\/www.keramikmahlwerk.ch\\\/webseite\\\/wp-content\\\/uploads\\\/2018\\\/04\\\/crush-grind-shaft-quadratisch.jpg\",\"width\":750,\"height\":750},{\"@type\":\"BreadcrumbList\",\"@id\":\"https:\\\/\\\/www.keramikmahlwerk.ch\\\/produkt\\\/crushgrind-shaft-mini\\\/#breadcrumb\",\"itemListElement\":[{\"@type\":\"ListItem\",\"position\":1,\"name\":\"Home\",\"item\":\"https:\\\/\\\/www.keramikmahlwerk.ch\\\/crush-grind\\\/\"},{\"@type\":\"ListItem\",\"position\":2,\"name\":\"Shop\",\"item\":\"https:\\\/\\\/www.keramikmahlwerk.ch\\\/shop\\\/\"},{\"@type\":\"ListItem\",\"position\":3,\"name\":\"Crush Grind\u00ae Shaft Mini 100mm\"}]},{\"@type\":\"WebSite\",\"@id\":\"https:\\\/\\\/www.keramikmahlwerk.ch\\\/#website\",\"url\":\"https:\\\/\\\/www.keramikmahlwerk.ch\\\/\",\"name\":\"Keramikmahlwerk von CrushGrind\u00ae\",\"description\":\"Neben Pfeffer mahlt dieses Mahlwerk auch Salz, Chili, Zucker, Gew\u00fcrze und Kr\u00e4uter gleichm\u00e4ssig und ohne zu verkleben\",\"potentialAction\":[{\"@type\":\"SearchAction\",\"target\":{\"@type\":\"EntryPoint\",\"urlTemplate\":\"https:\\\/\\\/www.keramikmahlwerk.ch\\\/?s={search_term_string}\"},\"query-input\":{\"@type\":\"PropertyValueSpecification\",\"valueRequired\":true,\"valueName\":\"search_term_string\"}}],\"inLanguage\":\"it-IT\"}]}<\/script>\n<!-- \/ Yoast SEO plugin. -->","yoast_head_json":{"title":"CrushGrind\u00ae Shaft Mini","description":"Consegniamo il mulino per macinazione ceramica CrushGrind\u00ae Shaft Mini anche in piccole quantit\u00e0 direttamente alla vostra officina. A partire da 300CHF di valore dell'ordine senza spese di spedizione.","robots":{"index":"index","follow":"follow","max-snippet":"max-snippet:-1","max-image-preview":"max-image-preview:large","max-video-preview":"max-video-preview:-1"},"canonical":"https:\/\/www.keramikmahlwerk.ch\/it\/prodotto-2\/crushgrind-shaft-mini\/","og_locale":"it_IT","og_type":"article","og_title":"CrushGrind\u00ae Shaft Mini","og_description":"Das Keramikmahlwerk CrushGrind\u00ae Shaft Mini liefern wir auch in Kleinstmengen direkt zu Ihnen in die Werkstatt. Ab 300CHF Bestellwert ohne Versandkosten.","og_url":"https:\/\/www.keramikmahlwerk.ch\/it\/prodotto-2\/crushgrind-shaft-mini\/","og_site_name":"Keramikmahlwerk von CrushGrind\u00ae","article_modified_time":"2024-06-21T14:38:24+00:00","og_image":[{"width":750,"height":750,"url":"https:\/\/www.keramikmahlwerk.ch\/webseite\/wp-content\/uploads\/2018\/04\/crush-grind-shaft-quadratisch.jpg","type":"image\/jpeg"}],"twitter_card":"summary_large_image","twitter_misc":{"Tempo di lettura stimato":"1 minuto"},"schema":{"@context":"https:\/\/schema.org","@graph":[{"@type":"WebPage","@id":"https:\/\/www.keramikmahlwerk.ch\/produkt\/crushgrind-shaft-mini\/","url":"https:\/\/www.keramikmahlwerk.ch\/produkt\/crushgrind-shaft-mini\/","name":"CrushGrind\u00ae Shaft Mini","isPartOf":{"@id":"https:\/\/www.keramikmahlwerk.ch\/#website"},"primaryImageOfPage":{"@id":"https:\/\/www.keramikmahlwerk.ch\/produkt\/crushgrind-shaft-mini\/#primaryimage"},"image":{"@id":"https:\/\/www.keramikmahlwerk.ch\/produkt\/crushgrind-shaft-mini\/#primaryimage"},"thumbnailUrl":"https:\/\/www.keramikmahlwerk.ch\/webseite\/wp-content\/uploads\/2018\/04\/crush-grind-shaft-quadratisch.jpg","datePublished":"2019-09-05T14:52:26+00:00","dateModified":"2024-06-21T14:38:24+00:00","description":"Consegniamo il mulino per macinazione ceramica CrushGrind\u00ae Shaft Mini anche in piccole quantit\u00e0 direttamente alla vostra officina. A partire da 300CHF di valore dell'ordine senza spese di spedizione.","breadcrumb":{"@id":"https:\/\/www.keramikmahlwerk.ch\/produkt\/crushgrind-shaft-mini\/#breadcrumb"},"inLanguage":"it-IT","potentialAction":[{"@type":"ReadAction","target":["https:\/\/www.keramikmahlwerk.ch\/produkt\/crushgrind-shaft-mini\/"]}]},{"@type":"ImageObject","inLanguage":"it-IT","@id":"https:\/\/www.keramikmahlwerk.ch\/produkt\/crushgrind-shaft-mini\/#primaryimage","url":"https:\/\/www.keramikmahlwerk.ch\/webseite\/wp-content\/uploads\/2018\/04\/crush-grind-shaft-quadratisch.jpg","contentUrl":"https:\/\/www.keramikmahlwerk.ch\/webseite\/wp-content\/uploads\/2018\/04\/crush-grind-shaft-quadratisch.jpg","width":750,"height":750},{"@type":"BreadcrumbList","@id":"https:\/\/www.keramikmahlwerk.ch\/produkt\/crushgrind-shaft-mini\/#breadcrumb","itemListElement":[{"@type":"ListItem","position":1,"name":"Home","item":"https:\/\/www.keramikmahlwerk.ch\/crush-grind\/"},{"@type":"ListItem","position":2,"name":"Shop","item":"https:\/\/www.keramikmahlwerk.ch\/shop\/"},{"@type":"ListItem","position":3,"name":"Crush Grind\u00ae Shaft Mini 100mm"}]},{"@type":"WebSite","@id":"https:\/\/www.keramikmahlwerk.ch\/#website","url":"https:\/\/www.keramikmahlwerk.ch\/","name":"Mulino di macinazione in ceramica CrushGrind","description":"Oltre al pepe, questo macinino macina anche sale, peperoncino, zucchero, spezie ed erbe in modo uniforme e senza attaccarsi","potentialAction":[{"@type":"SearchAction","target":{"@type":"EntryPoint","urlTemplate":"https:\/\/www.keramikmahlwerk.ch\/?s={search_term_string}"},"query-input":{"@type":"PropertyValueSpecification","valueRequired":true,"valueName":"search_term_string"}}],"inLanguage":"it-IT"}]}},"_links":{"self":[{"href":"https:\/\/www.keramikmahlwerk.ch\/it\/wp-json\/wp\/v2\/product\/1423","targetHints":{"allow":["GET"]}}],"collection":[{"href":"https:\/\/www.keramikmahlwerk.ch\/it\/wp-json\/wp\/v2\/product"}],"about":[{"href":"https:\/\/www.keramikmahlwerk.ch\/it\/wp-json\/wp\/v2\/types\/product"}],"wp:featuredmedia":[{"embeddable":true,"href":"https:\/\/www.keramikmahlwerk.ch\/it\/wp-json\/wp\/v2\/media\/965"}],"wp:attachment":[{"href":"https:\/\/www.keramikmahlwerk.ch\/it\/wp-json\/wp\/v2\/media?parent=1423"}],"wp:term":[{"taxonomy":"product_brand","embeddable":true,"href":"https:\/\/www.keramikmahlwerk.ch\/it\/wp-json\/wp\/v2\/product_brand?post=1423"},{"taxonomy":"product_cat","embeddable":true,"href":"https:\/\/www.keramikmahlwerk.ch\/it\/wp-json\/wp\/v2\/product_cat?post=1423"},{"taxonomy":"product_tag","embeddable":true,"href":"https:\/\/www.keramikmahlwerk.ch\/it\/wp-json\/wp\/v2\/product_tag?post=1423"}],"curies":[{"name":"wp","href":"https:\/\/api.w.org\/{rel}","templated":true}]}}