{"id":3252,"date":"2019-11-22T13:34:59","date_gmt":"2019-11-22T12:34:59","guid":{"rendered":"https:\/\/www.keramikmahlwerk.ch\/?post_type=product&#038;p=3252"},"modified":"2026-02-03T10:44:10","modified_gmt":"2026-02-03T09:44:10","slug":"pfeffermahlwerk-antik-im-kupferlook","status":"publish","type":"product","link":"https:\/\/www.keramikmahlwerk.ch\/it\/prodotto-2\/pfeffermahlwerk-antik-im-kupferlook\/","title":{"rendered":"Macinapepe \"Antique\" in look rame"},"content":{"rendered":"<h3>Prezzo unitario: CHF 15.50<\/h3>\n<p><strong>Livelli di sconto:<\/strong><br \/>\nDa 5 pezzi: 5%<br \/>\nDa 25 pezzi: 10%<br \/>\nDa 50 pezzi: 15%<br \/>\nDa 100 pezzi 20%<br \/>\nDa 400 pezzi: Su richiesta<\/p>\n<p>Gli sconti sono automaticamente presi in considerazione nel carrello.<\/p>\n<p>Dettagliato <a href=\"https:\/\/www.keramikmahlwerk.ch\/it\/pfeffermahlwerk-antik-im-kupferlook\/\">Dimensioni e ulteriori informazioni<\/a> pu\u00f2 essere trovato qui.<\/p>\n<h3>Condizioni:<\/h3>\n<p><strong>Prezzo: <\/strong><br \/>\nIVA inclusa, pi\u00f9 le spese di spedizione<br \/>\nspedizione gratuita in Svizzera per ordini superiori a CHF 300.00<\/p>\n<p><strong>Pagamento:<\/strong><br \/>\nFattura, 30 giorni netti<br \/>\nA partire da un volume d'ordine di CHF 300,00 \u00e8 sempre richiesto il pagamento anticipato (o TWINT).<\/p>","protected":false},"excerpt":{"rendered":"<p>St\u00fcckpreis: CHF 15.50 Rabattstufen: Ab 5 St\u00fcck: 5% Ab 25 St\u00fcck: 10% Ab 50 St\u00fcck: 15% Ab 100 St\u00fcck 20% Ab 400 St\u00fcck: Auf Anfrage Die Rabatte werden automatisch im Warenkorb ber\u00fccksichtigt. Detaillierte Abmessungen sowie weitere Informationen finden Sie hier. Konditionen: Preis: inkl. MwSt., zuz\u00fcglich Versandkosten versandkostenfrei innerhalb der Schweiz ab einem Bestellwert von CHF [&hellip;]<\/p>\n","protected":false},"featured_media":3306,"template":"","meta":[],"product_brand":[],"product_cat":[241],"product_tag":[],"class_list":{"0":"post-3252","1":"product","2":"type-product","3":"status-publish","4":"has-post-thumbnail","6":"product_cat-andere-mahlwerke","8":"first","9":"instock","10":"taxable","11":"shipping-taxable","12":"purchasable","13":"product-type-simple"},"yoast_head":"<!-- This site is optimized with the Yoast SEO plugin v27.5 - https:\/\/yoast.com\/product\/yoast-seo-wordpress\/ -->\n<title>Pfeffermahlwerk \u00abAntik\u00bb im Kupferlook<\/title>\n<meta name=\"description\" content=\"Pfeffermahlwerk \u00abAntik\u00bb im Kupferlook. Ideal auch f\u00fcr Kinder.\" \/>\n<meta name=\"robots\" content=\"index, follow, max-snippet:-1, max-image-preview:large, max-video-preview:-1\" \/>\n<link rel=\"canonical\" href=\"https:\/\/www.keramikmahlwerk.ch\/it\/prodotto-2\/pfeffermahlwerk-antik-im-kupferlook\/\" \/>\n<meta property=\"og:locale\" content=\"it_IT\" \/>\n<meta property=\"og:type\" content=\"article\" \/>\n<meta property=\"og:title\" content=\"Pfeffermahlwerk \u00abAntik\u00bb im Kupferlook\" \/>\n<meta property=\"og:description\" content=\"Pfeffermahlwerk \u00abAntik\u00bb im Kupferlook. Ideal auch f\u00fcr Kinder.\" \/>\n<meta property=\"og:url\" content=\"https:\/\/www.keramikmahlwerk.ch\/it\/prodotto-2\/pfeffermahlwerk-antik-im-kupferlook\/\" \/>\n<meta property=\"og:site_name\" content=\"Keramikmahlwerk von CrushGrind\u00ae\" \/>\n<meta property=\"article:modified_time\" content=\"2026-02-03T09:44:10+00:00\" \/>\n<meta property=\"og:image\" content=\"https:\/\/www.keramikmahlwerk.ch\/webseite\/wp-content\/uploads\/2019\/11\/mahlwerk-antik-zu-1030x1030.jpg\" \/>\n\t<meta property=\"og:image:width\" content=\"1030\" \/>\n\t<meta property=\"og:image:height\" content=\"1030\" \/>\n\t<meta property=\"og:image:type\" content=\"image\/jpeg\" \/>\n<meta name=\"twitter:card\" content=\"summary_large_image\" \/>\n<meta name=\"twitter:label1\" content=\"Tempo di lettura stimato\" \/>\n\t<meta name=\"twitter:data1\" content=\"1 minuto\" \/>\n<script type=\"application\/ld+json\" class=\"yoast-schema-graph\">{\"@context\":\"https:\\\/\\\/schema.org\",\"@graph\":[{\"@type\":\"WebPage\",\"@id\":\"https:\\\/\\\/www.keramikmahlwerk.ch\\\/produkt\\\/pfeffermahlwerk-antik-im-kupferlook\\\/\",\"url\":\"https:\\\/\\\/www.keramikmahlwerk.ch\\\/produkt\\\/pfeffermahlwerk-antik-im-kupferlook\\\/\",\"name\":\"Pfeffermahlwerk \u00abAntik\u00bb im Kupferlook\",\"isPartOf\":{\"@id\":\"https:\\\/\\\/www.keramikmahlwerk.ch\\\/#website\"},\"primaryImageOfPage\":{\"@id\":\"https:\\\/\\\/www.keramikmahlwerk.ch\\\/produkt\\\/pfeffermahlwerk-antik-im-kupferlook\\\/#primaryimage\"},\"image\":{\"@id\":\"https:\\\/\\\/www.keramikmahlwerk.ch\\\/produkt\\\/pfeffermahlwerk-antik-im-kupferlook\\\/#primaryimage\"},\"thumbnailUrl\":\"https:\\\/\\\/www.keramikmahlwerk.ch\\\/webseite\\\/wp-content\\\/uploads\\\/2019\\\/11\\\/mahlwerk-antik-zu-scaled.jpg\",\"datePublished\":\"2019-11-22T12:34:59+00:00\",\"dateModified\":\"2026-02-03T09:44:10+00:00\",\"description\":\"Pfeffermahlwerk \u00abAntik\u00bb im Kupferlook. Ideal auch f\u00fcr Kinder.\",\"breadcrumb\":{\"@id\":\"https:\\\/\\\/www.keramikmahlwerk.ch\\\/produkt\\\/pfeffermahlwerk-antik-im-kupferlook\\\/#breadcrumb\"},\"inLanguage\":\"it-IT\",\"potentialAction\":[{\"@type\":\"ReadAction\",\"target\":[\"https:\\\/\\\/www.keramikmahlwerk.ch\\\/produkt\\\/pfeffermahlwerk-antik-im-kupferlook\\\/\"]}]},{\"@type\":\"ImageObject\",\"inLanguage\":\"it-IT\",\"@id\":\"https:\\\/\\\/www.keramikmahlwerk.ch\\\/produkt\\\/pfeffermahlwerk-antik-im-kupferlook\\\/#primaryimage\",\"url\":\"https:\\\/\\\/www.keramikmahlwerk.ch\\\/webseite\\\/wp-content\\\/uploads\\\/2019\\\/11\\\/mahlwerk-antik-zu-scaled.jpg\",\"contentUrl\":\"https:\\\/\\\/www.keramikmahlwerk.ch\\\/webseite\\\/wp-content\\\/uploads\\\/2019\\\/11\\\/mahlwerk-antik-zu-scaled.jpg\",\"width\":2560,\"height\":2560},{\"@type\":\"BreadcrumbList\",\"@id\":\"https:\\\/\\\/www.keramikmahlwerk.ch\\\/produkt\\\/pfeffermahlwerk-antik-im-kupferlook\\\/#breadcrumb\",\"itemListElement\":[{\"@type\":\"ListItem\",\"position\":1,\"name\":\"Home\",\"item\":\"https:\\\/\\\/www.keramikmahlwerk.ch\\\/crush-grind\\\/\"},{\"@type\":\"ListItem\",\"position\":2,\"name\":\"Shop\",\"item\":\"https:\\\/\\\/www.keramikmahlwerk.ch\\\/shop\\\/\"},{\"@type\":\"ListItem\",\"position\":3,\"name\":\"Pfeffermahlwerk \u00abAntik\u00bb im Kupferlook\"}]},{\"@type\":\"WebSite\",\"@id\":\"https:\\\/\\\/www.keramikmahlwerk.ch\\\/#website\",\"url\":\"https:\\\/\\\/www.keramikmahlwerk.ch\\\/\",\"name\":\"Keramikmahlwerk von CrushGrind\u00ae\",\"description\":\"Neben Pfeffer mahlt dieses Mahlwerk auch Salz, Chili, Zucker, Gew\u00fcrze und Kr\u00e4uter gleichm\u00e4ssig und ohne zu verkleben\",\"potentialAction\":[{\"@type\":\"SearchAction\",\"target\":{\"@type\":\"EntryPoint\",\"urlTemplate\":\"https:\\\/\\\/www.keramikmahlwerk.ch\\\/?s={search_term_string}\"},\"query-input\":{\"@type\":\"PropertyValueSpecification\",\"valueRequired\":true,\"valueName\":\"search_term_string\"}}],\"inLanguage\":\"it-IT\"}]}<\/script>\n<!-- \/ Yoast SEO plugin. -->","yoast_head_json":{"title":"Macinapepe \"Antique\" in look rame","description":"Macinapepe \"Antique\" in look rame. Ideale anche per i bambini.","robots":{"index":"index","follow":"follow","max-snippet":"max-snippet:-1","max-image-preview":"max-image-preview:large","max-video-preview":"max-video-preview:-1"},"canonical":"https:\/\/www.keramikmahlwerk.ch\/it\/prodotto-2\/pfeffermahlwerk-antik-im-kupferlook\/","og_locale":"it_IT","og_type":"article","og_title":"Pfeffermahlwerk \u00abAntik\u00bb im Kupferlook","og_description":"Pfeffermahlwerk \u00abAntik\u00bb im Kupferlook. Ideal auch f\u00fcr Kinder.","og_url":"https:\/\/www.keramikmahlwerk.ch\/it\/prodotto-2\/pfeffermahlwerk-antik-im-kupferlook\/","og_site_name":"Keramikmahlwerk von CrushGrind\u00ae","article_modified_time":"2026-02-03T09:44:10+00:00","og_image":[{"width":1030,"height":1030,"url":"https:\/\/www.keramikmahlwerk.ch\/webseite\/wp-content\/uploads\/2019\/11\/mahlwerk-antik-zu-1030x1030.jpg","type":"image\/jpeg"}],"twitter_card":"summary_large_image","twitter_misc":{"Tempo di lettura stimato":"1 minuto"},"schema":{"@context":"https:\/\/schema.org","@graph":[{"@type":"WebPage","@id":"https:\/\/www.keramikmahlwerk.ch\/produkt\/pfeffermahlwerk-antik-im-kupferlook\/","url":"https:\/\/www.keramikmahlwerk.ch\/produkt\/pfeffermahlwerk-antik-im-kupferlook\/","name":"Macinapepe \"Antique\" in look rame","isPartOf":{"@id":"https:\/\/www.keramikmahlwerk.ch\/#website"},"primaryImageOfPage":{"@id":"https:\/\/www.keramikmahlwerk.ch\/produkt\/pfeffermahlwerk-antik-im-kupferlook\/#primaryimage"},"image":{"@id":"https:\/\/www.keramikmahlwerk.ch\/produkt\/pfeffermahlwerk-antik-im-kupferlook\/#primaryimage"},"thumbnailUrl":"https:\/\/www.keramikmahlwerk.ch\/webseite\/wp-content\/uploads\/2019\/11\/mahlwerk-antik-zu-scaled.jpg","datePublished":"2019-11-22T12:34:59+00:00","dateModified":"2026-02-03T09:44:10+00:00","description":"Macinapepe \"Antique\" in look rame. Ideale anche per i bambini.","breadcrumb":{"@id":"https:\/\/www.keramikmahlwerk.ch\/produkt\/pfeffermahlwerk-antik-im-kupferlook\/#breadcrumb"},"inLanguage":"it-IT","potentialAction":[{"@type":"ReadAction","target":["https:\/\/www.keramikmahlwerk.ch\/produkt\/pfeffermahlwerk-antik-im-kupferlook\/"]}]},{"@type":"ImageObject","inLanguage":"it-IT","@id":"https:\/\/www.keramikmahlwerk.ch\/produkt\/pfeffermahlwerk-antik-im-kupferlook\/#primaryimage","url":"https:\/\/www.keramikmahlwerk.ch\/webseite\/wp-content\/uploads\/2019\/11\/mahlwerk-antik-zu-scaled.jpg","contentUrl":"https:\/\/www.keramikmahlwerk.ch\/webseite\/wp-content\/uploads\/2019\/11\/mahlwerk-antik-zu-scaled.jpg","width":2560,"height":2560},{"@type":"BreadcrumbList","@id":"https:\/\/www.keramikmahlwerk.ch\/produkt\/pfeffermahlwerk-antik-im-kupferlook\/#breadcrumb","itemListElement":[{"@type":"ListItem","position":1,"name":"Home","item":"https:\/\/www.keramikmahlwerk.ch\/crush-grind\/"},{"@type":"ListItem","position":2,"name":"Shop","item":"https:\/\/www.keramikmahlwerk.ch\/shop\/"},{"@type":"ListItem","position":3,"name":"Pfeffermahlwerk \u00abAntik\u00bb im Kupferlook"}]},{"@type":"WebSite","@id":"https:\/\/www.keramikmahlwerk.ch\/#website","url":"https:\/\/www.keramikmahlwerk.ch\/","name":"Mulino di macinazione in ceramica CrushGrind","description":"Oltre al pepe, questo macinino macina anche sale, peperoncino, zucchero, spezie ed erbe in modo uniforme e senza attaccarsi","potentialAction":[{"@type":"SearchAction","target":{"@type":"EntryPoint","urlTemplate":"https:\/\/www.keramikmahlwerk.ch\/?s={search_term_string}"},"query-input":{"@type":"PropertyValueSpecification","valueRequired":true,"valueName":"search_term_string"}}],"inLanguage":"it-IT"}]}},"_links":{"self":[{"href":"https:\/\/www.keramikmahlwerk.ch\/it\/wp-json\/wp\/v2\/product\/3252","targetHints":{"allow":["GET"]}}],"collection":[{"href":"https:\/\/www.keramikmahlwerk.ch\/it\/wp-json\/wp\/v2\/product"}],"about":[{"href":"https:\/\/www.keramikmahlwerk.ch\/it\/wp-json\/wp\/v2\/types\/product"}],"wp:featuredmedia":[{"embeddable":true,"href":"https:\/\/www.keramikmahlwerk.ch\/it\/wp-json\/wp\/v2\/media\/3306"}],"wp:attachment":[{"href":"https:\/\/www.keramikmahlwerk.ch\/it\/wp-json\/wp\/v2\/media?parent=3252"}],"wp:term":[{"taxonomy":"product_brand","embeddable":true,"href":"https:\/\/www.keramikmahlwerk.ch\/it\/wp-json\/wp\/v2\/product_brand?post=3252"},{"taxonomy":"product_cat","embeddable":true,"href":"https:\/\/www.keramikmahlwerk.ch\/it\/wp-json\/wp\/v2\/product_cat?post=3252"},{"taxonomy":"product_tag","embeddable":true,"href":"https:\/\/www.keramikmahlwerk.ch\/it\/wp-json\/wp\/v2\/product_tag?post=3252"}],"curies":[{"name":"wp","href":"https:\/\/api.w.org\/{rel}","templated":true}]}}