{"id":6007,"date":"2021-03-04T22:22:36","date_gmt":"2021-03-04T21:22:36","guid":{"rendered":"https:\/\/www.keramikmahlwerk.ch\/?post_type=product&#038;p=6007"},"modified":"2024-06-21T16:34:11","modified_gmt":"2024-06-21T14:34:11","slug":"maximum-grinder","status":"publish","type":"product","link":"https:\/\/www.keramikmahlwerk.ch\/it\/prodotto-2\/maximum-grinder\/","title":{"rendered":"Maximum Grinder"},"content":{"rendered":"<h3>Prezzo per unit\u00e0: CHF 661.50 (prezzo per pezzo - CHF 1.50)<\/h3>\n<p>Unit\u00e0 di imballaggio: 441 pezzi<\/p>\n<p>Grazie alla ceramica di alta qualit\u00e0, il macinino pu\u00f2 essere riutilizzato tutte le volte che vuoi. Oltre al sale e al pepe, macina anche il peperoncino e numerose altre spezie ed erbe. Sostituisce le smerigliatrici di plastica disponibili in commercio, la cui abrasione di plastica finisce sul tuo piatto quando lo usi.<\/p>\n<p>Smerigliatrice in ceramica con filetto, dimensione \u00f8 52 mm, altezza 40 mm<br \/>\nMateriale alloggiamento: PP nero<\/p>\n<p>Occhiali e guarnizioni di protezione dell'aroma disponibili su richiesta.<\/p>\n<h3>Condizioni:<\/h3>\n<p><strong>Prezzi:<br \/>\n<\/strong>Livelli di sconto: Edizioni superiori su <a href=\"https:\/\/www.keramikmahlwerk.ch\/it\/kontakt\/\">Richiesta<\/a><br \/>\nOcchiali: su <a href=\"https:\/\/www.keramikmahlwerk.ch\/it\/kontakt\/\">Richiesta<\/a> disponibile<\/p>\n<p>Vendita singola del mulino incluso il vetro su <a href=\"http:\/\/www.raffinessen.ch\/produkt\/mehrwegmuehle-mit-keramikmahlwerk\/\">raffinatezze.ch<\/a><\/p>\n<p>Prezzo IVA inclusa, spedizione gratuita in CH.<\/p>\n<p><strong>Pagamento:<\/strong><br \/>\nFattura, 30 giorni netti<br \/>\nA partire da un volume d'ordine di CHF 300,00 \u00e8 sempre richiesto il pagamento anticipato (o TWINT).<\/p>","protected":false},"excerpt":{"rendered":"<p>Preis pro Einheit: CHF 661.50\u00a0 (Preis pro St\u00fcck &#8211; CHF 1.50) Verpackungseinheit: 441 St\u00fcck Dank des hochwertigen Keramiks kann das Mahlwerk beliebig oft wiederverwendet werden. Es mahlt neben Salz und Pfeffer auch Chili und zahlreiche andere Gew\u00fcrze und Kr\u00e4uter. Es ersetzt die handels\u00fcblichen Plastikmahlwerke, deren Plastikabrieb bei Verwendung auf Ihrem Teller landet. Keramikmahlwerk mit Gewinde, [&hellip;]<\/p>\n","protected":false},"featured_media":6008,"template":"","meta":[],"product_brand":[],"product_cat":[264],"product_tag":[],"class_list":{"0":"post-6007","1":"product","2":"type-product","3":"status-publish","4":"has-post-thumbnail","6":"product_cat-mahlwerke-mit-gewinde","8":"first","9":"instock","10":"taxable","11":"shipping-taxable","12":"purchasable","13":"product-type-simple"},"yoast_head":"<!-- This site is optimized with the Yoast SEO plugin v27.5 - https:\/\/yoast.com\/product\/yoast-seo-wordpress\/ -->\n<title>Maximum Grinder - Keramikmahlwerk von CrushGrind\u00ae<\/title>\n<meta name=\"robots\" content=\"index, follow, max-snippet:-1, max-image-preview:large, max-video-preview:-1\" \/>\n<link rel=\"canonical\" href=\"https:\/\/www.keramikmahlwerk.ch\/it\/prodotto-2\/maximum-grinder\/\" \/>\n<meta property=\"og:locale\" content=\"it_IT\" \/>\n<meta property=\"og:type\" content=\"article\" \/>\n<meta property=\"og:title\" content=\"Maximum Grinder - Keramikmahlwerk von CrushGrind\u00ae\" \/>\n<meta property=\"og:description\" content=\"Preis pro Einheit: CHF 661.50\u00a0 (Preis pro St\u00fcck &#8211; CHF 1.50) Verpackungseinheit: 441 St\u00fcck Dank des hochwertigen Keramiks kann das Mahlwerk beliebig oft wiederverwendet werden. Es mahlt neben Salz und Pfeffer auch Chili und zahlreiche andere Gew\u00fcrze und Kr\u00e4uter. Es ersetzt die handels\u00fcblichen Plastikmahlwerke, deren Plastikabrieb bei Verwendung auf Ihrem Teller landet. Keramikmahlwerk mit Gewinde, [&hellip;]\" \/>\n<meta property=\"og:url\" content=\"https:\/\/www.keramikmahlwerk.ch\/it\/prodotto-2\/maximum-grinder\/\" \/>\n<meta property=\"og:site_name\" content=\"Keramikmahlwerk von CrushGrind\u00ae\" \/>\n<meta property=\"article:modified_time\" content=\"2024-06-21T14:34:11+00:00\" \/>\n<meta property=\"og:image\" content=\"https:\/\/www.keramikmahlwerk.ch\/webseite\/wp-content\/uploads\/2021\/03\/max-grinder-mahlwerk-deckel-schwarz.jpg\" \/>\n\t<meta property=\"og:image:width\" content=\"640\" \/>\n\t<meta property=\"og:image:height\" content=\"640\" \/>\n\t<meta property=\"og:image:type\" content=\"image\/jpeg\" \/>\n<meta name=\"twitter:card\" content=\"summary_large_image\" \/>\n<meta name=\"twitter:label1\" content=\"Tempo di lettura stimato\" \/>\n\t<meta name=\"twitter:data1\" content=\"1 minuto\" \/>\n<script type=\"application\/ld+json\" class=\"yoast-schema-graph\">{\"@context\":\"https:\\\/\\\/schema.org\",\"@graph\":[{\"@type\":\"WebPage\",\"@id\":\"https:\\\/\\\/www.keramikmahlwerk.ch\\\/produkt\\\/maximum-grinder\\\/\",\"url\":\"https:\\\/\\\/www.keramikmahlwerk.ch\\\/produkt\\\/maximum-grinder\\\/\",\"name\":\"Maximum Grinder - Keramikmahlwerk von CrushGrind\u00ae\",\"isPartOf\":{\"@id\":\"https:\\\/\\\/www.keramikmahlwerk.ch\\\/#website\"},\"primaryImageOfPage\":{\"@id\":\"https:\\\/\\\/www.keramikmahlwerk.ch\\\/produkt\\\/maximum-grinder\\\/#primaryimage\"},\"image\":{\"@id\":\"https:\\\/\\\/www.keramikmahlwerk.ch\\\/produkt\\\/maximum-grinder\\\/#primaryimage\"},\"thumbnailUrl\":\"https:\\\/\\\/www.keramikmahlwerk.ch\\\/webseite\\\/wp-content\\\/uploads\\\/2021\\\/03\\\/max-grinder-mahlwerk-deckel-schwarz.jpg\",\"datePublished\":\"2021-03-04T21:22:36+00:00\",\"dateModified\":\"2024-06-21T14:34:11+00:00\",\"breadcrumb\":{\"@id\":\"https:\\\/\\\/www.keramikmahlwerk.ch\\\/produkt\\\/maximum-grinder\\\/#breadcrumb\"},\"inLanguage\":\"it-IT\",\"potentialAction\":[{\"@type\":\"ReadAction\",\"target\":[\"https:\\\/\\\/www.keramikmahlwerk.ch\\\/produkt\\\/maximum-grinder\\\/\"]}]},{\"@type\":\"ImageObject\",\"inLanguage\":\"it-IT\",\"@id\":\"https:\\\/\\\/www.keramikmahlwerk.ch\\\/produkt\\\/maximum-grinder\\\/#primaryimage\",\"url\":\"https:\\\/\\\/www.keramikmahlwerk.ch\\\/webseite\\\/wp-content\\\/uploads\\\/2021\\\/03\\\/max-grinder-mahlwerk-deckel-schwarz.jpg\",\"contentUrl\":\"https:\\\/\\\/www.keramikmahlwerk.ch\\\/webseite\\\/wp-content\\\/uploads\\\/2021\\\/03\\\/max-grinder-mahlwerk-deckel-schwarz.jpg\",\"width\":640,\"height\":640},{\"@type\":\"BreadcrumbList\",\"@id\":\"https:\\\/\\\/www.keramikmahlwerk.ch\\\/produkt\\\/maximum-grinder\\\/#breadcrumb\",\"itemListElement\":[{\"@type\":\"ListItem\",\"position\":1,\"name\":\"Home\",\"item\":\"https:\\\/\\\/www.keramikmahlwerk.ch\\\/crush-grind\\\/\"},{\"@type\":\"ListItem\",\"position\":2,\"name\":\"Shop\",\"item\":\"https:\\\/\\\/www.keramikmahlwerk.ch\\\/shop\\\/\"},{\"@type\":\"ListItem\",\"position\":3,\"name\":\"Maximum Grinder\"}]},{\"@type\":\"WebSite\",\"@id\":\"https:\\\/\\\/www.keramikmahlwerk.ch\\\/#website\",\"url\":\"https:\\\/\\\/www.keramikmahlwerk.ch\\\/\",\"name\":\"Keramikmahlwerk von CrushGrind\u00ae\",\"description\":\"Neben Pfeffer mahlt dieses Mahlwerk auch Salz, Chili, Zucker, Gew\u00fcrze und Kr\u00e4uter gleichm\u00e4ssig und ohne zu verkleben\",\"potentialAction\":[{\"@type\":\"SearchAction\",\"target\":{\"@type\":\"EntryPoint\",\"urlTemplate\":\"https:\\\/\\\/www.keramikmahlwerk.ch\\\/?s={search_term_string}\"},\"query-input\":{\"@type\":\"PropertyValueSpecification\",\"valueRequired\":true,\"valueName\":\"search_term_string\"}}],\"inLanguage\":\"it-IT\"}]}<\/script>\n<!-- \/ Yoast SEO plugin. -->","yoast_head_json":{"title":"Maximum Grinder - Macinino in ceramica di CrushGrind\u00ae.","robots":{"index":"index","follow":"follow","max-snippet":"max-snippet:-1","max-image-preview":"max-image-preview:large","max-video-preview":"max-video-preview:-1"},"canonical":"https:\/\/www.keramikmahlwerk.ch\/it\/prodotto-2\/maximum-grinder\/","og_locale":"it_IT","og_type":"article","og_title":"Maximum Grinder - Keramikmahlwerk von CrushGrind\u00ae","og_description":"Preis pro Einheit: CHF 661.50\u00a0 (Preis pro St\u00fcck &#8211; CHF 1.50) Verpackungseinheit: 441 St\u00fcck Dank des hochwertigen Keramiks kann das Mahlwerk beliebig oft wiederverwendet werden. Es mahlt neben Salz und Pfeffer auch Chili und zahlreiche andere Gew\u00fcrze und Kr\u00e4uter. Es ersetzt die handels\u00fcblichen Plastikmahlwerke, deren Plastikabrieb bei Verwendung auf Ihrem Teller landet. Keramikmahlwerk mit Gewinde, [&hellip;]","og_url":"https:\/\/www.keramikmahlwerk.ch\/it\/prodotto-2\/maximum-grinder\/","og_site_name":"Keramikmahlwerk von CrushGrind\u00ae","article_modified_time":"2024-06-21T14:34:11+00:00","og_image":[{"width":640,"height":640,"url":"https:\/\/www.keramikmahlwerk.ch\/webseite\/wp-content\/uploads\/2021\/03\/max-grinder-mahlwerk-deckel-schwarz.jpg","type":"image\/jpeg"}],"twitter_card":"summary_large_image","twitter_misc":{"Tempo di lettura stimato":"1 minuto"},"schema":{"@context":"https:\/\/schema.org","@graph":[{"@type":"WebPage","@id":"https:\/\/www.keramikmahlwerk.ch\/produkt\/maximum-grinder\/","url":"https:\/\/www.keramikmahlwerk.ch\/produkt\/maximum-grinder\/","name":"Maximum Grinder - Macinino in ceramica di CrushGrind\u00ae.","isPartOf":{"@id":"https:\/\/www.keramikmahlwerk.ch\/#website"},"primaryImageOfPage":{"@id":"https:\/\/www.keramikmahlwerk.ch\/produkt\/maximum-grinder\/#primaryimage"},"image":{"@id":"https:\/\/www.keramikmahlwerk.ch\/produkt\/maximum-grinder\/#primaryimage"},"thumbnailUrl":"https:\/\/www.keramikmahlwerk.ch\/webseite\/wp-content\/uploads\/2021\/03\/max-grinder-mahlwerk-deckel-schwarz.jpg","datePublished":"2021-03-04T21:22:36+00:00","dateModified":"2024-06-21T14:34:11+00:00","breadcrumb":{"@id":"https:\/\/www.keramikmahlwerk.ch\/produkt\/maximum-grinder\/#breadcrumb"},"inLanguage":"it-IT","potentialAction":[{"@type":"ReadAction","target":["https:\/\/www.keramikmahlwerk.ch\/produkt\/maximum-grinder\/"]}]},{"@type":"ImageObject","inLanguage":"it-IT","@id":"https:\/\/www.keramikmahlwerk.ch\/produkt\/maximum-grinder\/#primaryimage","url":"https:\/\/www.keramikmahlwerk.ch\/webseite\/wp-content\/uploads\/2021\/03\/max-grinder-mahlwerk-deckel-schwarz.jpg","contentUrl":"https:\/\/www.keramikmahlwerk.ch\/webseite\/wp-content\/uploads\/2021\/03\/max-grinder-mahlwerk-deckel-schwarz.jpg","width":640,"height":640},{"@type":"BreadcrumbList","@id":"https:\/\/www.keramikmahlwerk.ch\/produkt\/maximum-grinder\/#breadcrumb","itemListElement":[{"@type":"ListItem","position":1,"name":"Home","item":"https:\/\/www.keramikmahlwerk.ch\/crush-grind\/"},{"@type":"ListItem","position":2,"name":"Shop","item":"https:\/\/www.keramikmahlwerk.ch\/shop\/"},{"@type":"ListItem","position":3,"name":"Maximum Grinder"}]},{"@type":"WebSite","@id":"https:\/\/www.keramikmahlwerk.ch\/#website","url":"https:\/\/www.keramikmahlwerk.ch\/","name":"Mulino di macinazione in ceramica CrushGrind","description":"Oltre al pepe, questo macinino macina anche sale, peperoncino, zucchero, spezie ed erbe in modo uniforme e senza attaccarsi","potentialAction":[{"@type":"SearchAction","target":{"@type":"EntryPoint","urlTemplate":"https:\/\/www.keramikmahlwerk.ch\/?s={search_term_string}"},"query-input":{"@type":"PropertyValueSpecification","valueRequired":true,"valueName":"search_term_string"}}],"inLanguage":"it-IT"}]}},"_links":{"self":[{"href":"https:\/\/www.keramikmahlwerk.ch\/it\/wp-json\/wp\/v2\/product\/6007","targetHints":{"allow":["GET"]}}],"collection":[{"href":"https:\/\/www.keramikmahlwerk.ch\/it\/wp-json\/wp\/v2\/product"}],"about":[{"href":"https:\/\/www.keramikmahlwerk.ch\/it\/wp-json\/wp\/v2\/types\/product"}],"wp:featuredmedia":[{"embeddable":true,"href":"https:\/\/www.keramikmahlwerk.ch\/it\/wp-json\/wp\/v2\/media\/6008"}],"wp:attachment":[{"href":"https:\/\/www.keramikmahlwerk.ch\/it\/wp-json\/wp\/v2\/media?parent=6007"}],"wp:term":[{"taxonomy":"product_brand","embeddable":true,"href":"https:\/\/www.keramikmahlwerk.ch\/it\/wp-json\/wp\/v2\/product_brand?post=6007"},{"taxonomy":"product_cat","embeddable":true,"href":"https:\/\/www.keramikmahlwerk.ch\/it\/wp-json\/wp\/v2\/product_cat?post=6007"},{"taxonomy":"product_tag","embeddable":true,"href":"https:\/\/www.keramikmahlwerk.ch\/it\/wp-json\/wp\/v2\/product_tag?post=6007"}],"curies":[{"name":"wp","href":"https:\/\/api.w.org\/{rel}","templated":true}]}}