{"id":8872,"date":"2025-08-28T15:38:14","date_gmt":"2025-08-28T13:38:14","guid":{"rendered":"https:\/\/www.keramikmahlwerk.ch\/?post_type=product&#038;p=8872"},"modified":"2026-02-19T13:49:16","modified_gmt":"2026-02-19T12:49:16","slug":"crushgrind-easy-shaft-150mm","status":"publish","type":"product","link":"https:\/\/www.keramikmahlwerk.ch\/it\/prodotto-2\/crushgrind-easy-shaft-150mm\/","title":{"rendered":"CrushGrind\u00ae \u2013 EASY shaft 150mm"},"content":{"rendered":"<h3>Prezzo unitario: CHF 10.50<\/h3>\n<p><strong>inkl. 5x Schrauben, Format 3x16mm (INOX, Torx)<\/strong><\/p>\n<p>Der CrushGrind\u00ae EASY shaft Mechanismus ist besonders geeignet f\u00fcr Schulen, Werkst\u00e4tten und Hobbyprojekte, bei denen Sicherheit und einfache Verarbeitung im Vordergrund stehen:<\/p>\n<ul>\n<li>Schnelle Montage mit abgestuften Bohrdurchmessern \u2013 ohne Drehbank<\/li>\n<li>Stabile Befestigung durch Schrauben<strong><br \/>\n<\/strong><\/li>\n<\/ul>\n<p><strong>Livelli di sconto:<\/strong><br \/>\nDa 5 pezzi: 5 %<br \/>\nDa 20 pezzi: 10 %<br \/>\nDa 100 pezzi: 15 %<br \/>\nDa 200 pezzi: 20 %<br \/>\nDa 400 pezzi su richiesta<\/p>\n<p>Gli sconti sono automaticamente presi in considerazione nel carrello.<\/p>\n<p>A <a href=\"https:\/\/www.keramikmahlwerk.ch\/webseite\/wp-content\/uploads\/2025\/09\/montageanleitung-crushgrind-easy.pdf\">Istruzioni per l'installazione<\/a> Saremo lieti di fornirvi un file PDF.<\/p>\n<h3>Condizioni:<\/h3>\n<p><strong>Prezzo: <\/strong><br \/>\nIVA inclusa, pi\u00f9 le spese di spedizione<br \/>\nspedizione gratuita in Svizzera per ordini superiori a CHF 300.00<\/p>\n<p><strong>Pagamento:<\/strong><br \/>\nFattura, 30 giorni netti<br \/>\nA partire da un volume d'ordine di CHF 300,00 \u00e8 sempre richiesto il pagamento anticipato (o TWINT).<\/p>\n<p>&nbsp;<\/p>","protected":false},"excerpt":{"rendered":"<p>St\u00fcckpreis: CHF 10.50 inkl. 5x Schrauben, Format 3x16mm (INOX, Torx) Der CrushGrind\u00ae EASY shaft Mechanismus ist besonders geeignet f\u00fcr Schulen, Werkst\u00e4tten und Hobbyprojekte, bei denen Sicherheit und einfache Verarbeitung im Vordergrund stehen: Schnelle Montage mit abgestuften Bohrdurchmessern \u2013 ohne Drehbank Stabile Befestigung durch Schrauben Rabattstufen: Ab 5 St\u00fcck: 5 % Ab 20 St\u00fcck: 10 % [&hellip;]<\/p>\n","protected":false},"featured_media":8884,"template":"","meta":[],"product_brand":[],"product_cat":[11],"product_tag":[],"class_list":{"0":"post-8872","1":"product","2":"type-product","3":"status-publish","4":"has-post-thumbnail","6":"product_cat-keramikmahlwerk-crush-grind-shaft","8":"first","9":"instock","10":"taxable","11":"shipping-taxable","12":"purchasable","13":"product-type-simple"},"yoast_head":"<!-- This site is optimized with the Yoast SEO plugin v27.5 - https:\/\/yoast.com\/product\/yoast-seo-wordpress\/ -->\n<title>CrushGrind\u00ae EASY shaft 150mm \u2013 Keramikmahlwerk Set<\/title>\n<meta name=\"description\" content=\"CrushGrind\u00ae EASY shaft 150mm inkl. 5 INOX-Schrauben. Einfacher Einbau ohne Drehbank, stabil &amp; sicher \u2013 ideal f\u00fcr Schulen, Werkst\u00e4tten &amp; Hobbyprojekte.\" \/>\n<meta name=\"robots\" content=\"index, follow, max-snippet:-1, max-image-preview:large, max-video-preview:-1\" \/>\n<link rel=\"canonical\" href=\"https:\/\/www.keramikmahlwerk.ch\/it\/prodotto-2\/crushgrind-easy-shaft-150mm\/\" \/>\n<meta property=\"og:locale\" content=\"it_IT\" \/>\n<meta property=\"og:type\" content=\"article\" \/>\n<meta property=\"og:title\" content=\"CrushGrind\u00ae EASY shaft 150mm \u2013 Keramikmahlwerk Set\" \/>\n<meta property=\"og:description\" content=\"CrushGrind\u00ae EASY shaft 150mm inkl. 5 INOX-Schrauben. Einfacher Einbau ohne Drehbank, stabil &amp; sicher \u2013 ideal f\u00fcr Schulen, Werkst\u00e4tten &amp; Hobbyprojekte.\" \/>\n<meta property=\"og:url\" content=\"https:\/\/www.keramikmahlwerk.ch\/it\/prodotto-2\/crushgrind-easy-shaft-150mm\/\" \/>\n<meta property=\"og:site_name\" content=\"Keramikmahlwerk von CrushGrind\u00ae\" \/>\n<meta property=\"article:modified_time\" content=\"2026-02-19T12:49:16+00:00\" \/>\n<meta property=\"og:image\" content=\"https:\/\/www.keramikmahlwerk.ch\/webseite\/wp-content\/uploads\/2025\/08\/CrushGrind-EASY_Schrauben.jpg\" \/>\n\t<meta property=\"og:image:width\" content=\"1500\" \/>\n\t<meta property=\"og:image:height\" content=\"1500\" \/>\n\t<meta property=\"og:image:type\" content=\"image\/jpeg\" \/>\n<meta name=\"twitter:card\" content=\"summary_large_image\" \/>\n<meta name=\"twitter:label1\" content=\"Tempo di lettura stimato\" \/>\n\t<meta name=\"twitter:data1\" content=\"1 minuto\" \/>\n<script type=\"application\/ld+json\" class=\"yoast-schema-graph\">{\"@context\":\"https:\\\/\\\/schema.org\",\"@graph\":[{\"@type\":\"WebPage\",\"@id\":\"https:\\\/\\\/www.keramikmahlwerk.ch\\\/produkt\\\/crushgrind-easy-shaft-150mm\\\/\",\"url\":\"https:\\\/\\\/www.keramikmahlwerk.ch\\\/produkt\\\/crushgrind-easy-shaft-150mm\\\/\",\"name\":\"CrushGrind\u00ae EASY shaft 150mm \u2013 Keramikmahlwerk Set\",\"isPartOf\":{\"@id\":\"https:\\\/\\\/www.keramikmahlwerk.ch\\\/#website\"},\"primaryImageOfPage\":{\"@id\":\"https:\\\/\\\/www.keramikmahlwerk.ch\\\/produkt\\\/crushgrind-easy-shaft-150mm\\\/#primaryimage\"},\"image\":{\"@id\":\"https:\\\/\\\/www.keramikmahlwerk.ch\\\/produkt\\\/crushgrind-easy-shaft-150mm\\\/#primaryimage\"},\"thumbnailUrl\":\"https:\\\/\\\/www.keramikmahlwerk.ch\\\/webseite\\\/wp-content\\\/uploads\\\/2025\\\/08\\\/CrushGrind-EASY_Schrauben.jpg\",\"datePublished\":\"2025-08-28T13:38:14+00:00\",\"dateModified\":\"2026-02-19T12:49:16+00:00\",\"description\":\"CrushGrind\u00ae EASY shaft 150mm inkl. 5 INOX-Schrauben. Einfacher Einbau ohne Drehbank, stabil & sicher \u2013 ideal f\u00fcr Schulen, Werkst\u00e4tten & Hobbyprojekte.\",\"breadcrumb\":{\"@id\":\"https:\\\/\\\/www.keramikmahlwerk.ch\\\/produkt\\\/crushgrind-easy-shaft-150mm\\\/#breadcrumb\"},\"inLanguage\":\"it-IT\",\"potentialAction\":[{\"@type\":\"ReadAction\",\"target\":[\"https:\\\/\\\/www.keramikmahlwerk.ch\\\/produkt\\\/crushgrind-easy-shaft-150mm\\\/\"]}]},{\"@type\":\"ImageObject\",\"inLanguage\":\"it-IT\",\"@id\":\"https:\\\/\\\/www.keramikmahlwerk.ch\\\/produkt\\\/crushgrind-easy-shaft-150mm\\\/#primaryimage\",\"url\":\"https:\\\/\\\/www.keramikmahlwerk.ch\\\/webseite\\\/wp-content\\\/uploads\\\/2025\\\/08\\\/CrushGrind-EASY_Schrauben.jpg\",\"contentUrl\":\"https:\\\/\\\/www.keramikmahlwerk.ch\\\/webseite\\\/wp-content\\\/uploads\\\/2025\\\/08\\\/CrushGrind-EASY_Schrauben.jpg\",\"width\":1500,\"height\":1500},{\"@type\":\"BreadcrumbList\",\"@id\":\"https:\\\/\\\/www.keramikmahlwerk.ch\\\/produkt\\\/crushgrind-easy-shaft-150mm\\\/#breadcrumb\",\"itemListElement\":[{\"@type\":\"ListItem\",\"position\":1,\"name\":\"Home\",\"item\":\"https:\\\/\\\/www.keramikmahlwerk.ch\\\/crush-grind\\\/\"},{\"@type\":\"ListItem\",\"position\":2,\"name\":\"Shop\",\"item\":\"https:\\\/\\\/www.keramikmahlwerk.ch\\\/shop\\\/\"},{\"@type\":\"ListItem\",\"position\":3,\"name\":\"CrushGrind\u00ae \u2013 EASY shaft 150mm\"}]},{\"@type\":\"WebSite\",\"@id\":\"https:\\\/\\\/www.keramikmahlwerk.ch\\\/#website\",\"url\":\"https:\\\/\\\/www.keramikmahlwerk.ch\\\/\",\"name\":\"Keramikmahlwerk von CrushGrind\u00ae\",\"description\":\"Neben Pfeffer mahlt dieses Mahlwerk auch Salz, Chili, Zucker, Gew\u00fcrze und Kr\u00e4uter gleichm\u00e4ssig und ohne zu verkleben\",\"potentialAction\":[{\"@type\":\"SearchAction\",\"target\":{\"@type\":\"EntryPoint\",\"urlTemplate\":\"https:\\\/\\\/www.keramikmahlwerk.ch\\\/?s={search_term_string}\"},\"query-input\":{\"@type\":\"PropertyValueSpecification\",\"valueRequired\":true,\"valueName\":\"search_term_string\"}}],\"inLanguage\":\"it-IT\"}]}<\/script>\n<!-- \/ Yoast SEO plugin. -->","yoast_head_json":{"title":"CrushGrind\u00ae EASY shaft 150mm \u2013 Keramikmahlwerk Set","description":"CrushGrind\u00ae EASY shaft 150mm inkl. 5 INOX-Schrauben. Einfacher Einbau ohne Drehbank, stabil & sicher \u2013 ideal f\u00fcr Schulen, Werkst\u00e4tten & Hobbyprojekte.","robots":{"index":"index","follow":"follow","max-snippet":"max-snippet:-1","max-image-preview":"max-image-preview:large","max-video-preview":"max-video-preview:-1"},"canonical":"https:\/\/www.keramikmahlwerk.ch\/it\/prodotto-2\/crushgrind-easy-shaft-150mm\/","og_locale":"it_IT","og_type":"article","og_title":"CrushGrind\u00ae EASY shaft 150mm \u2013 Keramikmahlwerk Set","og_description":"CrushGrind\u00ae EASY shaft 150mm inkl. 5 INOX-Schrauben. Einfacher Einbau ohne Drehbank, stabil & sicher \u2013 ideal f\u00fcr Schulen, Werkst\u00e4tten & Hobbyprojekte.","og_url":"https:\/\/www.keramikmahlwerk.ch\/it\/prodotto-2\/crushgrind-easy-shaft-150mm\/","og_site_name":"Keramikmahlwerk von CrushGrind\u00ae","article_modified_time":"2026-02-19T12:49:16+00:00","og_image":[{"width":1500,"height":1500,"url":"https:\/\/www.keramikmahlwerk.ch\/webseite\/wp-content\/uploads\/2025\/08\/CrushGrind-EASY_Schrauben.jpg","type":"image\/jpeg"}],"twitter_card":"summary_large_image","twitter_misc":{"Tempo di lettura stimato":"1 minuto"},"schema":{"@context":"https:\/\/schema.org","@graph":[{"@type":"WebPage","@id":"https:\/\/www.keramikmahlwerk.ch\/produkt\/crushgrind-easy-shaft-150mm\/","url":"https:\/\/www.keramikmahlwerk.ch\/produkt\/crushgrind-easy-shaft-150mm\/","name":"CrushGrind\u00ae EASY shaft 150mm \u2013 Keramikmahlwerk Set","isPartOf":{"@id":"https:\/\/www.keramikmahlwerk.ch\/#website"},"primaryImageOfPage":{"@id":"https:\/\/www.keramikmahlwerk.ch\/produkt\/crushgrind-easy-shaft-150mm\/#primaryimage"},"image":{"@id":"https:\/\/www.keramikmahlwerk.ch\/produkt\/crushgrind-easy-shaft-150mm\/#primaryimage"},"thumbnailUrl":"https:\/\/www.keramikmahlwerk.ch\/webseite\/wp-content\/uploads\/2025\/08\/CrushGrind-EASY_Schrauben.jpg","datePublished":"2025-08-28T13:38:14+00:00","dateModified":"2026-02-19T12:49:16+00:00","description":"CrushGrind\u00ae EASY shaft 150mm inkl. 5 INOX-Schrauben. Einfacher Einbau ohne Drehbank, stabil & sicher \u2013 ideal f\u00fcr Schulen, Werkst\u00e4tten & Hobbyprojekte.","breadcrumb":{"@id":"https:\/\/www.keramikmahlwerk.ch\/produkt\/crushgrind-easy-shaft-150mm\/#breadcrumb"},"inLanguage":"it-IT","potentialAction":[{"@type":"ReadAction","target":["https:\/\/www.keramikmahlwerk.ch\/produkt\/crushgrind-easy-shaft-150mm\/"]}]},{"@type":"ImageObject","inLanguage":"it-IT","@id":"https:\/\/www.keramikmahlwerk.ch\/produkt\/crushgrind-easy-shaft-150mm\/#primaryimage","url":"https:\/\/www.keramikmahlwerk.ch\/webseite\/wp-content\/uploads\/2025\/08\/CrushGrind-EASY_Schrauben.jpg","contentUrl":"https:\/\/www.keramikmahlwerk.ch\/webseite\/wp-content\/uploads\/2025\/08\/CrushGrind-EASY_Schrauben.jpg","width":1500,"height":1500},{"@type":"BreadcrumbList","@id":"https:\/\/www.keramikmahlwerk.ch\/produkt\/crushgrind-easy-shaft-150mm\/#breadcrumb","itemListElement":[{"@type":"ListItem","position":1,"name":"Home","item":"https:\/\/www.keramikmahlwerk.ch\/crush-grind\/"},{"@type":"ListItem","position":2,"name":"Shop","item":"https:\/\/www.keramikmahlwerk.ch\/shop\/"},{"@type":"ListItem","position":3,"name":"CrushGrind\u00ae \u2013 EASY shaft 150mm"}]},{"@type":"WebSite","@id":"https:\/\/www.keramikmahlwerk.ch\/#website","url":"https:\/\/www.keramikmahlwerk.ch\/","name":"Mulino di macinazione in ceramica CrushGrind","description":"Oltre al pepe, questo macinino macina anche sale, peperoncino, zucchero, spezie ed erbe in modo uniforme e senza attaccarsi","potentialAction":[{"@type":"SearchAction","target":{"@type":"EntryPoint","urlTemplate":"https:\/\/www.keramikmahlwerk.ch\/?s={search_term_string}"},"query-input":{"@type":"PropertyValueSpecification","valueRequired":true,"valueName":"search_term_string"}}],"inLanguage":"it-IT"}]}},"_links":{"self":[{"href":"https:\/\/www.keramikmahlwerk.ch\/it\/wp-json\/wp\/v2\/product\/8872","targetHints":{"allow":["GET"]}}],"collection":[{"href":"https:\/\/www.keramikmahlwerk.ch\/it\/wp-json\/wp\/v2\/product"}],"about":[{"href":"https:\/\/www.keramikmahlwerk.ch\/it\/wp-json\/wp\/v2\/types\/product"}],"wp:featuredmedia":[{"embeddable":true,"href":"https:\/\/www.keramikmahlwerk.ch\/it\/wp-json\/wp\/v2\/media\/8884"}],"wp:attachment":[{"href":"https:\/\/www.keramikmahlwerk.ch\/it\/wp-json\/wp\/v2\/media?parent=8872"}],"wp:term":[{"taxonomy":"product_brand","embeddable":true,"href":"https:\/\/www.keramikmahlwerk.ch\/it\/wp-json\/wp\/v2\/product_brand?post=8872"},{"taxonomy":"product_cat","embeddable":true,"href":"https:\/\/www.keramikmahlwerk.ch\/it\/wp-json\/wp\/v2\/product_cat?post=8872"},{"taxonomy":"product_tag","embeddable":true,"href":"https:\/\/www.keramikmahlwerk.ch\/it\/wp-json\/wp\/v2\/product_tag?post=8872"}],"curies":[{"name":"wp","href":"https:\/\/api.w.org\/{rel}","templated":true}]}}